{"id":2930,"date":"2023-11-13T09:06:01","date_gmt":"2023-11-13T09:06:01","guid":{"rendered":"http:\/\/wingoofoods.com\/?post_type=product&#038;p=2930"},"modified":"2023-12-11T08:03:32","modified_gmt":"2023-12-11T08:03:32","slug":"sea-salt-biscuit-cucumber-flavored","status":"publish","type":"product","link":"https:\/\/wingoofoods.com\/es\/producto\/galleta-de-sal-marina-con-sabor-a-pepino\/","title":{"rendered":"Galleta con sabor a pepino y sal marina"},"content":{"rendered":"<p><img fetchpriority=\"high\" decoding=\"async\" class=\"aligncenter wp-image-2439 size-full\" src=\"http:\/\/wingoofoods.com\/wp-content\/uploads\/2013\/06\/1.webp\" alt=\"\" width=\"800\" height=\"569\" srcset=\"https:\/\/wingoofoods.com\/wp-content\/uploads\/2013\/06\/1.webp 800w, https:\/\/wingoofoods.com\/wp-content\/uploads\/2013\/06\/1-300x213.webp 300w, https:\/\/wingoofoods.com\/wp-content\/uploads\/2013\/06\/1-768x546.webp 768w, https:\/\/wingoofoods.com\/wp-content\/uploads\/2013\/06\/1-600x427.webp 600w\" sizes=\"(max-width: 800px) 100vw, 800px\" \/><\/p>\n<p><img decoding=\"async\" class=\"alignnone wp-image-2926 size-full\" src=\"http:\/\/wingoofoods.com\/wp-content\/uploads\/2023\/11\/355.jpg\" alt=\"Galleta con sal marina\" width=\"800\" height=\"800\" srcset=\"https:\/\/wingoofoods.com\/wp-content\/uploads\/2023\/11\/355.jpg 800w, https:\/\/wingoofoods.com\/wp-content\/uploads\/2023\/11\/355-300x300.jpg 300w, https:\/\/wingoofoods.com\/wp-content\/uploads\/2023\/11\/355-150x150.jpg 150w, https:\/\/wingoofoods.com\/wp-content\/uploads\/2023\/11\/355-768x768.jpg 768w, https:\/\/wingoofoods.com\/wp-content\/uploads\/2023\/11\/355-600x600.jpg 600w, https:\/\/wingoofoods.com\/wp-content\/uploads\/2023\/11\/355-100x100.jpg 100w\" sizes=\"(max-width: 800px) 100vw, 800px\" \/><img decoding=\"async\" class=\"alignnone wp-image-2925 size-full\" src=\"http:\/\/wingoofoods.com\/wp-content\/uploads\/2023\/11\/12.jpg\" alt=\"Galleta con sal marina\" width=\"800\" height=\"800\" srcset=\"https:\/\/wingoofoods.com\/wp-content\/uploads\/2023\/11\/12.jpg 800w, https:\/\/wingoofoods.com\/wp-content\/uploads\/2023\/11\/12-300x300.jpg 300w, https:\/\/wingoofoods.com\/wp-content\/uploads\/2023\/11\/12-150x150.jpg 150w, https:\/\/wingoofoods.com\/wp-content\/uploads\/2023\/11\/12-768x768.jpg 768w, https:\/\/wingoofoods.com\/wp-content\/uploads\/2023\/11\/12-600x600.jpg 600w, https:\/\/wingoofoods.com\/wp-content\/uploads\/2023\/11\/12-100x100.jpg 100w\" sizes=\"(max-width: 800px) 100vw, 800px\" \/><\/p>\n<p>Acerca de la galleta de sal marina con sabor a pepino:<\/p>\n<p>Emb\u00e1rquese en un viaje sensorial con nuestras galletas de sal marina con sabor a pepino, una delicia culinaria que combina el crujiente sabor de las galletas cuadradas con una tentadora mezcla de sal marina y refrescante esencia de pepino. Del\u00e9itese con una sinfon\u00eda de texturas: fragantes, crujientes e irresistiblemente suaves, una experiencia armoniosa para los paladares del sudeste asi\u00e1tico.<\/p>\n<p>Ad\u00e9ntrese en nuestra variada gama de productos, ep\u00edtome de nuestro compromiso con la excelencia. Desde galletas chinas a galletas vegetales, pasando por galletas de mermelada y galletas crujientes, ofrecemos un amplio abanico de opciones. Nuestro surtido incluye galletas de queso, originales, saladas, de chocolate, vegetales, afrutadas, de caf\u00e9, de nata, dulces, de huevo, de leche y mucho m\u00e1s, lo que garantiza un sabor para cada paladar.<\/p>\n<p>Explore con nosotros el arte del envasado, adaptado a las necesidades de diversos mercados y clientelas. Elija entre bolsas, cajas, productos a granel, cajas de cart\u00f3n, latas, paquetes de regalo y otras opciones de envasado, cada una de ellas dise\u00f1ada para llegar a un p\u00fablico objetivo espec\u00edfico. Nuestro compromiso va m\u00e1s all\u00e1 de la variedad y se extiende a la personalizaci\u00f3n, garantizando un ajuste perfecto para cada preferencia y ocasi\u00f3n.<\/p>\n<p>Nuestra oferta se complementa con una serie de servicios, como opciones de venta al por mayor y personalizaci\u00f3n de marcas. Adaptamos los sabores, el envasado y la marca a sus especificaciones exclusivas. Nos enorgullece ser su socio y ofrecerle no s\u00f3lo productos, sino una experiencia integral. A\u00f1ada valor a su negocio con nuestro compromiso con la calidad, la diversidad y el servicio personalizado.<\/p>\n<p>Para elevar a\u00fan m\u00e1s su oferta, ampliamos nuestra experiencia al mundo de los caramelos. Explore nuestros servicios de producci\u00f3n y venta al por mayor de una deliciosa gama de caramelos, como caramelos l\u00edquidos, caramelos de juguete, caramelos de goma, chicles, piruletas, malvaviscos y mucho m\u00e1s. Descubra la dulzura en <a href=\"https:\/\/oemcandy.com\/\" target=\"_new\" rel=\"noopener\">https:\/\/oemcandy.com<\/a>donde la calidad se une a la innovaci\u00f3n en cada delicioso dulce. A\u00f1\u00e1dase a la lista de consultas y espere nuestro presupuesto.<\/p>\n<div class=\"bottom-description-content\">\n<div>\n<p>&nbsp;<\/p>\n<\/div>\n<\/div>","protected":false},"excerpt":{"rendered":"<p>Presentamos nuestra galleta de sal marina con sabor a pepino, una sabrosa delicia dise\u00f1ada para los entusiastas culinarios del sudeste asi\u00e1tico. Saboree la mezcla \u00fanica de sal y la refrescante esencia del pepino en cada crujiente galleta cuadrada. Perfectamente elaborado para comerciantes, agentes, mayoristas, distribuidores, propietarios de marcas y minoristas, este aperitivo promete una tentadora sensaci\u00f3n en la boca. El cuidadoso dise\u00f1o del envase garantiza su frescura, atrayendo a un mercado exigente. Sum\u00e9rjase en un mundo de sabor, donde el crujido se une al frescor del pepino. A\u00f1\u00e1dalo a la lista de consulta y espere a que lo coticemos juntos. Eleve su oferta con esta irresistible sensaci\u00f3n de galleta salada.<\/p>","protected":false},"featured_media":2923,"comment_status":"open","ping_status":"closed","template":"","meta":{"om_disable_all_campaigns":false},"product_brand":[],"product_cat":[108,122,123],"product_tag":[169,171,172],"class_list":{"0":"post-2930","1":"product","2":"type-product","3":"status-publish","4":"has-post-thumbnail","6":"product_cat-crispy-biscuits","7":"product_cat-soda-biscuits","8":"product_cat-salted-low-sugar-soda-biscuits","9":"product_tag-crispy-biscuit","10":"product_tag-salt-biscuit","11":"product_tag-square-biscuits","12":"pa_brand-half-and-half","13":"pa_flavor-salty","14":"pa_flavor-vegetable","15":"pa_packing-bag","16":"pa_taste-salty","17":"pa_texture-crispy","19":"first","20":"instock","21":"downloadable","22":"taxable","23":"shipping-taxable","24":"product-type-simple"},"yoast_head":"<!-- This site is optimized with the Yoast SEO plugin v24.4 - https:\/\/yoast.com\/wordpress\/plugins\/seo\/ -->\n<title>Sea Salt Biscuit Cucumber Flavored | Wingoo biscuit Manufacturers<\/title>\n<meta name=\"description\" content=\"Wholesale the irresistible Sea Salt Biscuit Cucumber Flavored! Elevate your offerings with custom options. Explore now and request a quote.\" \/>\n<meta name=\"robots\" content=\"index, follow, max-snippet:-1, max-image-preview:large, max-video-preview:-1\" \/>\n<link rel=\"canonical\" href=\"https:\/\/wingoofoods.com\/es\/producto\/galleta-de-sal-marina-con-sabor-a-pepino\/\" \/>\n<meta property=\"og:locale\" content=\"es_ES\" \/>\n<meta property=\"og:type\" content=\"article\" \/>\n<meta property=\"og:title\" content=\"Sea Salt Biscuit Cucumber Flavored | Wingoo biscuit Manufacturers\" \/>\n<meta property=\"og:description\" content=\"Wholesale the irresistible Sea Salt Biscuit Cucumber Flavored! Elevate your offerings with custom options. Explore now and request a quote.\" \/>\n<meta property=\"og:url\" content=\"https:\/\/wingoofoods.com\/es\/producto\/galleta-de-sal-marina-con-sabor-a-pepino\/\" \/>\n<meta property=\"og:site_name\" content=\"Wingoo biscuit Manufacturers\" \/>\n<meta property=\"article:modified_time\" content=\"2023-12-11T08:03:32+00:00\" \/>\n<meta property=\"og:image\" content=\"https:\/\/wingoofoods.com\/wp-content\/uploads\/2023\/11\/2-6.jpg\" \/>\n\t<meta property=\"og:image:width\" content=\"800\" \/>\n\t<meta property=\"og:image:height\" content=\"800\" \/>\n\t<meta property=\"og:image:type\" content=\"image\/jpeg\" \/>\n<meta name=\"twitter:card\" content=\"summary_large_image\" \/>\n<meta name=\"twitter:label1\" content=\"Tiempo estimado de lectura\" \/>\n\t<meta name=\"twitter:data1\" content=\"2 minutos\" \/>\n<script type=\"application\/ld+json\" class=\"yoast-schema-graph\">{\"@context\":\"https:\/\/schema.org\",\"@graph\":[{\"@type\":\"WebPage\",\"@id\":\"https:\/\/wingoofoods.com\/es_do\/producto\/galleta-de-sal-marina-con-sabor-a-pepino\/\",\"url\":\"https:\/\/wingoofoods.com\/es_do\/producto\/galleta-de-sal-marina-con-sabor-a-pepino\/\",\"name\":\"Sea Salt Biscuit Cucumber Flavored | Wingoo biscuit Manufacturers\",\"isPartOf\":{\"@id\":\"https:\/\/wingoofoods.com\/es_pe\/#website\"},\"primaryImageOfPage\":{\"@id\":\"https:\/\/wingoofoods.com\/es_do\/producto\/galleta-de-sal-marina-con-sabor-a-pepino\/#primaryimage\"},\"image\":{\"@id\":\"https:\/\/wingoofoods.com\/es_do\/producto\/galleta-de-sal-marina-con-sabor-a-pepino\/#primaryimage\"},\"thumbnailUrl\":\"https:\/\/wingoofoods.com\/wp-content\/uploads\/2023\/11\/2-6.jpg\",\"datePublished\":\"2023-11-13T09:06:01+00:00\",\"dateModified\":\"2023-12-11T08:03:32+00:00\",\"description\":\"Wholesale the irresistible Sea Salt Biscuit Cucumber Flavored! Elevate your offerings with custom options. Explore now and request a quote.\",\"breadcrumb\":{\"@id\":\"https:\/\/wingoofoods.com\/es_do\/producto\/galleta-de-sal-marina-con-sabor-a-pepino\/#breadcrumb\"},\"inLanguage\":\"es\",\"potentialAction\":[{\"@type\":\"ReadAction\",\"target\":[\"https:\/\/wingoofoods.com\/es_do\/producto\/galleta-de-sal-marina-con-sabor-a-pepino\/\"]}]},{\"@type\":\"ImageObject\",\"inLanguage\":\"es\",\"@id\":\"https:\/\/wingoofoods.com\/es_do\/producto\/galleta-de-sal-marina-con-sabor-a-pepino\/#primaryimage\",\"url\":\"https:\/\/wingoofoods.com\/wp-content\/uploads\/2023\/11\/2-6.jpg\",\"contentUrl\":\"https:\/\/wingoofoods.com\/wp-content\/uploads\/2023\/11\/2-6.jpg\",\"width\":800,\"height\":800,\"caption\":\"Sea Salt Biscuit Cucumber Flavored\"},{\"@type\":\"BreadcrumbList\",\"@id\":\"https:\/\/wingoofoods.com\/es_do\/producto\/galleta-de-sal-marina-con-sabor-a-pepino\/#breadcrumb\",\"itemListElement\":[{\"@type\":\"ListItem\",\"position\":1,\"name\":\"Home\",\"item\":\"https:\/\/wingoofoods.com\/ar\/\"},{\"@type\":\"ListItem\",\"position\":2,\"name\":\"products\",\"item\":\"https:\/\/wingoofoods.com\/ar\/\u0645\u062a\u062c\u0631\/\"},{\"@type\":\"ListItem\",\"position\":3,\"name\":\"Sea Salt Biscuit Cucumber Flavored\"}]},{\"@type\":\"WebSite\",\"@id\":\"https:\/\/wingoofoods.com\/es_pe\/#website\",\"url\":\"https:\/\/wingoofoods.com\/es_pe\/\",\"name\":\"Wingoo biscuit Manufacturers\",\"description\":\"Biscuit Manufacturers, Suppliers, Exporters from china shantou largest food factory\",\"publisher\":{\"@id\":\"https:\/\/wingoofoods.com\/es_pe\/#organization\"},\"alternateName\":\"Guangdong Wingoo foods - Official website\",\"potentialAction\":[{\"@type\":\"SearchAction\",\"target\":{\"@type\":\"EntryPoint\",\"urlTemplate\":\"https:\/\/wingoofoods.com\/es_pe\/?s={search_term_string}\"},\"query-input\":{\"@type\":\"PropertyValueSpecification\",\"valueRequired\":true,\"valueName\":\"search_term_string\"}}],\"inLanguage\":\"es\"},{\"@type\":\"Organization\",\"@id\":\"https:\/\/wingoofoods.com\/es_pe\/#organization\",\"name\":\"Wingoo biscuit Manufacturers\",\"url\":\"https:\/\/wingoofoods.com\/es_pe\/\",\"logo\":{\"@type\":\"ImageObject\",\"inLanguage\":\"es\",\"@id\":\"https:\/\/wingoofoods.com\/es_pe\/#\/schema\/logo\/image\/\",\"url\":\"http:\/\/wingoofoods.com\/wp-content\/uploads\/2023\/10\/LOGO.png\",\"contentUrl\":\"http:\/\/wingoofoods.com\/wp-content\/uploads\/2023\/10\/LOGO.png\",\"width\":280,\"height\":72,\"caption\":\"Wingoo biscuit Manufacturers\"},\"image\":{\"@id\":\"https:\/\/wingoofoods.com\/es_pe\/#\/schema\/logo\/image\/\"}}]}<\/script>\n<!-- \/ Yoast SEO plugin. -->","yoast_head_json":{"title":"Sea Salt Biscuit Cucumber Flavored | Wingoo biscuit Manufacturers","description":"Wholesale the irresistible Sea Salt Biscuit Cucumber Flavored! Elevate your offerings with custom options. Explore now and request a quote.","robots":{"index":"index","follow":"follow","max-snippet":"max-snippet:-1","max-image-preview":"max-image-preview:large","max-video-preview":"max-video-preview:-1"},"canonical":"https:\/\/wingoofoods.com\/es\/producto\/galleta-de-sal-marina-con-sabor-a-pepino\/","og_locale":"es_ES","og_type":"article","og_title":"Sea Salt Biscuit Cucumber Flavored | Wingoo biscuit Manufacturers","og_description":"Wholesale the irresistible Sea Salt Biscuit Cucumber Flavored! Elevate your offerings with custom options. Explore now and request a quote.","og_url":"https:\/\/wingoofoods.com\/es\/producto\/galleta-de-sal-marina-con-sabor-a-pepino\/","og_site_name":"Wingoo biscuit Manufacturers","article_modified_time":"2023-12-11T08:03:32+00:00","og_image":[{"width":800,"height":800,"url":"https:\/\/wingoofoods.com\/wp-content\/uploads\/2023\/11\/2-6.jpg","type":"image\/jpeg"}],"twitter_card":"summary_large_image","twitter_misc":{"Tiempo estimado de lectura":"2 minutos"},"schema":{"@context":"https:\/\/schema.org","@graph":[{"@type":"WebPage","@id":"https:\/\/wingoofoods.com\/es_do\/producto\/galleta-de-sal-marina-con-sabor-a-pepino\/","url":"https:\/\/wingoofoods.com\/es_do\/producto\/galleta-de-sal-marina-con-sabor-a-pepino\/","name":"Sea Salt Biscuit Cucumber Flavored | Wingoo biscuit Manufacturers","isPartOf":{"@id":"https:\/\/wingoofoods.com\/es_pe\/#website"},"primaryImageOfPage":{"@id":"https:\/\/wingoofoods.com\/es_do\/producto\/galleta-de-sal-marina-con-sabor-a-pepino\/#primaryimage"},"image":{"@id":"https:\/\/wingoofoods.com\/es_do\/producto\/galleta-de-sal-marina-con-sabor-a-pepino\/#primaryimage"},"thumbnailUrl":"https:\/\/wingoofoods.com\/wp-content\/uploads\/2023\/11\/2-6.jpg","datePublished":"2023-11-13T09:06:01+00:00","dateModified":"2023-12-11T08:03:32+00:00","description":"Wholesale the irresistible Sea Salt Biscuit Cucumber Flavored! Elevate your offerings with custom options. Explore now and request a quote.","breadcrumb":{"@id":"https:\/\/wingoofoods.com\/es_do\/producto\/galleta-de-sal-marina-con-sabor-a-pepino\/#breadcrumb"},"inLanguage":"es","potentialAction":[{"@type":"ReadAction","target":["https:\/\/wingoofoods.com\/es_do\/producto\/galleta-de-sal-marina-con-sabor-a-pepino\/"]}]},{"@type":"ImageObject","inLanguage":"es","@id":"https:\/\/wingoofoods.com\/es_do\/producto\/galleta-de-sal-marina-con-sabor-a-pepino\/#primaryimage","url":"https:\/\/wingoofoods.com\/wp-content\/uploads\/2023\/11\/2-6.jpg","contentUrl":"https:\/\/wingoofoods.com\/wp-content\/uploads\/2023\/11\/2-6.jpg","width":800,"height":800,"caption":"Sea Salt Biscuit Cucumber Flavored"},{"@type":"BreadcrumbList","@id":"https:\/\/wingoofoods.com\/es_do\/producto\/galleta-de-sal-marina-con-sabor-a-pepino\/#breadcrumb","itemListElement":[{"@type":"ListItem","position":1,"name":"Home","item":"https:\/\/wingoofoods.com\/ar\/"},{"@type":"ListItem","position":2,"name":"products","item":"https:\/\/wingoofoods.com\/ar\/\u0645\u062a\u062c\u0631\/"},{"@type":"ListItem","position":3,"name":"Sea Salt Biscuit Cucumber Flavored"}]},{"@type":"WebSite","@id":"https:\/\/wingoofoods.com\/es_pe\/#website","url":"https:\/\/wingoofoods.com\/es_pe\/","name":"Wingoo biscuit Manufacturers","description":"Biscuit Manufacturers, Suppliers, Exporters from china shantou largest food factory","publisher":{"@id":"https:\/\/wingoofoods.com\/es_pe\/#organization"},"alternateName":"Guangdong Wingoo foods - Official website","potentialAction":[{"@type":"SearchAction","target":{"@type":"EntryPoint","urlTemplate":"https:\/\/wingoofoods.com\/es_pe\/?s={search_term_string}"},"query-input":{"@type":"PropertyValueSpecification","valueRequired":true,"valueName":"search_term_string"}}],"inLanguage":"es"},{"@type":"Organization","@id":"https:\/\/wingoofoods.com\/es_pe\/#organization","name":"Wingoo biscuit Manufacturers","url":"https:\/\/wingoofoods.com\/es_pe\/","logo":{"@type":"ImageObject","inLanguage":"es","@id":"https:\/\/wingoofoods.com\/es_pe\/#\/schema\/logo\/image\/","url":"http:\/\/wingoofoods.com\/wp-content\/uploads\/2023\/10\/LOGO.png","contentUrl":"http:\/\/wingoofoods.com\/wp-content\/uploads\/2023\/10\/LOGO.png","width":280,"height":72,"caption":"Wingoo biscuit Manufacturers"},"image":{"@id":"https:\/\/wingoofoods.com\/es_pe\/#\/schema\/logo\/image\/"}}]}},"_links":{"self":[{"href":"https:\/\/wingoofoods.com\/es\/wp-json\/wp\/v2\/product\/2930","targetHints":{"allow":["GET"]}}],"collection":[{"href":"https:\/\/wingoofoods.com\/es\/wp-json\/wp\/v2\/product"}],"about":[{"href":"https:\/\/wingoofoods.com\/es\/wp-json\/wp\/v2\/types\/product"}],"replies":[{"embeddable":true,"href":"https:\/\/wingoofoods.com\/es\/wp-json\/wp\/v2\/comments?post=2930"}],"version-history":[{"count":0,"href":"https:\/\/wingoofoods.com\/es\/wp-json\/wp\/v2\/product\/2930\/revisions"}],"wp:featuredmedia":[{"embeddable":true,"href":"https:\/\/wingoofoods.com\/es\/wp-json\/wp\/v2\/media\/2923"}],"wp:attachment":[{"href":"https:\/\/wingoofoods.com\/es\/wp-json\/wp\/v2\/media?parent=2930"}],"wp:term":[{"taxonomy":"product_brand","embeddable":true,"href":"https:\/\/wingoofoods.com\/es\/wp-json\/wp\/v2\/product_brand?post=2930"},{"taxonomy":"product_cat","embeddable":true,"href":"https:\/\/wingoofoods.com\/es\/wp-json\/wp\/v2\/product_cat?post=2930"},{"taxonomy":"product_tag","embeddable":true,"href":"https:\/\/wingoofoods.com\/es\/wp-json\/wp\/v2\/product_tag?post=2930"}],"curies":[{"name":"wp","href":"https:\/\/api.w.org\/{rel}","templated":true}]}}