{"id":2942,"date":"2023-11-13T09:42:31","date_gmt":"2023-11-13T09:42:31","guid":{"rendered":"http:\/\/wingoofoods.com\/?post_type=product&#038;p=2942"},"modified":"2023-12-11T08:31:05","modified_gmt":"2023-12-11T08:31:05","slug":"soda-biscuits-salted-low-sugar-chinese-yam-flavor","status":"publish","type":"product","link":"https:\/\/wingoofoods.com\/es\/producto\/galletas-de-soda-saladas-con-bajo-contenido-en-azucar-sabor-name-chino\/","title":{"rendered":"Galletas de soda saladas bajas en az\u00facar sabor \u00f1ame chino"},"content":{"rendered":"<p><img fetchpriority=\"high\" decoding=\"async\" class=\"aligncenter wp-image-2439 size-full\" src=\"http:\/\/wingoofoods.com\/wp-content\/uploads\/2013\/06\/1.webp\" alt=\"\" width=\"800\" height=\"569\" srcset=\"https:\/\/wingoofoods.com\/wp-content\/uploads\/2013\/06\/1.webp 800w, https:\/\/wingoofoods.com\/wp-content\/uploads\/2013\/06\/1-300x213.webp 300w, https:\/\/wingoofoods.com\/wp-content\/uploads\/2013\/06\/1-768x546.webp 768w, https:\/\/wingoofoods.com\/wp-content\/uploads\/2013\/06\/1-600x427.webp 600w\" sizes=\"(max-width: 800px) 100vw, 800px\" \/><\/p>\n<p><img decoding=\"async\" class=\"alignnone wp-image-2940 size-full\" src=\"http:\/\/wingoofoods.com\/wp-content\/uploads\/2023\/11\/34543-56.jpg\" alt=\"Galletas de soda saladas bajas en az\u00facar\" width=\"800\" height=\"800\" srcset=\"https:\/\/wingoofoods.com\/wp-content\/uploads\/2023\/11\/34543-56.jpg 800w, https:\/\/wingoofoods.com\/wp-content\/uploads\/2023\/11\/34543-56-300x300.jpg 300w, https:\/\/wingoofoods.com\/wp-content\/uploads\/2023\/11\/34543-56-150x150.jpg 150w, https:\/\/wingoofoods.com\/wp-content\/uploads\/2023\/11\/34543-56-768x768.jpg 768w, https:\/\/wingoofoods.com\/wp-content\/uploads\/2023\/11\/34543-56-600x600.jpg 600w, https:\/\/wingoofoods.com\/wp-content\/uploads\/2023\/11\/34543-56-100x100.jpg 100w\" sizes=\"(max-width: 800px) 100vw, 800px\" \/> <img decoding=\"async\" class=\"alignnone wp-image-2939 size-full\" src=\"http:\/\/wingoofoods.com\/wp-content\/uploads\/2023\/11\/5466.jpg\" alt=\"Galletas de soda saladas bajas en az\u00facar\" width=\"800\" height=\"800\" srcset=\"https:\/\/wingoofoods.com\/wp-content\/uploads\/2023\/11\/5466.jpg 800w, https:\/\/wingoofoods.com\/wp-content\/uploads\/2023\/11\/5466-300x300.jpg 300w, https:\/\/wingoofoods.com\/wp-content\/uploads\/2023\/11\/5466-150x150.jpg 150w, https:\/\/wingoofoods.com\/wp-content\/uploads\/2023\/11\/5466-768x768.jpg 768w, https:\/\/wingoofoods.com\/wp-content\/uploads\/2023\/11\/5466-600x600.jpg 600w, https:\/\/wingoofoods.com\/wp-content\/uploads\/2023\/11\/5466-100x100.jpg 100w\" sizes=\"(max-width: 800px) 100vw, 800px\" \/> <img loading=\"lazy\" decoding=\"async\" class=\"alignnone wp-image-2938 size-full\" src=\"http:\/\/wingoofoods.com\/wp-content\/uploads\/2023\/11\/1213.jpg\" alt=\"Galletas de soda saladas bajas en az\u00facar\" width=\"800\" height=\"800\" srcset=\"https:\/\/wingoofoods.com\/wp-content\/uploads\/2023\/11\/1213.jpg 800w, https:\/\/wingoofoods.com\/wp-content\/uploads\/2023\/11\/1213-300x300.jpg 300w, https:\/\/wingoofoods.com\/wp-content\/uploads\/2023\/11\/1213-150x150.jpg 150w, https:\/\/wingoofoods.com\/wp-content\/uploads\/2023\/11\/1213-768x768.jpg 768w, https:\/\/wingoofoods.com\/wp-content\/uploads\/2023\/11\/1213-600x600.jpg 600w, https:\/\/wingoofoods.com\/wp-content\/uploads\/2023\/11\/1213-100x100.jpg 100w\" sizes=\"(max-width: 800px) 100vw, 800px\" \/><\/p>\n<p>&nbsp;<\/p>\n<div class=\"bottom-description-content\">\n<p>Acerca de las galletas de soda saladas bajas en az\u00facar sabor \u00f1ame chino:<\/p>\n<p>Del\u00e9itese con nuestras galletas de soda saladas sabor \u00f1ame chino bajo en az\u00facar: una exquisita mezcla de salud y sabor. Experimente las galletas arom\u00e1ticas, crujientes y de textura \u00fanica, que ofrecen un equilibrio perfecto de salado y la esencia distintiva del \u00f1ame chino.<\/p>\n<p>Sum\u00e9rjase en nuestra variada gama de productos, testimonio de nuestro compromiso con la excelencia culinaria. Desde galletas chinas a galletas vegetales, pasando por galletas de mermelada y galletas crujientes, ofrecemos una gama de opciones que satisface todos los paladares.<\/p>\n<p>Explore el arte del envasado adaptado a diversos mercados y clientelas. Elija entre bolsas, cajas, envases a granel, cajas de cart\u00f3n, latas y envases de regalo, cada uno de ellos dise\u00f1ado para llegar a un p\u00fablico objetivo espec\u00edfico. Nuestro compromiso va m\u00e1s all\u00e1 de la variedad y se extiende a la personalizaci\u00f3n, garantizando un ajuste perfecto para cada preferencia y ocasi\u00f3n.<\/p>\n<p>Nuestra oferta se complementa con una serie de servicios, como opciones de venta al por mayor y personalizaci\u00f3n de marcas. Adaptamos los sabores, el envasado y la marca a sus especificaciones exclusivas. Nos enorgullece ser su socio y ofrecerle no s\u00f3lo productos, sino una experiencia integral. A\u00f1ada valor a su negocio con nuestro compromiso con la calidad, la diversidad y el servicio personalizado.<\/p>\n<p>Nos enorgullecemos de ofrecer algo m\u00e1s que una amplia gama de productos; nuestro compromiso se extiende a la prestaci\u00f3n de servicios ejemplares. Las opciones de venta al por mayor satisfacen demandas a gran escala, mientras que nuestra personalizaci\u00f3n de marca le permite crear una identidad \u00fanica. El viaje con nosotros no consiste s\u00f3lo en comprar galletas; se trata de crear una experiencia que resuene con su marca.<\/p>\n<p>Para un delicioso viaje al mundo de los caramelos, nuestra l\u00ednea de confiter\u00eda le espera en https:\/\/oemcandy.com. Desde caramelos l\u00edquidos a caramelos de juguete, caramelos de goma, chicles, piruletas y malvaviscos, explore un mundo de dulzura elaborada con precisi\u00f3n. Mejore su oferta con nuestros servicios de producci\u00f3n y venta al por mayor de una deliciosa gama de caramelos. A\u00f1\u00e1dase a la lista de consultas y espere a que le hagamos un presupuesto juntos.<\/p>\n<\/div>","protected":false},"excerpt":{"rendered":"<div class=\"flex-1 overflow-hidden\">\n<div class=\"react-scroll-to-bottom--css-kaxmr-79elbk h-full\">\n<div class=\"react-scroll-to-bottom--css-kaxmr-1n7m0yu\">\n<div class=\"flex flex-col pb-9 text-sm\">\n<div class=\"w-full text-token-text-primary\" data-testid=\"conversation-turn-45\">\n<div class=\"px-4 py-2 justify-center text-base md:gap-6 m-auto\">\n<div class=\"flex flex-1 text-base mx-auto gap-3 md:px-5 lg:px-1 xl:px-5 md:max-w-3xl lg:max-w-[40rem] xl:max-w-[48rem] } group final-completion\">\n<div class=\"relative flex w-full flex-col lg:w-[calc(100%-115px)] agent-turn\">\n<div class=\"flex-col gap-1 md:gap-3\">\n<div class=\"flex flex-grow flex-col max-w-full\">\n<div class=\"min-h-[20px] text-message flex flex-col items-start gap-3 whitespace-pre-wrap break-words [.text-message+&amp;]:mt-5 overflow-x-auto\" data-message-author-role=\"assistant\" data-message-id=\"9d75f40d-f8bf-48f5-a2a8-de69c7f2de71\">\n<div class=\"markdown prose w-full break-words dark:prose-invert light\">\n<p>Presentamos nuestras galletas saladas con sabor a \u00f1ame chino bajo en az\u00facar, una deliciosa fusi\u00f3n de salud y sabor. Sum\u00e9rjase en el crujiente sabor \u00fanico de nuestra galleta salada, con una forma cuadrada perfecta. La deliciosa mezcla de sal, bajo contenido en az\u00facar y \u00f1ame chino crea una sabrosa experiencia, atractiva para los paladares del sudeste asi\u00e1tico.<\/p>\n<p>Del\u00e9itese con el crujido saludable, que ofrece un equilibrio de nutrici\u00f3n y sabor. Nuestras galletas, envasadas por expertos para garantizar su frescura, est\u00e1n pensadas para comerciantes, agentes, mayoristas, distribuidores, propietarios de marcas y minoristas. Eleve su oferta con una sensaci\u00f3n crujiente apreciada por todos. A\u00f1\u00e1dase a la lista de consultas y espere a que le hagamos un presupuesto juntos.<\/p>\n<\/div>\n<\/div>\n<\/div>\n<\/div>\n<\/div>\n<\/div>\n<\/div>\n<\/div>\n<\/div>\n<\/div>\n<\/div>\n<\/div>\n<div class=\"w-full pt-2 md:pt-0 dark:border-white\/20 md:border-transparent md:dark:border-transparent md:w-[calc(100%-.5rem)]\">\n<form class=\"stretch mx-2 flex flex-row gap-3 last:mb-2 md:mx-4 md:last:mb-6 lg:mx-auto lg:max-w-2xl xl:max-w-3xl\" action=\"\">\n<div class=\"relative flex h-full flex-1 items-stretch md:flex-col\">\n<div class=\"flex w-full items-center\"><\/div>\n<\/div>\n<input type=\"hidden\" name=\"trp-form-language\" value=\"es\"\/><\/form>\n<\/div>","protected":false},"featured_media":2937,"comment_status":"open","ping_status":"closed","template":"","meta":{"om_disable_all_campaigns":false},"product_brand":[],"product_cat":[108,122,123],"product_tag":[169,171,172],"class_list":{"0":"post-2942","1":"product","2":"type-product","3":"status-publish","4":"has-post-thumbnail","6":"product_cat-crispy-biscuits","7":"product_cat-soda-biscuits","8":"product_cat-salted-low-sugar-soda-biscuits","9":"product_tag-crispy-biscuit","10":"product_tag-salt-biscuit","11":"product_tag-square-biscuits","12":"pa_brand-half-and-half","13":"pa_flavor-salty","14":"pa_flavor-spices-herbs","15":"pa_packing-bag","16":"pa_taste-salty","17":"pa_texture-crispy","19":"first","20":"instock","21":"downloadable","22":"taxable","23":"shipping-taxable","24":"product-type-simple"},"yoast_head":"<!-- This site is optimized with the Yoast SEO plugin v24.4 - https:\/\/yoast.com\/wordpress\/plugins\/seo\/ -->\n<title>Soda Biscuits Salted Low Sugar Chinese yam flavor | Wingoo biscuit Manufacturers<\/title>\n<meta name=\"description\" content=\"Wholesale the irresistible Soda Biscuits Salted Low Sugar Chinese Yam Flavor. Customize your order for a crunchy, wholesome delight. Inquire now for exclusive pricing.\" \/>\n<meta name=\"robots\" content=\"index, follow, max-snippet:-1, max-image-preview:large, max-video-preview:-1\" \/>\n<link rel=\"canonical\" href=\"https:\/\/wingoofoods.com\/es\/producto\/galletas-de-soda-saladas-con-bajo-contenido-en-azucar-sabor-name-chino\/\" \/>\n<meta property=\"og:locale\" content=\"es_ES\" \/>\n<meta property=\"og:type\" content=\"article\" \/>\n<meta property=\"og:title\" content=\"Soda Biscuits Salted Low Sugar Chinese yam flavor | Wingoo biscuit Manufacturers\" \/>\n<meta property=\"og:description\" content=\"Wholesale the irresistible Soda Biscuits Salted Low Sugar Chinese Yam Flavor. Customize your order for a crunchy, wholesome delight. Inquire now for exclusive pricing.\" \/>\n<meta property=\"og:url\" content=\"https:\/\/wingoofoods.com\/es\/producto\/galletas-de-soda-saladas-con-bajo-contenido-en-azucar-sabor-name-chino\/\" \/>\n<meta property=\"og:site_name\" content=\"Wingoo biscuit Manufacturers\" \/>\n<meta property=\"article:modified_time\" content=\"2023-12-11T08:31:05+00:00\" \/>\n<meta property=\"og:image\" content=\"https:\/\/wingoofoods.com\/wp-content\/uploads\/2023\/11\/3-4.jpg\" \/>\n\t<meta property=\"og:image:width\" content=\"800\" \/>\n\t<meta property=\"og:image:height\" content=\"800\" \/>\n\t<meta property=\"og:image:type\" content=\"image\/jpeg\" \/>\n<meta name=\"twitter:card\" content=\"summary_large_image\" \/>\n<meta name=\"twitter:label1\" content=\"Tiempo estimado de lectura\" \/>\n\t<meta name=\"twitter:data1\" content=\"3 minutos\" \/>\n<script type=\"application\/ld+json\" class=\"yoast-schema-graph\">{\"@context\":\"https:\/\/schema.org\",\"@graph\":[{\"@type\":\"WebPage\",\"@id\":\"https:\/\/wingoofoods.com\/product\/soda-biscuits-salted-low-sugar-chinese-yam-flavor\/\",\"url\":\"https:\/\/wingoofoods.com\/product\/soda-biscuits-salted-low-sugar-chinese-yam-flavor\/\",\"name\":\"Soda Biscuits Salted Low Sugar Chinese yam flavor | Wingoo biscuit Manufacturers\",\"isPartOf\":{\"@id\":\"https:\/\/wingoofoods.com\/es_pe\/#website\"},\"primaryImageOfPage\":{\"@id\":\"https:\/\/wingoofoods.com\/product\/soda-biscuits-salted-low-sugar-chinese-yam-flavor\/#primaryimage\"},\"image\":{\"@id\":\"https:\/\/wingoofoods.com\/product\/soda-biscuits-salted-low-sugar-chinese-yam-flavor\/#primaryimage\"},\"thumbnailUrl\":\"https:\/\/wingoofoods.com\/wp-content\/uploads\/2023\/11\/3-4.jpg\",\"datePublished\":\"2023-11-13T09:42:31+00:00\",\"dateModified\":\"2023-12-11T08:31:05+00:00\",\"description\":\"Wholesale the irresistible Soda Biscuits Salted Low Sugar Chinese Yam Flavor. Customize your order for a crunchy, wholesome delight. Inquire now for exclusive pricing.\",\"breadcrumb\":{\"@id\":\"https:\/\/wingoofoods.com\/product\/soda-biscuits-salted-low-sugar-chinese-yam-flavor\/#breadcrumb\"},\"inLanguage\":\"es\",\"potentialAction\":[{\"@type\":\"ReadAction\",\"target\":[\"https:\/\/wingoofoods.com\/product\/soda-biscuits-salted-low-sugar-chinese-yam-flavor\/\"]}]},{\"@type\":\"ImageObject\",\"inLanguage\":\"es\",\"@id\":\"https:\/\/wingoofoods.com\/product\/soda-biscuits-salted-low-sugar-chinese-yam-flavor\/#primaryimage\",\"url\":\"https:\/\/wingoofoods.com\/wp-content\/uploads\/2023\/11\/3-4.jpg\",\"contentUrl\":\"https:\/\/wingoofoods.com\/wp-content\/uploads\/2023\/11\/3-4.jpg\",\"width\":800,\"height\":800,\"caption\":\"Soda Biscuits Salted Low Sugar Chinese yam flavor\"},{\"@type\":\"BreadcrumbList\",\"@id\":\"https:\/\/wingoofoods.com\/product\/soda-biscuits-salted-low-sugar-chinese-yam-flavor\/#breadcrumb\",\"itemListElement\":[{\"@type\":\"ListItem\",\"position\":1,\"name\":\"Home\",\"item\":\"https:\/\/wingoofoods.com\/ar\/\"},{\"@type\":\"ListItem\",\"position\":2,\"name\":\"products\",\"item\":\"https:\/\/wingoofoods.com\/ar\/\u0645\u062a\u062c\u0631\/\"},{\"@type\":\"ListItem\",\"position\":3,\"name\":\"Soda Biscuits Salted Low Sugar Chinese yam flavor\"}]},{\"@type\":\"WebSite\",\"@id\":\"https:\/\/wingoofoods.com\/es_pe\/#website\",\"url\":\"https:\/\/wingoofoods.com\/es_pe\/\",\"name\":\"Wingoo biscuit Manufacturers\",\"description\":\"Biscuit Manufacturers, Suppliers, Exporters from china shantou largest food factory\",\"publisher\":{\"@id\":\"https:\/\/wingoofoods.com\/es_pe\/#organization\"},\"alternateName\":\"Guangdong Wingoo foods - Official website\",\"potentialAction\":[{\"@type\":\"SearchAction\",\"target\":{\"@type\":\"EntryPoint\",\"urlTemplate\":\"https:\/\/wingoofoods.com\/es_pe\/?s={search_term_string}\"},\"query-input\":{\"@type\":\"PropertyValueSpecification\",\"valueRequired\":true,\"valueName\":\"search_term_string\"}}],\"inLanguage\":\"es\"},{\"@type\":\"Organization\",\"@id\":\"https:\/\/wingoofoods.com\/es_pe\/#organization\",\"name\":\"Wingoo biscuit Manufacturers\",\"url\":\"https:\/\/wingoofoods.com\/es_pe\/\",\"logo\":{\"@type\":\"ImageObject\",\"inLanguage\":\"es\",\"@id\":\"https:\/\/wingoofoods.com\/es_pe\/#\/schema\/logo\/image\/\",\"url\":\"http:\/\/wingoofoods.com\/wp-content\/uploads\/2023\/10\/LOGO.png\",\"contentUrl\":\"http:\/\/wingoofoods.com\/wp-content\/uploads\/2023\/10\/LOGO.png\",\"width\":280,\"height\":72,\"caption\":\"Wingoo biscuit Manufacturers\"},\"image\":{\"@id\":\"https:\/\/wingoofoods.com\/es_pe\/#\/schema\/logo\/image\/\"}}]}<\/script>\n<!-- \/ Yoast SEO plugin. -->","yoast_head_json":{"title":"Soda Biscuits Salted Low Sugar Chinese yam flavor | Wingoo biscuit Manufacturers","description":"Wholesale the irresistible Soda Biscuits Salted Low Sugar Chinese Yam Flavor. Customize your order for a crunchy, wholesome delight. Inquire now for exclusive pricing.","robots":{"index":"index","follow":"follow","max-snippet":"max-snippet:-1","max-image-preview":"max-image-preview:large","max-video-preview":"max-video-preview:-1"},"canonical":"https:\/\/wingoofoods.com\/es\/producto\/galletas-de-soda-saladas-con-bajo-contenido-en-azucar-sabor-name-chino\/","og_locale":"es_ES","og_type":"article","og_title":"Soda Biscuits Salted Low Sugar Chinese yam flavor | Wingoo biscuit Manufacturers","og_description":"Wholesale the irresistible Soda Biscuits Salted Low Sugar Chinese Yam Flavor. Customize your order for a crunchy, wholesome delight. Inquire now for exclusive pricing.","og_url":"https:\/\/wingoofoods.com\/es\/producto\/galletas-de-soda-saladas-con-bajo-contenido-en-azucar-sabor-name-chino\/","og_site_name":"Wingoo biscuit Manufacturers","article_modified_time":"2023-12-11T08:31:05+00:00","og_image":[{"width":800,"height":800,"url":"https:\/\/wingoofoods.com\/wp-content\/uploads\/2023\/11\/3-4.jpg","type":"image\/jpeg"}],"twitter_card":"summary_large_image","twitter_misc":{"Tiempo estimado de lectura":"3 minutos"},"schema":{"@context":"https:\/\/schema.org","@graph":[{"@type":"WebPage","@id":"https:\/\/wingoofoods.com\/product\/soda-biscuits-salted-low-sugar-chinese-yam-flavor\/","url":"https:\/\/wingoofoods.com\/product\/soda-biscuits-salted-low-sugar-chinese-yam-flavor\/","name":"Soda Biscuits Salted Low Sugar Chinese yam flavor | Wingoo biscuit Manufacturers","isPartOf":{"@id":"https:\/\/wingoofoods.com\/es_pe\/#website"},"primaryImageOfPage":{"@id":"https:\/\/wingoofoods.com\/product\/soda-biscuits-salted-low-sugar-chinese-yam-flavor\/#primaryimage"},"image":{"@id":"https:\/\/wingoofoods.com\/product\/soda-biscuits-salted-low-sugar-chinese-yam-flavor\/#primaryimage"},"thumbnailUrl":"https:\/\/wingoofoods.com\/wp-content\/uploads\/2023\/11\/3-4.jpg","datePublished":"2023-11-13T09:42:31+00:00","dateModified":"2023-12-11T08:31:05+00:00","description":"Wholesale the irresistible Soda Biscuits Salted Low Sugar Chinese Yam Flavor. Customize your order for a crunchy, wholesome delight. Inquire now for exclusive pricing.","breadcrumb":{"@id":"https:\/\/wingoofoods.com\/product\/soda-biscuits-salted-low-sugar-chinese-yam-flavor\/#breadcrumb"},"inLanguage":"es","potentialAction":[{"@type":"ReadAction","target":["https:\/\/wingoofoods.com\/product\/soda-biscuits-salted-low-sugar-chinese-yam-flavor\/"]}]},{"@type":"ImageObject","inLanguage":"es","@id":"https:\/\/wingoofoods.com\/product\/soda-biscuits-salted-low-sugar-chinese-yam-flavor\/#primaryimage","url":"https:\/\/wingoofoods.com\/wp-content\/uploads\/2023\/11\/3-4.jpg","contentUrl":"https:\/\/wingoofoods.com\/wp-content\/uploads\/2023\/11\/3-4.jpg","width":800,"height":800,"caption":"Soda Biscuits Salted Low Sugar Chinese yam flavor"},{"@type":"BreadcrumbList","@id":"https:\/\/wingoofoods.com\/product\/soda-biscuits-salted-low-sugar-chinese-yam-flavor\/#breadcrumb","itemListElement":[{"@type":"ListItem","position":1,"name":"Home","item":"https:\/\/wingoofoods.com\/ar\/"},{"@type":"ListItem","position":2,"name":"products","item":"https:\/\/wingoofoods.com\/ar\/\u0645\u062a\u062c\u0631\/"},{"@type":"ListItem","position":3,"name":"Soda Biscuits Salted Low Sugar Chinese yam flavor"}]},{"@type":"WebSite","@id":"https:\/\/wingoofoods.com\/es_pe\/#website","url":"https:\/\/wingoofoods.com\/es_pe\/","name":"Wingoo biscuit Manufacturers","description":"Biscuit Manufacturers, Suppliers, Exporters from china shantou largest food factory","publisher":{"@id":"https:\/\/wingoofoods.com\/es_pe\/#organization"},"alternateName":"Guangdong Wingoo foods - Official website","potentialAction":[{"@type":"SearchAction","target":{"@type":"EntryPoint","urlTemplate":"https:\/\/wingoofoods.com\/es_pe\/?s={search_term_string}"},"query-input":{"@type":"PropertyValueSpecification","valueRequired":true,"valueName":"search_term_string"}}],"inLanguage":"es"},{"@type":"Organization","@id":"https:\/\/wingoofoods.com\/es_pe\/#organization","name":"Wingoo biscuit Manufacturers","url":"https:\/\/wingoofoods.com\/es_pe\/","logo":{"@type":"ImageObject","inLanguage":"es","@id":"https:\/\/wingoofoods.com\/es_pe\/#\/schema\/logo\/image\/","url":"http:\/\/wingoofoods.com\/wp-content\/uploads\/2023\/10\/LOGO.png","contentUrl":"http:\/\/wingoofoods.com\/wp-content\/uploads\/2023\/10\/LOGO.png","width":280,"height":72,"caption":"Wingoo biscuit Manufacturers"},"image":{"@id":"https:\/\/wingoofoods.com\/es_pe\/#\/schema\/logo\/image\/"}}]}},"_links":{"self":[{"href":"https:\/\/wingoofoods.com\/es\/wp-json\/wp\/v2\/product\/2942","targetHints":{"allow":["GET"]}}],"collection":[{"href":"https:\/\/wingoofoods.com\/es\/wp-json\/wp\/v2\/product"}],"about":[{"href":"https:\/\/wingoofoods.com\/es\/wp-json\/wp\/v2\/types\/product"}],"replies":[{"embeddable":true,"href":"https:\/\/wingoofoods.com\/es\/wp-json\/wp\/v2\/comments?post=2942"}],"version-history":[{"count":0,"href":"https:\/\/wingoofoods.com\/es\/wp-json\/wp\/v2\/product\/2942\/revisions"}],"wp:featuredmedia":[{"embeddable":true,"href":"https:\/\/wingoofoods.com\/es\/wp-json\/wp\/v2\/media\/2937"}],"wp:attachment":[{"href":"https:\/\/wingoofoods.com\/es\/wp-json\/wp\/v2\/media?parent=2942"}],"wp:term":[{"taxonomy":"product_brand","embeddable":true,"href":"https:\/\/wingoofoods.com\/es\/wp-json\/wp\/v2\/product_brand?post=2942"},{"taxonomy":"product_cat","embeddable":true,"href":"https:\/\/wingoofoods.com\/es\/wp-json\/wp\/v2\/product_cat?post=2942"},{"taxonomy":"product_tag","embeddable":true,"href":"https:\/\/wingoofoods.com\/es\/wp-json\/wp\/v2\/product_tag?post=2942"}],"curies":[{"name":"wp","href":"https:\/\/api.w.org\/{rel}","templated":true}]}}