{"id":3120,"date":"2023-11-15T05:59:28","date_gmt":"2023-11-15T05:59:28","guid":{"rendered":"http:\/\/wingoofoods.com\/?post_type=product&#038;p=3120"},"modified":"2023-12-08T15:56:29","modified_gmt":"2023-12-08T15:56:29","slug":"square-crispy-biscuits-coconut-milk-flavor","status":"publish","type":"product","link":"https:\/\/wingoofoods.com\/es\/producto\/galletas-cuadradas-crujientes-sabor-leche-de-coco\/","title":{"rendered":"Galletas Cuadradas Crujientes Sabor Leche de Coco"},"content":{"rendered":"<p><img fetchpriority=\"high\" decoding=\"async\" class=\"aligncenter wp-image-2439 size-full\" src=\"http:\/\/wingoofoods.com\/wp-content\/uploads\/2013\/06\/1.webp\" alt=\"\" width=\"800\" height=\"569\" srcset=\"https:\/\/wingoofoods.com\/wp-content\/uploads\/2013\/06\/1.webp 800w, https:\/\/wingoofoods.com\/wp-content\/uploads\/2013\/06\/1-300x213.webp 300w, https:\/\/wingoofoods.com\/wp-content\/uploads\/2013\/06\/1-768x546.webp 768w, https:\/\/wingoofoods.com\/wp-content\/uploads\/2013\/06\/1-600x427.webp 600w\" sizes=\"(max-width: 800px) 100vw, 800px\" \/><\/p>\n<p><img decoding=\"async\" class=\"alignnone wp-image-3122 size-full\" src=\"http:\/\/wingoofoods.com\/wp-content\/uploads\/2023\/11\/56-1.jpg\" alt=\"Galletas cuadradas crujientes\" width=\"800\" height=\"800\" srcset=\"https:\/\/wingoofoods.com\/wp-content\/uploads\/2023\/11\/56-1.jpg 800w, https:\/\/wingoofoods.com\/wp-content\/uploads\/2023\/11\/56-1-300x300.jpg 300w, https:\/\/wingoofoods.com\/wp-content\/uploads\/2023\/11\/56-1-150x150.jpg 150w, https:\/\/wingoofoods.com\/wp-content\/uploads\/2023\/11\/56-1-768x768.jpg 768w, https:\/\/wingoofoods.com\/wp-content\/uploads\/2023\/11\/56-1-600x600.jpg 600w, https:\/\/wingoofoods.com\/wp-content\/uploads\/2023\/11\/56-1-100x100.jpg 100w\" sizes=\"(max-width: 800px) 100vw, 800px\" \/> <img decoding=\"async\" class=\"alignnone wp-image-3123 size-full\" src=\"http:\/\/wingoofoods.com\/wp-content\/uploads\/2023\/11\/5657.jpg\" alt=\"Galletas cuadradas crujientes\" width=\"800\" height=\"800\" srcset=\"https:\/\/wingoofoods.com\/wp-content\/uploads\/2023\/11\/5657.jpg 800w, https:\/\/wingoofoods.com\/wp-content\/uploads\/2023\/11\/5657-300x300.jpg 300w, https:\/\/wingoofoods.com\/wp-content\/uploads\/2023\/11\/5657-150x150.jpg 150w, https:\/\/wingoofoods.com\/wp-content\/uploads\/2023\/11\/5657-768x768.jpg 768w, https:\/\/wingoofoods.com\/wp-content\/uploads\/2023\/11\/5657-600x600.jpg 600w, https:\/\/wingoofoods.com\/wp-content\/uploads\/2023\/11\/5657-100x100.jpg 100w\" sizes=\"(max-width: 800px) 100vw, 800px\" \/><\/p>\n<p>&nbsp;<\/p>\n<p>Acerca de Crispy Biscuits cracker :<\/p>\n<div class=\"bottom-description-content\">\n<div>\n<p>Hojaldradas, esponjosas, suaves y tiernas, \u00bfa qui\u00e9n no le gustan las galletas Crispy Biscuits? Si le gustan las galletas y est\u00e1 buscando algunas variedades deliciosas, visite ahora mismo xianshengw2.sg-host.com, ya que tenemos existencias de algunos de los principales mayoristas de todo el mundo. Nuestra variedad de galletas es variada y divertida.<\/p>\n<\/div>\n<div>\n<p>El olor a mantequilla de nuestras galletas de suero de leche seguro que le tienta a comer m\u00e1s. Tan apetitosas como las galletas caseras, son imprescindibles. Tambi\u00e9n tenemos variedades de galletas Crispy Biscuits rellenas de mermelada, que son las favoritas de ni\u00f1os y mayores. Nuestras galletas de chocolate son otra gama bastante popular entre nuestros clientes. Nuestras galletas de s\u00e1ndwich rellenas de una generosa capa de nata, normalmente con sabor a fresa o vainilla, tambi\u00e9n son un delicioso tentempi\u00e9.<\/p>\n<\/div>\n<div>\n<p>Si busca variantes saludables de galletas, tambi\u00e9n puede elegir entre nuestra gama rica en fibra. Tenemos galletas digestivas que facilitan el tr\u00e1nsito intestinal y le ayudan a sentirse saciado durante mucho tiempo. As\u00ed que si est\u00e1 a dieta, \u00a1le vendr\u00e1n genial! Tambi\u00e9n disponemos de variedades de galletas sin gluten para que, si est\u00e1s siguiendo un plan de alimentaci\u00f3n ceto bajo en carbohidratos, puedas picar f\u00e1cilmente tus galletas favoritas.<\/p>\n<\/div>\n<\/div>","protected":false},"excerpt":{"rendered":"<p>Las galletas suelen tener un exterior dorado y crujiente y un delicioso sabor dulce y arom\u00e1tico. Las hay de varios sabores y formas, como chocolate, rellenas de crema, galletas secas y galletas, para satisfacer los gustos de cada persona. Adem\u00e1s, las galletas tienen un periodo de conservaci\u00f3n relativamente largo, por lo que son c\u00f3modas de transportar y almacenar, convirti\u00e9ndose as\u00ed en un tentempi\u00e9 muy popular. Tanto si se acompa\u00f1an con t\u00e9 o caf\u00e9 como si se toman solas, las galletas son un tentempi\u00e9 muy apreciado por muchos.<\/p>","protected":false},"featured_media":3121,"comment_status":"open","ping_status":"closed","template":"","meta":{"om_disable_all_campaigns":false},"product_brand":[],"product_cat":[108,112],"product_tag":[199,200,172],"class_list":{"0":"post-3120","1":"product","2":"type-product","3":"status-publish","4":"has-post-thumbnail","6":"product_cat-crispy-biscuits","7":"product_cat-milk-biscuits","8":"product_tag-crispy-biscuits","9":"product_tag-milk-biscuits","10":"product_tag-square-biscuits","11":"pa_brand-wingoo","12":"pa_flavor-cream","13":"pa_flavor-sweet","14":"pa_packing-bag","15":"pa_taste-sweet","16":"pa_texture-crispy","18":"first","19":"instock","20":"downloadable","21":"taxable","22":"shipping-taxable","23":"product-type-simple"},"yoast_head":"<!-- This site is optimized with the Yoast SEO plugin v24.4 - https:\/\/yoast.com\/wordpress\/plugins\/seo\/ -->\n<title>Square Crispy Biscuits Coconut Milk Flavor | Wingoo biscuit Manufacturers<\/title>\n<meta name=\"description\" content=\"Watermelon cookies\" \/>\n<meta name=\"robots\" content=\"index, follow, max-snippet:-1, max-image-preview:large, max-video-preview:-1\" \/>\n<link rel=\"canonical\" href=\"https:\/\/wingoofoods.com\/es\/product\/square-crispy-biscuits-coconut-milk-flavor\/\" \/>\n<meta property=\"og:locale\" content=\"es_ES\" \/>\n<meta property=\"og:type\" content=\"article\" \/>\n<meta property=\"og:title\" content=\"Square Crispy Biscuits Coconut Milk Flavor | Wingoo biscuit Manufacturers\" \/>\n<meta property=\"og:description\" content=\"Watermelon cookies\" \/>\n<meta property=\"og:url\" content=\"https:\/\/wingoofoods.com\/es\/product\/square-crispy-biscuits-coconut-milk-flavor\/\" \/>\n<meta property=\"og:site_name\" content=\"Wingoo biscuit Manufacturers\" \/>\n<meta property=\"article:modified_time\" content=\"2023-12-08T15:56:29+00:00\" \/>\n<meta property=\"og:image\" content=\"https:\/\/wingoofoods.com\/wp-content\/uploads\/2023\/11\/1-20.jpg\" \/>\n\t<meta property=\"og:image:width\" content=\"800\" \/>\n\t<meta property=\"og:image:height\" content=\"800\" \/>\n\t<meta property=\"og:image:type\" content=\"image\/jpeg\" \/>\n<meta name=\"twitter:card\" content=\"summary_large_image\" \/>\n<meta name=\"twitter:label1\" content=\"Tiempo estimado de lectura\" \/>\n\t<meta name=\"twitter:data1\" content=\"2 minutos\" \/>\n<script type=\"application\/ld+json\" class=\"yoast-schema-graph\">{\"@context\":\"https:\/\/schema.org\",\"@graph\":[{\"@type\":\"WebPage\",\"@id\":\"https:\/\/wingoofoods.com\/vi\/product\/square-crispy-biscuits-coconut-milk-flavor\/\",\"url\":\"https:\/\/wingoofoods.com\/vi\/product\/square-crispy-biscuits-coconut-milk-flavor\/\",\"name\":\"Square Crispy Biscuits Coconut Milk Flavor | Wingoo biscuit Manufacturers\",\"isPartOf\":{\"@id\":\"https:\/\/wingoofoods.com\/es_pe\/#website\"},\"primaryImageOfPage\":{\"@id\":\"https:\/\/wingoofoods.com\/vi\/product\/square-crispy-biscuits-coconut-milk-flavor\/#primaryimage\"},\"image\":{\"@id\":\"https:\/\/wingoofoods.com\/vi\/product\/square-crispy-biscuits-coconut-milk-flavor\/#primaryimage\"},\"thumbnailUrl\":\"https:\/\/wingoofoods.com\/wp-content\/uploads\/2023\/11\/1-20.jpg\",\"datePublished\":\"2023-11-15T05:59:28+00:00\",\"dateModified\":\"2023-12-08T15:56:29+00:00\",\"description\":\"Watermelon cookies\",\"breadcrumb\":{\"@id\":\"https:\/\/wingoofoods.com\/vi\/product\/square-crispy-biscuits-coconut-milk-flavor\/#breadcrumb\"},\"inLanguage\":\"es\",\"potentialAction\":[{\"@type\":\"ReadAction\",\"target\":[\"https:\/\/wingoofoods.com\/vi\/product\/square-crispy-biscuits-coconut-milk-flavor\/\"]}]},{\"@type\":\"ImageObject\",\"inLanguage\":\"es\",\"@id\":\"https:\/\/wingoofoods.com\/vi\/product\/square-crispy-biscuits-coconut-milk-flavor\/#primaryimage\",\"url\":\"https:\/\/wingoofoods.com\/wp-content\/uploads\/2023\/11\/1-20.jpg\",\"contentUrl\":\"https:\/\/wingoofoods.com\/wp-content\/uploads\/2023\/11\/1-20.jpg\",\"width\":800,\"height\":800,\"caption\":\"Square Crispy Biscuits Coconut Milk Flavor\"},{\"@type\":\"BreadcrumbList\",\"@id\":\"https:\/\/wingoofoods.com\/vi\/product\/square-crispy-biscuits-coconut-milk-flavor\/#breadcrumb\",\"itemListElement\":[{\"@type\":\"ListItem\",\"position\":1,\"name\":\"Home\",\"item\":\"https:\/\/wingoofoods.com\/ar\/\"},{\"@type\":\"ListItem\",\"position\":2,\"name\":\"products\",\"item\":\"https:\/\/wingoofoods.com\/ar\/\u0645\u062a\u062c\u0631\/\"},{\"@type\":\"ListItem\",\"position\":3,\"name\":\"Square Crispy Biscuits Coconut Milk Flavor\"}]},{\"@type\":\"WebSite\",\"@id\":\"https:\/\/wingoofoods.com\/es_pe\/#website\",\"url\":\"https:\/\/wingoofoods.com\/es_pe\/\",\"name\":\"Wingoo biscuit Manufacturers\",\"description\":\"Biscuit Manufacturers, Suppliers, Exporters from china shantou largest food factory\",\"publisher\":{\"@id\":\"https:\/\/wingoofoods.com\/es_pe\/#organization\"},\"alternateName\":\"Guangdong Wingoo foods - Official website\",\"potentialAction\":[{\"@type\":\"SearchAction\",\"target\":{\"@type\":\"EntryPoint\",\"urlTemplate\":\"https:\/\/wingoofoods.com\/es_pe\/?s={search_term_string}\"},\"query-input\":{\"@type\":\"PropertyValueSpecification\",\"valueRequired\":true,\"valueName\":\"search_term_string\"}}],\"inLanguage\":\"es\"},{\"@type\":\"Organization\",\"@id\":\"https:\/\/wingoofoods.com\/es_pe\/#organization\",\"name\":\"Wingoo biscuit Manufacturers\",\"url\":\"https:\/\/wingoofoods.com\/es_pe\/\",\"logo\":{\"@type\":\"ImageObject\",\"inLanguage\":\"es\",\"@id\":\"https:\/\/wingoofoods.com\/es_pe\/#\/schema\/logo\/image\/\",\"url\":\"http:\/\/wingoofoods.com\/wp-content\/uploads\/2023\/10\/LOGO.png\",\"contentUrl\":\"http:\/\/wingoofoods.com\/wp-content\/uploads\/2023\/10\/LOGO.png\",\"width\":280,\"height\":72,\"caption\":\"Wingoo biscuit Manufacturers\"},\"image\":{\"@id\":\"https:\/\/wingoofoods.com\/es_pe\/#\/schema\/logo\/image\/\"}}]}<\/script>\n<!-- \/ Yoast SEO plugin. -->","yoast_head_json":{"title":"Square Crispy Biscuits Coconut Milk Flavor | Wingoo biscuit Manufacturers","description":"Watermelon cookies","robots":{"index":"index","follow":"follow","max-snippet":"max-snippet:-1","max-image-preview":"max-image-preview:large","max-video-preview":"max-video-preview:-1"},"canonical":"https:\/\/wingoofoods.com\/es\/product\/square-crispy-biscuits-coconut-milk-flavor\/","og_locale":"es_ES","og_type":"article","og_title":"Square Crispy Biscuits Coconut Milk Flavor | Wingoo biscuit Manufacturers","og_description":"Watermelon cookies","og_url":"https:\/\/wingoofoods.com\/es\/product\/square-crispy-biscuits-coconut-milk-flavor\/","og_site_name":"Wingoo biscuit Manufacturers","article_modified_time":"2023-12-08T15:56:29+00:00","og_image":[{"width":800,"height":800,"url":"https:\/\/wingoofoods.com\/wp-content\/uploads\/2023\/11\/1-20.jpg","type":"image\/jpeg"}],"twitter_card":"summary_large_image","twitter_misc":{"Tiempo estimado de lectura":"2 minutos"},"schema":{"@context":"https:\/\/schema.org","@graph":[{"@type":"WebPage","@id":"https:\/\/wingoofoods.com\/vi\/product\/square-crispy-biscuits-coconut-milk-flavor\/","url":"https:\/\/wingoofoods.com\/vi\/product\/square-crispy-biscuits-coconut-milk-flavor\/","name":"Square Crispy Biscuits Coconut Milk Flavor | Wingoo biscuit Manufacturers","isPartOf":{"@id":"https:\/\/wingoofoods.com\/es_pe\/#website"},"primaryImageOfPage":{"@id":"https:\/\/wingoofoods.com\/vi\/product\/square-crispy-biscuits-coconut-milk-flavor\/#primaryimage"},"image":{"@id":"https:\/\/wingoofoods.com\/vi\/product\/square-crispy-biscuits-coconut-milk-flavor\/#primaryimage"},"thumbnailUrl":"https:\/\/wingoofoods.com\/wp-content\/uploads\/2023\/11\/1-20.jpg","datePublished":"2023-11-15T05:59:28+00:00","dateModified":"2023-12-08T15:56:29+00:00","description":"Watermelon cookies","breadcrumb":{"@id":"https:\/\/wingoofoods.com\/vi\/product\/square-crispy-biscuits-coconut-milk-flavor\/#breadcrumb"},"inLanguage":"es","potentialAction":[{"@type":"ReadAction","target":["https:\/\/wingoofoods.com\/vi\/product\/square-crispy-biscuits-coconut-milk-flavor\/"]}]},{"@type":"ImageObject","inLanguage":"es","@id":"https:\/\/wingoofoods.com\/vi\/product\/square-crispy-biscuits-coconut-milk-flavor\/#primaryimage","url":"https:\/\/wingoofoods.com\/wp-content\/uploads\/2023\/11\/1-20.jpg","contentUrl":"https:\/\/wingoofoods.com\/wp-content\/uploads\/2023\/11\/1-20.jpg","width":800,"height":800,"caption":"Square Crispy Biscuits Coconut Milk Flavor"},{"@type":"BreadcrumbList","@id":"https:\/\/wingoofoods.com\/vi\/product\/square-crispy-biscuits-coconut-milk-flavor\/#breadcrumb","itemListElement":[{"@type":"ListItem","position":1,"name":"Home","item":"https:\/\/wingoofoods.com\/ar\/"},{"@type":"ListItem","position":2,"name":"products","item":"https:\/\/wingoofoods.com\/ar\/\u0645\u062a\u062c\u0631\/"},{"@type":"ListItem","position":3,"name":"Square Crispy Biscuits Coconut Milk Flavor"}]},{"@type":"WebSite","@id":"https:\/\/wingoofoods.com\/es_pe\/#website","url":"https:\/\/wingoofoods.com\/es_pe\/","name":"Wingoo biscuit Manufacturers","description":"Biscuit Manufacturers, Suppliers, Exporters from china shantou largest food factory","publisher":{"@id":"https:\/\/wingoofoods.com\/es_pe\/#organization"},"alternateName":"Guangdong Wingoo foods - Official website","potentialAction":[{"@type":"SearchAction","target":{"@type":"EntryPoint","urlTemplate":"https:\/\/wingoofoods.com\/es_pe\/?s={search_term_string}"},"query-input":{"@type":"PropertyValueSpecification","valueRequired":true,"valueName":"search_term_string"}}],"inLanguage":"es"},{"@type":"Organization","@id":"https:\/\/wingoofoods.com\/es_pe\/#organization","name":"Wingoo biscuit Manufacturers","url":"https:\/\/wingoofoods.com\/es_pe\/","logo":{"@type":"ImageObject","inLanguage":"es","@id":"https:\/\/wingoofoods.com\/es_pe\/#\/schema\/logo\/image\/","url":"http:\/\/wingoofoods.com\/wp-content\/uploads\/2023\/10\/LOGO.png","contentUrl":"http:\/\/wingoofoods.com\/wp-content\/uploads\/2023\/10\/LOGO.png","width":280,"height":72,"caption":"Wingoo biscuit Manufacturers"},"image":{"@id":"https:\/\/wingoofoods.com\/es_pe\/#\/schema\/logo\/image\/"}}]}},"_links":{"self":[{"href":"https:\/\/wingoofoods.com\/es\/wp-json\/wp\/v2\/product\/3120","targetHints":{"allow":["GET"]}}],"collection":[{"href":"https:\/\/wingoofoods.com\/es\/wp-json\/wp\/v2\/product"}],"about":[{"href":"https:\/\/wingoofoods.com\/es\/wp-json\/wp\/v2\/types\/product"}],"replies":[{"embeddable":true,"href":"https:\/\/wingoofoods.com\/es\/wp-json\/wp\/v2\/comments?post=3120"}],"version-history":[{"count":0,"href":"https:\/\/wingoofoods.com\/es\/wp-json\/wp\/v2\/product\/3120\/revisions"}],"wp:featuredmedia":[{"embeddable":true,"href":"https:\/\/wingoofoods.com\/es\/wp-json\/wp\/v2\/media\/3121"}],"wp:attachment":[{"href":"https:\/\/wingoofoods.com\/es\/wp-json\/wp\/v2\/media?parent=3120"}],"wp:term":[{"taxonomy":"product_brand","embeddable":true,"href":"https:\/\/wingoofoods.com\/es\/wp-json\/wp\/v2\/product_brand?post=3120"},{"taxonomy":"product_cat","embeddable":true,"href":"https:\/\/wingoofoods.com\/es\/wp-json\/wp\/v2\/product_cat?post=3120"},{"taxonomy":"product_tag","embeddable":true,"href":"https:\/\/wingoofoods.com\/es\/wp-json\/wp\/v2\/product_tag?post=3120"}],"curies":[{"name":"wp","href":"https:\/\/api.w.org\/{rel}","templated":true}]}}