{"id":4135,"date":"2023-12-04T01:44:52","date_gmt":"2023-12-04T01:44:52","guid":{"rendered":"http:\/\/wingoofoods.com\/?post_type=product&#038;p=4135"},"modified":"2023-12-26T03:29:04","modified_gmt":"2023-12-26T03:29:04","slug":"super-viviga-cream-cookies","status":"publish","type":"product","link":"https:\/\/wingoofoods.com\/es\/producto\/galletas-de-nata-super-viviga\/","title":{"rendered":"Galletas de nata super viviga"},"content":{"rendered":"<p><img fetchpriority=\"high\" decoding=\"async\" class=\"aligncenter wp-image-2439 size-full\" src=\"http:\/\/wingoofoods.com\/wp-content\/uploads\/2013\/06\/1.webp\" alt=\"\" width=\"800\" height=\"569\" srcset=\"https:\/\/wingoofoods.com\/wp-content\/uploads\/2013\/06\/1.webp 800w, https:\/\/wingoofoods.com\/wp-content\/uploads\/2013\/06\/1-300x213.webp 300w, https:\/\/wingoofoods.com\/wp-content\/uploads\/2013\/06\/1-768x546.webp 768w, https:\/\/wingoofoods.com\/wp-content\/uploads\/2013\/06\/1-600x427.webp 600w\" sizes=\"(max-width: 800px) 100vw, 800px\" \/><\/p>\n<p><img decoding=\"async\" class=\"alignnone wp-image-4138 size-full\" src=\"http:\/\/wingoofoods.com\/wp-content\/uploads\/2023\/12\/5-2.jpg\" alt=\"Galletas de nata super viviga\" width=\"800\" height=\"800\" srcset=\"https:\/\/wingoofoods.com\/wp-content\/uploads\/2023\/12\/5-2.jpg 800w, https:\/\/wingoofoods.com\/wp-content\/uploads\/2023\/12\/5-2-300x300.jpg 300w, https:\/\/wingoofoods.com\/wp-content\/uploads\/2023\/12\/5-2-150x150.jpg 150w, https:\/\/wingoofoods.com\/wp-content\/uploads\/2023\/12\/5-2-768x768.jpg 768w, https:\/\/wingoofoods.com\/wp-content\/uploads\/2023\/12\/5-2-600x600.jpg 600w, https:\/\/wingoofoods.com\/wp-content\/uploads\/2023\/12\/5-2-100x100.jpg 100w\" sizes=\"(max-width: 800px) 100vw, 800px\" \/> <img decoding=\"async\" class=\"alignnone wp-image-4137 size-full\" src=\"http:\/\/wingoofoods.com\/wp-content\/uploads\/2023\/12\/2-8.jpg\" alt=\"Galletas de nata super viviga\" width=\"800\" height=\"800\" srcset=\"https:\/\/wingoofoods.com\/wp-content\/uploads\/2023\/12\/2-8.jpg 800w, https:\/\/wingoofoods.com\/wp-content\/uploads\/2023\/12\/2-8-300x300.jpg 300w, https:\/\/wingoofoods.com\/wp-content\/uploads\/2023\/12\/2-8-150x150.jpg 150w, https:\/\/wingoofoods.com\/wp-content\/uploads\/2023\/12\/2-8-768x768.jpg 768w, https:\/\/wingoofoods.com\/wp-content\/uploads\/2023\/12\/2-8-600x600.jpg 600w, https:\/\/wingoofoods.com\/wp-content\/uploads\/2023\/12\/2-8-100x100.jpg 100w\" sizes=\"(max-width: 800px) 100vw, 800px\" \/><\/p>\n<div class=\"flex-1 overflow-hidden\">\n<div class=\"react-scroll-to-bottom--css-rvymb-79elbk h-full\">\n<div class=\"react-scroll-to-bottom--css-rvymb-1n7m0yu\">\n<div class=\"flex flex-col pb-9 text-sm\">\n<div class=\"w-full text-token-text-primary\" data-testid=\"conversation-turn-11\">\n<div class=\"px-4 py-2 justify-center text-base md:gap-6 m-auto\">\n<div class=\"flex flex-1 text-base mx-auto gap-3 md:px-5 lg:px-1 xl:px-5 md:max-w-3xl lg:max-w-[40rem] xl:max-w-[48rem] group final-completion\">\n<div class=\"relative flex w-full flex-col lg:w-[calc(100%-115px)] agent-turn\">\n<div class=\"flex-col gap-1 md:gap-3\">\n<div class=\"flex flex-grow flex-col max-w-full\">\n<div class=\"min-h-[20px] text-message flex flex-col items-start gap-3 whitespace-pre-wrap break-words [.text-message+&amp;]:mt-5 overflow-x-auto\" data-message-author-role=\"assistant\" data-message-id=\"59dc1813-6f86-4465-870e-ccff115c3b32\">\n<div class=\"markdown prose w-full break-words dark:prose-invert light\">\n<p>Acerca de las galletas de nata Super Viviga:<\/p>\n<p>Saboree la experiencia inigualable de las Galletas de Nata Super Viviga, una sinfon\u00eda de texturas fragantes, crujientes y lujosamente suaves. Elevando la galleta de crema a nuevas alturas, estas delicias cuadradas prometen una variedad de sabores en cada bocado indulgente.<\/p>\n<p>Explore nuestra amplia gama de productos, que incluye galletas chinas, galletas vegetales, galletas con mermelada, galletas crujientes, galletas de mantequilla, galletas de soda, mochi, aperitivos de cereales, pasteler\u00eda, patatas fritas, pan y mucho m\u00e1s. Deleite su paladar con una variada selecci\u00f3n de sabores, desde queso, original, salado, chocolate, vegetal y afrutado hasta caf\u00e9, nata, dulce, huevo, leche y mucho m\u00e1s.<\/p>\n<p>La diversidad se extiende a nuestras opciones de envasado, que ofrecen bolsas, cajas, productos a granel, cajas de cart\u00f3n, latas, envases de regalo y otros envases especializados. Adapte su presentaci\u00f3n a mercados espec\u00edficos y a las preferencias del cliente para mejorar la experiencia del producto.<\/p>\n<p>Como parte de nuestro compromiso con los servicios integrales, nos enorgullece ofrecer opciones de personalizaci\u00f3n. Tanto si desea cantidades al por mayor, sabores personalizados o envases a medida, nuestras ofertas se adaptan a sus preferencias \u00fanicas. Experimente el mundo de las galletas de nata Super Viviga: a\u00f1\u00e1dase a la lista de consultas y espere nuestro presupuesto detallado.<\/p>\n<p>Adem\u00e1s, ampliamos nuestra oferta m\u00e1s all\u00e1 de las galletas para incluir una gran variedad de caramelos. Explore caramelos l\u00edquidos, caramelos de juguete, caramelos de goma, chicles, piruletas, malvaviscos y mucho m\u00e1s en nuestro sitio web: <a href=\"https:\/\/oemcandy.com\/\" target=\"_new\" rel=\"noopener\">https:\/\/oemcandy.com<\/a>. Disfrute de la dulzura de nuestros servicios de producci\u00f3n y venta al por mayor de caramelos, que mejorar\u00e1n a\u00fan m\u00e1s sus delicias de confiter\u00eda. A\u00f1ada una pizca de dulzura a su consulta y reciba un presupuesto completo adaptado a sus necesidades.<\/p>\n<\/div>\n<\/div>\n<\/div>\n<\/div>\n<\/div>\n<\/div>\n<\/div>\n<\/div>\n<\/div>\n<\/div>\n<\/div>\n<\/div>","protected":false},"excerpt":{"rendered":"<div class=\"flex-1 overflow-hidden\">\n<div class=\"react-scroll-to-bottom--css-rvymb-79elbk h-full\">\n<div class=\"react-scroll-to-bottom--css-rvymb-1n7m0yu\">\n<div class=\"flex flex-col pb-9 text-sm\">\n<div class=\"w-full text-token-text-primary\" data-testid=\"conversation-turn-3\">\n<div class=\"px-4 py-2 justify-center text-base md:gap-6 m-auto\">\n<div class=\"flex flex-1 text-base mx-auto gap-3 md:px-5 lg:px-1 xl:px-5 md:max-w-3xl lg:max-w-[40rem] xl:max-w-[48rem] group final-completion\">\n<div class=\"relative flex w-full flex-col lg:w-[calc(100%-115px)] agent-turn\">\n<div class=\"flex-col gap-1 md:gap-3\">\n<div class=\"flex flex-grow flex-col max-w-full\">\n<div class=\"min-h-[20px] text-message flex flex-col items-start gap-3 whitespace-pre-wrap break-words [.text-message+&amp;]:mt-5 overflow-x-auto\" data-message-author-role=\"assistant\" data-message-id=\"8e2be829-ae3d-4bea-b21f-cc62ebe669f2\">\n<div class=\"markdown prose w-full break-words dark:prose-invert light\">\n<p>Presentamos las galletas de nata Super Viviga, una deliciosa fusi\u00f3n de sabor y textura crujiente. Elaboradas para paladares exigentes, estas galletas cuadradas redefinen el placer con un rico centro de crema, elevando la experiencia cl\u00e1sica de las galletas de crema. Nuestras crujientes galletas proporcionan un chasquido satisfactorio, convirtiendo cada bocado en una memorable sinfon\u00eda de texturas. Perfectamente adaptados al din\u00e1mico mercado del sudeste asi\u00e1tico, nuestros productos se dirigen por igual a comerciantes, agentes, mayoristas, distribuidores, propietarios de marcas y minoristas. Experimente la irresistible combinaci\u00f3n de ingredientes de primera calidad, envases exquisitos y un perfil de sabor que cautiva. Mejore sus aperitivos con las galletas de nata Super Viviga: cuadradas, cremosas e irresistiblemente crujientes. A\u00f1\u00e1dase a la lista de consulta y espere a que le hagamos un presupuesto juntos.<\/p>\n<\/div>\n<\/div>\n<\/div>\n<\/div>\n<\/div>\n<\/div>\n<\/div>\n<\/div>\n<\/div>\n<\/div>\n<\/div>\n<\/div>","protected":false},"featured_media":4136,"comment_status":"open","ping_status":"closed","template":"","meta":{"om_disable_all_campaigns":false},"product_brand":[],"product_cat":[108,112],"product_tag":[355,349,172],"class_list":{"0":"post-4135","1":"product","2":"type-product","3":"status-publish","4":"has-post-thumbnail","6":"product_cat-crispy-biscuits","7":"product_cat-milk-biscuits","8":"product_tag-cream-biscuit","9":"product_tag-crispy-crackers","10":"product_tag-square-biscuits","11":"pa_brand-superviviga","12":"pa_flavor-cream","13":"pa_flavor-original","14":"pa_flavor-spices-herbs","15":"pa_packing-box","16":"pa_packing-bulk","17":"pa_taste-original","18":"pa_texture-crispy","20":"first","21":"instock","22":"downloadable","23":"taxable","24":"shipping-taxable","25":"product-type-simple"},"yoast_head":"<!-- This site is optimized with the Yoast SEO plugin v24.4 - https:\/\/yoast.com\/wordpress\/plugins\/seo\/ -->\n<title>Super viviga cream cookies | Guangdong Wingoo Official Website<\/title>\n<meta name=\"description\" content=\"Wholesale Super Viviga Cream Cookies \u2013 Elevate your offerings with custom flavors and packaging. Explore now for irresistible deals! Add to inquiry for a tailored quotation.\" \/>\n<meta name=\"robots\" content=\"index, follow, max-snippet:-1, max-image-preview:large, max-video-preview:-1\" \/>\n<link rel=\"canonical\" href=\"https:\/\/wingoofoods.com\/es\/producto\/galletas-de-nata-super-viviga\/\" \/>\n<meta property=\"og:locale\" content=\"es_ES\" \/>\n<meta property=\"og:type\" content=\"article\" \/>\n<meta property=\"og:title\" content=\"Super viviga cream cookies | Guangdong Wingoo Official Website\" \/>\n<meta property=\"og:description\" content=\"Wholesale Super Viviga Cream Cookies \u2013 Elevate your offerings with custom flavors and packaging. Explore now for irresistible deals! Add to inquiry for a tailored quotation.\" \/>\n<meta property=\"og:url\" content=\"https:\/\/wingoofoods.com\/es\/producto\/galletas-de-nata-super-viviga\/\" \/>\n<meta property=\"og:site_name\" content=\"Wingoo biscuit Manufacturers\" \/>\n<meta property=\"article:modified_time\" content=\"2023-12-26T03:29:04+00:00\" \/>\n<meta property=\"og:image\" content=\"https:\/\/wingoofoods.com\/wp-content\/uploads\/2023\/12\/1-12.jpg\" \/>\n\t<meta property=\"og:image:width\" content=\"800\" \/>\n\t<meta property=\"og:image:height\" content=\"800\" \/>\n\t<meta property=\"og:image:type\" content=\"image\/jpeg\" \/>\n<meta name=\"twitter:card\" content=\"summary_large_image\" \/>\n<meta name=\"twitter:label1\" content=\"Tiempo estimado de lectura\" \/>\n\t<meta name=\"twitter:data1\" content=\"2 minutos\" \/>\n<script type=\"application\/ld+json\" class=\"yoast-schema-graph\">{\"@context\":\"https:\/\/schema.org\",\"@graph\":[{\"@type\":\"WebPage\",\"@id\":\"https:\/\/wingoofoods.com\/uk\/\u043f\u0440\u043e\u0434\u0443\u043a\u0442\/\u043f\u0435\u0447\u0438\u0432\u043e-\u0437-\u043a\u0440\u0435\u043c\u043e\u043c-super-viviga\/\",\"url\":\"https:\/\/wingoofoods.com\/uk\/\u043f\u0440\u043e\u0434\u0443\u043a\u0442\/\u043f\u0435\u0447\u0438\u0432\u043e-\u0437-\u043a\u0440\u0435\u043c\u043e\u043c-super-viviga\/\",\"name\":\"Super viviga cream cookies | Guangdong Wingoo Official Website\",\"isPartOf\":{\"@id\":\"https:\/\/wingoofoods.com\/es_pe\/#website\"},\"primaryImageOfPage\":{\"@id\":\"https:\/\/wingoofoods.com\/uk\/\u043f\u0440\u043e\u0434\u0443\u043a\u0442\/\u043f\u0435\u0447\u0438\u0432\u043e-\u0437-\u043a\u0440\u0435\u043c\u043e\u043c-super-viviga\/#primaryimage\"},\"image\":{\"@id\":\"https:\/\/wingoofoods.com\/uk\/\u043f\u0440\u043e\u0434\u0443\u043a\u0442\/\u043f\u0435\u0447\u0438\u0432\u043e-\u0437-\u043a\u0440\u0435\u043c\u043e\u043c-super-viviga\/#primaryimage\"},\"thumbnailUrl\":\"https:\/\/wingoofoods.com\/wp-content\/uploads\/2023\/12\/1-12.jpg\",\"datePublished\":\"2023-12-04T01:44:52+00:00\",\"dateModified\":\"2023-12-26T03:29:04+00:00\",\"description\":\"Wholesale Super Viviga Cream Cookies \u2013 Elevate your offerings with custom flavors and packaging. Explore now for irresistible deals! Add to inquiry for a tailored quotation.\",\"breadcrumb\":{\"@id\":\"https:\/\/wingoofoods.com\/uk\/\u043f\u0440\u043e\u0434\u0443\u043a\u0442\/\u043f\u0435\u0447\u0438\u0432\u043e-\u0437-\u043a\u0440\u0435\u043c\u043e\u043c-super-viviga\/#breadcrumb\"},\"inLanguage\":\"es\",\"potentialAction\":[{\"@type\":\"ReadAction\",\"target\":[\"https:\/\/wingoofoods.com\/uk\/\u043f\u0440\u043e\u0434\u0443\u043a\u0442\/\u043f\u0435\u0447\u0438\u0432\u043e-\u0437-\u043a\u0440\u0435\u043c\u043e\u043c-super-viviga\/\"]}]},{\"@type\":\"ImageObject\",\"inLanguage\":\"es\",\"@id\":\"https:\/\/wingoofoods.com\/uk\/\u043f\u0440\u043e\u0434\u0443\u043a\u0442\/\u043f\u0435\u0447\u0438\u0432\u043e-\u0437-\u043a\u0440\u0435\u043c\u043e\u043c-super-viviga\/#primaryimage\",\"url\":\"https:\/\/wingoofoods.com\/wp-content\/uploads\/2023\/12\/1-12.jpg\",\"contentUrl\":\"https:\/\/wingoofoods.com\/wp-content\/uploads\/2023\/12\/1-12.jpg\",\"width\":800,\"height\":800,\"caption\":\"Super viviga cream cookies\"},{\"@type\":\"BreadcrumbList\",\"@id\":\"https:\/\/wingoofoods.com\/uk\/\u043f\u0440\u043e\u0434\u0443\u043a\u0442\/\u043f\u0435\u0447\u0438\u0432\u043e-\u0437-\u043a\u0440\u0435\u043c\u043e\u043c-super-viviga\/#breadcrumb\",\"itemListElement\":[{\"@type\":\"ListItem\",\"position\":1,\"name\":\"Home\",\"item\":\"https:\/\/wingoofoods.com\/ar\/\"},{\"@type\":\"ListItem\",\"position\":2,\"name\":\"products\",\"item\":\"https:\/\/wingoofoods.com\/ar\/\u0645\u062a\u062c\u0631\/\"},{\"@type\":\"ListItem\",\"position\":3,\"name\":\"Super viviga cream cookies\"}]},{\"@type\":\"WebSite\",\"@id\":\"https:\/\/wingoofoods.com\/es_pe\/#website\",\"url\":\"https:\/\/wingoofoods.com\/es_pe\/\",\"name\":\"Wingoo biscuit Manufacturers\",\"description\":\"Biscuit Manufacturers, Suppliers, Exporters from china shantou largest food factory\",\"publisher\":{\"@id\":\"https:\/\/wingoofoods.com\/es_pe\/#organization\"},\"alternateName\":\"Guangdong Wingoo foods - Official website\",\"potentialAction\":[{\"@type\":\"SearchAction\",\"target\":{\"@type\":\"EntryPoint\",\"urlTemplate\":\"https:\/\/wingoofoods.com\/es_pe\/?s={search_term_string}\"},\"query-input\":{\"@type\":\"PropertyValueSpecification\",\"valueRequired\":true,\"valueName\":\"search_term_string\"}}],\"inLanguage\":\"es\"},{\"@type\":\"Organization\",\"@id\":\"https:\/\/wingoofoods.com\/es_pe\/#organization\",\"name\":\"Wingoo biscuit Manufacturers\",\"url\":\"https:\/\/wingoofoods.com\/es_pe\/\",\"logo\":{\"@type\":\"ImageObject\",\"inLanguage\":\"es\",\"@id\":\"https:\/\/wingoofoods.com\/es_pe\/#\/schema\/logo\/image\/\",\"url\":\"http:\/\/wingoofoods.com\/wp-content\/uploads\/2023\/10\/LOGO.png\",\"contentUrl\":\"http:\/\/wingoofoods.com\/wp-content\/uploads\/2023\/10\/LOGO.png\",\"width\":280,\"height\":72,\"caption\":\"Wingoo biscuit Manufacturers\"},\"image\":{\"@id\":\"https:\/\/wingoofoods.com\/es_pe\/#\/schema\/logo\/image\/\"}}]}<\/script>\n<!-- \/ Yoast SEO plugin. -->","yoast_head_json":{"title":"Super viviga cream cookies | Guangdong Wingoo Official Website","description":"Wholesale Super Viviga Cream Cookies \u2013 Elevate your offerings with custom flavors and packaging. Explore now for irresistible deals! Add to inquiry for a tailored quotation.","robots":{"index":"index","follow":"follow","max-snippet":"max-snippet:-1","max-image-preview":"max-image-preview:large","max-video-preview":"max-video-preview:-1"},"canonical":"https:\/\/wingoofoods.com\/es\/producto\/galletas-de-nata-super-viviga\/","og_locale":"es_ES","og_type":"article","og_title":"Super viviga cream cookies | Guangdong Wingoo Official Website","og_description":"Wholesale Super Viviga Cream Cookies \u2013 Elevate your offerings with custom flavors and packaging. Explore now for irresistible deals! Add to inquiry for a tailored quotation.","og_url":"https:\/\/wingoofoods.com\/es\/producto\/galletas-de-nata-super-viviga\/","og_site_name":"Wingoo biscuit Manufacturers","article_modified_time":"2023-12-26T03:29:04+00:00","og_image":[{"width":800,"height":800,"url":"https:\/\/wingoofoods.com\/wp-content\/uploads\/2023\/12\/1-12.jpg","type":"image\/jpeg"}],"twitter_card":"summary_large_image","twitter_misc":{"Tiempo estimado de lectura":"2 minutos"},"schema":{"@context":"https:\/\/schema.org","@graph":[{"@type":"WebPage","@id":"https:\/\/wingoofoods.com\/uk\/\u043f\u0440\u043e\u0434\u0443\u043a\u0442\/\u043f\u0435\u0447\u0438\u0432\u043e-\u0437-\u043a\u0440\u0435\u043c\u043e\u043c-super-viviga\/","url":"https:\/\/wingoofoods.com\/uk\/\u043f\u0440\u043e\u0434\u0443\u043a\u0442\/\u043f\u0435\u0447\u0438\u0432\u043e-\u0437-\u043a\u0440\u0435\u043c\u043e\u043c-super-viviga\/","name":"Super viviga cream cookies | Guangdong Wingoo Official Website","isPartOf":{"@id":"https:\/\/wingoofoods.com\/es_pe\/#website"},"primaryImageOfPage":{"@id":"https:\/\/wingoofoods.com\/uk\/\u043f\u0440\u043e\u0434\u0443\u043a\u0442\/\u043f\u0435\u0447\u0438\u0432\u043e-\u0437-\u043a\u0440\u0435\u043c\u043e\u043c-super-viviga\/#primaryimage"},"image":{"@id":"https:\/\/wingoofoods.com\/uk\/\u043f\u0440\u043e\u0434\u0443\u043a\u0442\/\u043f\u0435\u0447\u0438\u0432\u043e-\u0437-\u043a\u0440\u0435\u043c\u043e\u043c-super-viviga\/#primaryimage"},"thumbnailUrl":"https:\/\/wingoofoods.com\/wp-content\/uploads\/2023\/12\/1-12.jpg","datePublished":"2023-12-04T01:44:52+00:00","dateModified":"2023-12-26T03:29:04+00:00","description":"Wholesale Super Viviga Cream Cookies \u2013 Elevate your offerings with custom flavors and packaging. Explore now for irresistible deals! Add to inquiry for a tailored quotation.","breadcrumb":{"@id":"https:\/\/wingoofoods.com\/uk\/\u043f\u0440\u043e\u0434\u0443\u043a\u0442\/\u043f\u0435\u0447\u0438\u0432\u043e-\u0437-\u043a\u0440\u0435\u043c\u043e\u043c-super-viviga\/#breadcrumb"},"inLanguage":"es","potentialAction":[{"@type":"ReadAction","target":["https:\/\/wingoofoods.com\/uk\/\u043f\u0440\u043e\u0434\u0443\u043a\u0442\/\u043f\u0435\u0447\u0438\u0432\u043e-\u0437-\u043a\u0440\u0435\u043c\u043e\u043c-super-viviga\/"]}]},{"@type":"ImageObject","inLanguage":"es","@id":"https:\/\/wingoofoods.com\/uk\/\u043f\u0440\u043e\u0434\u0443\u043a\u0442\/\u043f\u0435\u0447\u0438\u0432\u043e-\u0437-\u043a\u0440\u0435\u043c\u043e\u043c-super-viviga\/#primaryimage","url":"https:\/\/wingoofoods.com\/wp-content\/uploads\/2023\/12\/1-12.jpg","contentUrl":"https:\/\/wingoofoods.com\/wp-content\/uploads\/2023\/12\/1-12.jpg","width":800,"height":800,"caption":"Super viviga cream cookies"},{"@type":"BreadcrumbList","@id":"https:\/\/wingoofoods.com\/uk\/\u043f\u0440\u043e\u0434\u0443\u043a\u0442\/\u043f\u0435\u0447\u0438\u0432\u043e-\u0437-\u043a\u0440\u0435\u043c\u043e\u043c-super-viviga\/#breadcrumb","itemListElement":[{"@type":"ListItem","position":1,"name":"Home","item":"https:\/\/wingoofoods.com\/ar\/"},{"@type":"ListItem","position":2,"name":"products","item":"https:\/\/wingoofoods.com\/ar\/\u0645\u062a\u062c\u0631\/"},{"@type":"ListItem","position":3,"name":"Super viviga cream cookies"}]},{"@type":"WebSite","@id":"https:\/\/wingoofoods.com\/es_pe\/#website","url":"https:\/\/wingoofoods.com\/es_pe\/","name":"Wingoo biscuit Manufacturers","description":"Biscuit Manufacturers, Suppliers, Exporters from china shantou largest food factory","publisher":{"@id":"https:\/\/wingoofoods.com\/es_pe\/#organization"},"alternateName":"Guangdong Wingoo foods - Official website","potentialAction":[{"@type":"SearchAction","target":{"@type":"EntryPoint","urlTemplate":"https:\/\/wingoofoods.com\/es_pe\/?s={search_term_string}"},"query-input":{"@type":"PropertyValueSpecification","valueRequired":true,"valueName":"search_term_string"}}],"inLanguage":"es"},{"@type":"Organization","@id":"https:\/\/wingoofoods.com\/es_pe\/#organization","name":"Wingoo biscuit Manufacturers","url":"https:\/\/wingoofoods.com\/es_pe\/","logo":{"@type":"ImageObject","inLanguage":"es","@id":"https:\/\/wingoofoods.com\/es_pe\/#\/schema\/logo\/image\/","url":"http:\/\/wingoofoods.com\/wp-content\/uploads\/2023\/10\/LOGO.png","contentUrl":"http:\/\/wingoofoods.com\/wp-content\/uploads\/2023\/10\/LOGO.png","width":280,"height":72,"caption":"Wingoo biscuit Manufacturers"},"image":{"@id":"https:\/\/wingoofoods.com\/es_pe\/#\/schema\/logo\/image\/"}}]}},"_links":{"self":[{"href":"https:\/\/wingoofoods.com\/es\/wp-json\/wp\/v2\/product\/4135","targetHints":{"allow":["GET"]}}],"collection":[{"href":"https:\/\/wingoofoods.com\/es\/wp-json\/wp\/v2\/product"}],"about":[{"href":"https:\/\/wingoofoods.com\/es\/wp-json\/wp\/v2\/types\/product"}],"replies":[{"embeddable":true,"href":"https:\/\/wingoofoods.com\/es\/wp-json\/wp\/v2\/comments?post=4135"}],"version-history":[{"count":0,"href":"https:\/\/wingoofoods.com\/es\/wp-json\/wp\/v2\/product\/4135\/revisions"}],"wp:featuredmedia":[{"embeddable":true,"href":"https:\/\/wingoofoods.com\/es\/wp-json\/wp\/v2\/media\/4136"}],"wp:attachment":[{"href":"https:\/\/wingoofoods.com\/es\/wp-json\/wp\/v2\/media?parent=4135"}],"wp:term":[{"taxonomy":"product_brand","embeddable":true,"href":"https:\/\/wingoofoods.com\/es\/wp-json\/wp\/v2\/product_brand?post=4135"},{"taxonomy":"product_cat","embeddable":true,"href":"https:\/\/wingoofoods.com\/es\/wp-json\/wp\/v2\/product_cat?post=4135"},{"taxonomy":"product_tag","embeddable":true,"href":"https:\/\/wingoofoods.com\/es\/wp-json\/wp\/v2\/product_tag?post=4135"}],"curies":[{"name":"wp","href":"https:\/\/api.w.org\/{rel}","templated":true}]}}