{"id":4140,"date":"2023-12-04T01:47:51","date_gmt":"2023-12-04T01:47:51","guid":{"rendered":"http:\/\/wingoofoods.com\/?post_type=product&#038;p=4140"},"modified":"2023-12-26T03:24:02","modified_gmt":"2023-12-26T03:24:02","slug":"special-fresh-condensed-milk-cheese-biscuits","status":"publish","type":"product","link":"https:\/\/wingoofoods.com\/es\/producto\/galletas-especiales-de-queso-con-leche-condensada-fresca\/","title":{"rendered":"Galletas especiales de queso con leche condensada fresca"},"content":{"rendered":"<p><img fetchpriority=\"high\" decoding=\"async\" class=\"aligncenter wp-image-2439 size-full\" src=\"http:\/\/wingoofoods.com\/wp-content\/uploads\/2013\/06\/1.webp\" alt=\"\" width=\"800\" height=\"569\" srcset=\"https:\/\/wingoofoods.com\/wp-content\/uploads\/2013\/06\/1.webp 800w, https:\/\/wingoofoods.com\/wp-content\/uploads\/2013\/06\/1-300x213.webp 300w, https:\/\/wingoofoods.com\/wp-content\/uploads\/2013\/06\/1-768x546.webp 768w, https:\/\/wingoofoods.com\/wp-content\/uploads\/2013\/06\/1-600x427.webp 600w\" sizes=\"(max-width: 800px) 100vw, 800px\" \/><\/p>\n<p><img decoding=\"async\" class=\"alignnone wp-image-4144 size-full\" src=\"http:\/\/wingoofoods.com\/wp-content\/uploads\/2023\/12\/\u4e3b\u56fe04-2.jpg\" alt=\"Galletas especiales de queso con leche condensada fresca\" width=\"800\" height=\"800\" srcset=\"https:\/\/wingoofoods.com\/wp-content\/uploads\/2023\/12\/\u4e3b\u56fe04-2.jpg 800w, https:\/\/wingoofoods.com\/wp-content\/uploads\/2023\/12\/\u4e3b\u56fe04-2-300x300.jpg 300w, https:\/\/wingoofoods.com\/wp-content\/uploads\/2023\/12\/\u4e3b\u56fe04-2-150x150.jpg 150w, https:\/\/wingoofoods.com\/wp-content\/uploads\/2023\/12\/\u4e3b\u56fe04-2-768x768.jpg 768w, https:\/\/wingoofoods.com\/wp-content\/uploads\/2023\/12\/\u4e3b\u56fe04-2-600x600.jpg 600w, https:\/\/wingoofoods.com\/wp-content\/uploads\/2023\/12\/\u4e3b\u56fe04-2-100x100.jpg 100w\" sizes=\"(max-width: 800px) 100vw, 800px\" \/> <img decoding=\"async\" class=\"alignnone wp-image-4143 size-full\" src=\"http:\/\/wingoofoods.com\/wp-content\/uploads\/2023\/12\/46-2.jpg\" alt=\"Galletas especiales de queso con leche condensada fresca\" width=\"800\" height=\"800\" srcset=\"https:\/\/wingoofoods.com\/wp-content\/uploads\/2023\/12\/46-2.jpg 800w, https:\/\/wingoofoods.com\/wp-content\/uploads\/2023\/12\/46-2-300x300.jpg 300w, https:\/\/wingoofoods.com\/wp-content\/uploads\/2023\/12\/46-2-150x150.jpg 150w, https:\/\/wingoofoods.com\/wp-content\/uploads\/2023\/12\/46-2-768x768.jpg 768w, https:\/\/wingoofoods.com\/wp-content\/uploads\/2023\/12\/46-2-600x600.jpg 600w, https:\/\/wingoofoods.com\/wp-content\/uploads\/2023\/12\/46-2-100x100.jpg 100w\" sizes=\"(max-width: 800px) 100vw, 800px\" \/><\/p>\n<p>&nbsp;<\/p>\n<div class=\"bottom-description-content\">\n<div>\n<p>Sobre las Galletas de Queso Especial Leche Condensada Fresca: Emb\u00e1rquese en un viaje sensorial con nuestras Galletas Especiales de Queso con Leche Condensada Fresca. Experimente la fusi\u00f3n perfecta entre una fragancia tentadora, un delicioso crujiente y una suavidad que se derrite en la boca.<\/p>\n<p>Disfrute de una gran variedad de sabores y aromas explorando la rica oferta de productos de nuestro sitio web. Desde galletas chinas a galletas vegetales, galletas con mermelada o galletas crujientes, nuestra variada selecci\u00f3n satisface todos los antojos. Elija entre multitud de sabores, como queso, original, salado, chocolate, vegetal, afrutado, caf\u00e9, nata, dulce, huevo, leche y mucho m\u00e1s.<\/p>\n<p>Sum\u00e9rjase en el mundo de la innovaci\u00f3n de envases adaptados a su mercado y p\u00fablico. Ya sean bolsas, cajas, graneles, cartones, latas, envases de regalo u otras opciones \u00fanicas, nuestros dise\u00f1os se alinean con su p\u00fablico objetivo, garantizando el atractivo est\u00e9tico y la frescura.<\/p>\n<p>Nuestros excepcionales productos se complementan con un conjunto de servicios adaptados a sus necesidades. Desde cantidades al por mayor hasta personalizaci\u00f3n de la marca en sabores y envases, ofrecemos una soluci\u00f3n integral. Eleve su negocio con nuestros productos de primera calidad y servicios personalizados.<\/p>\n<p>En conclusi\u00f3n, nuestras Galletas Especiales de Queso con Leche Condensada Fresca son una delicia gastron\u00f3mica. Explore nuestra variada gama, experimente envases innovadores y aproveche nuestros servicios centrados en el cliente. A\u00f1\u00e1dase a la lista de consultas y espere a que le hagamos un presupuesto juntos: la puerta a la excelencia culinaria.<\/p>\n<div class=\"flex-1 overflow-hidden\">\n<div class=\"react-scroll-to-bottom--css-rvymb-79elbk h-full\">\n<div class=\"react-scroll-to-bottom--css-rvymb-1n7m0yu\">\n<div class=\"flex flex-col pb-9 text-sm\">\n<div class=\"w-full text-token-text-primary\" data-testid=\"conversation-turn-23\">\n<div class=\"px-4 py-2 justify-center text-base md:gap-6 m-auto\">\n<div class=\"flex flex-1 text-base mx-auto gap-3 md:px-5 lg:px-1 xl:px-5 md:max-w-3xl lg:max-w-[40rem] xl:max-w-[48rem] group final-completion\">\n<div class=\"relative flex w-full flex-col lg:w-[calc(100%-115px)] agent-turn\">\n<div class=\"flex-col gap-1 md:gap-3\">\n<div class=\"flex flex-grow flex-col max-w-full\">\n<div class=\"min-h-[20px] text-message flex flex-col items-start gap-3 whitespace-pre-wrap break-words [.text-message+&amp;]:mt-5 overflow-x-auto\" data-message-author-role=\"assistant\" data-message-id=\"055948d9-8445-40f9-8623-988918ae7450\">\n<div class=\"markdown prose w-full break-words dark:prose-invert light\">\n<p>Ampliando nuestra oferta, tambi\u00e9n ofrecemos servicios de fabricaci\u00f3n y venta al por mayor de caramelos. Nuestras variedades de caramelos incluyen caramelos l\u00edquidos, caramelos de juguete, caramelos de goma, chicles, piruletas, malvaviscos y mucho m\u00e1s. Explore nuestros productos de caramelo en <a href=\"https:\/\/oemcandy.com\/\" target=\"_new\" rel=\"noopener\">https:\/\/oemcandy.com<\/a>y mejore su negocio de confiter\u00eda con nuestra calidad y diversidad.<\/p>\n<\/div>\n<\/div>\n<\/div>\n<\/div>\n<\/div>\n<\/div>\n<\/div>\n<\/div>\n<\/div>\n<\/div>\n<\/div>\n<\/div>\n<\/div>\n<\/div>","protected":false},"excerpt":{"rendered":"<p>Presentamos nuestras Galletas Especiales de Queso con Leche Condensada Fresca: una sinfon\u00eda de sabor y textura. Sumerja sus sentidos en la mezcla perfecta de leche, textura crujiente y delicioso dulzor. Creadas para los paladares m\u00e1s exigentes del sudeste asi\u00e1tico, nuestras galletas redefinen el placer. Ideales para comerciantes, agentes, mayoristas, distribuidores, propietarios de marcas y minoristas, estas delicias prometen una experiencia irresistible. Envasadas con esmero, las galletas garantizan frescura y calidad. Mejore su oferta con nuestra combinaci\u00f3n \u00fanica de sabores y texturas. Ap\u00fantese a la lista de consultas y espere a que nos pongamos de acuerdo: la puerta de entrada a un delicioso viaje por el mundo de las galletas.<\/p>","protected":false},"featured_media":4142,"comment_status":"open","ping_status":"closed","template":"","meta":{"om_disable_all_campaigns":false},"product_brand":[],"product_cat":[108,112],"product_tag":[252,260,335],"class_list":{"0":"post-4140","1":"product","2":"type-product","3":"status-publish","4":"has-post-thumbnail","6":"product_cat-crispy-biscuits","7":"product_cat-milk-biscuits","8":"product_tag-crispy-cookies","9":"product_tag-milk-biscuit","10":"product_tag-milk-cookies","11":"pa_brand-superviviga","12":"pa_flavor-cream","13":"pa_flavor-original","14":"pa_flavor-spices-herbs","15":"pa_packing-bag","16":"pa_taste-original","17":"pa_texture-crispy","19":"first","20":"instock","21":"downloadable","22":"taxable","23":"shipping-taxable","24":"product-type-simple"},"yoast_head":"<!-- This site is optimized with the Yoast SEO plugin v24.4 - https:\/\/yoast.com\/wordpress\/plugins\/seo\/ -->\n<title>Special fresh condensed milk cheese biscuits | Wingoo foods<\/title>\n<meta name=\"description\" content=\"Wholesale the indulgence of Special Fresh Condensed Milk Cheese Biscuits. Customize your order now for a delectable experience. Inquire for exclusive pricing!\" \/>\n<meta name=\"robots\" content=\"index, follow, max-snippet:-1, max-image-preview:large, max-video-preview:-1\" \/>\n<link rel=\"canonical\" href=\"https:\/\/wingoofoods.com\/es\/product\/special-fresh-condensed-milk-cheese-biscuits\/\" \/>\n<meta property=\"og:locale\" content=\"es_ES\" \/>\n<meta property=\"og:type\" content=\"article\" \/>\n<meta property=\"og:title\" content=\"Special fresh condensed milk cheese biscuits | Wingoo foods\" \/>\n<meta property=\"og:description\" content=\"Wholesale the indulgence of Special Fresh Condensed Milk Cheese Biscuits. Customize your order now for a delectable experience. Inquire for exclusive pricing!\" \/>\n<meta property=\"og:url\" content=\"https:\/\/wingoofoods.com\/es\/product\/special-fresh-condensed-milk-cheese-biscuits\/\" \/>\n<meta property=\"og:site_name\" content=\"Wingoo biscuit Manufacturers\" \/>\n<meta property=\"article:modified_time\" content=\"2023-12-26T03:24:02+00:00\" \/>\n<meta property=\"og:image\" content=\"https:\/\/wingoofoods.com\/wp-content\/uploads\/2023\/12\/2-9.jpg\" \/>\n\t<meta property=\"og:image:width\" content=\"800\" \/>\n\t<meta property=\"og:image:height\" content=\"800\" \/>\n\t<meta property=\"og:image:type\" content=\"image\/jpeg\" \/>\n<meta name=\"twitter:card\" content=\"summary_large_image\" \/>\n<meta name=\"twitter:label1\" content=\"Tiempo estimado de lectura\" \/>\n\t<meta name=\"twitter:data1\" content=\"2 minutos\" \/>\n<script type=\"application\/ld+json\" class=\"yoast-schema-graph\">{\"@context\":\"https:\/\/schema.org\",\"@graph\":[{\"@type\":\"WebPage\",\"@id\":\"https:\/\/wingoofoods.com\/ms\/product\/special-fresh-condensed-milk-cheese-biscuits\/\",\"url\":\"https:\/\/wingoofoods.com\/ms\/product\/special-fresh-condensed-milk-cheese-biscuits\/\",\"name\":\"Special fresh condensed milk cheese biscuits | Wingoo foods\",\"isPartOf\":{\"@id\":\"https:\/\/wingoofoods.com\/es_pe\/#website\"},\"primaryImageOfPage\":{\"@id\":\"https:\/\/wingoofoods.com\/ms\/product\/special-fresh-condensed-milk-cheese-biscuits\/#primaryimage\"},\"image\":{\"@id\":\"https:\/\/wingoofoods.com\/ms\/product\/special-fresh-condensed-milk-cheese-biscuits\/#primaryimage\"},\"thumbnailUrl\":\"https:\/\/wingoofoods.com\/wp-content\/uploads\/2023\/12\/2-9.jpg\",\"datePublished\":\"2023-12-04T01:47:51+00:00\",\"dateModified\":\"2023-12-26T03:24:02+00:00\",\"description\":\"Wholesale the indulgence of Special Fresh Condensed Milk Cheese Biscuits. Customize your order now for a delectable experience. Inquire for exclusive pricing!\",\"breadcrumb\":{\"@id\":\"https:\/\/wingoofoods.com\/ms\/product\/special-fresh-condensed-milk-cheese-biscuits\/#breadcrumb\"},\"inLanguage\":\"es\",\"potentialAction\":[{\"@type\":\"ReadAction\",\"target\":[\"https:\/\/wingoofoods.com\/ms\/product\/special-fresh-condensed-milk-cheese-biscuits\/\"]}]},{\"@type\":\"ImageObject\",\"inLanguage\":\"es\",\"@id\":\"https:\/\/wingoofoods.com\/ms\/product\/special-fresh-condensed-milk-cheese-biscuits\/#primaryimage\",\"url\":\"https:\/\/wingoofoods.com\/wp-content\/uploads\/2023\/12\/2-9.jpg\",\"contentUrl\":\"https:\/\/wingoofoods.com\/wp-content\/uploads\/2023\/12\/2-9.jpg\",\"width\":800,\"height\":800,\"caption\":\"Special fresh condensed milk cheese biscuits\"},{\"@type\":\"BreadcrumbList\",\"@id\":\"https:\/\/wingoofoods.com\/ms\/product\/special-fresh-condensed-milk-cheese-biscuits\/#breadcrumb\",\"itemListElement\":[{\"@type\":\"ListItem\",\"position\":1,\"name\":\"Home\",\"item\":\"https:\/\/wingoofoods.com\/ar\/\"},{\"@type\":\"ListItem\",\"position\":2,\"name\":\"products\",\"item\":\"https:\/\/wingoofoods.com\/ar\/\u0645\u062a\u062c\u0631\/\"},{\"@type\":\"ListItem\",\"position\":3,\"name\":\"Special fresh condensed milk cheese biscuits\"}]},{\"@type\":\"WebSite\",\"@id\":\"https:\/\/wingoofoods.com\/es_pe\/#website\",\"url\":\"https:\/\/wingoofoods.com\/es_pe\/\",\"name\":\"Wingoo biscuit Manufacturers\",\"description\":\"Biscuit Manufacturers, Suppliers, Exporters from china shantou largest food factory\",\"publisher\":{\"@id\":\"https:\/\/wingoofoods.com\/es_pe\/#organization\"},\"alternateName\":\"Guangdong Wingoo foods - Official website\",\"potentialAction\":[{\"@type\":\"SearchAction\",\"target\":{\"@type\":\"EntryPoint\",\"urlTemplate\":\"https:\/\/wingoofoods.com\/es_pe\/?s={search_term_string}\"},\"query-input\":{\"@type\":\"PropertyValueSpecification\",\"valueRequired\":true,\"valueName\":\"search_term_string\"}}],\"inLanguage\":\"es\"},{\"@type\":\"Organization\",\"@id\":\"https:\/\/wingoofoods.com\/es_pe\/#organization\",\"name\":\"Wingoo biscuit Manufacturers\",\"url\":\"https:\/\/wingoofoods.com\/es_pe\/\",\"logo\":{\"@type\":\"ImageObject\",\"inLanguage\":\"es\",\"@id\":\"https:\/\/wingoofoods.com\/es_pe\/#\/schema\/logo\/image\/\",\"url\":\"http:\/\/wingoofoods.com\/wp-content\/uploads\/2023\/10\/LOGO.png\",\"contentUrl\":\"http:\/\/wingoofoods.com\/wp-content\/uploads\/2023\/10\/LOGO.png\",\"width\":280,\"height\":72,\"caption\":\"Wingoo biscuit Manufacturers\"},\"image\":{\"@id\":\"https:\/\/wingoofoods.com\/es_pe\/#\/schema\/logo\/image\/\"}}]}<\/script>\n<!-- \/ Yoast SEO plugin. -->","yoast_head_json":{"title":"Special fresh condensed milk cheese biscuits | Wingoo foods","description":"Wholesale the indulgence of Special Fresh Condensed Milk Cheese Biscuits. Customize your order now for a delectable experience. Inquire for exclusive pricing!","robots":{"index":"index","follow":"follow","max-snippet":"max-snippet:-1","max-image-preview":"max-image-preview:large","max-video-preview":"max-video-preview:-1"},"canonical":"https:\/\/wingoofoods.com\/es\/product\/special-fresh-condensed-milk-cheese-biscuits\/","og_locale":"es_ES","og_type":"article","og_title":"Special fresh condensed milk cheese biscuits | Wingoo foods","og_description":"Wholesale the indulgence of Special Fresh Condensed Milk Cheese Biscuits. Customize your order now for a delectable experience. Inquire for exclusive pricing!","og_url":"https:\/\/wingoofoods.com\/es\/product\/special-fresh-condensed-milk-cheese-biscuits\/","og_site_name":"Wingoo biscuit Manufacturers","article_modified_time":"2023-12-26T03:24:02+00:00","og_image":[{"width":800,"height":800,"url":"https:\/\/wingoofoods.com\/wp-content\/uploads\/2023\/12\/2-9.jpg","type":"image\/jpeg"}],"twitter_card":"summary_large_image","twitter_misc":{"Tiempo estimado de lectura":"2 minutos"},"schema":{"@context":"https:\/\/schema.org","@graph":[{"@type":"WebPage","@id":"https:\/\/wingoofoods.com\/ms\/product\/special-fresh-condensed-milk-cheese-biscuits\/","url":"https:\/\/wingoofoods.com\/ms\/product\/special-fresh-condensed-milk-cheese-biscuits\/","name":"Special fresh condensed milk cheese biscuits | Wingoo foods","isPartOf":{"@id":"https:\/\/wingoofoods.com\/es_pe\/#website"},"primaryImageOfPage":{"@id":"https:\/\/wingoofoods.com\/ms\/product\/special-fresh-condensed-milk-cheese-biscuits\/#primaryimage"},"image":{"@id":"https:\/\/wingoofoods.com\/ms\/product\/special-fresh-condensed-milk-cheese-biscuits\/#primaryimage"},"thumbnailUrl":"https:\/\/wingoofoods.com\/wp-content\/uploads\/2023\/12\/2-9.jpg","datePublished":"2023-12-04T01:47:51+00:00","dateModified":"2023-12-26T03:24:02+00:00","description":"Wholesale the indulgence of Special Fresh Condensed Milk Cheese Biscuits. Customize your order now for a delectable experience. Inquire for exclusive pricing!","breadcrumb":{"@id":"https:\/\/wingoofoods.com\/ms\/product\/special-fresh-condensed-milk-cheese-biscuits\/#breadcrumb"},"inLanguage":"es","potentialAction":[{"@type":"ReadAction","target":["https:\/\/wingoofoods.com\/ms\/product\/special-fresh-condensed-milk-cheese-biscuits\/"]}]},{"@type":"ImageObject","inLanguage":"es","@id":"https:\/\/wingoofoods.com\/ms\/product\/special-fresh-condensed-milk-cheese-biscuits\/#primaryimage","url":"https:\/\/wingoofoods.com\/wp-content\/uploads\/2023\/12\/2-9.jpg","contentUrl":"https:\/\/wingoofoods.com\/wp-content\/uploads\/2023\/12\/2-9.jpg","width":800,"height":800,"caption":"Special fresh condensed milk cheese biscuits"},{"@type":"BreadcrumbList","@id":"https:\/\/wingoofoods.com\/ms\/product\/special-fresh-condensed-milk-cheese-biscuits\/#breadcrumb","itemListElement":[{"@type":"ListItem","position":1,"name":"Home","item":"https:\/\/wingoofoods.com\/ar\/"},{"@type":"ListItem","position":2,"name":"products","item":"https:\/\/wingoofoods.com\/ar\/\u0645\u062a\u062c\u0631\/"},{"@type":"ListItem","position":3,"name":"Special fresh condensed milk cheese biscuits"}]},{"@type":"WebSite","@id":"https:\/\/wingoofoods.com\/es_pe\/#website","url":"https:\/\/wingoofoods.com\/es_pe\/","name":"Wingoo biscuit Manufacturers","description":"Biscuit Manufacturers, Suppliers, Exporters from china shantou largest food factory","publisher":{"@id":"https:\/\/wingoofoods.com\/es_pe\/#organization"},"alternateName":"Guangdong Wingoo foods - Official website","potentialAction":[{"@type":"SearchAction","target":{"@type":"EntryPoint","urlTemplate":"https:\/\/wingoofoods.com\/es_pe\/?s={search_term_string}"},"query-input":{"@type":"PropertyValueSpecification","valueRequired":true,"valueName":"search_term_string"}}],"inLanguage":"es"},{"@type":"Organization","@id":"https:\/\/wingoofoods.com\/es_pe\/#organization","name":"Wingoo biscuit Manufacturers","url":"https:\/\/wingoofoods.com\/es_pe\/","logo":{"@type":"ImageObject","inLanguage":"es","@id":"https:\/\/wingoofoods.com\/es_pe\/#\/schema\/logo\/image\/","url":"http:\/\/wingoofoods.com\/wp-content\/uploads\/2023\/10\/LOGO.png","contentUrl":"http:\/\/wingoofoods.com\/wp-content\/uploads\/2023\/10\/LOGO.png","width":280,"height":72,"caption":"Wingoo biscuit Manufacturers"},"image":{"@id":"https:\/\/wingoofoods.com\/es_pe\/#\/schema\/logo\/image\/"}}]}},"_links":{"self":[{"href":"https:\/\/wingoofoods.com\/es\/wp-json\/wp\/v2\/product\/4140","targetHints":{"allow":["GET"]}}],"collection":[{"href":"https:\/\/wingoofoods.com\/es\/wp-json\/wp\/v2\/product"}],"about":[{"href":"https:\/\/wingoofoods.com\/es\/wp-json\/wp\/v2\/types\/product"}],"replies":[{"embeddable":true,"href":"https:\/\/wingoofoods.com\/es\/wp-json\/wp\/v2\/comments?post=4140"}],"version-history":[{"count":0,"href":"https:\/\/wingoofoods.com\/es\/wp-json\/wp\/v2\/product\/4140\/revisions"}],"wp:featuredmedia":[{"embeddable":true,"href":"https:\/\/wingoofoods.com\/es\/wp-json\/wp\/v2\/media\/4142"}],"wp:attachment":[{"href":"https:\/\/wingoofoods.com\/es\/wp-json\/wp\/v2\/media?parent=4140"}],"wp:term":[{"taxonomy":"product_brand","embeddable":true,"href":"https:\/\/wingoofoods.com\/es\/wp-json\/wp\/v2\/product_brand?post=4140"},{"taxonomy":"product_cat","embeddable":true,"href":"https:\/\/wingoofoods.com\/es\/wp-json\/wp\/v2\/product_cat?post=4140"},{"taxonomy":"product_tag","embeddable":true,"href":"https:\/\/wingoofoods.com\/es\/wp-json\/wp\/v2\/product_tag?post=4140"}],"curies":[{"name":"wp","href":"https:\/\/api.w.org\/{rel}","templated":true}]}}