{"id":4146,"date":"2023-12-04T02:08:24","date_gmt":"2023-12-04T02:08:24","guid":{"rendered":"http:\/\/wingoofoods.com\/?post_type=product&#038;p=4146"},"modified":"2023-12-26T03:15:53","modified_gmt":"2023-12-26T03:15:53","slug":"extra-rich-milk-cheese-biscuits","status":"publish","type":"product","link":"https:\/\/wingoofoods.com\/es\/producto\/galletas-de-queso-de-leche-extra-ricas\/","title":{"rendered":"Galletas de queso con leche extra ricas"},"content":{"rendered":"<p><img fetchpriority=\"high\" decoding=\"async\" class=\"aligncenter wp-image-2439 size-full\" src=\"http:\/\/wingoofoods.com\/wp-content\/uploads\/2013\/06\/1.webp\" alt=\"\" width=\"800\" height=\"569\" srcset=\"https:\/\/wingoofoods.com\/wp-content\/uploads\/2013\/06\/1.webp 800w, https:\/\/wingoofoods.com\/wp-content\/uploads\/2013\/06\/1-300x213.webp 300w, https:\/\/wingoofoods.com\/wp-content\/uploads\/2013\/06\/1-768x546.webp 768w, https:\/\/wingoofoods.com\/wp-content\/uploads\/2013\/06\/1-600x427.webp 600w\" sizes=\"(max-width: 800px) 100vw, 800px\" \/><\/p>\n<p><img decoding=\"async\" class=\"alignnone wp-image-4144 size-full\" src=\"http:\/\/wingoofoods.com\/wp-content\/uploads\/2023\/12\/\u4e3b\u56fe04-2.jpg\" alt=\"Galletas especiales de queso con leche condensada fresca\" width=\"800\" height=\"800\" srcset=\"https:\/\/wingoofoods.com\/wp-content\/uploads\/2023\/12\/\u4e3b\u56fe04-2.jpg 800w, https:\/\/wingoofoods.com\/wp-content\/uploads\/2023\/12\/\u4e3b\u56fe04-2-300x300.jpg 300w, https:\/\/wingoofoods.com\/wp-content\/uploads\/2023\/12\/\u4e3b\u56fe04-2-150x150.jpg 150w, https:\/\/wingoofoods.com\/wp-content\/uploads\/2023\/12\/\u4e3b\u56fe04-2-768x768.jpg 768w, https:\/\/wingoofoods.com\/wp-content\/uploads\/2023\/12\/\u4e3b\u56fe04-2-600x600.jpg 600w, https:\/\/wingoofoods.com\/wp-content\/uploads\/2023\/12\/\u4e3b\u56fe04-2-100x100.jpg 100w\" sizes=\"(max-width: 800px) 100vw, 800px\" \/> <img decoding=\"async\" class=\"alignnone wp-image-4143 size-full\" src=\"http:\/\/wingoofoods.com\/wp-content\/uploads\/2023\/12\/46-2.jpg\" alt=\"Galletas especiales de queso con leche condensada fresca\" width=\"800\" height=\"800\" srcset=\"https:\/\/wingoofoods.com\/wp-content\/uploads\/2023\/12\/46-2.jpg 800w, https:\/\/wingoofoods.com\/wp-content\/uploads\/2023\/12\/46-2-300x300.jpg 300w, https:\/\/wingoofoods.com\/wp-content\/uploads\/2023\/12\/46-2-150x150.jpg 150w, https:\/\/wingoofoods.com\/wp-content\/uploads\/2023\/12\/46-2-768x768.jpg 768w, https:\/\/wingoofoods.com\/wp-content\/uploads\/2023\/12\/46-2-600x600.jpg 600w, https:\/\/wingoofoods.com\/wp-content\/uploads\/2023\/12\/46-2-100x100.jpg 100w\" sizes=\"(max-width: 800px) 100vw, 800px\" \/><\/p>\n<p>&nbsp;<\/p>\n<div class=\"bottom-description-content\">\n<div>\n<p>Acerca de las galletas de queso de leche extra ricas:<\/p>\n<p>Disfrute de una exquisita experiencia sensorial con nuestras Galletas de Queso con Leche Extra Rica. Estas galletas ofrecen una deliciosa combinaci\u00f3n de texturas: crujientes, hojaldradas y fundentes. Los sabores son una cautivadora mezcla de rica leche y queso, que promete un viaje gustativo sin igual.<\/p>\n<p>Explore nuestra variada gama de productos en nuestro sitio web, donde la variedad no tiene l\u00edmites. Desde galletas chinas a galletas vegetales, galletas con mermelada o galletas crujientes, ofrecemos una deliciosa variedad para todos los paladares. Nuestra amplia selecci\u00f3n incluye galletas de queso, originales, saladas, de chocolate, vegetales, afrutadas, de caf\u00e9, de nata, dulces, de huevo, de leche y muchas m\u00e1s, para que haya algo para todos los gustos.<\/p>\n<p>Nuestro compromiso con la personalizaci\u00f3n se extiende a los envases. Adaptados a los distintos mercados y preferencias de los clientes, ofrecemos una amplia gama de opciones de envasado, como bolsas, cajas, envases a granel, cajas de cart\u00f3n, latas, envases de regalo y mucho m\u00e1s. Cada dise\u00f1o complementa al p\u00fablico objetivo, creando una est\u00e9tica acorde con el producto.<\/p>\n<p>M\u00e1s all\u00e1 de nuestras deliciosas ofertas, nos enorgullecemos de nuestros servicios integrales. Tanto si es usted un mayorista que busca cantidades a granel, como si es el propietario de una marca que desea sabores personalizados o un minorista que busca envases personalizados, tenemos todo lo que necesita. Nuestro compromiso con la excelencia se extiende a todos los aspectos de nuestro servicio, garantizando la satisfacci\u00f3n en cada paso. Eleve su negocio con nuestros productos de primera calidad y servicios personalizados.<\/p>\n<p>En conclusi\u00f3n, nuestras Galletas de Queso con Leche Extra Rica encarnan la perfecci\u00f3n culinaria, complementada por una extensa gama de productos, diversos sabores y servicios personalizados. Explore el mundo del sabor con nosotros y deje que nuestras ofertas redefinan su viaje gastron\u00f3mico. A\u00f1ada riqueza a sus estanter\u00edas y \u00fanase a nosotros para vivir una experiencia sin igual.<\/p>\n<\/div>\n<\/div>","protected":false},"excerpt":{"rendered":"<div class=\"flex-1 overflow-hidden\">\n<div class=\"react-scroll-to-bottom--css-rvymb-79elbk h-full\">\n<div class=\"react-scroll-to-bottom--css-rvymb-1n7m0yu\">\n<div class=\"flex flex-col pb-9 text-sm\">\n<div class=\"w-full text-token-text-primary\" data-testid=\"conversation-turn-3\">\n<div class=\"px-4 py-2 justify-center text-base md:gap-6 m-auto\">\n<div class=\"flex flex-1 text-base mx-auto gap-3 md:px-5 lg:px-1 xl:px-5 md:max-w-3xl lg:max-w-[40rem] xl:max-w-[48rem] group final-completion\">\n<div class=\"relative flex w-full flex-col lg:w-[calc(100%-115px)] agent-turn\">\n<div class=\"flex-col gap-1 md:gap-3\">\n<div class=\"flex flex-grow flex-col max-w-full\">\n<div class=\"min-h-[20px] text-message flex flex-col items-start gap-3 whitespace-pre-wrap break-words [.text-message+&amp;]:mt-5 overflow-x-auto\" data-message-author-role=\"assistant\" data-message-id=\"4222600d-dbb4-4ce1-9485-0bf909a01491\">\n<div class=\"markdown prose w-full break-words dark:prose-invert light\">\n<p>Presentamos nuestras galletas de queso con leche extra ricas, el ep\u00edtome de la indulgencia para los verdaderos conocedores. Elaboradas a la perfecci\u00f3n, estas delicias crujientes redefinen la esencia de las galletas de leche, convirti\u00e9ndolas en un producto imprescindible para los amantes de las galletas de leche. Sumerja sus sentidos en una sinfon\u00eda de sabores al morder el dorado sabor de estas delicias. La rica infusi\u00f3n de leche crea una textura \u00fanica y satisfactoria, que proporciona un delicioso crujido a cada bocado. Envasadas con esmero en un llamativo envase, nuestras galletas garantizan frescura y calidad. Ideales para el mercado del sudeste asi\u00e1tico, nuestro p\u00fablico objetivo incluye vendedores, agentes, mayoristas, distribuidores, propietarios de marcas y minoristas. Eleve su experiencia gustativa y a\u00f1ada estas irresistibles golosinas a la lista de consultas, esperando ansiosamente nuestra competitiva cotizaci\u00f3n. A\u00f1\u00e1dase a la lista de consultas y espere a que le enviemos juntos nuestro presupuesto.<\/p>\n<\/div>\n<\/div>\n<\/div>\n<\/div>\n<\/div>\n<\/div>\n<\/div>\n<\/div>\n<\/div>\n<\/div>\n<\/div>\n<\/div>","protected":false},"featured_media":4141,"comment_status":"open","ping_status":"closed","template":"","meta":{"om_disable_all_campaigns":false},"product_brand":[],"product_cat":[108,112],"product_tag":[252,260,335],"class_list":{"0":"post-4146","1":"product","2":"type-product","3":"status-publish","4":"has-post-thumbnail","6":"product_cat-crispy-biscuits","7":"product_cat-milk-biscuits","8":"product_tag-crispy-cookies","9":"product_tag-milk-biscuit","10":"product_tag-milk-cookies","11":"pa_brand-superviviga","12":"pa_flavor-cream","13":"pa_flavor-original","14":"pa_flavor-spices-herbs","15":"pa_packing-bag","16":"pa_taste-original","17":"pa_texture-crispy","19":"first","20":"instock","21":"downloadable","22":"taxable","23":"shipping-taxable","24":"product-type-simple"},"yoast_head":"<!-- This site is optimized with the Yoast SEO plugin v24.4 - https:\/\/yoast.com\/wordpress\/plugins\/seo\/ -->\n<title>Extra rich milk cheese biscuits | Wingoo biscuit Manufacturers<\/title>\n<meta name=\"description\" content=\"Wholesale Extra Rich Milk Cheese Biscuits! Explore custom options, savor exquisite flavors. Inquire now for a tailored quote.\" \/>\n<meta name=\"robots\" content=\"index, follow, max-snippet:-1, max-image-preview:large, max-video-preview:-1\" \/>\n<link rel=\"canonical\" href=\"https:\/\/wingoofoods.com\/es\/product\/extra-rich-milk-cheese-biscuits\/\" \/>\n<meta property=\"og:locale\" content=\"es_ES\" \/>\n<meta property=\"og:type\" content=\"article\" \/>\n<meta property=\"og:title\" content=\"Extra rich milk cheese biscuits | Wingoo biscuit Manufacturers\" \/>\n<meta property=\"og:description\" content=\"Wholesale Extra Rich Milk Cheese Biscuits! Explore custom options, savor exquisite flavors. Inquire now for a tailored quote.\" \/>\n<meta property=\"og:url\" content=\"https:\/\/wingoofoods.com\/es\/product\/extra-rich-milk-cheese-biscuits\/\" \/>\n<meta property=\"og:site_name\" content=\"Wingoo biscuit Manufacturers\" \/>\n<meta property=\"article:modified_time\" content=\"2023-12-26T03:15:53+00:00\" \/>\n<meta property=\"og:image\" content=\"https:\/\/wingoofoods.com\/wp-content\/uploads\/2023\/12\/1-13.jpg\" \/>\n\t<meta property=\"og:image:width\" content=\"800\" \/>\n\t<meta property=\"og:image:height\" content=\"800\" \/>\n\t<meta property=\"og:image:type\" content=\"image\/jpeg\" \/>\n<meta name=\"twitter:card\" content=\"summary_large_image\" \/>\n<meta name=\"twitter:label1\" content=\"Tiempo estimado de lectura\" \/>\n\t<meta name=\"twitter:data1\" content=\"2 minutos\" \/>\n<script type=\"application\/ld+json\" class=\"yoast-schema-graph\">{\"@context\":\"https:\/\/schema.org\",\"@graph\":[{\"@type\":\"WebPage\",\"@id\":\"https:\/\/wingoofoods.com\/vi\/product\/extra-rich-milk-cheese-biscuits\/\",\"url\":\"https:\/\/wingoofoods.com\/vi\/product\/extra-rich-milk-cheese-biscuits\/\",\"name\":\"Extra rich milk cheese biscuits | Wingoo biscuit Manufacturers\",\"isPartOf\":{\"@id\":\"https:\/\/wingoofoods.com\/es_pe\/#website\"},\"primaryImageOfPage\":{\"@id\":\"https:\/\/wingoofoods.com\/vi\/product\/extra-rich-milk-cheese-biscuits\/#primaryimage\"},\"image\":{\"@id\":\"https:\/\/wingoofoods.com\/vi\/product\/extra-rich-milk-cheese-biscuits\/#primaryimage\"},\"thumbnailUrl\":\"https:\/\/wingoofoods.com\/wp-content\/uploads\/2023\/12\/1-13.jpg\",\"datePublished\":\"2023-12-04T02:08:24+00:00\",\"dateModified\":\"2023-12-26T03:15:53+00:00\",\"description\":\"Wholesale Extra Rich Milk Cheese Biscuits! Explore custom options, savor exquisite flavors. Inquire now for a tailored quote.\",\"breadcrumb\":{\"@id\":\"https:\/\/wingoofoods.com\/vi\/product\/extra-rich-milk-cheese-biscuits\/#breadcrumb\"},\"inLanguage\":\"es\",\"potentialAction\":[{\"@type\":\"ReadAction\",\"target\":[\"https:\/\/wingoofoods.com\/vi\/product\/extra-rich-milk-cheese-biscuits\/\"]}]},{\"@type\":\"ImageObject\",\"inLanguage\":\"es\",\"@id\":\"https:\/\/wingoofoods.com\/vi\/product\/extra-rich-milk-cheese-biscuits\/#primaryimage\",\"url\":\"https:\/\/wingoofoods.com\/wp-content\/uploads\/2023\/12\/1-13.jpg\",\"contentUrl\":\"https:\/\/wingoofoods.com\/wp-content\/uploads\/2023\/12\/1-13.jpg\",\"width\":800,\"height\":800,\"caption\":\"Extra rich milk cheese biscuits\"},{\"@type\":\"BreadcrumbList\",\"@id\":\"https:\/\/wingoofoods.com\/vi\/product\/extra-rich-milk-cheese-biscuits\/#breadcrumb\",\"itemListElement\":[{\"@type\":\"ListItem\",\"position\":1,\"name\":\"Home\",\"item\":\"https:\/\/wingoofoods.com\/ar\/\"},{\"@type\":\"ListItem\",\"position\":2,\"name\":\"products\",\"item\":\"https:\/\/wingoofoods.com\/ar\/\u0645\u062a\u062c\u0631\/\"},{\"@type\":\"ListItem\",\"position\":3,\"name\":\"Extra rich milk cheese biscuits\"}]},{\"@type\":\"WebSite\",\"@id\":\"https:\/\/wingoofoods.com\/es_pe\/#website\",\"url\":\"https:\/\/wingoofoods.com\/es_pe\/\",\"name\":\"Wingoo biscuit Manufacturers\",\"description\":\"Biscuit Manufacturers, Suppliers, Exporters from china shantou largest food factory\",\"publisher\":{\"@id\":\"https:\/\/wingoofoods.com\/es_pe\/#organization\"},\"alternateName\":\"Guangdong Wingoo foods - Official website\",\"potentialAction\":[{\"@type\":\"SearchAction\",\"target\":{\"@type\":\"EntryPoint\",\"urlTemplate\":\"https:\/\/wingoofoods.com\/es_pe\/?s={search_term_string}\"},\"query-input\":{\"@type\":\"PropertyValueSpecification\",\"valueRequired\":true,\"valueName\":\"search_term_string\"}}],\"inLanguage\":\"es\"},{\"@type\":\"Organization\",\"@id\":\"https:\/\/wingoofoods.com\/es_pe\/#organization\",\"name\":\"Wingoo biscuit Manufacturers\",\"url\":\"https:\/\/wingoofoods.com\/es_pe\/\",\"logo\":{\"@type\":\"ImageObject\",\"inLanguage\":\"es\",\"@id\":\"https:\/\/wingoofoods.com\/es_pe\/#\/schema\/logo\/image\/\",\"url\":\"http:\/\/wingoofoods.com\/wp-content\/uploads\/2023\/10\/LOGO.png\",\"contentUrl\":\"http:\/\/wingoofoods.com\/wp-content\/uploads\/2023\/10\/LOGO.png\",\"width\":280,\"height\":72,\"caption\":\"Wingoo biscuit Manufacturers\"},\"image\":{\"@id\":\"https:\/\/wingoofoods.com\/es_pe\/#\/schema\/logo\/image\/\"}}]}<\/script>\n<!-- \/ Yoast SEO plugin. -->","yoast_head_json":{"title":"Extra rich milk cheese biscuits | Wingoo biscuit Manufacturers","description":"Wholesale Extra Rich Milk Cheese Biscuits! Explore custom options, savor exquisite flavors. Inquire now for a tailored quote.","robots":{"index":"index","follow":"follow","max-snippet":"max-snippet:-1","max-image-preview":"max-image-preview:large","max-video-preview":"max-video-preview:-1"},"canonical":"https:\/\/wingoofoods.com\/es\/product\/extra-rich-milk-cheese-biscuits\/","og_locale":"es_ES","og_type":"article","og_title":"Extra rich milk cheese biscuits | Wingoo biscuit Manufacturers","og_description":"Wholesale Extra Rich Milk Cheese Biscuits! Explore custom options, savor exquisite flavors. Inquire now for a tailored quote.","og_url":"https:\/\/wingoofoods.com\/es\/product\/extra-rich-milk-cheese-biscuits\/","og_site_name":"Wingoo biscuit Manufacturers","article_modified_time":"2023-12-26T03:15:53+00:00","og_image":[{"width":800,"height":800,"url":"https:\/\/wingoofoods.com\/wp-content\/uploads\/2023\/12\/1-13.jpg","type":"image\/jpeg"}],"twitter_card":"summary_large_image","twitter_misc":{"Tiempo estimado de lectura":"2 minutos"},"schema":{"@context":"https:\/\/schema.org","@graph":[{"@type":"WebPage","@id":"https:\/\/wingoofoods.com\/vi\/product\/extra-rich-milk-cheese-biscuits\/","url":"https:\/\/wingoofoods.com\/vi\/product\/extra-rich-milk-cheese-biscuits\/","name":"Extra rich milk cheese biscuits | Wingoo biscuit Manufacturers","isPartOf":{"@id":"https:\/\/wingoofoods.com\/es_pe\/#website"},"primaryImageOfPage":{"@id":"https:\/\/wingoofoods.com\/vi\/product\/extra-rich-milk-cheese-biscuits\/#primaryimage"},"image":{"@id":"https:\/\/wingoofoods.com\/vi\/product\/extra-rich-milk-cheese-biscuits\/#primaryimage"},"thumbnailUrl":"https:\/\/wingoofoods.com\/wp-content\/uploads\/2023\/12\/1-13.jpg","datePublished":"2023-12-04T02:08:24+00:00","dateModified":"2023-12-26T03:15:53+00:00","description":"Wholesale Extra Rich Milk Cheese Biscuits! Explore custom options, savor exquisite flavors. Inquire now for a tailored quote.","breadcrumb":{"@id":"https:\/\/wingoofoods.com\/vi\/product\/extra-rich-milk-cheese-biscuits\/#breadcrumb"},"inLanguage":"es","potentialAction":[{"@type":"ReadAction","target":["https:\/\/wingoofoods.com\/vi\/product\/extra-rich-milk-cheese-biscuits\/"]}]},{"@type":"ImageObject","inLanguage":"es","@id":"https:\/\/wingoofoods.com\/vi\/product\/extra-rich-milk-cheese-biscuits\/#primaryimage","url":"https:\/\/wingoofoods.com\/wp-content\/uploads\/2023\/12\/1-13.jpg","contentUrl":"https:\/\/wingoofoods.com\/wp-content\/uploads\/2023\/12\/1-13.jpg","width":800,"height":800,"caption":"Extra rich milk cheese biscuits"},{"@type":"BreadcrumbList","@id":"https:\/\/wingoofoods.com\/vi\/product\/extra-rich-milk-cheese-biscuits\/#breadcrumb","itemListElement":[{"@type":"ListItem","position":1,"name":"Home","item":"https:\/\/wingoofoods.com\/ar\/"},{"@type":"ListItem","position":2,"name":"products","item":"https:\/\/wingoofoods.com\/ar\/\u0645\u062a\u062c\u0631\/"},{"@type":"ListItem","position":3,"name":"Extra rich milk cheese biscuits"}]},{"@type":"WebSite","@id":"https:\/\/wingoofoods.com\/es_pe\/#website","url":"https:\/\/wingoofoods.com\/es_pe\/","name":"Wingoo biscuit Manufacturers","description":"Biscuit Manufacturers, Suppliers, Exporters from china shantou largest food factory","publisher":{"@id":"https:\/\/wingoofoods.com\/es_pe\/#organization"},"alternateName":"Guangdong Wingoo foods - Official website","potentialAction":[{"@type":"SearchAction","target":{"@type":"EntryPoint","urlTemplate":"https:\/\/wingoofoods.com\/es_pe\/?s={search_term_string}"},"query-input":{"@type":"PropertyValueSpecification","valueRequired":true,"valueName":"search_term_string"}}],"inLanguage":"es"},{"@type":"Organization","@id":"https:\/\/wingoofoods.com\/es_pe\/#organization","name":"Wingoo biscuit Manufacturers","url":"https:\/\/wingoofoods.com\/es_pe\/","logo":{"@type":"ImageObject","inLanguage":"es","@id":"https:\/\/wingoofoods.com\/es_pe\/#\/schema\/logo\/image\/","url":"http:\/\/wingoofoods.com\/wp-content\/uploads\/2023\/10\/LOGO.png","contentUrl":"http:\/\/wingoofoods.com\/wp-content\/uploads\/2023\/10\/LOGO.png","width":280,"height":72,"caption":"Wingoo biscuit Manufacturers"},"image":{"@id":"https:\/\/wingoofoods.com\/es_pe\/#\/schema\/logo\/image\/"}}]}},"_links":{"self":[{"href":"https:\/\/wingoofoods.com\/es\/wp-json\/wp\/v2\/product\/4146","targetHints":{"allow":["GET"]}}],"collection":[{"href":"https:\/\/wingoofoods.com\/es\/wp-json\/wp\/v2\/product"}],"about":[{"href":"https:\/\/wingoofoods.com\/es\/wp-json\/wp\/v2\/types\/product"}],"replies":[{"embeddable":true,"href":"https:\/\/wingoofoods.com\/es\/wp-json\/wp\/v2\/comments?post=4146"}],"version-history":[{"count":0,"href":"https:\/\/wingoofoods.com\/es\/wp-json\/wp\/v2\/product\/4146\/revisions"}],"wp:featuredmedia":[{"embeddable":true,"href":"https:\/\/wingoofoods.com\/es\/wp-json\/wp\/v2\/media\/4141"}],"wp:attachment":[{"href":"https:\/\/wingoofoods.com\/es\/wp-json\/wp\/v2\/media?parent=4146"}],"wp:term":[{"taxonomy":"product_brand","embeddable":true,"href":"https:\/\/wingoofoods.com\/es\/wp-json\/wp\/v2\/product_brand?post=4146"},{"taxonomy":"product_cat","embeddable":true,"href":"https:\/\/wingoofoods.com\/es\/wp-json\/wp\/v2\/product_cat?post=4146"},{"taxonomy":"product_tag","embeddable":true,"href":"https:\/\/wingoofoods.com\/es\/wp-json\/wp\/v2\/product_tag?post=4146"}],"curies":[{"name":"wp","href":"https:\/\/api.w.org\/{rel}","templated":true}]}}