{"id":4148,"date":"2023-12-04T02:10:35","date_gmt":"2023-12-04T02:10:35","guid":{"rendered":"http:\/\/wingoofoods.com\/?post_type=product&#038;p=4148"},"modified":"2023-12-26T03:11:10","modified_gmt":"2023-12-26T03:11:10","slug":"sea-salt-japanese-pattie-cookies-red-bean-flavor","status":"publish","type":"product","link":"https:\/\/wingoofoods.com\/es\/producto\/sal-marina-galletas-japonesas-sabor-judia-roja\/","title":{"rendered":"Galletas japonesas con sal marina sabor jud\u00eda roja"},"content":{"rendered":"<p><img fetchpriority=\"high\" decoding=\"async\" class=\"aligncenter wp-image-2439 size-full\" src=\"http:\/\/wingoofoods.com\/wp-content\/uploads\/2013\/06\/1.webp\" alt=\"\" width=\"800\" height=\"569\" srcset=\"https:\/\/wingoofoods.com\/wp-content\/uploads\/2013\/06\/1.webp 800w, https:\/\/wingoofoods.com\/wp-content\/uploads\/2013\/06\/1-300x213.webp 300w, https:\/\/wingoofoods.com\/wp-content\/uploads\/2013\/06\/1-768x546.webp 768w, https:\/\/wingoofoods.com\/wp-content\/uploads\/2013\/06\/1-600x427.webp 600w\" sizes=\"(max-width: 800px) 100vw, 800px\" \/><\/p>\n<p><img decoding=\"async\" class=\"alignnone wp-image-4151 size-full\" src=\"http:\/\/wingoofoods.com\/wp-content\/uploads\/2023\/12\/3-7.jpg\" alt=\"Galletas japonesas con sal marina sabor jud\u00eda roja\" width=\"800\" height=\"800\" srcset=\"https:\/\/wingoofoods.com\/wp-content\/uploads\/2023\/12\/3-7.jpg 800w, https:\/\/wingoofoods.com\/wp-content\/uploads\/2023\/12\/3-7-300x300.jpg 300w, https:\/\/wingoofoods.com\/wp-content\/uploads\/2023\/12\/3-7-150x150.jpg 150w, https:\/\/wingoofoods.com\/wp-content\/uploads\/2023\/12\/3-7-768x768.jpg 768w, https:\/\/wingoofoods.com\/wp-content\/uploads\/2023\/12\/3-7-600x600.jpg 600w, https:\/\/wingoofoods.com\/wp-content\/uploads\/2023\/12\/3-7-100x100.jpg 100w\" sizes=\"(max-width: 800px) 100vw, 800px\" \/> <img decoding=\"async\" class=\"alignnone wp-image-4150 size-full\" src=\"http:\/\/wingoofoods.com\/wp-content\/uploads\/2023\/12\/2-10.jpg\" alt=\"Galletas japonesas con sal marina sabor jud\u00eda roja\" width=\"800\" height=\"800\" srcset=\"https:\/\/wingoofoods.com\/wp-content\/uploads\/2023\/12\/2-10.jpg 800w, https:\/\/wingoofoods.com\/wp-content\/uploads\/2023\/12\/2-10-300x300.jpg 300w, https:\/\/wingoofoods.com\/wp-content\/uploads\/2023\/12\/2-10-150x150.jpg 150w, https:\/\/wingoofoods.com\/wp-content\/uploads\/2023\/12\/2-10-768x768.jpg 768w, https:\/\/wingoofoods.com\/wp-content\/uploads\/2023\/12\/2-10-600x600.jpg 600w, https:\/\/wingoofoods.com\/wp-content\/uploads\/2023\/12\/2-10-100x100.jpg 100w\" sizes=\"(max-width: 800px) 100vw, 800px\" \/><\/p>\n<div class=\"flex-1 overflow-hidden\">\n<div class=\"react-scroll-to-bottom--css-rvymb-79elbk h-full\">\n<div class=\"react-scroll-to-bottom--css-rvymb-1n7m0yu\">\n<div class=\"flex flex-col pb-9 text-sm\">\n<div class=\"w-full text-token-text-primary\" data-testid=\"conversation-turn-7\">\n<div class=\"px-4 py-2 justify-center text-base md:gap-6 m-auto\">\n<div class=\"flex flex-1 text-base mx-auto gap-3 md:px-5 lg:px-1 xl:px-5 md:max-w-3xl lg:max-w-[40rem] xl:max-w-[48rem] group final-completion\">\n<div class=\"relative flex w-full flex-col lg:w-[calc(100%-115px)] agent-turn\">\n<div class=\"flex-col gap-1 md:gap-3\">\n<div class=\"flex flex-grow flex-col max-w-full\">\n<div class=\"min-h-[20px] text-message flex flex-col items-start gap-3 whitespace-pre-wrap break-words [.text-message+&amp;]:mt-5 overflow-x-auto\" data-message-author-role=\"assistant\" data-message-id=\"c843a7cd-b0c3-4143-879d-37fc37eedad3\">\n<div class=\"markdown prose w-full break-words dark:prose-invert light\">\n<p>Sobre las galletas japonesas Sea Salt Pattie sabor jud\u00eda roja:<\/p>\n<p>Del\u00e9itese con las exquisitas galletas japonesas con sal marina, una armoniosa fusi\u00f3n de artesan\u00eda tradicional japonesa e irresistible sabor a jud\u00eda roja. Cada bocado encierra una sinfon\u00eda de texturas: fragantes, crujientes y delicadamente suaves, en un viaje culinario al coraz\u00f3n de Jap\u00f3n.<\/p>\n<p>Emb\u00e1rquese en una sabrosa aventura a medida que se despliega nuestra gama de productos:<\/p>\n<p>Desde galletas chinas hasta galletas vegetales, nuestra variada gama satisface gustos muy diversos. Saboree la riqueza de las galletas de mermelada, el crujido de las galletas crujientes y el placer de las galletas de mantequilla. Explore toda una gama de opciones: desde galletas de soda hasta mochi, desde snacks de cereales hasta pasteles, desde patatas fritas hasta pan.<\/p>\n<p>Sum\u00e9rjase en un mundo de sabor con nuestra amplia variedad de sabores:<\/p>\n<p>Elija entre queso, original, salado, chocolate, vegetal, afrutado, caf\u00e9, nata, dulce, huevo, leche y mucho m\u00e1s.<\/p>\n<p>Descubra el arte del envasado:<\/p>\n<p>Adaptados a los diversos mercados y preferencias de los clientes, ofrecemos una gama de opciones de envasado, como bolsa, caja, granel, cart\u00f3n, lata y envasado para regalo.<\/p>\n<p>Y eso no es todo: experimente nuestros servicios integrales:<\/p>\n<p>Disfrute de las opciones de venta al por mayor, personalice los sabores y el envase para elevar su marca y satisfacer sus preferencias exclusivas. \u00danase a nosotros para crear momentos memorables a trav\u00e9s de un sabor y un servicio excepcionales. A\u00f1\u00e1dase a la lista de consultas y espere nuestras ofertas personalizadas.<\/p>\n<p>Pero ah\u00ed no acaban nuestras ofertas. Explore nuestra Divisi\u00f3n de Dulces en <a href=\"https:\/\/oemcandy.com\/\" target=\"_new\" rel=\"noopener\">https:\/\/oemcandy.com<\/a>donde nos especializamos en la producci\u00f3n y venta al por mayor de una amplia gama de caramelos. Desde caramelos l\u00edquidos y caramelos de juguete hasta caramelos de goma, chicles, piruletas y malvaviscos, nuestra colecci\u00f3n de caramelos abastece a un amplio p\u00fablico. Diversifique su oferta de productos y capte nuevos mercados con nuestros excepcionales caramelos. Cons\u00faltenos ahora para explorar las dulces posibilidades de nuestros servicios de producci\u00f3n y venta al por mayor de caramelos.<\/p>\n<\/div>\n<\/div>\n<\/div>\n<\/div>\n<\/div>\n<\/div>\n<\/div>\n<\/div>\n<\/div>\n<\/div>\n<\/div>\n<\/div>\n<div class=\"bottom-description-content\">\n<div>\n<p>&nbsp;<\/p>\n<\/div>\n<\/div>","protected":false},"excerpt":{"rendered":"<div class=\"flex-1 overflow-hidden\">\n<div class=\"react-scroll-to-bottom--css-rvymb-79elbk h-full\">\n<div class=\"react-scroll-to-bottom--css-rvymb-1n7m0yu\">\n<div class=\"flex flex-col pb-9 text-sm\">\n<div class=\"w-full text-token-text-primary\" data-testid=\"conversation-turn-3\">\n<div class=\"px-4 py-2 justify-center text-base md:gap-6 m-auto\">\n<div class=\"flex flex-1 text-base mx-auto gap-3 md:px-5 lg:px-1 xl:px-5 md:max-w-3xl lg:max-w-[40rem] xl:max-w-[48rem] group final-completion\">\n<div class=\"relative flex w-full flex-col lg:w-[calc(100%-115px)] agent-turn\">\n<div class=\"flex-col gap-1 md:gap-3\">\n<div class=\"flex flex-grow flex-col max-w-full\">\n<div class=\"min-h-[20px] text-message flex flex-col items-start gap-3 whitespace-pre-wrap break-words [.text-message+&amp;]:mt-5 overflow-x-auto\" data-message-author-role=\"assistant\" data-message-id=\"dfd2f782-c81e-418c-bd10-0f186acb75fd\">\n<div class=\"markdown prose w-full break-words dark:prose-invert light\">\n<p>Presentamos nuestras galletas japonesas con sal marina y delicioso sabor a jud\u00edas rojas, una mezcla perfecta de autenticidad japonesa y sabor irresistible. Elaboradas con precisi\u00f3n, estas crujientes galletas redefinen la esencia de las galletas de estilo japon\u00e9s. Sumerja sus sentidos en la combinaci\u00f3n \u00fanica de sal marina, creando una sinfon\u00eda de sabores que es a la vez sabrosa y dulce. Envasadas a la perfecci\u00f3n, cada bocado promete un delicioso crujido que le transportar\u00e1 al coraz\u00f3n de Jap\u00f3n. Ideales para los paladares m\u00e1s exigentes del sudeste asi\u00e1tico, nuestras galletas se dirigen a comerciantes, agentes, mayoristas, distribuidores, propietarios de marcas y minoristas. Eleve su l\u00ednea de productos con estas exquisitas delicias que cuentan con una textura distintiva y un perfil de sabor que resuena con la regi\u00f3n. A\u00f1\u00e1dase a la lista de consultas y espere a que le hagamos un presupuesto juntos.<\/p>\n<\/div>\n<\/div>\n<\/div>\n<\/div>\n<\/div>\n<\/div>\n<\/div>\n<\/div>\n<\/div>\n<\/div>\n<\/div>\n<\/div>","protected":false},"featured_media":4149,"comment_status":"open","ping_status":"closed","template":"","meta":{"om_disable_all_campaigns":false},"product_brand":[],"product_cat":[108],"product_tag":[252,356,171],"class_list":{"0":"post-4148","1":"product","2":"type-product","3":"status-publish","4":"has-post-thumbnail","6":"product_cat-crispy-biscuits","7":"product_tag-crispy-cookies","8":"product_tag-japanese-style-biscuit","9":"product_tag-salt-biscuit","10":"pa_brand-superviviga","11":"pa_flavor-salty","12":"pa_flavor-spices-herbs","13":"pa_packing-bag","14":"pa_taste-salty","15":"pa_texture-crispy","17":"first","18":"instock","19":"downloadable","20":"taxable","21":"shipping-taxable","22":"product-type-simple"},"yoast_head":"<!-- This site is optimized with the Yoast SEO plugin v24.4 - https:\/\/yoast.com\/wordpress\/plugins\/seo\/ -->\n<title>Sea Salt Japanese Pattie Cookies red bean flavor | Wingoo biscuit Manufacturers<\/title>\n<meta name=\"description\" content=\"Wholesale the exquisite Sea Salt Japanese Pattie Cookies red bean flavor. Customize your order for a unique taste experience. Inquire now for tailored offerings and pricing details.\" \/>\n<meta name=\"robots\" content=\"index, follow, max-snippet:-1, max-image-preview:large, max-video-preview:-1\" \/>\n<link rel=\"canonical\" href=\"https:\/\/wingoofoods.com\/es\/producto\/sal-marina-galletas-japonesas-sabor-judia-roja\/\" \/>\n<meta property=\"og:locale\" content=\"es_ES\" \/>\n<meta property=\"og:type\" content=\"article\" \/>\n<meta property=\"og:title\" content=\"Sea Salt Japanese Pattie Cookies red bean flavor | Wingoo biscuit Manufacturers\" \/>\n<meta property=\"og:description\" content=\"Wholesale the exquisite Sea Salt Japanese Pattie Cookies red bean flavor. Customize your order for a unique taste experience. Inquire now for tailored offerings and pricing details.\" \/>\n<meta property=\"og:url\" content=\"https:\/\/wingoofoods.com\/es\/producto\/sal-marina-galletas-japonesas-sabor-judia-roja\/\" \/>\n<meta property=\"og:site_name\" content=\"Wingoo biscuit Manufacturers\" \/>\n<meta property=\"article:modified_time\" content=\"2023-12-26T03:11:10+00:00\" \/>\n<meta property=\"og:image\" content=\"https:\/\/wingoofoods.com\/wp-content\/uploads\/2023\/12\/1-14.jpg\" \/>\n\t<meta property=\"og:image:width\" content=\"800\" \/>\n\t<meta property=\"og:image:height\" content=\"800\" \/>\n\t<meta property=\"og:image:type\" content=\"image\/jpeg\" \/>\n<meta name=\"twitter:card\" content=\"summary_large_image\" \/>\n<meta name=\"twitter:label1\" content=\"Tiempo estimado de lectura\" \/>\n\t<meta name=\"twitter:data1\" content=\"2 minutos\" \/>\n<script type=\"application\/ld+json\" class=\"yoast-schema-graph\">{\"@context\":\"https:\/\/schema.org\",\"@graph\":[{\"@type\":\"WebPage\",\"@id\":\"https:\/\/wingoofoods.com\/product\/sea-salt-japanese-pattie-cookies-red-bean-flavor\/\",\"url\":\"https:\/\/wingoofoods.com\/product\/sea-salt-japanese-pattie-cookies-red-bean-flavor\/\",\"name\":\"Sea Salt Japanese Pattie Cookies red bean flavor | Wingoo biscuit Manufacturers\",\"isPartOf\":{\"@id\":\"https:\/\/wingoofoods.com\/es_pe\/#website\"},\"primaryImageOfPage\":{\"@id\":\"https:\/\/wingoofoods.com\/product\/sea-salt-japanese-pattie-cookies-red-bean-flavor\/#primaryimage\"},\"image\":{\"@id\":\"https:\/\/wingoofoods.com\/product\/sea-salt-japanese-pattie-cookies-red-bean-flavor\/#primaryimage\"},\"thumbnailUrl\":\"https:\/\/wingoofoods.com\/wp-content\/uploads\/2023\/12\/1-14.jpg\",\"datePublished\":\"2023-12-04T02:10:35+00:00\",\"dateModified\":\"2023-12-26T03:11:10+00:00\",\"description\":\"Wholesale the exquisite Sea Salt Japanese Pattie Cookies red bean flavor. Customize your order for a unique taste experience. Inquire now for tailored offerings and pricing details.\",\"breadcrumb\":{\"@id\":\"https:\/\/wingoofoods.com\/product\/sea-salt-japanese-pattie-cookies-red-bean-flavor\/#breadcrumb\"},\"inLanguage\":\"es\",\"potentialAction\":[{\"@type\":\"ReadAction\",\"target\":[\"https:\/\/wingoofoods.com\/product\/sea-salt-japanese-pattie-cookies-red-bean-flavor\/\"]}]},{\"@type\":\"ImageObject\",\"inLanguage\":\"es\",\"@id\":\"https:\/\/wingoofoods.com\/product\/sea-salt-japanese-pattie-cookies-red-bean-flavor\/#primaryimage\",\"url\":\"https:\/\/wingoofoods.com\/wp-content\/uploads\/2023\/12\/1-14.jpg\",\"contentUrl\":\"https:\/\/wingoofoods.com\/wp-content\/uploads\/2023\/12\/1-14.jpg\",\"width\":800,\"height\":800,\"caption\":\"Sea Salt Japanese Pattie Cookies red bean flavor\"},{\"@type\":\"BreadcrumbList\",\"@id\":\"https:\/\/wingoofoods.com\/product\/sea-salt-japanese-pattie-cookies-red-bean-flavor\/#breadcrumb\",\"itemListElement\":[{\"@type\":\"ListItem\",\"position\":1,\"name\":\"Home\",\"item\":\"https:\/\/wingoofoods.com\/ar\/\"},{\"@type\":\"ListItem\",\"position\":2,\"name\":\"products\",\"item\":\"https:\/\/wingoofoods.com\/ar\/\u0645\u062a\u062c\u0631\/\"},{\"@type\":\"ListItem\",\"position\":3,\"name\":\"Sea Salt Japanese Pattie Cookies red bean flavor\"}]},{\"@type\":\"WebSite\",\"@id\":\"https:\/\/wingoofoods.com\/es_pe\/#website\",\"url\":\"https:\/\/wingoofoods.com\/es_pe\/\",\"name\":\"Wingoo biscuit Manufacturers\",\"description\":\"Biscuit Manufacturers, Suppliers, Exporters from china shantou largest food factory\",\"publisher\":{\"@id\":\"https:\/\/wingoofoods.com\/es_pe\/#organization\"},\"alternateName\":\"Guangdong Wingoo foods - Official website\",\"potentialAction\":[{\"@type\":\"SearchAction\",\"target\":{\"@type\":\"EntryPoint\",\"urlTemplate\":\"https:\/\/wingoofoods.com\/es_pe\/?s={search_term_string}\"},\"query-input\":{\"@type\":\"PropertyValueSpecification\",\"valueRequired\":true,\"valueName\":\"search_term_string\"}}],\"inLanguage\":\"es\"},{\"@type\":\"Organization\",\"@id\":\"https:\/\/wingoofoods.com\/es_pe\/#organization\",\"name\":\"Wingoo biscuit Manufacturers\",\"url\":\"https:\/\/wingoofoods.com\/es_pe\/\",\"logo\":{\"@type\":\"ImageObject\",\"inLanguage\":\"es\",\"@id\":\"https:\/\/wingoofoods.com\/es_pe\/#\/schema\/logo\/image\/\",\"url\":\"http:\/\/wingoofoods.com\/wp-content\/uploads\/2023\/10\/LOGO.png\",\"contentUrl\":\"http:\/\/wingoofoods.com\/wp-content\/uploads\/2023\/10\/LOGO.png\",\"width\":280,\"height\":72,\"caption\":\"Wingoo biscuit Manufacturers\"},\"image\":{\"@id\":\"https:\/\/wingoofoods.com\/es_pe\/#\/schema\/logo\/image\/\"}}]}<\/script>\n<!-- \/ Yoast SEO plugin. -->","yoast_head_json":{"title":"Sea Salt Japanese Pattie Cookies red bean flavor | Wingoo biscuit Manufacturers","description":"Wholesale the exquisite Sea Salt Japanese Pattie Cookies red bean flavor. Customize your order for a unique taste experience. Inquire now for tailored offerings and pricing details.","robots":{"index":"index","follow":"follow","max-snippet":"max-snippet:-1","max-image-preview":"max-image-preview:large","max-video-preview":"max-video-preview:-1"},"canonical":"https:\/\/wingoofoods.com\/es\/producto\/sal-marina-galletas-japonesas-sabor-judia-roja\/","og_locale":"es_ES","og_type":"article","og_title":"Sea Salt Japanese Pattie Cookies red bean flavor | Wingoo biscuit Manufacturers","og_description":"Wholesale the exquisite Sea Salt Japanese Pattie Cookies red bean flavor. Customize your order for a unique taste experience. Inquire now for tailored offerings and pricing details.","og_url":"https:\/\/wingoofoods.com\/es\/producto\/sal-marina-galletas-japonesas-sabor-judia-roja\/","og_site_name":"Wingoo biscuit Manufacturers","article_modified_time":"2023-12-26T03:11:10+00:00","og_image":[{"width":800,"height":800,"url":"https:\/\/wingoofoods.com\/wp-content\/uploads\/2023\/12\/1-14.jpg","type":"image\/jpeg"}],"twitter_card":"summary_large_image","twitter_misc":{"Tiempo estimado de lectura":"2 minutos"},"schema":{"@context":"https:\/\/schema.org","@graph":[{"@type":"WebPage","@id":"https:\/\/wingoofoods.com\/product\/sea-salt-japanese-pattie-cookies-red-bean-flavor\/","url":"https:\/\/wingoofoods.com\/product\/sea-salt-japanese-pattie-cookies-red-bean-flavor\/","name":"Sea Salt Japanese Pattie Cookies red bean flavor | Wingoo biscuit Manufacturers","isPartOf":{"@id":"https:\/\/wingoofoods.com\/es_pe\/#website"},"primaryImageOfPage":{"@id":"https:\/\/wingoofoods.com\/product\/sea-salt-japanese-pattie-cookies-red-bean-flavor\/#primaryimage"},"image":{"@id":"https:\/\/wingoofoods.com\/product\/sea-salt-japanese-pattie-cookies-red-bean-flavor\/#primaryimage"},"thumbnailUrl":"https:\/\/wingoofoods.com\/wp-content\/uploads\/2023\/12\/1-14.jpg","datePublished":"2023-12-04T02:10:35+00:00","dateModified":"2023-12-26T03:11:10+00:00","description":"Wholesale the exquisite Sea Salt Japanese Pattie Cookies red bean flavor. Customize your order for a unique taste experience. Inquire now for tailored offerings and pricing details.","breadcrumb":{"@id":"https:\/\/wingoofoods.com\/product\/sea-salt-japanese-pattie-cookies-red-bean-flavor\/#breadcrumb"},"inLanguage":"es","potentialAction":[{"@type":"ReadAction","target":["https:\/\/wingoofoods.com\/product\/sea-salt-japanese-pattie-cookies-red-bean-flavor\/"]}]},{"@type":"ImageObject","inLanguage":"es","@id":"https:\/\/wingoofoods.com\/product\/sea-salt-japanese-pattie-cookies-red-bean-flavor\/#primaryimage","url":"https:\/\/wingoofoods.com\/wp-content\/uploads\/2023\/12\/1-14.jpg","contentUrl":"https:\/\/wingoofoods.com\/wp-content\/uploads\/2023\/12\/1-14.jpg","width":800,"height":800,"caption":"Sea Salt Japanese Pattie Cookies red bean flavor"},{"@type":"BreadcrumbList","@id":"https:\/\/wingoofoods.com\/product\/sea-salt-japanese-pattie-cookies-red-bean-flavor\/#breadcrumb","itemListElement":[{"@type":"ListItem","position":1,"name":"Home","item":"https:\/\/wingoofoods.com\/ar\/"},{"@type":"ListItem","position":2,"name":"products","item":"https:\/\/wingoofoods.com\/ar\/\u0645\u062a\u062c\u0631\/"},{"@type":"ListItem","position":3,"name":"Sea Salt Japanese Pattie Cookies red bean flavor"}]},{"@type":"WebSite","@id":"https:\/\/wingoofoods.com\/es_pe\/#website","url":"https:\/\/wingoofoods.com\/es_pe\/","name":"Wingoo biscuit Manufacturers","description":"Biscuit Manufacturers, Suppliers, Exporters from china shantou largest food factory","publisher":{"@id":"https:\/\/wingoofoods.com\/es_pe\/#organization"},"alternateName":"Guangdong Wingoo foods - Official website","potentialAction":[{"@type":"SearchAction","target":{"@type":"EntryPoint","urlTemplate":"https:\/\/wingoofoods.com\/es_pe\/?s={search_term_string}"},"query-input":{"@type":"PropertyValueSpecification","valueRequired":true,"valueName":"search_term_string"}}],"inLanguage":"es"},{"@type":"Organization","@id":"https:\/\/wingoofoods.com\/es_pe\/#organization","name":"Wingoo biscuit Manufacturers","url":"https:\/\/wingoofoods.com\/es_pe\/","logo":{"@type":"ImageObject","inLanguage":"es","@id":"https:\/\/wingoofoods.com\/es_pe\/#\/schema\/logo\/image\/","url":"http:\/\/wingoofoods.com\/wp-content\/uploads\/2023\/10\/LOGO.png","contentUrl":"http:\/\/wingoofoods.com\/wp-content\/uploads\/2023\/10\/LOGO.png","width":280,"height":72,"caption":"Wingoo biscuit Manufacturers"},"image":{"@id":"https:\/\/wingoofoods.com\/es_pe\/#\/schema\/logo\/image\/"}}]}},"_links":{"self":[{"href":"https:\/\/wingoofoods.com\/es\/wp-json\/wp\/v2\/product\/4148","targetHints":{"allow":["GET"]}}],"collection":[{"href":"https:\/\/wingoofoods.com\/es\/wp-json\/wp\/v2\/product"}],"about":[{"href":"https:\/\/wingoofoods.com\/es\/wp-json\/wp\/v2\/types\/product"}],"replies":[{"embeddable":true,"href":"https:\/\/wingoofoods.com\/es\/wp-json\/wp\/v2\/comments?post=4148"}],"version-history":[{"count":0,"href":"https:\/\/wingoofoods.com\/es\/wp-json\/wp\/v2\/product\/4148\/revisions"}],"wp:featuredmedia":[{"embeddable":true,"href":"https:\/\/wingoofoods.com\/es\/wp-json\/wp\/v2\/media\/4149"}],"wp:attachment":[{"href":"https:\/\/wingoofoods.com\/es\/wp-json\/wp\/v2\/media?parent=4148"}],"wp:term":[{"taxonomy":"product_brand","embeddable":true,"href":"https:\/\/wingoofoods.com\/es\/wp-json\/wp\/v2\/product_brand?post=4148"},{"taxonomy":"product_cat","embeddable":true,"href":"https:\/\/wingoofoods.com\/es\/wp-json\/wp\/v2\/product_cat?post=4148"},{"taxonomy":"product_tag","embeddable":true,"href":"https:\/\/wingoofoods.com\/es\/wp-json\/wp\/v2\/product_tag?post=4148"}],"curies":[{"name":"wp","href":"https:\/\/api.w.org\/{rel}","templated":true}]}}