{"id":4168,"date":"2023-12-04T02:27:41","date_gmt":"2023-12-04T02:27:41","guid":{"rendered":"http:\/\/wingoofoods.com\/?post_type=product&#038;p=4168"},"modified":"2023-12-19T10:23:32","modified_gmt":"2023-12-19T10:23:32","slug":"vegetables-crisp-roast-beef-flavor","status":"publish","type":"product","link":"https:\/\/wingoofoods.com\/es\/producto\/verduras-crujientes-sabor-carne-asada\/","title":{"rendered":"Verduras crujientes sabor carne asada"},"content":{"rendered":"<p><img fetchpriority=\"high\" decoding=\"async\" class=\"aligncenter wp-image-2439 size-full\" src=\"http:\/\/wingoofoods.com\/wp-content\/uploads\/2013\/06\/1.webp\" alt=\"\" width=\"800\" height=\"569\" srcset=\"https:\/\/wingoofoods.com\/wp-content\/uploads\/2013\/06\/1.webp 800w, https:\/\/wingoofoods.com\/wp-content\/uploads\/2013\/06\/1-300x213.webp 300w, https:\/\/wingoofoods.com\/wp-content\/uploads\/2013\/06\/1-768x546.webp 768w, https:\/\/wingoofoods.com\/wp-content\/uploads\/2013\/06\/1-600x427.webp 600w\" sizes=\"(max-width: 800px) 100vw, 800px\" \/><\/p>\n<p><img decoding=\"async\" class=\"alignnone wp-image-4166 size-full\" src=\"http:\/\/wingoofoods.com\/wp-content\/uploads\/2023\/12\/\u4e3b\u56fe_5-4.jpg\" alt=\"12 Verduras crujientes Galletas originales\" width=\"800\" height=\"800\" srcset=\"https:\/\/wingoofoods.com\/wp-content\/uploads\/2023\/12\/\u4e3b\u56fe_5-4.jpg 800w, https:\/\/wingoofoods.com\/wp-content\/uploads\/2023\/12\/\u4e3b\u56fe_5-4-300x300.jpg 300w, https:\/\/wingoofoods.com\/wp-content\/uploads\/2023\/12\/\u4e3b\u56fe_5-4-150x150.jpg 150w, https:\/\/wingoofoods.com\/wp-content\/uploads\/2023\/12\/\u4e3b\u56fe_5-4-768x768.jpg 768w, https:\/\/wingoofoods.com\/wp-content\/uploads\/2023\/12\/\u4e3b\u56fe_5-4-600x600.jpg 600w, https:\/\/wingoofoods.com\/wp-content\/uploads\/2023\/12\/\u4e3b\u56fe_5-4-100x100.jpg 100w\" sizes=\"(max-width: 800px) 100vw, 800px\" \/> <img decoding=\"async\" class=\"alignnone wp-image-4165 size-full\" src=\"http:\/\/wingoofoods.com\/wp-content\/uploads\/2023\/12\/\u4e3b\u56fe_3-3.jpg\" alt=\"12 Verduras crujientes Galletas originales\" width=\"800\" height=\"800\" srcset=\"https:\/\/wingoofoods.com\/wp-content\/uploads\/2023\/12\/\u4e3b\u56fe_3-3.jpg 800w, https:\/\/wingoofoods.com\/wp-content\/uploads\/2023\/12\/\u4e3b\u56fe_3-3-300x300.jpg 300w, https:\/\/wingoofoods.com\/wp-content\/uploads\/2023\/12\/\u4e3b\u56fe_3-3-150x150.jpg 150w, https:\/\/wingoofoods.com\/wp-content\/uploads\/2023\/12\/\u4e3b\u56fe_3-3-768x768.jpg 768w, https:\/\/wingoofoods.com\/wp-content\/uploads\/2023\/12\/\u4e3b\u56fe_3-3-600x600.jpg 600w, https:\/\/wingoofoods.com\/wp-content\/uploads\/2023\/12\/\u4e3b\u56fe_3-3-100x100.jpg 100w\" sizes=\"(max-width: 800px) 100vw, 800px\" \/><\/p>\n<div class=\"flex-1 overflow-hidden\">\n<div class=\"react-scroll-to-bottom--css-rqltl-79elbk h-full\">\n<div class=\"react-scroll-to-bottom--css-rqltl-1n7m0yu\">\n<div class=\"flex flex-col pb-9 text-sm\">\n<div class=\"w-full text-token-text-primary\" data-testid=\"conversation-turn-11\">\n<div class=\"px-4 py-2 justify-center text-base md:gap-6 m-auto\">\n<div class=\"flex flex-1 text-base mx-auto gap-3 md:px-5 lg:px-1 xl:px-5 md:max-w-3xl lg:max-w-[40rem] xl:max-w-[48rem] group final-completion\">\n<div class=\"relative flex w-full flex-col lg:w-[calc(100%-115px)] agent-turn\">\n<div class=\"flex-col gap-1 md:gap-3\">\n<div class=\"flex flex-grow flex-col max-w-full\">\n<div class=\"min-h-[20px] text-message flex flex-col items-start gap-3 whitespace-pre-wrap break-words [.text-message+&amp;]:mt-5 overflow-x-auto\" data-message-author-role=\"assistant\" data-message-id=\"c93c8b58-a19e-4146-92fc-5469504c8b04\">\n<div class=\"markdown prose w-full break-words dark:prose-invert light\">\n<p>Sobre Verduras Crujientes Sabor Carne Asada:<\/p>\n<p>Emb\u00e1rquese en una tentadora aventura con nuestras Verduras Crujientes Sabor Roast Beef, una sinfon\u00eda de texturas: fragantes, crujientes e irresistiblemente suaves. Del\u00e9itese con el sabroso encanto del sabor a roast beef, transformando un tentempi\u00e9 ordinario en una experiencia extraordinaria.<\/p>\n<p>Sum\u00e9rjase en nuestra amplia gama de productos, que abarca galletas de estilo chino, galletas de verduras, galletas de mermelada, galletas crujientes, galletas de mantequilla, galletas de soda, mochi, aperitivos de cereales, pasteler\u00eda, patatas fritas y pan. Explore una mir\u00edada de sabores como queso, original, salado, chocolate, vegetal, afrutado, caf\u00e9, nata, dulce, huevo, leche y mucho m\u00e1s.<\/p>\n<p>Nuestras maravillas de envasado se dirigen a diversos mercados y ofrecen una pl\u00e9tora de opciones: bolsas, cajas, productos a granel, cajas de cart\u00f3n, latas, envases de regalo y mucho m\u00e1s. Cada dise\u00f1o se elabora meticulosamente para que resuene con las preferencias de nuestro p\u00fablico del sudeste asi\u00e1tico, garantizando una presentaci\u00f3n atractiva en sus estantes.<\/p>\n<p>M\u00e1s all\u00e1 de los productos, ampliamos nuestro compromiso con el servicio. Desbloquee oportunidades de venta al por mayor, personalice sabores y adapte envases para elevar su marca. Sumerja su negocio en un mundo de variedad, sabor y distinci\u00f3n. A\u00f1\u00e1dase a la lista de consultas y anticipe nuestro completo presupuesto.<\/p>\n<p>Como extra, explore nuestra expansi\u00f3n en el reino de los caramelos. Estamos orgullosos de ofrecer una amplia gama, que incluye caramelos l\u00edquidos, caramelos de juguete, caramelos de goma, chicles, piruletas, malvaviscos y mucho m\u00e1s. Sum\u00e9rjase en la dulzura de <a href=\"https:\/\/oemcandy.com\/\" target=\"_new\" rel=\"noopener\">https:\/\/oemcandy.com<\/a>. Descubra un mundo de posibilidades de confiter\u00eda, ya que ampliamos nuestra experiencia a la producci\u00f3n de caramelos y la distribuci\u00f3n al por mayor.<\/p>\n<p>Eleve su oferta, adopte la diversidad y anticipe una colaboraci\u00f3n que trascienda las expectativas. A\u00f1\u00e1dase a la lista de consulta y espere a que nos citemos juntos.<\/p>\n<\/div>\n<\/div>\n<\/div>\n<\/div>\n<\/div>\n<\/div>\n<\/div>\n<\/div>\n<\/div>\n<\/div>\n<\/div>\n<\/div>\n<div class=\"bottom-description-content\">\n<div>\n<p>&nbsp;<\/p>\n<\/div>\n<\/div>","protected":false},"excerpt":{"rendered":"<p>Presentamos nuestra deliciosa creaci\u00f3n, el \"Crujiente de Verduras con Sabor a Carne Asada\", una armoniosa mezcla de galleta de verduras, galletas crujientes y galletas finas cuadradas. Especialmente elaborada para el sudeste asi\u00e1tico, esta sabrosa delicia est\u00e1 dirigida a comerciantes, agentes, mayoristas, distribuidores, propietarios de marcas y minoristas. Sumerja sus papilas gustativas en el gratificante crujido de nuestras finas galletas, complementado con la rica esencia del sabor de la carne asada. El envase garantiza la frescura, y el tentador aroma invita a la indulgencia. Ideal para quienes aprecian los aperitivos de primera calidad, nuestro Crujiente de Verduras promete una experiencia gustativa inolvidable. A\u00f1\u00e1dase a la lista de consulta y espere a que le hagamos un presupuesto juntos. Mejore su oferta con nuestra irresistible creaci\u00f3n hoy mismo.<\/p>","protected":false},"featured_media":4169,"comment_status":"open","ping_status":"closed","template":"","meta":{"om_disable_all_campaigns":false},"product_brand":[],"product_cat":[102,108],"product_tag":[349,350,191],"class_list":{"0":"post-4168","1":"product","2":"type-product","3":"status-publish","4":"has-post-thumbnail","6":"product_cat-vegetable-crackers","7":"product_cat-crispy-biscuits","8":"product_tag-crispy-crackers","9":"product_tag-square-thin-biscuits","10":"product_tag-vegetable-biscuit","11":"pa_brand-superviviga","12":"pa_flavor-salty","13":"pa_flavor-spices-herbs","14":"pa_flavor-vegetable","15":"pa_packing-bag","16":"pa_taste-original","17":"pa_taste-salty","18":"pa_texture-crispy","20":"first","21":"instock","22":"downloadable","23":"taxable","24":"shipping-taxable","25":"product-type-simple"},"yoast_head":"<!-- This site is optimized with the Yoast SEO plugin v24.4 - https:\/\/yoast.com\/wordpress\/plugins\/seo\/ -->\n<title>Vegetables crisp roast beef flavor | Wingoo biscuit Manufacturers<\/title>\n<meta name=\"description\" content=\"Wholesale exquisite Vegetables Crisp Roast Beef Flavor crackers. Custom packaging. Elevate your offerings. Inquire now for irresistible taste and competitive quotes!\" \/>\n<meta name=\"robots\" content=\"index, follow, max-snippet:-1, max-image-preview:large, max-video-preview:-1\" \/>\n<link rel=\"canonical\" href=\"https:\/\/wingoofoods.com\/es\/producto\/verduras-crujientes-sabor-carne-asada\/\" \/>\n<meta property=\"og:locale\" content=\"es_ES\" \/>\n<meta property=\"og:type\" content=\"article\" \/>\n<meta property=\"og:title\" content=\"Vegetables crisp roast beef flavor | Wingoo biscuit Manufacturers\" \/>\n<meta property=\"og:description\" content=\"Wholesale exquisite Vegetables Crisp Roast Beef Flavor crackers. Custom packaging. Elevate your offerings. Inquire now for irresistible taste and competitive quotes!\" \/>\n<meta property=\"og:url\" content=\"https:\/\/wingoofoods.com\/es\/producto\/verduras-crujientes-sabor-carne-asada\/\" \/>\n<meta property=\"og:site_name\" content=\"Wingoo biscuit Manufacturers\" \/>\n<meta property=\"article:modified_time\" content=\"2023-12-19T10:23:32+00:00\" \/>\n<meta property=\"og:image\" content=\"https:\/\/wingoofoods.com\/wp-content\/uploads\/2023\/12\/2-12.jpg\" \/>\n\t<meta property=\"og:image:width\" content=\"800\" \/>\n\t<meta property=\"og:image:height\" content=\"800\" \/>\n\t<meta property=\"og:image:type\" content=\"image\/jpeg\" \/>\n<meta name=\"twitter:card\" content=\"summary_large_image\" \/>\n<meta name=\"twitter:label1\" content=\"Tiempo estimado de lectura\" \/>\n\t<meta name=\"twitter:data1\" content=\"2 minutos\" \/>\n<script type=\"application\/ld+json\" class=\"yoast-schema-graph\">{\"@context\":\"https:\/\/schema.org\",\"@graph\":[{\"@type\":\"WebPage\",\"@id\":\"https:\/\/wingoofoods.com\/ar\/\u0627\u0644\u0645\u0646\u062a\u062c\/\u062e\u0636\u0631\u0648\u0627\u062a-\u0628\u0646\u0643\u0647\u0629-\u0627\u0644\u0644\u062d\u0645-\u0627\u0644\u0628\u0642\u0631\u064a-\u0627\u0644\u0645\u0634\u0648\u064a-\u0627\u0644\u0645\u0642\/\",\"url\":\"https:\/\/wingoofoods.com\/ar\/\u0627\u0644\u0645\u0646\u062a\u062c\/\u062e\u0636\u0631\u0648\u0627\u062a-\u0628\u0646\u0643\u0647\u0629-\u0627\u0644\u0644\u062d\u0645-\u0627\u0644\u0628\u0642\u0631\u064a-\u0627\u0644\u0645\u0634\u0648\u064a-\u0627\u0644\u0645\u0642\/\",\"name\":\"Vegetables crisp roast beef flavor | Wingoo biscuit Manufacturers\",\"isPartOf\":{\"@id\":\"https:\/\/wingoofoods.com\/es_pe\/#website\"},\"primaryImageOfPage\":{\"@id\":\"https:\/\/wingoofoods.com\/ar\/\u0627\u0644\u0645\u0646\u062a\u062c\/\u062e\u0636\u0631\u0648\u0627\u062a-\u0628\u0646\u0643\u0647\u0629-\u0627\u0644\u0644\u062d\u0645-\u0627\u0644\u0628\u0642\u0631\u064a-\u0627\u0644\u0645\u0634\u0648\u064a-\u0627\u0644\u0645\u0642\/#primaryimage\"},\"image\":{\"@id\":\"https:\/\/wingoofoods.com\/ar\/\u0627\u0644\u0645\u0646\u062a\u062c\/\u062e\u0636\u0631\u0648\u0627\u062a-\u0628\u0646\u0643\u0647\u0629-\u0627\u0644\u0644\u062d\u0645-\u0627\u0644\u0628\u0642\u0631\u064a-\u0627\u0644\u0645\u0634\u0648\u064a-\u0627\u0644\u0645\u0642\/#primaryimage\"},\"thumbnailUrl\":\"https:\/\/wingoofoods.com\/wp-content\/uploads\/2023\/12\/2-12.jpg\",\"datePublished\":\"2023-12-04T02:27:41+00:00\",\"dateModified\":\"2023-12-19T10:23:32+00:00\",\"description\":\"Wholesale exquisite Vegetables Crisp Roast Beef Flavor crackers. Custom packaging. Elevate your offerings. Inquire now for irresistible taste and competitive quotes!\",\"breadcrumb\":{\"@id\":\"https:\/\/wingoofoods.com\/ar\/\u0627\u0644\u0645\u0646\u062a\u062c\/\u062e\u0636\u0631\u0648\u0627\u062a-\u0628\u0646\u0643\u0647\u0629-\u0627\u0644\u0644\u062d\u0645-\u0627\u0644\u0628\u0642\u0631\u064a-\u0627\u0644\u0645\u0634\u0648\u064a-\u0627\u0644\u0645\u0642\/#breadcrumb\"},\"inLanguage\":\"es\",\"potentialAction\":[{\"@type\":\"ReadAction\",\"target\":[\"https:\/\/wingoofoods.com\/ar\/\u0627\u0644\u0645\u0646\u062a\u062c\/\u062e\u0636\u0631\u0648\u0627\u062a-\u0628\u0646\u0643\u0647\u0629-\u0627\u0644\u0644\u062d\u0645-\u0627\u0644\u0628\u0642\u0631\u064a-\u0627\u0644\u0645\u0634\u0648\u064a-\u0627\u0644\u0645\u0642\/\"]}]},{\"@type\":\"ImageObject\",\"inLanguage\":\"es\",\"@id\":\"https:\/\/wingoofoods.com\/ar\/\u0627\u0644\u0645\u0646\u062a\u062c\/\u062e\u0636\u0631\u0648\u0627\u062a-\u0628\u0646\u0643\u0647\u0629-\u0627\u0644\u0644\u062d\u0645-\u0627\u0644\u0628\u0642\u0631\u064a-\u0627\u0644\u0645\u0634\u0648\u064a-\u0627\u0644\u0645\u0642\/#primaryimage\",\"url\":\"https:\/\/wingoofoods.com\/wp-content\/uploads\/2023\/12\/2-12.jpg\",\"contentUrl\":\"https:\/\/wingoofoods.com\/wp-content\/uploads\/2023\/12\/2-12.jpg\",\"width\":800,\"height\":800,\"caption\":\"Vegetables crisp roast beef flavor\"},{\"@type\":\"BreadcrumbList\",\"@id\":\"https:\/\/wingoofoods.com\/ar\/\u0627\u0644\u0645\u0646\u062a\u062c\/\u062e\u0636\u0631\u0648\u0627\u062a-\u0628\u0646\u0643\u0647\u0629-\u0627\u0644\u0644\u062d\u0645-\u0627\u0644\u0628\u0642\u0631\u064a-\u0627\u0644\u0645\u0634\u0648\u064a-\u0627\u0644\u0645\u0642\/#breadcrumb\",\"itemListElement\":[{\"@type\":\"ListItem\",\"position\":1,\"name\":\"Home\",\"item\":\"https:\/\/wingoofoods.com\/ar\/\"},{\"@type\":\"ListItem\",\"position\":2,\"name\":\"products\",\"item\":\"https:\/\/wingoofoods.com\/ar\/\u0645\u062a\u062c\u0631\/\"},{\"@type\":\"ListItem\",\"position\":3,\"name\":\"Vegetables crisp roast beef flavor\"}]},{\"@type\":\"WebSite\",\"@id\":\"https:\/\/wingoofoods.com\/es_pe\/#website\",\"url\":\"https:\/\/wingoofoods.com\/es_pe\/\",\"name\":\"Wingoo biscuit Manufacturers\",\"description\":\"Biscuit Manufacturers, Suppliers, Exporters from china shantou largest food factory\",\"publisher\":{\"@id\":\"https:\/\/wingoofoods.com\/es_pe\/#organization\"},\"alternateName\":\"Guangdong Wingoo foods - Official website\",\"potentialAction\":[{\"@type\":\"SearchAction\",\"target\":{\"@type\":\"EntryPoint\",\"urlTemplate\":\"https:\/\/wingoofoods.com\/es_pe\/?s={search_term_string}\"},\"query-input\":{\"@type\":\"PropertyValueSpecification\",\"valueRequired\":true,\"valueName\":\"search_term_string\"}}],\"inLanguage\":\"es\"},{\"@type\":\"Organization\",\"@id\":\"https:\/\/wingoofoods.com\/es_pe\/#organization\",\"name\":\"Wingoo biscuit Manufacturers\",\"url\":\"https:\/\/wingoofoods.com\/es_pe\/\",\"logo\":{\"@type\":\"ImageObject\",\"inLanguage\":\"es\",\"@id\":\"https:\/\/wingoofoods.com\/es_pe\/#\/schema\/logo\/image\/\",\"url\":\"http:\/\/wingoofoods.com\/wp-content\/uploads\/2023\/10\/LOGO.png\",\"contentUrl\":\"http:\/\/wingoofoods.com\/wp-content\/uploads\/2023\/10\/LOGO.png\",\"width\":280,\"height\":72,\"caption\":\"Wingoo biscuit Manufacturers\"},\"image\":{\"@id\":\"https:\/\/wingoofoods.com\/es_pe\/#\/schema\/logo\/image\/\"}}]}<\/script>\n<!-- \/ Yoast SEO plugin. -->","yoast_head_json":{"title":"Vegetables crisp roast beef flavor | Wingoo biscuit Manufacturers","description":"Wholesale exquisite Vegetables Crisp Roast Beef Flavor crackers. Custom packaging. Elevate your offerings. Inquire now for irresistible taste and competitive quotes!","robots":{"index":"index","follow":"follow","max-snippet":"max-snippet:-1","max-image-preview":"max-image-preview:large","max-video-preview":"max-video-preview:-1"},"canonical":"https:\/\/wingoofoods.com\/es\/producto\/verduras-crujientes-sabor-carne-asada\/","og_locale":"es_ES","og_type":"article","og_title":"Vegetables crisp roast beef flavor | Wingoo biscuit Manufacturers","og_description":"Wholesale exquisite Vegetables Crisp Roast Beef Flavor crackers. Custom packaging. Elevate your offerings. Inquire now for irresistible taste and competitive quotes!","og_url":"https:\/\/wingoofoods.com\/es\/producto\/verduras-crujientes-sabor-carne-asada\/","og_site_name":"Wingoo biscuit Manufacturers","article_modified_time":"2023-12-19T10:23:32+00:00","og_image":[{"width":800,"height":800,"url":"https:\/\/wingoofoods.com\/wp-content\/uploads\/2023\/12\/2-12.jpg","type":"image\/jpeg"}],"twitter_card":"summary_large_image","twitter_misc":{"Tiempo estimado de lectura":"2 minutos"},"schema":{"@context":"https:\/\/schema.org","@graph":[{"@type":"WebPage","@id":"https:\/\/wingoofoods.com\/ar\/\u0627\u0644\u0645\u0646\u062a\u062c\/\u062e\u0636\u0631\u0648\u0627\u062a-\u0628\u0646\u0643\u0647\u0629-\u0627\u0644\u0644\u062d\u0645-\u0627\u0644\u0628\u0642\u0631\u064a-\u0627\u0644\u0645\u0634\u0648\u064a-\u0627\u0644\u0645\u0642\/","url":"https:\/\/wingoofoods.com\/ar\/\u0627\u0644\u0645\u0646\u062a\u062c\/\u062e\u0636\u0631\u0648\u0627\u062a-\u0628\u0646\u0643\u0647\u0629-\u0627\u0644\u0644\u062d\u0645-\u0627\u0644\u0628\u0642\u0631\u064a-\u0627\u0644\u0645\u0634\u0648\u064a-\u0627\u0644\u0645\u0642\/","name":"Vegetables crisp roast beef flavor | Wingoo biscuit Manufacturers","isPartOf":{"@id":"https:\/\/wingoofoods.com\/es_pe\/#website"},"primaryImageOfPage":{"@id":"https:\/\/wingoofoods.com\/ar\/\u0627\u0644\u0645\u0646\u062a\u062c\/\u062e\u0636\u0631\u0648\u0627\u062a-\u0628\u0646\u0643\u0647\u0629-\u0627\u0644\u0644\u062d\u0645-\u0627\u0644\u0628\u0642\u0631\u064a-\u0627\u0644\u0645\u0634\u0648\u064a-\u0627\u0644\u0645\u0642\/#primaryimage"},"image":{"@id":"https:\/\/wingoofoods.com\/ar\/\u0627\u0644\u0645\u0646\u062a\u062c\/\u062e\u0636\u0631\u0648\u0627\u062a-\u0628\u0646\u0643\u0647\u0629-\u0627\u0644\u0644\u062d\u0645-\u0627\u0644\u0628\u0642\u0631\u064a-\u0627\u0644\u0645\u0634\u0648\u064a-\u0627\u0644\u0645\u0642\/#primaryimage"},"thumbnailUrl":"https:\/\/wingoofoods.com\/wp-content\/uploads\/2023\/12\/2-12.jpg","datePublished":"2023-12-04T02:27:41+00:00","dateModified":"2023-12-19T10:23:32+00:00","description":"Wholesale exquisite Vegetables Crisp Roast Beef Flavor crackers. Custom packaging. Elevate your offerings. Inquire now for irresistible taste and competitive quotes!","breadcrumb":{"@id":"https:\/\/wingoofoods.com\/ar\/\u0627\u0644\u0645\u0646\u062a\u062c\/\u062e\u0636\u0631\u0648\u0627\u062a-\u0628\u0646\u0643\u0647\u0629-\u0627\u0644\u0644\u062d\u0645-\u0627\u0644\u0628\u0642\u0631\u064a-\u0627\u0644\u0645\u0634\u0648\u064a-\u0627\u0644\u0645\u0642\/#breadcrumb"},"inLanguage":"es","potentialAction":[{"@type":"ReadAction","target":["https:\/\/wingoofoods.com\/ar\/\u0627\u0644\u0645\u0646\u062a\u062c\/\u062e\u0636\u0631\u0648\u0627\u062a-\u0628\u0646\u0643\u0647\u0629-\u0627\u0644\u0644\u062d\u0645-\u0627\u0644\u0628\u0642\u0631\u064a-\u0627\u0644\u0645\u0634\u0648\u064a-\u0627\u0644\u0645\u0642\/"]}]},{"@type":"ImageObject","inLanguage":"es","@id":"https:\/\/wingoofoods.com\/ar\/\u0627\u0644\u0645\u0646\u062a\u062c\/\u062e\u0636\u0631\u0648\u0627\u062a-\u0628\u0646\u0643\u0647\u0629-\u0627\u0644\u0644\u062d\u0645-\u0627\u0644\u0628\u0642\u0631\u064a-\u0627\u0644\u0645\u0634\u0648\u064a-\u0627\u0644\u0645\u0642\/#primaryimage","url":"https:\/\/wingoofoods.com\/wp-content\/uploads\/2023\/12\/2-12.jpg","contentUrl":"https:\/\/wingoofoods.com\/wp-content\/uploads\/2023\/12\/2-12.jpg","width":800,"height":800,"caption":"Vegetables crisp roast beef flavor"},{"@type":"BreadcrumbList","@id":"https:\/\/wingoofoods.com\/ar\/\u0627\u0644\u0645\u0646\u062a\u062c\/\u062e\u0636\u0631\u0648\u0627\u062a-\u0628\u0646\u0643\u0647\u0629-\u0627\u0644\u0644\u062d\u0645-\u0627\u0644\u0628\u0642\u0631\u064a-\u0627\u0644\u0645\u0634\u0648\u064a-\u0627\u0644\u0645\u0642\/#breadcrumb","itemListElement":[{"@type":"ListItem","position":1,"name":"Home","item":"https:\/\/wingoofoods.com\/ar\/"},{"@type":"ListItem","position":2,"name":"products","item":"https:\/\/wingoofoods.com\/ar\/\u0645\u062a\u062c\u0631\/"},{"@type":"ListItem","position":3,"name":"Vegetables crisp roast beef flavor"}]},{"@type":"WebSite","@id":"https:\/\/wingoofoods.com\/es_pe\/#website","url":"https:\/\/wingoofoods.com\/es_pe\/","name":"Wingoo biscuit Manufacturers","description":"Biscuit Manufacturers, Suppliers, Exporters from china shantou largest food factory","publisher":{"@id":"https:\/\/wingoofoods.com\/es_pe\/#organization"},"alternateName":"Guangdong Wingoo foods - Official website","potentialAction":[{"@type":"SearchAction","target":{"@type":"EntryPoint","urlTemplate":"https:\/\/wingoofoods.com\/es_pe\/?s={search_term_string}"},"query-input":{"@type":"PropertyValueSpecification","valueRequired":true,"valueName":"search_term_string"}}],"inLanguage":"es"},{"@type":"Organization","@id":"https:\/\/wingoofoods.com\/es_pe\/#organization","name":"Wingoo biscuit Manufacturers","url":"https:\/\/wingoofoods.com\/es_pe\/","logo":{"@type":"ImageObject","inLanguage":"es","@id":"https:\/\/wingoofoods.com\/es_pe\/#\/schema\/logo\/image\/","url":"http:\/\/wingoofoods.com\/wp-content\/uploads\/2023\/10\/LOGO.png","contentUrl":"http:\/\/wingoofoods.com\/wp-content\/uploads\/2023\/10\/LOGO.png","width":280,"height":72,"caption":"Wingoo biscuit Manufacturers"},"image":{"@id":"https:\/\/wingoofoods.com\/es_pe\/#\/schema\/logo\/image\/"}}]}},"_links":{"self":[{"href":"https:\/\/wingoofoods.com\/es\/wp-json\/wp\/v2\/product\/4168","targetHints":{"allow":["GET"]}}],"collection":[{"href":"https:\/\/wingoofoods.com\/es\/wp-json\/wp\/v2\/product"}],"about":[{"href":"https:\/\/wingoofoods.com\/es\/wp-json\/wp\/v2\/types\/product"}],"replies":[{"embeddable":true,"href":"https:\/\/wingoofoods.com\/es\/wp-json\/wp\/v2\/comments?post=4168"}],"version-history":[{"count":0,"href":"https:\/\/wingoofoods.com\/es\/wp-json\/wp\/v2\/product\/4168\/revisions"}],"wp:featuredmedia":[{"embeddable":true,"href":"https:\/\/wingoofoods.com\/es\/wp-json\/wp\/v2\/media\/4169"}],"wp:attachment":[{"href":"https:\/\/wingoofoods.com\/es\/wp-json\/wp\/v2\/media?parent=4168"}],"wp:term":[{"taxonomy":"product_brand","embeddable":true,"href":"https:\/\/wingoofoods.com\/es\/wp-json\/wp\/v2\/product_brand?post=4168"},{"taxonomy":"product_cat","embeddable":true,"href":"https:\/\/wingoofoods.com\/es\/wp-json\/wp\/v2\/product_cat?post=4168"},{"taxonomy":"product_tag","embeddable":true,"href":"https:\/\/wingoofoods.com\/es\/wp-json\/wp\/v2\/product_tag?post=4168"}],"curies":[{"name":"wp","href":"https:\/\/api.w.org\/{rel}","templated":true}]}}