{"id":4130,"date":"2023-12-04T01:39:04","date_gmt":"2023-12-04T01:39:04","guid":{"rendered":"http:\/\/wingoofoods.com\/?post_type=product&#038;p=4130"},"modified":"2023-12-26T03:33:26","modified_gmt":"2023-12-26T03:33:26","slug":"arabic-type-cream-cookies","status":"publish","type":"product","link":"https:\/\/wingoofoods.com\/es_do\/producto\/galletas-de-nata-tipo-arabe\/","title":{"rendered":"Galletas de nata de tipo \u00e1rabe"},"content":{"rendered":"<p><img fetchpriority=\"high\" decoding=\"async\" class=\"aligncenter wp-image-2439 size-full\" src=\"http:\/\/wingoofoods.com\/wp-content\/uploads\/2013\/06\/1.webp\" alt=\"\" width=\"800\" height=\"569\" srcset=\"https:\/\/wingoofoods.com\/wp-content\/uploads\/2013\/06\/1.webp 800w, https:\/\/wingoofoods.com\/wp-content\/uploads\/2013\/06\/1-300x213.webp 300w, https:\/\/wingoofoods.com\/wp-content\/uploads\/2013\/06\/1-768x546.webp 768w, https:\/\/wingoofoods.com\/wp-content\/uploads\/2013\/06\/1-600x427.webp 600w\" sizes=\"(max-width: 800px) 100vw, 800px\" \/><\/p>\n<p><img decoding=\"async\" class=\"alignnone wp-image-4133 size-full\" src=\"http:\/\/wingoofoods.com\/wp-content\/uploads\/2023\/12\/6-1.jpg\" alt=\"Galletas de nata de tipo \u00e1rabe\" width=\"800\" height=\"800\" srcset=\"https:\/\/wingoofoods.com\/wp-content\/uploads\/2023\/12\/6-1.jpg 800w, https:\/\/wingoofoods.com\/wp-content\/uploads\/2023\/12\/6-1-300x300.jpg 300w, https:\/\/wingoofoods.com\/wp-content\/uploads\/2023\/12\/6-1-150x150.jpg 150w, https:\/\/wingoofoods.com\/wp-content\/uploads\/2023\/12\/6-1-768x768.jpg 768w, https:\/\/wingoofoods.com\/wp-content\/uploads\/2023\/12\/6-1-600x600.jpg 600w, https:\/\/wingoofoods.com\/wp-content\/uploads\/2023\/12\/6-1-100x100.jpg 100w\" sizes=\"(max-width: 800px) 100vw, 800px\" \/> <img decoding=\"async\" class=\"alignnone wp-image-4132 size-full\" src=\"http:\/\/wingoofoods.com\/wp-content\/uploads\/2023\/12\/4-3.jpg\" alt=\"Galletas de nata de tipo \u00e1rabe\" width=\"800\" height=\"800\" srcset=\"https:\/\/wingoofoods.com\/wp-content\/uploads\/2023\/12\/4-3.jpg 800w, https:\/\/wingoofoods.com\/wp-content\/uploads\/2023\/12\/4-3-300x300.jpg 300w, https:\/\/wingoofoods.com\/wp-content\/uploads\/2023\/12\/4-3-150x150.jpg 150w, https:\/\/wingoofoods.com\/wp-content\/uploads\/2023\/12\/4-3-768x768.jpg 768w, https:\/\/wingoofoods.com\/wp-content\/uploads\/2023\/12\/4-3-600x600.jpg 600w, https:\/\/wingoofoods.com\/wp-content\/uploads\/2023\/12\/4-3-100x100.jpg 100w\" sizes=\"(max-width: 800px) 100vw, 800px\" \/><\/p>\n<p>&nbsp;<\/p>\n<div class=\"bottom-description-content\">\n<div>\n<p>Acerca de las galletas de nata de tipo \u00e1rabe:<\/p>\n<p>Del\u00e9itese con la exquisita experiencia de las galletas de crema tipo \u00e1rabe, una fusi\u00f3n perfecta de fragancia, crujiente y deliciosa suavidad. Estas galletas cuadradas redefinen el placer con un centro cremoso y galletas crujientes, ofreciendo una armoniosa sinfon\u00eda de texturas.<\/p>\n<p>Explore nuestra variada gama de productos, que incluye galletas chinas, galletas vegetales, galletas de mermelada, galletas crujientes, galletas de mantequilla, galletas de soda, mochi, aperitivos de cereales, pasteler\u00eda, patatas fritas, pan y mucho m\u00e1s. Deleite su paladar con una gran variedad de sabores, desde queso, original, salado, chocolate, vegetal y afrutado hasta caf\u00e9, nata, dulce, huevo, leche y mucho m\u00e1s.<\/p>\n<p>Nuestro sitio web destaca por su variedad, atendiendo a diferentes mercados y preferencias de los clientes. Elija entre diversas opciones de envasado como bolsas, cajas, graneles, cartones, latas, envases de regalo y otros. Adapte su presentaci\u00f3n para que se adapte eficazmente a su p\u00fablico objetivo.<\/p>\n<p>Descubra nuestros completos servicios, que ofrecen cantidades al por mayor, personalizaci\u00f3n de marcas, personalizaci\u00f3n de sabores y soluciones de envasado a medida. Tanto si es usted comerciante, agente, mayorista, distribuidor, propietario de una marca o minorista, satisfacemos sus necesidades espec\u00edficas. Mejore su oferta con las galletas de nata de tipo \u00e1rabe: inscr\u00edbase en la lista de consultas y espere nuestro presupuesto detallado.<\/p>\n<p>Adem\u00e1s, ad\u00e9ntrese en nuestro mundo de confiter\u00eda con una amplia gama de caramelos. Desde caramelos l\u00edquidos y caramelos de juguete hasta caramelos de goma, chicles, piruletas y malvaviscos, explore nuestra variada gama en... <a href=\"https:\/\/oemcandy.com\/\" target=\"_new\" rel=\"noopener\">https:\/\/oemcandy.com<\/a>. Tambi\u00e9n ofrecemos servicios de producci\u00f3n y venta al por mayor de caramelos, que mejorar\u00e1n su oferta de dulces. Sum\u00e9rjase en la dulzura de las posibilidades.<\/p>\n<\/div>\n<\/div>","protected":false},"excerpt":{"rendered":"<p>Presentamos las galletas de crema tipo \u00e1rabe: una delicia sensorial con galletas cuadradas que redefinen la indulgencia. El centro cremoso y las galletas crujientes crean una mezcla armoniosa, elevando la experiencia cl\u00e1sica de la galleta de crema. Creadas para el din\u00e1mico mercado del sudeste asi\u00e1tico, nuestras galletas est\u00e1n dirigidas a comerciantes, agentes, mayoristas, distribuidores, propietarios de marcas y minoristas. Experimente la irresistible combinaci\u00f3n de ingredientes de primera calidad, un envase exquisito y un perfil de sabor que cautiva. Desde su tentadora textura hasta su sabor inconfundible, estas galletas gustan a todo el mundo. Eleve su oferta con las galletas de crema de tipo \u00e1rabe - a\u00f1\u00e1dase a la lista de consultas y espere a que coticemos juntos.<\/p>","protected":false},"featured_media":4131,"comment_status":"open","ping_status":"closed","template":"","meta":{"om_disable_all_campaigns":false},"product_brand":[],"product_cat":[108,112],"product_tag":[355,349,172],"class_list":{"0":"post-4130","1":"product","2":"type-product","3":"status-publish","4":"has-post-thumbnail","6":"product_cat-crispy-biscuits","7":"product_cat-milk-biscuits","8":"product_tag-cream-biscuit","9":"product_tag-crispy-crackers","10":"product_tag-square-biscuits","11":"pa_brand-superviviga","12":"pa_flavor-cream","13":"pa_flavor-original","14":"pa_flavor-spices-herbs","15":"pa_packing-box","16":"pa_packing-bulk","17":"pa_taste-original","18":"pa_texture-crispy","20":"first","21":"instock","22":"downloadable","23":"taxable","24":"shipping-taxable","25":"product-type-simple"},"yoast_head":"<!-- This site is optimized with the Yoast SEO plugin v24.4 - https:\/\/yoast.com\/wordpress\/plugins\/seo\/ -->\n<title>Arabic type Cream cookies | Wingoo biscuit Manufacturers<\/title>\n<meta name=\"description\" content=\"Wholesale Arabic Type Cream Cookies: Elevate your offerings with custom flavors and packaging. Inquire now for exclusive deals and tailored quotations.\" \/>\n<meta name=\"robots\" content=\"index, follow, max-snippet:-1, max-image-preview:large, max-video-preview:-1\" \/>\n<link rel=\"canonical\" href=\"https:\/\/wingoofoods.com\/es_do\/producto\/arabic-type-cream-cookies\/\" \/>\n<meta property=\"og:locale\" content=\"es_ES\" \/>\n<meta property=\"og:type\" content=\"article\" \/>\n<meta property=\"og:title\" content=\"Arabic type Cream cookies | Wingoo biscuit Manufacturers\" \/>\n<meta property=\"og:description\" content=\"Wholesale Arabic Type Cream Cookies: Elevate your offerings with custom flavors and packaging. Inquire now for exclusive deals and tailored quotations.\" \/>\n<meta property=\"og:url\" content=\"https:\/\/wingoofoods.com\/es_do\/producto\/arabic-type-cream-cookies\/\" \/>\n<meta property=\"og:site_name\" content=\"Wingoo biscuit Manufacturers\" \/>\n<meta property=\"article:modified_time\" content=\"2023-12-26T03:33:26+00:00\" \/>\n<meta property=\"og:image\" content=\"https:\/\/wingoofoods.com\/wp-content\/uploads\/2023\/12\/087.jpg\" \/>\n\t<meta property=\"og:image:width\" content=\"800\" \/>\n\t<meta property=\"og:image:height\" content=\"800\" \/>\n\t<meta property=\"og:image:type\" content=\"image\/jpeg\" \/>\n<meta name=\"twitter:card\" content=\"summary_large_image\" \/>\n<meta name=\"twitter:label1\" content=\"Est. reading time\" \/>\n\t<meta name=\"twitter:data1\" content=\"2 minutos\" \/>\n<script type=\"application\/ld+json\" class=\"yoast-schema-graph\">{\"@context\":\"https:\/\/schema.org\",\"@graph\":[{\"@type\":\"WebPage\",\"@id\":\"https:\/\/wingoofoods.com\/uk\/\u043f\u0440\u043e\u0434\u0443\u043a\u0442\/arabic-type-cream-cookies\/\",\"url\":\"https:\/\/wingoofoods.com\/uk\/\u043f\u0440\u043e\u0434\u0443\u043a\u0442\/arabic-type-cream-cookies\/\",\"name\":\"Arabic type Cream cookies | Wingoo biscuit Manufacturers\",\"isPartOf\":{\"@id\":\"https:\/\/wingoofoods.com\/es_pe\/#website\"},\"primaryImageOfPage\":{\"@id\":\"https:\/\/wingoofoods.com\/uk\/\u043f\u0440\u043e\u0434\u0443\u043a\u0442\/arabic-type-cream-cookies\/#primaryimage\"},\"image\":{\"@id\":\"https:\/\/wingoofoods.com\/uk\/\u043f\u0440\u043e\u0434\u0443\u043a\u0442\/arabic-type-cream-cookies\/#primaryimage\"},\"thumbnailUrl\":\"https:\/\/wingoofoods.com\/wp-content\/uploads\/2023\/12\/087.jpg\",\"datePublished\":\"2023-12-04T01:39:04+00:00\",\"dateModified\":\"2023-12-26T03:33:26+00:00\",\"description\":\"Wholesale Arabic Type Cream Cookies: Elevate your offerings with custom flavors and packaging. Inquire now for exclusive deals and tailored quotations.\",\"breadcrumb\":{\"@id\":\"https:\/\/wingoofoods.com\/uk\/\u043f\u0440\u043e\u0434\u0443\u043a\u0442\/arabic-type-cream-cookies\/#breadcrumb\"},\"inLanguage\":\"es-DO\",\"potentialAction\":[{\"@type\":\"ReadAction\",\"target\":[\"https:\/\/wingoofoods.com\/uk\/\u043f\u0440\u043e\u0434\u0443\u043a\u0442\/arabic-type-cream-cookies\/\"]}]},{\"@type\":\"ImageObject\",\"inLanguage\":\"es-DO\",\"@id\":\"https:\/\/wingoofoods.com\/uk\/\u043f\u0440\u043e\u0434\u0443\u043a\u0442\/arabic-type-cream-cookies\/#primaryimage\",\"url\":\"https:\/\/wingoofoods.com\/wp-content\/uploads\/2023\/12\/087.jpg\",\"contentUrl\":\"https:\/\/wingoofoods.com\/wp-content\/uploads\/2023\/12\/087.jpg\",\"width\":800,\"height\":800,\"caption\":\"Arabic type Cream cookies\"},{\"@type\":\"BreadcrumbList\",\"@id\":\"https:\/\/wingoofoods.com\/uk\/\u043f\u0440\u043e\u0434\u0443\u043a\u0442\/arabic-type-cream-cookies\/#breadcrumb\",\"itemListElement\":[{\"@type\":\"ListItem\",\"position\":1,\"name\":\"Home\",\"item\":\"https:\/\/wingoofoods.com\/ar\/\"},{\"@type\":\"ListItem\",\"position\":2,\"name\":\"products\",\"item\":\"https:\/\/wingoofoods.com\/ar\/\u0645\u062a\u062c\u0631\/\"},{\"@type\":\"ListItem\",\"position\":3,\"name\":\"Arabic type Cream cookies\"}]},{\"@type\":\"WebSite\",\"@id\":\"https:\/\/wingoofoods.com\/es_pe\/#website\",\"url\":\"https:\/\/wingoofoods.com\/es_pe\/\",\"name\":\"Wingoo biscuit Manufacturers\",\"description\":\"Biscuit Manufacturers, Suppliers, Exporters from china shantou largest food factory\",\"publisher\":{\"@id\":\"https:\/\/wingoofoods.com\/es_pe\/#organization\"},\"alternateName\":\"Guangdong Wingoo foods - Official website\",\"potentialAction\":[{\"@type\":\"SearchAction\",\"target\":{\"@type\":\"EntryPoint\",\"urlTemplate\":\"https:\/\/wingoofoods.com\/es_pe\/?s={search_term_string}\"},\"query-input\":{\"@type\":\"PropertyValueSpecification\",\"valueRequired\":true,\"valueName\":\"search_term_string\"}}],\"inLanguage\":\"es-DO\"},{\"@type\":\"Organization\",\"@id\":\"https:\/\/wingoofoods.com\/es_pe\/#organization\",\"name\":\"Wingoo biscuit Manufacturers\",\"url\":\"https:\/\/wingoofoods.com\/es_pe\/\",\"logo\":{\"@type\":\"ImageObject\",\"inLanguage\":\"es-DO\",\"@id\":\"https:\/\/wingoofoods.com\/es_pe\/#\/schema\/logo\/image\/\",\"url\":\"http:\/\/wingoofoods.com\/wp-content\/uploads\/2023\/10\/LOGO.png\",\"contentUrl\":\"http:\/\/wingoofoods.com\/wp-content\/uploads\/2023\/10\/LOGO.png\",\"width\":280,\"height\":72,\"caption\":\"Wingoo biscuit Manufacturers\"},\"image\":{\"@id\":\"https:\/\/wingoofoods.com\/es_pe\/#\/schema\/logo\/image\/\"}}]}<\/script>\n<!-- \/ Yoast SEO plugin. -->","yoast_head_json":{"title":"Arabic type Cream cookies | Wingoo biscuit Manufacturers","description":"Wholesale Arabic Type Cream Cookies: Elevate your offerings with custom flavors and packaging. Inquire now for exclusive deals and tailored quotations.","robots":{"index":"index","follow":"follow","max-snippet":"max-snippet:-1","max-image-preview":"max-image-preview:large","max-video-preview":"max-video-preview:-1"},"canonical":"https:\/\/wingoofoods.com\/es_do\/producto\/arabic-type-cream-cookies\/","og_locale":"es_ES","og_type":"article","og_title":"Arabic type Cream cookies | Wingoo biscuit Manufacturers","og_description":"Wholesale Arabic Type Cream Cookies: Elevate your offerings with custom flavors and packaging. Inquire now for exclusive deals and tailored quotations.","og_url":"https:\/\/wingoofoods.com\/es_do\/producto\/arabic-type-cream-cookies\/","og_site_name":"Wingoo biscuit Manufacturers","article_modified_time":"2023-12-26T03:33:26+00:00","og_image":[{"width":800,"height":800,"url":"https:\/\/wingoofoods.com\/wp-content\/uploads\/2023\/12\/087.jpg","type":"image\/jpeg"}],"twitter_card":"summary_large_image","twitter_misc":{"Est. reading time":"2 minutos"},"schema":{"@context":"https:\/\/schema.org","@graph":[{"@type":"WebPage","@id":"https:\/\/wingoofoods.com\/uk\/\u043f\u0440\u043e\u0434\u0443\u043a\u0442\/arabic-type-cream-cookies\/","url":"https:\/\/wingoofoods.com\/uk\/\u043f\u0440\u043e\u0434\u0443\u043a\u0442\/arabic-type-cream-cookies\/","name":"Arabic type Cream cookies | Wingoo biscuit Manufacturers","isPartOf":{"@id":"https:\/\/wingoofoods.com\/es_pe\/#website"},"primaryImageOfPage":{"@id":"https:\/\/wingoofoods.com\/uk\/\u043f\u0440\u043e\u0434\u0443\u043a\u0442\/arabic-type-cream-cookies\/#primaryimage"},"image":{"@id":"https:\/\/wingoofoods.com\/uk\/\u043f\u0440\u043e\u0434\u0443\u043a\u0442\/arabic-type-cream-cookies\/#primaryimage"},"thumbnailUrl":"https:\/\/wingoofoods.com\/wp-content\/uploads\/2023\/12\/087.jpg","datePublished":"2023-12-04T01:39:04+00:00","dateModified":"2023-12-26T03:33:26+00:00","description":"Wholesale Arabic Type Cream Cookies: Elevate your offerings with custom flavors and packaging. Inquire now for exclusive deals and tailored quotations.","breadcrumb":{"@id":"https:\/\/wingoofoods.com\/uk\/\u043f\u0440\u043e\u0434\u0443\u043a\u0442\/arabic-type-cream-cookies\/#breadcrumb"},"inLanguage":"es-DO","potentialAction":[{"@type":"ReadAction","target":["https:\/\/wingoofoods.com\/uk\/\u043f\u0440\u043e\u0434\u0443\u043a\u0442\/arabic-type-cream-cookies\/"]}]},{"@type":"ImageObject","inLanguage":"es-DO","@id":"https:\/\/wingoofoods.com\/uk\/\u043f\u0440\u043e\u0434\u0443\u043a\u0442\/arabic-type-cream-cookies\/#primaryimage","url":"https:\/\/wingoofoods.com\/wp-content\/uploads\/2023\/12\/087.jpg","contentUrl":"https:\/\/wingoofoods.com\/wp-content\/uploads\/2023\/12\/087.jpg","width":800,"height":800,"caption":"Arabic type Cream cookies"},{"@type":"BreadcrumbList","@id":"https:\/\/wingoofoods.com\/uk\/\u043f\u0440\u043e\u0434\u0443\u043a\u0442\/arabic-type-cream-cookies\/#breadcrumb","itemListElement":[{"@type":"ListItem","position":1,"name":"Home","item":"https:\/\/wingoofoods.com\/ar\/"},{"@type":"ListItem","position":2,"name":"products","item":"https:\/\/wingoofoods.com\/ar\/\u0645\u062a\u062c\u0631\/"},{"@type":"ListItem","position":3,"name":"Arabic type Cream cookies"}]},{"@type":"WebSite","@id":"https:\/\/wingoofoods.com\/es_pe\/#website","url":"https:\/\/wingoofoods.com\/es_pe\/","name":"Wingoo biscuit Manufacturers","description":"Biscuit Manufacturers, Suppliers, Exporters from china shantou largest food factory","publisher":{"@id":"https:\/\/wingoofoods.com\/es_pe\/#organization"},"alternateName":"Guangdong Wingoo foods - Official website","potentialAction":[{"@type":"SearchAction","target":{"@type":"EntryPoint","urlTemplate":"https:\/\/wingoofoods.com\/es_pe\/?s={search_term_string}"},"query-input":{"@type":"PropertyValueSpecification","valueRequired":true,"valueName":"search_term_string"}}],"inLanguage":"es-DO"},{"@type":"Organization","@id":"https:\/\/wingoofoods.com\/es_pe\/#organization","name":"Wingoo biscuit Manufacturers","url":"https:\/\/wingoofoods.com\/es_pe\/","logo":{"@type":"ImageObject","inLanguage":"es-DO","@id":"https:\/\/wingoofoods.com\/es_pe\/#\/schema\/logo\/image\/","url":"http:\/\/wingoofoods.com\/wp-content\/uploads\/2023\/10\/LOGO.png","contentUrl":"http:\/\/wingoofoods.com\/wp-content\/uploads\/2023\/10\/LOGO.png","width":280,"height":72,"caption":"Wingoo biscuit Manufacturers"},"image":{"@id":"https:\/\/wingoofoods.com\/es_pe\/#\/schema\/logo\/image\/"}}]}},"_links":{"self":[{"href":"https:\/\/wingoofoods.com\/es_do\/wp-json\/wp\/v2\/product\/4130","targetHints":{"allow":["GET"]}}],"collection":[{"href":"https:\/\/wingoofoods.com\/es_do\/wp-json\/wp\/v2\/product"}],"about":[{"href":"https:\/\/wingoofoods.com\/es_do\/wp-json\/wp\/v2\/types\/product"}],"replies":[{"embeddable":true,"href":"https:\/\/wingoofoods.com\/es_do\/wp-json\/wp\/v2\/comments?post=4130"}],"version-history":[{"count":0,"href":"https:\/\/wingoofoods.com\/es_do\/wp-json\/wp\/v2\/product\/4130\/revisions"}],"wp:featuredmedia":[{"embeddable":true,"href":"https:\/\/wingoofoods.com\/es_do\/wp-json\/wp\/v2\/media\/4131"}],"wp:attachment":[{"href":"https:\/\/wingoofoods.com\/es_do\/wp-json\/wp\/v2\/media?parent=4130"}],"wp:term":[{"taxonomy":"product_brand","embeddable":true,"href":"https:\/\/wingoofoods.com\/es_do\/wp-json\/wp\/v2\/product_brand?post=4130"},{"taxonomy":"product_cat","embeddable":true,"href":"https:\/\/wingoofoods.com\/es_do\/wp-json\/wp\/v2\/product_cat?post=4130"},{"taxonomy":"product_tag","embeddable":true,"href":"https:\/\/wingoofoods.com\/es_do\/wp-json\/wp\/v2\/product_tag?post=4130"}],"curies":[{"name":"wp","href":"https:\/\/api.w.org\/{rel}","templated":true}]}}