{"id":4158,"date":"2023-12-04T02:18:05","date_gmt":"2023-12-04T02:18:05","guid":{"rendered":"http:\/\/wingoofoods.com\/?post_type=product&#038;p=4158"},"modified":"2023-12-26T02:30:08","modified_gmt":"2023-12-26T02:30:08","slug":"sea-salt-japanese-round-cookies","status":"publish","type":"product","link":"https:\/\/wingoofoods.com\/es_do\/producto\/galletas-redondas-japonesas-con-sal-marina\/","title":{"rendered":"Galletas redondas japonesas con sal marina"},"content":{"rendered":"<p><img fetchpriority=\"high\" decoding=\"async\" class=\"aligncenter wp-image-2439 size-full\" src=\"http:\/\/wingoofoods.com\/wp-content\/uploads\/2013\/06\/1.webp\" alt=\"\" width=\"800\" height=\"569\" srcset=\"https:\/\/wingoofoods.com\/wp-content\/uploads\/2013\/06\/1.webp 800w, https:\/\/wingoofoods.com\/wp-content\/uploads\/2013\/06\/1-300x213.webp 300w, https:\/\/wingoofoods.com\/wp-content\/uploads\/2013\/06\/1-768x546.webp 768w, https:\/\/wingoofoods.com\/wp-content\/uploads\/2013\/06\/1-600x427.webp 600w\" sizes=\"(max-width: 800px) 100vw, 800px\" \/><\/p>\n<p>&nbsp;<\/p>\n<p><img decoding=\"async\" class=\"alignnone wp-image-4160 size-full\" src=\"http:\/\/wingoofoods.com\/wp-content\/uploads\/2023\/12\/3-8.jpg\" alt=\"Galletas redondas japonesas con sal marina\" width=\"1000\" height=\"1000\" srcset=\"https:\/\/wingoofoods.com\/wp-content\/uploads\/2023\/12\/3-8.jpg 1000w, https:\/\/wingoofoods.com\/wp-content\/uploads\/2023\/12\/3-8-300x300.jpg 300w, https:\/\/wingoofoods.com\/wp-content\/uploads\/2023\/12\/3-8-150x150.jpg 150w, https:\/\/wingoofoods.com\/wp-content\/uploads\/2023\/12\/3-8-768x768.jpg 768w, https:\/\/wingoofoods.com\/wp-content\/uploads\/2023\/12\/3-8-600x600.jpg 600w, https:\/\/wingoofoods.com\/wp-content\/uploads\/2023\/12\/3-8-100x100.jpg 100w\" sizes=\"(max-width: 1000px) 100vw, 1000px\" \/> <img decoding=\"async\" class=\"alignnone wp-image-4161 size-full\" src=\"http:\/\/wingoofoods.com\/wp-content\/uploads\/2023\/12\/4-5.jpg\" alt=\"Galletas redondas japonesas con sal marina\" width=\"1000\" height=\"1000\" srcset=\"https:\/\/wingoofoods.com\/wp-content\/uploads\/2023\/12\/4-5.jpg 1000w, https:\/\/wingoofoods.com\/wp-content\/uploads\/2023\/12\/4-5-300x300.jpg 300w, https:\/\/wingoofoods.com\/wp-content\/uploads\/2023\/12\/4-5-150x150.jpg 150w, https:\/\/wingoofoods.com\/wp-content\/uploads\/2023\/12\/4-5-768x768.jpg 768w, https:\/\/wingoofoods.com\/wp-content\/uploads\/2023\/12\/4-5-600x600.jpg 600w, https:\/\/wingoofoods.com\/wp-content\/uploads\/2023\/12\/4-5-100x100.jpg 100w\" sizes=\"(max-width: 1000px) 100vw, 1000px\" \/><\/p>\n<div class=\"bottom-description-content\">\n<p>Acerca de las galletas redondas japonesas con sal marina:<\/p>\n<div class=\"flex-1 overflow-hidden\">\n<div class=\"react-scroll-to-bottom--css-rvymb-79elbk h-full\">\n<div class=\"react-scroll-to-bottom--css-rvymb-1n7m0yu\">\n<div class=\"flex flex-col pb-9 text-sm\">\n<div class=\"w-full text-token-text-primary\" data-testid=\"conversation-turn-13\">\n<div class=\"px-4 py-2 justify-center text-base md:gap-6 m-auto\">\n<div class=\"flex flex-1 text-base mx-auto gap-3 md:px-5 lg:px-1 xl:px-5 md:max-w-3xl lg:max-w-[40rem] xl:max-w-[48rem] group final-completion\">\n<div class=\"relative flex w-full flex-col lg:w-[calc(100%-115px)] agent-turn\">\n<div class=\"flex-col gap-1 md:gap-3\">\n<div class=\"flex flex-grow flex-col max-w-full\">\n<div class=\"min-h-[20px] text-message flex flex-col items-start gap-3 whitespace-pre-wrap break-words [.text-message+&amp;]:mt-5 overflow-x-auto\" data-message-author-role=\"assistant\" data-message-id=\"b23ee29a-417e-4eea-ac34-1da212a12104\">\n<div class=\"markdown prose w-full break-words dark:prose-invert light\">\n<div class=\"flex-1 overflow-hidden\">\n<div class=\"react-scroll-to-bottom--css-rvymb-79elbk h-full\">\n<div class=\"react-scroll-to-bottom--css-rvymb-1n7m0yu\">\n<div class=\"flex flex-col pb-9 text-sm\">\n<div class=\"w-full text-token-text-primary\" data-testid=\"conversation-turn-15\">\n<div class=\"px-4 py-2 justify-center text-base md:gap-6 m-auto\">\n<div class=\"flex flex-1 text-base mx-auto gap-3 md:px-5 lg:px-1 xl:px-5 md:max-w-3xl lg:max-w-[40rem] xl:max-w-[48rem] group final-completion\">\n<div class=\"relative flex w-full flex-col lg:w-[calc(100%-115px)] agent-turn\">\n<div class=\"flex-col gap-1 md:gap-3\">\n<div class=\"flex flex-grow flex-col max-w-full\">\n<div class=\"min-h-[20px] text-message flex flex-col items-start gap-3 whitespace-pre-wrap break-words [.text-message+&amp;]:mt-5 overflow-x-auto\" data-message-author-role=\"assistant\" data-message-id=\"6f964f0a-fc75-46e6-bb35-c5b3762e3861\">\n<div class=\"markdown prose w-full break-words dark:prose-invert light\">\n<p>Emb\u00e1rquese en un viaje culinario con nuestras galletas redondas japonesas con sal marina, de texturas fragantes, crujientes y tiernas. La sutil infusi\u00f3n de sabores del sudeste asi\u00e1tico promete una experiencia de snacking \u00fanica, atractiva para diversos gustos.<\/p>\n<p>Explore nuestra amplia colecci\u00f3n de galletas, meticulosamente elaboradas para satisfacer las preferencias m\u00e1s variadas. Desde galletas chinas a galletas de verduras, galletas de mermelada, galletas crujientes, galletas de mantequilla y mucho m\u00e1s, cada producto garantiza una experiencia deliciosa. La gama se ampl\u00eda a galletas de soda, mochi, aperitivos de cereales, pasteler\u00eda, patatas fritas y pan.<\/p>\n<p>Del\u00e9itese con sabores tan variados como queso, original, salado, chocolate, vegetal, afrutado, caf\u00e9, nata, dulce, huevo, leche y muchos m\u00e1s. Nuestras opciones de envasado, como bolsa, caja, granel, cart\u00f3n, lata, envase de regalo y otros envases, se adaptan a su mercado objetivo.<\/p>\n<p>Nuestro compromiso va m\u00e1s all\u00e1 de las galletas, ofreciendo servicios personalizados como opciones de venta al por mayor, personalizaci\u00f3n de la marca y sabores y envases \u00fanicos. Destaque en el mercado con nuestra gama vers\u00e1til y llena de sabor, dejando una impresi\u00f3n duradera en sus clientes.<\/p>\n<p>Explore nuestros servicios de producci\u00f3n y venta al por mayor de caramelos, con caramelos l\u00edquidos, caramelos de juguete, caramelos de goma, chicles, piruletas, malvaviscos y mucho m\u00e1s. Visite <a href=\"https:\/\/oemcandy.com\/\" target=\"_new\" rel=\"noopener\">https:\/\/oemcandy.com<\/a> por nuestras deliciosas ofertas de dulces.<\/p>\n<p>A\u00f1\u00e1dase a la lista de consultas y espere nuestro presupuesto conjunto. Experimente la riqueza de nuestras ofertas y servicios adaptados a sus preferencias y requisitos empresariales \u00fanicos.<\/p>\n<\/div>\n<\/div>\n<\/div>\n<\/div>\n<\/div>\n<\/div>\n<\/div>\n<\/div>\n<\/div>\n<\/div>\n<\/div>\n<\/div>\n<\/div>\n<\/div>\n<\/div>\n<\/div>\n<\/div>\n<\/div>\n<\/div>\n<\/div>\n<\/div>\n<\/div>\n<\/div>\n<\/div>\n<\/div>","protected":false},"excerpt":{"rendered":"<p>Presentamos nuestras galletas redondas japonesas con sal marina, la mezcla perfecta de tradici\u00f3n e innovaci\u00f3n. Estas minigalletas son deliciosamente finas, lo que las convierte en el bocado ideal para quienes aprecian la precisi\u00f3n en los tentempi\u00e9s. Elaboradas con esmero, estas galletas redondas prometen una fusi\u00f3n \u00fanica de sabores del sudeste asi\u00e1tico que satisfacen paladares diversos.<\/p>\n<p>Saboree el exquisito equilibrio de la sal marina, que realza sutilmente el perfil de sabor de las galletas. Cada bocado ofrece una textura crujiente pero tierna, creando una experiencia gustativa memorable. El envase refleja nuestro compromiso con la calidad, garantizando frescura y comodidad a comerciantes, agentes, mayoristas, distribuidores, propietarios de marcas y minoristas.<\/p>\n<p>Nuestras galletas redondas japonesas con sal marina, que atraen a un amplio p\u00fablico, se convertir\u00e1n en las favoritas de los clientes. A\u00f1\u00e1dalas a la lista de consulta y espere a que las coticemos juntos, ya que le invitamos a embarcarse en un viaje de sabor y satisfacci\u00f3n.<\/p>","protected":false},"featured_media":4159,"comment_status":"open","ping_status":"closed","template":"","meta":{"om_disable_all_campaigns":false},"product_brand":[],"product_cat":[108,109],"product_tag":[351,357,297],"class_list":{"0":"post-4158","1":"product","2":"type-product","3":"status-publish","4":"has-post-thumbnail","6":"product_cat-crispy-biscuits","7":"product_cat-mini-round-biscuits","8":"product_tag-mini-biscuits","9":"product_tag-round-cookies","10":"product_tag-thin-biscuits","11":"pa_brand-superviviga","12":"pa_flavor-salty","13":"pa_flavor-spices-herbs","14":"pa_packing-bag","15":"pa_taste-salty","16":"pa_texture-crispy","18":"first","19":"instock","20":"downloadable","21":"taxable","22":"shipping-taxable","23":"product-type-simple"},"yoast_head":"<!-- This site is optimized with the Yoast SEO plugin v24.4 - https:\/\/yoast.com\/wordpress\/plugins\/seo\/ -->\n<title>Sea salt Japanese round cookies | Wingoo biscuit Manufacturers<\/title>\n<meta name=\"description\" content=\"Wholesale Sea Salt Japanese Round Cookies \u2013 Custom options available. Elevate your offerings. Add to inquiry for exclusive pricing.\" \/>\n<meta name=\"robots\" content=\"index, follow, max-snippet:-1, max-image-preview:large, max-video-preview:-1\" \/>\n<link rel=\"canonical\" href=\"https:\/\/wingoofoods.com\/es_do\/producto\/galletas-redondas-japonesas-con-sal-marina\/\" \/>\n<meta property=\"og:locale\" content=\"es_ES\" \/>\n<meta property=\"og:type\" content=\"article\" \/>\n<meta property=\"og:title\" content=\"Sea salt Japanese round cookies | Wingoo biscuit Manufacturers\" \/>\n<meta property=\"og:description\" content=\"Wholesale Sea Salt Japanese Round Cookies \u2013 Custom options available. Elevate your offerings. Add to inquiry for exclusive pricing.\" \/>\n<meta property=\"og:url\" content=\"https:\/\/wingoofoods.com\/es_do\/producto\/galletas-redondas-japonesas-con-sal-marina\/\" \/>\n<meta property=\"og:site_name\" content=\"Wingoo biscuit Manufacturers\" \/>\n<meta property=\"article:modified_time\" content=\"2023-12-26T02:30:08+00:00\" \/>\n<meta property=\"og:image\" content=\"https:\/\/wingoofoods.com\/wp-content\/uploads\/2023\/12\/354.jpg\" \/>\n\t<meta property=\"og:image:width\" content=\"800\" \/>\n\t<meta property=\"og:image:height\" content=\"800\" \/>\n\t<meta property=\"og:image:type\" content=\"image\/jpeg\" \/>\n<meta name=\"twitter:card\" content=\"summary_large_image\" \/>\n<meta name=\"twitter:label1\" content=\"Est. reading time\" \/>\n\t<meta name=\"twitter:data1\" content=\"2 minutos\" \/>\n<script type=\"application\/ld+json\" class=\"yoast-schema-graph\">{\"@context\":\"https:\/\/schema.org\",\"@graph\":[{\"@type\":\"WebPage\",\"@id\":\"https:\/\/wingoofoods.com\/product\/sea-salt-japanese-round-cookies\/\",\"url\":\"https:\/\/wingoofoods.com\/product\/sea-salt-japanese-round-cookies\/\",\"name\":\"Sea salt Japanese round cookies | Wingoo biscuit Manufacturers\",\"isPartOf\":{\"@id\":\"https:\/\/wingoofoods.com\/es_pe\/#website\"},\"primaryImageOfPage\":{\"@id\":\"https:\/\/wingoofoods.com\/product\/sea-salt-japanese-round-cookies\/#primaryimage\"},\"image\":{\"@id\":\"https:\/\/wingoofoods.com\/product\/sea-salt-japanese-round-cookies\/#primaryimage\"},\"thumbnailUrl\":\"https:\/\/wingoofoods.com\/wp-content\/uploads\/2023\/12\/354.jpg\",\"datePublished\":\"2023-12-04T02:18:05+00:00\",\"dateModified\":\"2023-12-26T02:30:08+00:00\",\"description\":\"Wholesale Sea Salt Japanese Round Cookies \u2013 Custom options available. Elevate your offerings. Add to inquiry for exclusive pricing.\",\"breadcrumb\":{\"@id\":\"https:\/\/wingoofoods.com\/product\/sea-salt-japanese-round-cookies\/#breadcrumb\"},\"inLanguage\":\"es-DO\",\"potentialAction\":[{\"@type\":\"ReadAction\",\"target\":[\"https:\/\/wingoofoods.com\/product\/sea-salt-japanese-round-cookies\/\"]}]},{\"@type\":\"ImageObject\",\"inLanguage\":\"es-DO\",\"@id\":\"https:\/\/wingoofoods.com\/product\/sea-salt-japanese-round-cookies\/#primaryimage\",\"url\":\"https:\/\/wingoofoods.com\/wp-content\/uploads\/2023\/12\/354.jpg\",\"contentUrl\":\"https:\/\/wingoofoods.com\/wp-content\/uploads\/2023\/12\/354.jpg\",\"width\":800,\"height\":800,\"caption\":\"Sea salt Japanese round cookies\"},{\"@type\":\"BreadcrumbList\",\"@id\":\"https:\/\/wingoofoods.com\/product\/sea-salt-japanese-round-cookies\/#breadcrumb\",\"itemListElement\":[{\"@type\":\"ListItem\",\"position\":1,\"name\":\"Home\",\"item\":\"https:\/\/wingoofoods.com\/ar\/\"},{\"@type\":\"ListItem\",\"position\":2,\"name\":\"products\",\"item\":\"https:\/\/wingoofoods.com\/ar\/\u0645\u062a\u062c\u0631\/\"},{\"@type\":\"ListItem\",\"position\":3,\"name\":\"Sea salt Japanese round cookies\"}]},{\"@type\":\"WebSite\",\"@id\":\"https:\/\/wingoofoods.com\/es_pe\/#website\",\"url\":\"https:\/\/wingoofoods.com\/es_pe\/\",\"name\":\"Wingoo biscuit Manufacturers\",\"description\":\"Biscuit Manufacturers, Suppliers, Exporters from china shantou largest food factory\",\"publisher\":{\"@id\":\"https:\/\/wingoofoods.com\/es_pe\/#organization\"},\"alternateName\":\"Guangdong Wingoo foods - Official website\",\"potentialAction\":[{\"@type\":\"SearchAction\",\"target\":{\"@type\":\"EntryPoint\",\"urlTemplate\":\"https:\/\/wingoofoods.com\/es_pe\/?s={search_term_string}\"},\"query-input\":{\"@type\":\"PropertyValueSpecification\",\"valueRequired\":true,\"valueName\":\"search_term_string\"}}],\"inLanguage\":\"es-DO\"},{\"@type\":\"Organization\",\"@id\":\"https:\/\/wingoofoods.com\/es_pe\/#organization\",\"name\":\"Wingoo biscuit Manufacturers\",\"url\":\"https:\/\/wingoofoods.com\/es_pe\/\",\"logo\":{\"@type\":\"ImageObject\",\"inLanguage\":\"es-DO\",\"@id\":\"https:\/\/wingoofoods.com\/es_pe\/#\/schema\/logo\/image\/\",\"url\":\"http:\/\/wingoofoods.com\/wp-content\/uploads\/2023\/10\/LOGO.png\",\"contentUrl\":\"http:\/\/wingoofoods.com\/wp-content\/uploads\/2023\/10\/LOGO.png\",\"width\":280,\"height\":72,\"caption\":\"Wingoo biscuit Manufacturers\"},\"image\":{\"@id\":\"https:\/\/wingoofoods.com\/es_pe\/#\/schema\/logo\/image\/\"}}]}<\/script>\n<!-- \/ Yoast SEO plugin. -->","yoast_head_json":{"title":"Sea salt Japanese round cookies | Wingoo biscuit Manufacturers","description":"Wholesale Sea Salt Japanese Round Cookies \u2013 Custom options available. Elevate your offerings. Add to inquiry for exclusive pricing.","robots":{"index":"index","follow":"follow","max-snippet":"max-snippet:-1","max-image-preview":"max-image-preview:large","max-video-preview":"max-video-preview:-1"},"canonical":"https:\/\/wingoofoods.com\/es_do\/producto\/galletas-redondas-japonesas-con-sal-marina\/","og_locale":"es_ES","og_type":"article","og_title":"Sea salt Japanese round cookies | Wingoo biscuit Manufacturers","og_description":"Wholesale Sea Salt Japanese Round Cookies \u2013 Custom options available. Elevate your offerings. Add to inquiry for exclusive pricing.","og_url":"https:\/\/wingoofoods.com\/es_do\/producto\/galletas-redondas-japonesas-con-sal-marina\/","og_site_name":"Wingoo biscuit Manufacturers","article_modified_time":"2023-12-26T02:30:08+00:00","og_image":[{"width":800,"height":800,"url":"https:\/\/wingoofoods.com\/wp-content\/uploads\/2023\/12\/354.jpg","type":"image\/jpeg"}],"twitter_card":"summary_large_image","twitter_misc":{"Est. reading time":"2 minutos"},"schema":{"@context":"https:\/\/schema.org","@graph":[{"@type":"WebPage","@id":"https:\/\/wingoofoods.com\/product\/sea-salt-japanese-round-cookies\/","url":"https:\/\/wingoofoods.com\/product\/sea-salt-japanese-round-cookies\/","name":"Sea salt Japanese round cookies | Wingoo biscuit Manufacturers","isPartOf":{"@id":"https:\/\/wingoofoods.com\/es_pe\/#website"},"primaryImageOfPage":{"@id":"https:\/\/wingoofoods.com\/product\/sea-salt-japanese-round-cookies\/#primaryimage"},"image":{"@id":"https:\/\/wingoofoods.com\/product\/sea-salt-japanese-round-cookies\/#primaryimage"},"thumbnailUrl":"https:\/\/wingoofoods.com\/wp-content\/uploads\/2023\/12\/354.jpg","datePublished":"2023-12-04T02:18:05+00:00","dateModified":"2023-12-26T02:30:08+00:00","description":"Wholesale Sea Salt Japanese Round Cookies \u2013 Custom options available. Elevate your offerings. Add to inquiry for exclusive pricing.","breadcrumb":{"@id":"https:\/\/wingoofoods.com\/product\/sea-salt-japanese-round-cookies\/#breadcrumb"},"inLanguage":"es-DO","potentialAction":[{"@type":"ReadAction","target":["https:\/\/wingoofoods.com\/product\/sea-salt-japanese-round-cookies\/"]}]},{"@type":"ImageObject","inLanguage":"es-DO","@id":"https:\/\/wingoofoods.com\/product\/sea-salt-japanese-round-cookies\/#primaryimage","url":"https:\/\/wingoofoods.com\/wp-content\/uploads\/2023\/12\/354.jpg","contentUrl":"https:\/\/wingoofoods.com\/wp-content\/uploads\/2023\/12\/354.jpg","width":800,"height":800,"caption":"Sea salt Japanese round cookies"},{"@type":"BreadcrumbList","@id":"https:\/\/wingoofoods.com\/product\/sea-salt-japanese-round-cookies\/#breadcrumb","itemListElement":[{"@type":"ListItem","position":1,"name":"Home","item":"https:\/\/wingoofoods.com\/ar\/"},{"@type":"ListItem","position":2,"name":"products","item":"https:\/\/wingoofoods.com\/ar\/\u0645\u062a\u062c\u0631\/"},{"@type":"ListItem","position":3,"name":"Sea salt Japanese round cookies"}]},{"@type":"WebSite","@id":"https:\/\/wingoofoods.com\/es_pe\/#website","url":"https:\/\/wingoofoods.com\/es_pe\/","name":"Wingoo biscuit Manufacturers","description":"Biscuit Manufacturers, Suppliers, Exporters from china shantou largest food factory","publisher":{"@id":"https:\/\/wingoofoods.com\/es_pe\/#organization"},"alternateName":"Guangdong Wingoo foods - Official website","potentialAction":[{"@type":"SearchAction","target":{"@type":"EntryPoint","urlTemplate":"https:\/\/wingoofoods.com\/es_pe\/?s={search_term_string}"},"query-input":{"@type":"PropertyValueSpecification","valueRequired":true,"valueName":"search_term_string"}}],"inLanguage":"es-DO"},{"@type":"Organization","@id":"https:\/\/wingoofoods.com\/es_pe\/#organization","name":"Wingoo biscuit Manufacturers","url":"https:\/\/wingoofoods.com\/es_pe\/","logo":{"@type":"ImageObject","inLanguage":"es-DO","@id":"https:\/\/wingoofoods.com\/es_pe\/#\/schema\/logo\/image\/","url":"http:\/\/wingoofoods.com\/wp-content\/uploads\/2023\/10\/LOGO.png","contentUrl":"http:\/\/wingoofoods.com\/wp-content\/uploads\/2023\/10\/LOGO.png","width":280,"height":72,"caption":"Wingoo biscuit Manufacturers"},"image":{"@id":"https:\/\/wingoofoods.com\/es_pe\/#\/schema\/logo\/image\/"}}]}},"_links":{"self":[{"href":"https:\/\/wingoofoods.com\/es_do\/wp-json\/wp\/v2\/product\/4158","targetHints":{"allow":["GET"]}}],"collection":[{"href":"https:\/\/wingoofoods.com\/es_do\/wp-json\/wp\/v2\/product"}],"about":[{"href":"https:\/\/wingoofoods.com\/es_do\/wp-json\/wp\/v2\/types\/product"}],"replies":[{"embeddable":true,"href":"https:\/\/wingoofoods.com\/es_do\/wp-json\/wp\/v2\/comments?post=4158"}],"version-history":[{"count":0,"href":"https:\/\/wingoofoods.com\/es_do\/wp-json\/wp\/v2\/product\/4158\/revisions"}],"wp:featuredmedia":[{"embeddable":true,"href":"https:\/\/wingoofoods.com\/es_do\/wp-json\/wp\/v2\/media\/4159"}],"wp:attachment":[{"href":"https:\/\/wingoofoods.com\/es_do\/wp-json\/wp\/v2\/media?parent=4158"}],"wp:term":[{"taxonomy":"product_brand","embeddable":true,"href":"https:\/\/wingoofoods.com\/es_do\/wp-json\/wp\/v2\/product_brand?post=4158"},{"taxonomy":"product_cat","embeddable":true,"href":"https:\/\/wingoofoods.com\/es_do\/wp-json\/wp\/v2\/product_cat?post=4158"},{"taxonomy":"product_tag","embeddable":true,"href":"https:\/\/wingoofoods.com\/es_do\/wp-json\/wp\/v2\/product_tag?post=4158"}],"curies":[{"name":"wp","href":"https:\/\/api.w.org\/{rel}","templated":true}]}}