{"id":4163,"date":"2023-12-04T02:21:26","date_gmt":"2023-12-04T02:21:26","guid":{"rendered":"http:\/\/wingoofoods.com\/?post_type=product&#038;p=4163"},"modified":"2023-12-26T02:23:45","modified_gmt":"2023-12-26T02:23:45","slug":"12-vegetables-crisp-original-biscuits","status":"publish","type":"product","link":"https:\/\/wingoofoods.com\/es_do\/producto\/12-verduras-crujientes-galletas-originales\/","title":{"rendered":"12 Verduras crujientes Galletas originales"},"content":{"rendered":"<p><img fetchpriority=\"high\" decoding=\"async\" class=\"aligncenter wp-image-2439 size-full\" src=\"http:\/\/wingoofoods.com\/wp-content\/uploads\/2013\/06\/1.webp\" alt=\"\" width=\"800\" height=\"569\" srcset=\"https:\/\/wingoofoods.com\/wp-content\/uploads\/2013\/06\/1.webp 800w, https:\/\/wingoofoods.com\/wp-content\/uploads\/2013\/06\/1-300x213.webp 300w, https:\/\/wingoofoods.com\/wp-content\/uploads\/2013\/06\/1-768x546.webp 768w, https:\/\/wingoofoods.com\/wp-content\/uploads\/2013\/06\/1-600x427.webp 600w\" sizes=\"(max-width: 800px) 100vw, 800px\" \/><\/p>\n<p><img decoding=\"async\" class=\"alignnone wp-image-4166 size-full\" src=\"http:\/\/wingoofoods.com\/wp-content\/uploads\/2023\/12\/\u4e3b\u56fe_5-4.jpg\" alt=\"12 Verduras crujientes Galletas originales\" width=\"800\" height=\"800\" srcset=\"https:\/\/wingoofoods.com\/wp-content\/uploads\/2023\/12\/\u4e3b\u56fe_5-4.jpg 800w, https:\/\/wingoofoods.com\/wp-content\/uploads\/2023\/12\/\u4e3b\u56fe_5-4-300x300.jpg 300w, https:\/\/wingoofoods.com\/wp-content\/uploads\/2023\/12\/\u4e3b\u56fe_5-4-150x150.jpg 150w, https:\/\/wingoofoods.com\/wp-content\/uploads\/2023\/12\/\u4e3b\u56fe_5-4-768x768.jpg 768w, https:\/\/wingoofoods.com\/wp-content\/uploads\/2023\/12\/\u4e3b\u56fe_5-4-600x600.jpg 600w, https:\/\/wingoofoods.com\/wp-content\/uploads\/2023\/12\/\u4e3b\u56fe_5-4-100x100.jpg 100w\" sizes=\"(max-width: 800px) 100vw, 800px\" \/> <img decoding=\"async\" class=\"alignnone wp-image-4165 size-full\" src=\"http:\/\/wingoofoods.com\/wp-content\/uploads\/2023\/12\/\u4e3b\u56fe_3-3.jpg\" alt=\"12 Verduras crujientes Galletas originales\" width=\"800\" height=\"800\" srcset=\"https:\/\/wingoofoods.com\/wp-content\/uploads\/2023\/12\/\u4e3b\u56fe_3-3.jpg 800w, https:\/\/wingoofoods.com\/wp-content\/uploads\/2023\/12\/\u4e3b\u56fe_3-3-300x300.jpg 300w, https:\/\/wingoofoods.com\/wp-content\/uploads\/2023\/12\/\u4e3b\u56fe_3-3-150x150.jpg 150w, https:\/\/wingoofoods.com\/wp-content\/uploads\/2023\/12\/\u4e3b\u56fe_3-3-768x768.jpg 768w, https:\/\/wingoofoods.com\/wp-content\/uploads\/2023\/12\/\u4e3b\u56fe_3-3-600x600.jpg 600w, https:\/\/wingoofoods.com\/wp-content\/uploads\/2023\/12\/\u4e3b\u56fe_3-3-100x100.jpg 100w\" sizes=\"(max-width: 800px) 100vw, 800px\" \/><\/p>\n<div class=\"flex-1 overflow-hidden\">\n<div class=\"react-scroll-to-bottom--css-rvymb-79elbk h-full\">\n<div class=\"react-scroll-to-bottom--css-rvymb-1n7m0yu\">\n<div class=\"flex flex-col pb-9 text-sm\">\n<div class=\"w-full text-token-text-primary\" data-testid=\"conversation-turn-11\">\n<div class=\"px-4 py-2 justify-center text-base md:gap-6 m-auto\">\n<div class=\"flex flex-1 text-base mx-auto gap-3 md:px-5 lg:px-1 xl:px-5 md:max-w-3xl lg:max-w-[40rem] xl:max-w-[48rem] group final-completion\">\n<div class=\"relative flex w-full flex-col lg:w-[calc(100%-115px)] agent-turn\">\n<div class=\"flex-col gap-1 md:gap-3\">\n<div class=\"flex flex-grow flex-col max-w-full\">\n<div class=\"min-h-[20px] text-message flex flex-col items-start gap-3 whitespace-pre-wrap break-words [.text-message+&amp;]:mt-5 overflow-x-auto\" data-message-author-role=\"assistant\" data-message-id=\"7475378d-ebd9-4075-a591-195aff3f6678\">\n<div class=\"markdown prose w-full break-words dark:prose-invert light\">\n<p>Alrededor de 12 Galletas Crujientes Vegetales Originales:<\/p>\n<p>Emb\u00e1rquese en un delicioso viaje con nuestras Galletas Originales Crujientes 12 Verduras. Estas galletas redefinen el concepto de tentempi\u00e9, ofreciendo una mezcla \u00fanica de crujiente y suave, enriquecida con la esencia arom\u00e1tica de 12 verduras frescas de la huerta. Disfrute de una experiencia sensorial no s\u00f3lo crujiente, sino tambi\u00e9n arom\u00e1tica, creando una sinfon\u00eda de sabores que cautivar\u00e1 su paladar.<\/p>\n<h6>Explore nuestra amplia gama de productos:<\/h6>\n<p>Sum\u00e9rjase en nuestra variada gama de productos, donde cada art\u00edculo es una obra maestra del sabor. Desde galletas chinas a galletas vegetales, pasando por galletas de mermelada y galletas crujientes, nos enorgullecemos de presentar una amplia selecci\u00f3n. Nuestra oferta abarca una gran variedad de sabores: queso, original, salado, chocolate y muchos m\u00e1s. Sum\u00e9rjase en un mundo de sabor que refleja nuestro compromiso de ofrecer una calidad inigualable.<\/p>\n<h6>Variedad de envases adaptada a su mercado:<\/h6>\n<p>Descubra el arte de nuestra diversidad de envases, que se adaptan a distintas especificaciones, como bolsas, cajas, productos a granel, cart\u00f3n, lata y envases de regalo. Nuestros dise\u00f1os est\u00e1n pensados para adaptarse a las distintas preferencias y garantizar un atractivo est\u00e9tico que se adapte a la perfecci\u00f3n a su p\u00fablico objetivo.<\/p>\n<h6>Nuestro compromiso de servicio:<\/h6>\n<p>M\u00e1s all\u00e1 de los aperitivos, somos socios comprometidos con el \u00e9xito de su negocio. Aproveche nuestros servicios, incluidas las opciones de venta al por mayor y la personalizaci\u00f3n de sabores y envases. Mejore su oferta con nuestro compromiso con la perfecci\u00f3n. A\u00f1ada nuestros productos a la lista de consultas y espere un presupuesto a medida.<\/p>\n<h6>Diversificar con la producci\u00f3n y venta al por mayor de caramelos:<\/h6>\n<p>Ampl\u00ede su oferta m\u00e1s all\u00e1 de las galletas: explore nuestros servicios de producci\u00f3n y venta al por mayor de caramelos. Nuestra selecci\u00f3n de caramelos incluye caramelos l\u00edquidos, caramelos de juguete, caramelos de goma, chicles, piruletas, malvaviscos y mucho m\u00e1s. Visite nuestro sitio web dedicado a los caramelos en <a href=\"https:\/\/oemcandy.com\/\" target=\"_new\" rel=\"noopener\">https:\/\/oemcandy.com<\/a>. Ampl\u00ede su l\u00ednea de productos y cautive a un p\u00fablico m\u00e1s amplio con nuestras diversas opciones de confiter\u00eda.<\/p>\n<p>\u00danase a nosotros para crear una experiencia de aperitivos y dulces que supere sus expectativas. A\u00f1\u00e1dase a la lista de consultas y espere nuestro presupuesto completo adaptado a las necesidades de su empresa.<\/p>\n<\/div>\n<\/div>\n<\/div>\n<\/div>\n<\/div>\n<\/div>\n<\/div>\n<\/div>\n<\/div>\n<\/div>\n<\/div>\n<\/div>","protected":false},"excerpt":{"rendered":"<p>Presentamos nuestras 12 Galletas Vegetales Crujientes Originales: \u00a1el ep\u00edtome de la delicia salada! Creadas para el paladar del sudeste asi\u00e1tico, estas galletas de verduras redefinen los aperitivos con su crujiente sabor sin igual. Imag\u00ednese galletas finas y cuadradas que tientan su paladar, combinando la bondad de 12 verduras frescas de la huerta. Cada bocado revela una sinfon\u00eda de sabores, una armon\u00eda perfecta de crujido y sabor. Envasado para preservar su frescura, el vibrante dise\u00f1o refleja la alegre esencia del producto. Ideal para comerciantes, agentes, mayoristas, distribuidores, propietarios de marcas y minoristas que buscan una oferta \u00fanica. Aumente su inventario con estas galletas crujientes, imprescindibles para quienes aprecian la calidad. A\u00f1\u00e1dase a la lista de consultas y espere a que le hagamos un presupuesto juntos.<\/p>","protected":false},"featured_media":4164,"comment_status":"open","ping_status":"closed","template":"","meta":{"om_disable_all_campaigns":false},"product_brand":[],"product_cat":[102,108],"product_tag":[349,350,191],"class_list":{"0":"post-4163","1":"product","2":"type-product","3":"status-publish","4":"has-post-thumbnail","6":"product_cat-vegetable-crackers","7":"product_cat-crispy-biscuits","8":"product_tag-crispy-crackers","9":"product_tag-square-thin-biscuits","10":"product_tag-vegetable-biscuit","11":"pa_brand-superviviga","12":"pa_flavor-salty","13":"pa_flavor-spices-herbs","14":"pa_flavor-vegetable","15":"pa_packing-bag","16":"pa_taste-original","17":"pa_taste-salty","18":"pa_texture-crispy","20":"first","21":"instock","22":"downloadable","23":"taxable","24":"shipping-taxable","25":"product-type-simple"},"yoast_head":"<!-- This site is optimized with the Yoast SEO plugin v24.4 - https:\/\/yoast.com\/wordpress\/plugins\/seo\/ -->\n<title>12 Vegetables crisp Original biscuits | Wingoo biscuit Manufacturers<\/title>\n<meta name=\"description\" content=\"Wholesale 12 Vegetables Crisp Original Biscuits! Elevate your inventory with custom options. Irresistible taste awaits. Inquire now for exclusive pricing.\" \/>\n<meta name=\"robots\" content=\"index, follow, max-snippet:-1, max-image-preview:large, max-video-preview:-1\" \/>\n<link rel=\"canonical\" href=\"https:\/\/wingoofoods.com\/es_do\/produto\/12-vegetais-biscoitos-crocantes-originais\/\" \/>\n<meta property=\"og:locale\" content=\"es_ES\" \/>\n<meta property=\"og:type\" content=\"article\" \/>\n<meta property=\"og:title\" content=\"12 Vegetables crisp Original biscuits | Wingoo biscuit Manufacturers\" \/>\n<meta property=\"og:description\" content=\"Wholesale 12 Vegetables Crisp Original Biscuits! Elevate your inventory with custom options. Irresistible taste awaits. Inquire now for exclusive pricing.\" \/>\n<meta property=\"og:url\" content=\"https:\/\/wingoofoods.com\/es_do\/produto\/12-vegetais-biscoitos-crocantes-originais\/\" \/>\n<meta property=\"og:site_name\" content=\"Wingoo biscuit Manufacturers\" \/>\n<meta property=\"article:modified_time\" content=\"2023-12-26T02:23:45+00:00\" \/>\n<meta property=\"og:image\" content=\"https:\/\/wingoofoods.com\/wp-content\/uploads\/2023\/12\/1-16.jpg\" \/>\n\t<meta property=\"og:image:width\" content=\"800\" \/>\n\t<meta property=\"og:image:height\" content=\"800\" \/>\n\t<meta property=\"og:image:type\" content=\"image\/jpeg\" \/>\n<meta name=\"twitter:card\" content=\"summary_large_image\" \/>\n<meta name=\"twitter:label1\" content=\"Est. reading time\" \/>\n\t<meta name=\"twitter:data1\" content=\"2 minutos\" \/>\n<script type=\"application\/ld+json\" class=\"yoast-schema-graph\">{\"@context\":\"https:\/\/schema.org\",\"@graph\":[{\"@type\":\"WebPage\",\"@id\":\"https:\/\/wingoofoods.com\/pt\/produto\/12-vegetais-biscoitos-crocantes-originais\/\",\"url\":\"https:\/\/wingoofoods.com\/pt\/produto\/12-vegetais-biscoitos-crocantes-originais\/\",\"name\":\"12 Vegetables crisp Original biscuits | Wingoo biscuit Manufacturers\",\"isPartOf\":{\"@id\":\"https:\/\/wingoofoods.com\/es_pe\/#website\"},\"primaryImageOfPage\":{\"@id\":\"https:\/\/wingoofoods.com\/pt\/produto\/12-vegetais-biscoitos-crocantes-originais\/#primaryimage\"},\"image\":{\"@id\":\"https:\/\/wingoofoods.com\/pt\/produto\/12-vegetais-biscoitos-crocantes-originais\/#primaryimage\"},\"thumbnailUrl\":\"https:\/\/wingoofoods.com\/wp-content\/uploads\/2023\/12\/1-16.jpg\",\"datePublished\":\"2023-12-04T02:21:26+00:00\",\"dateModified\":\"2023-12-26T02:23:45+00:00\",\"description\":\"Wholesale 12 Vegetables Crisp Original Biscuits! Elevate your inventory with custom options. Irresistible taste awaits. Inquire now for exclusive pricing.\",\"breadcrumb\":{\"@id\":\"https:\/\/wingoofoods.com\/pt\/produto\/12-vegetais-biscoitos-crocantes-originais\/#breadcrumb\"},\"inLanguage\":\"es-DO\",\"potentialAction\":[{\"@type\":\"ReadAction\",\"target\":[\"https:\/\/wingoofoods.com\/pt\/produto\/12-vegetais-biscoitos-crocantes-originais\/\"]}]},{\"@type\":\"ImageObject\",\"inLanguage\":\"es-DO\",\"@id\":\"https:\/\/wingoofoods.com\/pt\/produto\/12-vegetais-biscoitos-crocantes-originais\/#primaryimage\",\"url\":\"https:\/\/wingoofoods.com\/wp-content\/uploads\/2023\/12\/1-16.jpg\",\"contentUrl\":\"https:\/\/wingoofoods.com\/wp-content\/uploads\/2023\/12\/1-16.jpg\",\"width\":800,\"height\":800,\"caption\":\"12 Vegetables crisp Original biscuits\"},{\"@type\":\"BreadcrumbList\",\"@id\":\"https:\/\/wingoofoods.com\/pt\/produto\/12-vegetais-biscoitos-crocantes-originais\/#breadcrumb\",\"itemListElement\":[{\"@type\":\"ListItem\",\"position\":1,\"name\":\"Home\",\"item\":\"https:\/\/wingoofoods.com\/ar\/\"},{\"@type\":\"ListItem\",\"position\":2,\"name\":\"products\",\"item\":\"https:\/\/wingoofoods.com\/ar\/\u0645\u062a\u062c\u0631\/\"},{\"@type\":\"ListItem\",\"position\":3,\"name\":\"12 Vegetables crisp Original biscuits\"}]},{\"@type\":\"WebSite\",\"@id\":\"https:\/\/wingoofoods.com\/es_pe\/#website\",\"url\":\"https:\/\/wingoofoods.com\/es_pe\/\",\"name\":\"Wingoo biscuit Manufacturers\",\"description\":\"Biscuit Manufacturers, Suppliers, Exporters from china shantou largest food factory\",\"publisher\":{\"@id\":\"https:\/\/wingoofoods.com\/es_pe\/#organization\"},\"alternateName\":\"Guangdong Wingoo foods - Official website\",\"potentialAction\":[{\"@type\":\"SearchAction\",\"target\":{\"@type\":\"EntryPoint\",\"urlTemplate\":\"https:\/\/wingoofoods.com\/es_pe\/?s={search_term_string}\"},\"query-input\":{\"@type\":\"PropertyValueSpecification\",\"valueRequired\":true,\"valueName\":\"search_term_string\"}}],\"inLanguage\":\"es-DO\"},{\"@type\":\"Organization\",\"@id\":\"https:\/\/wingoofoods.com\/es_pe\/#organization\",\"name\":\"Wingoo biscuit Manufacturers\",\"url\":\"https:\/\/wingoofoods.com\/es_pe\/\",\"logo\":{\"@type\":\"ImageObject\",\"inLanguage\":\"es-DO\",\"@id\":\"https:\/\/wingoofoods.com\/es_pe\/#\/schema\/logo\/image\/\",\"url\":\"http:\/\/wingoofoods.com\/wp-content\/uploads\/2023\/10\/LOGO.png\",\"contentUrl\":\"http:\/\/wingoofoods.com\/wp-content\/uploads\/2023\/10\/LOGO.png\",\"width\":280,\"height\":72,\"caption\":\"Wingoo biscuit Manufacturers\"},\"image\":{\"@id\":\"https:\/\/wingoofoods.com\/es_pe\/#\/schema\/logo\/image\/\"}}]}<\/script>\n<!-- \/ Yoast SEO plugin. -->","yoast_head_json":{"title":"12 Vegetables crisp Original biscuits | Wingoo biscuit Manufacturers","description":"Wholesale 12 Vegetables Crisp Original Biscuits! Elevate your inventory with custom options. Irresistible taste awaits. Inquire now for exclusive pricing.","robots":{"index":"index","follow":"follow","max-snippet":"max-snippet:-1","max-image-preview":"max-image-preview:large","max-video-preview":"max-video-preview:-1"},"canonical":"https:\/\/wingoofoods.com\/es_do\/produto\/12-vegetais-biscoitos-crocantes-originais\/","og_locale":"es_ES","og_type":"article","og_title":"12 Vegetables crisp Original biscuits | Wingoo biscuit Manufacturers","og_description":"Wholesale 12 Vegetables Crisp Original Biscuits! Elevate your inventory with custom options. Irresistible taste awaits. Inquire now for exclusive pricing.","og_url":"https:\/\/wingoofoods.com\/es_do\/produto\/12-vegetais-biscoitos-crocantes-originais\/","og_site_name":"Wingoo biscuit Manufacturers","article_modified_time":"2023-12-26T02:23:45+00:00","og_image":[{"width":800,"height":800,"url":"https:\/\/wingoofoods.com\/wp-content\/uploads\/2023\/12\/1-16.jpg","type":"image\/jpeg"}],"twitter_card":"summary_large_image","twitter_misc":{"Est. reading time":"2 minutos"},"schema":{"@context":"https:\/\/schema.org","@graph":[{"@type":"WebPage","@id":"https:\/\/wingoofoods.com\/pt\/produto\/12-vegetais-biscoitos-crocantes-originais\/","url":"https:\/\/wingoofoods.com\/pt\/produto\/12-vegetais-biscoitos-crocantes-originais\/","name":"12 Vegetables crisp Original biscuits | Wingoo biscuit Manufacturers","isPartOf":{"@id":"https:\/\/wingoofoods.com\/es_pe\/#website"},"primaryImageOfPage":{"@id":"https:\/\/wingoofoods.com\/pt\/produto\/12-vegetais-biscoitos-crocantes-originais\/#primaryimage"},"image":{"@id":"https:\/\/wingoofoods.com\/pt\/produto\/12-vegetais-biscoitos-crocantes-originais\/#primaryimage"},"thumbnailUrl":"https:\/\/wingoofoods.com\/wp-content\/uploads\/2023\/12\/1-16.jpg","datePublished":"2023-12-04T02:21:26+00:00","dateModified":"2023-12-26T02:23:45+00:00","description":"Wholesale 12 Vegetables Crisp Original Biscuits! Elevate your inventory with custom options. Irresistible taste awaits. Inquire now for exclusive pricing.","breadcrumb":{"@id":"https:\/\/wingoofoods.com\/pt\/produto\/12-vegetais-biscoitos-crocantes-originais\/#breadcrumb"},"inLanguage":"es-DO","potentialAction":[{"@type":"ReadAction","target":["https:\/\/wingoofoods.com\/pt\/produto\/12-vegetais-biscoitos-crocantes-originais\/"]}]},{"@type":"ImageObject","inLanguage":"es-DO","@id":"https:\/\/wingoofoods.com\/pt\/produto\/12-vegetais-biscoitos-crocantes-originais\/#primaryimage","url":"https:\/\/wingoofoods.com\/wp-content\/uploads\/2023\/12\/1-16.jpg","contentUrl":"https:\/\/wingoofoods.com\/wp-content\/uploads\/2023\/12\/1-16.jpg","width":800,"height":800,"caption":"12 Vegetables crisp Original biscuits"},{"@type":"BreadcrumbList","@id":"https:\/\/wingoofoods.com\/pt\/produto\/12-vegetais-biscoitos-crocantes-originais\/#breadcrumb","itemListElement":[{"@type":"ListItem","position":1,"name":"Home","item":"https:\/\/wingoofoods.com\/ar\/"},{"@type":"ListItem","position":2,"name":"products","item":"https:\/\/wingoofoods.com\/ar\/\u0645\u062a\u062c\u0631\/"},{"@type":"ListItem","position":3,"name":"12 Vegetables crisp Original biscuits"}]},{"@type":"WebSite","@id":"https:\/\/wingoofoods.com\/es_pe\/#website","url":"https:\/\/wingoofoods.com\/es_pe\/","name":"Wingoo biscuit Manufacturers","description":"Biscuit Manufacturers, Suppliers, Exporters from china shantou largest food factory","publisher":{"@id":"https:\/\/wingoofoods.com\/es_pe\/#organization"},"alternateName":"Guangdong Wingoo foods - Official website","potentialAction":[{"@type":"SearchAction","target":{"@type":"EntryPoint","urlTemplate":"https:\/\/wingoofoods.com\/es_pe\/?s={search_term_string}"},"query-input":{"@type":"PropertyValueSpecification","valueRequired":true,"valueName":"search_term_string"}}],"inLanguage":"es-DO"},{"@type":"Organization","@id":"https:\/\/wingoofoods.com\/es_pe\/#organization","name":"Wingoo biscuit Manufacturers","url":"https:\/\/wingoofoods.com\/es_pe\/","logo":{"@type":"ImageObject","inLanguage":"es-DO","@id":"https:\/\/wingoofoods.com\/es_pe\/#\/schema\/logo\/image\/","url":"http:\/\/wingoofoods.com\/wp-content\/uploads\/2023\/10\/LOGO.png","contentUrl":"http:\/\/wingoofoods.com\/wp-content\/uploads\/2023\/10\/LOGO.png","width":280,"height":72,"caption":"Wingoo biscuit Manufacturers"},"image":{"@id":"https:\/\/wingoofoods.com\/es_pe\/#\/schema\/logo\/image\/"}}]}},"_links":{"self":[{"href":"https:\/\/wingoofoods.com\/es_do\/wp-json\/wp\/v2\/product\/4163","targetHints":{"allow":["GET"]}}],"collection":[{"href":"https:\/\/wingoofoods.com\/es_do\/wp-json\/wp\/v2\/product"}],"about":[{"href":"https:\/\/wingoofoods.com\/es_do\/wp-json\/wp\/v2\/types\/product"}],"replies":[{"embeddable":true,"href":"https:\/\/wingoofoods.com\/es_do\/wp-json\/wp\/v2\/comments?post=4163"}],"version-history":[{"count":0,"href":"https:\/\/wingoofoods.com\/es_do\/wp-json\/wp\/v2\/product\/4163\/revisions"}],"wp:featuredmedia":[{"embeddable":true,"href":"https:\/\/wingoofoods.com\/es_do\/wp-json\/wp\/v2\/media\/4164"}],"wp:attachment":[{"href":"https:\/\/wingoofoods.com\/es_do\/wp-json\/wp\/v2\/media?parent=4163"}],"wp:term":[{"taxonomy":"product_brand","embeddable":true,"href":"https:\/\/wingoofoods.com\/es_do\/wp-json\/wp\/v2\/product_brand?post=4163"},{"taxonomy":"product_cat","embeddable":true,"href":"https:\/\/wingoofoods.com\/es_do\/wp-json\/wp\/v2\/product_cat?post=4163"},{"taxonomy":"product_tag","embeddable":true,"href":"https:\/\/wingoofoods.com\/es_do\/wp-json\/wp\/v2\/product_tag?post=4163"}],"curies":[{"name":"wp","href":"https:\/\/api.w.org\/{rel}","templated":true}]}}