{"id":2900,"date":"2023-11-13T08:05:36","date_gmt":"2023-11-13T08:05:36","guid":{"rendered":"http:\/\/wingoofoods.com\/?post_type=product&#038;p=2900"},"modified":"2023-12-11T06:52:31","modified_gmt":"2023-12-11T06:52:31","slug":"coffee-biscuits","status":"publish","type":"product","link":"https:\/\/wingoofoods.com\/es_pe\/producto\/galletas-de-cafe\/","title":{"rendered":"Galleta de caf\u00e9"},"content":{"rendered":"<p><img fetchpriority=\"high\" decoding=\"async\" class=\"aligncenter wp-image-2439 size-full\" src=\"http:\/\/wingoofoods.com\/wp-content\/uploads\/2013\/06\/1.webp\" alt=\"\" width=\"800\" height=\"569\" srcset=\"https:\/\/wingoofoods.com\/wp-content\/uploads\/2013\/06\/1.webp 800w, https:\/\/wingoofoods.com\/wp-content\/uploads\/2013\/06\/1-300x213.webp 300w, https:\/\/wingoofoods.com\/wp-content\/uploads\/2013\/06\/1-768x546.webp 768w, https:\/\/wingoofoods.com\/wp-content\/uploads\/2013\/06\/1-600x427.webp 600w\" sizes=\"(max-width: 800px) 100vw, 800px\" \/><\/p>\n<p>&nbsp;<\/p>\n<p><img decoding=\"async\" class=\"alignnone wp-image-2904 size-full\" src=\"http:\/\/wingoofoods.com\/wp-content\/uploads\/2023\/11\/656.jpg\" alt=\"galletas de caf\u00e9\" width=\"800\" height=\"800\" srcset=\"https:\/\/wingoofoods.com\/wp-content\/uploads\/2023\/11\/656.jpg 800w, https:\/\/wingoofoods.com\/wp-content\/uploads\/2023\/11\/656-300x300.jpg 300w, https:\/\/wingoofoods.com\/wp-content\/uploads\/2023\/11\/656-150x150.jpg 150w, https:\/\/wingoofoods.com\/wp-content\/uploads\/2023\/11\/656-768x768.jpg 768w, https:\/\/wingoofoods.com\/wp-content\/uploads\/2023\/11\/656-600x600.jpg 600w, https:\/\/wingoofoods.com\/wp-content\/uploads\/2023\/11\/656-100x100.jpg 100w\" sizes=\"(max-width: 800px) 100vw, 800px\" \/> <img decoding=\"async\" class=\"alignnone wp-image-2903 size-full\" src=\"http:\/\/wingoofoods.com\/wp-content\/uploads\/2023\/11\/98.jpg\" alt=\"galletas de caf\u00e9\" width=\"800\" height=\"800\" srcset=\"https:\/\/wingoofoods.com\/wp-content\/uploads\/2023\/11\/98.jpg 800w, https:\/\/wingoofoods.com\/wp-content\/uploads\/2023\/11\/98-300x300.jpg 300w, https:\/\/wingoofoods.com\/wp-content\/uploads\/2023\/11\/98-150x150.jpg 150w, https:\/\/wingoofoods.com\/wp-content\/uploads\/2023\/11\/98-768x768.jpg 768w, https:\/\/wingoofoods.com\/wp-content\/uploads\/2023\/11\/98-600x600.jpg 600w, https:\/\/wingoofoods.com\/wp-content\/uploads\/2023\/11\/98-100x100.jpg 100w\" sizes=\"(max-width: 800px) 100vw, 800px\" \/> <img loading=\"lazy\" decoding=\"async\" class=\"alignnone wp-image-2902 size-full\" src=\"http:\/\/wingoofoods.com\/wp-content\/uploads\/2023\/11\/087.jpg\" alt=\"galletas de caf\u00e9\" width=\"800\" height=\"800\" srcset=\"https:\/\/wingoofoods.com\/wp-content\/uploads\/2023\/11\/087.jpg 800w, https:\/\/wingoofoods.com\/wp-content\/uploads\/2023\/11\/087-300x300.jpg 300w, https:\/\/wingoofoods.com\/wp-content\/uploads\/2023\/11\/087-150x150.jpg 150w, https:\/\/wingoofoods.com\/wp-content\/uploads\/2023\/11\/087-768x768.jpg 768w, https:\/\/wingoofoods.com\/wp-content\/uploads\/2023\/11\/087-600x600.jpg 600w, https:\/\/wingoofoods.com\/wp-content\/uploads\/2023\/11\/087-100x100.jpg 100w\" sizes=\"(max-width: 800px) 100vw, 800px\" \/><\/p>\n<div class=\"w-full text-token-text-primary\" data-testid=\"conversation-turn-69\">\n<div class=\"px-4 py-2 justify-center text-base md:gap-6 m-auto\">\n<div class=\"flex flex-1 text-base mx-auto gap-3 md:px-5 lg:px-1 xl:px-5 md:max-w-3xl lg:max-w-[40rem] xl:max-w-[48rem] } group\">\n<div class=\"relative flex w-full flex-col lg:w-[calc(100%-115px)] agent-turn\">\n<div class=\"flex-col gap-1 md:gap-3\">\n<div class=\"flex flex-grow flex-col max-w-full\">\n<div class=\"min-h-[20px] text-message flex flex-col items-start gap-3 whitespace-pre-wrap break-words [.text-message+&amp;]:mt-5 overflow-x-auto\" data-message-author-role=\"assistant\" data-message-id=\"aa8d9cf8-5486-4f18-9531-dee46eba25fd\">\n<div class=\"markdown prose w-full break-words dark:prose-invert light\"><\/div>\n<\/div>\n<\/div>\n<\/div>\n<\/div>\n<\/div>\n<\/div>\n<\/div>\n<p>Sobre Coffee Biscuit:<\/p>\n<p>Del\u00e9itese con el encanto arom\u00e1tico de nuestra galleta Coffee Biscuit, una deliciosa fusi\u00f3n de la elegancia del bizcocho y la rica esencia del caf\u00e9. Las texturas bailan entre sensaciones fragantes, crujientes y mantecosas.<\/p>\n<p>Explore una amplia gama de golosinas en nuestro sitio web, con galletas chinas, galletas vegetales, galletas de mermelada, galletas crujientes, galletas de mantequilla, galletas de soda, mochi, aperitivos de cereales, boller\u00eda, patatas fritas, pan y mucho m\u00e1s. Deleite sus papilas gustativas con una variada paleta de sabores, desde queso y original hasta salado, chocolate, vegetal, afrutado, caf\u00e9, crema, dulce, huevo, leche y mucho m\u00e1s.<\/p>\n<p>Sea testigo del arte de la diversidad de envases, que ofrece varios tama\u00f1os y estilos: bolsa, caja, granel, cart\u00f3n, lata, envases de regalo y mucho m\u00e1s. Adaptados a su mercado, nuestros dise\u00f1os cautivan a p\u00fablicos diversos, garantizando la armon\u00eda visual con los tentadores sabores que contienen.<\/p>\n<p>Experimente la excelencia en el servicio, desde las opciones de venta al por mayor hasta la personalizaci\u00f3n de la marca. Eleve su oferta con perfiles de sabor \u00fanicos, envases a medida y soluciones personalizadas.<\/p>\n<p>Adem\u00e1s de nuestra tentadora gama de galletas, ampliamos nuestra experiencia en la producci\u00f3n y venta al por mayor de caramelos. Explore una gran variedad de caramelos, como caramelos l\u00edquidos, caramelos de juguete, caramelos de goma, chicles, piruletas, malvaviscos y mucho m\u00e1s. Visite nuestro sitio web especializado: <a href=\"https:\/\/oemcandy.com\/\" target=\"_new\" rel=\"noopener\">https:\/\/oemcandy.com<\/a> para descubrir el dulce mundo que le ofrecemos.<\/p>\n<p>A\u00f1\u00e1dase a la lista de consulta y espere nuestro presupuesto, embarc\u00e1ndose en un viaje de sofisticaci\u00f3n y dulce indulgencia.<\/p>","protected":false},"excerpt":{"rendered":"<p>Experimente la exquisita delicia de nuestras galletas Shortbread Coffee Biscuits: una mezcla de galletas shortbread de primera calidad, rico sabor a caf\u00e9 y crujiente textura de galleta cracker. Elaboradas para el sudeste asi\u00e1tico, estas delicias encantan a comerciantes, agentes, mayoristas, distribuidores, propietarios de marcas y minoristas. El equilibrio perfecto entre la textura crujiente de la mantequilla y las notas arom\u00e1ticas del caf\u00e9 crean una sinfon\u00eda sensorial. El elegante envase realza el atractivo visual, convirti\u00e9ndolo en la elecci\u00f3n favorita. Eleve su oferta con estas deliciosas galletas de mantequilla. A\u00f1\u00e1dalas a la lista de consulta y espere a que le hagamos una oferta, abriendo as\u00ed un mundo de delicias con caf\u00e9 para sus clientes m\u00e1s exigentes.<\/p>","protected":false},"featured_media":2901,"comment_status":"open","ping_status":"closed","template":"","meta":{"om_disable_all_campaigns":false},"product_brand":[],"product_cat":[108,113],"product_tag":[166,167,165],"class_list":{"0":"post-2900","1":"product","2":"type-product","3":"status-publish","4":"has-post-thumbnail","6":"product_cat-crispy-biscuits","7":"product_cat-coffee-biscuits","8":"product_tag-coffee-cookies","9":"product_tag-cracker-biscuit","10":"product_tag-shortbread-biscuits","11":"pa_brand-half-and-half","12":"pa_flavor-coffee","13":"pa_flavor-original","14":"pa_packing-box","15":"pa_taste-original","16":"pa_texture-crispy","18":"first","19":"instock","20":"downloadable","21":"taxable","22":"shipping-taxable","23":"product-type-simple"},"yoast_head":"<!-- This site is optimized with the Yoast SEO plugin v24.4 - https:\/\/yoast.com\/wordpress\/plugins\/seo\/ -->\n<title>Coffee biscuit | Wingoo biscuit Manufacturers<\/title>\n<meta name=\"description\" content=\"Indulge in the perfect blend of elegance and flavor with our Coffee Biscuit. Elevate your offerings. Inquire for customized delights and pricing.\" \/>\n<meta name=\"robots\" content=\"index, follow, max-snippet:-1, max-image-preview:large, max-video-preview:-1\" \/>\n<link rel=\"canonical\" href=\"https:\/\/wingoofoods.com\/es_pe\/producto\/galletas-de-cafe\/\" \/>\n<meta property=\"og:locale\" content=\"es_ES\" \/>\n<meta property=\"og:type\" content=\"article\" \/>\n<meta property=\"og:title\" content=\"Coffee biscuit | Wingoo biscuit Manufacturers\" \/>\n<meta property=\"og:description\" content=\"Indulge in the perfect blend of elegance and flavor with our Coffee Biscuit. Elevate your offerings. Inquire for customized delights and pricing.\" \/>\n<meta property=\"og:url\" content=\"https:\/\/wingoofoods.com\/es_pe\/producto\/galletas-de-cafe\/\" \/>\n<meta property=\"og:site_name\" content=\"Wingoo biscuit Manufacturers\" \/>\n<meta property=\"article:modified_time\" content=\"2023-12-11T06:52:31+00:00\" \/>\n<meta property=\"og:image\" content=\"https:\/\/wingoofoods.com\/wp-content\/uploads\/2023\/11\/1-3.jpg\" \/>\n\t<meta property=\"og:image:width\" content=\"800\" \/>\n\t<meta property=\"og:image:height\" content=\"800\" \/>\n\t<meta property=\"og:image:type\" content=\"image\/jpeg\" \/>\n<meta name=\"twitter:card\" content=\"summary_large_image\" \/>\n<meta name=\"twitter:label1\" content=\"Est. reading time\" \/>\n\t<meta name=\"twitter:data1\" content=\"2 minutos\" \/>\n<script type=\"application\/ld+json\" class=\"yoast-schema-graph\">{\"@context\":\"https:\/\/schema.org\",\"@graph\":[{\"@type\":\"WebPage\",\"@id\":\"https:\/\/wingoofoods.com\/es_pe\/producto\/galletas-de-cafe\/\",\"url\":\"https:\/\/wingoofoods.com\/es_pe\/producto\/galletas-de-cafe\/\",\"name\":\"Coffee biscuit | Wingoo biscuit Manufacturers\",\"isPartOf\":{\"@id\":\"https:\/\/wingoofoods.com\/es_pe\/#website\"},\"primaryImageOfPage\":{\"@id\":\"https:\/\/wingoofoods.com\/es_pe\/producto\/galletas-de-cafe\/#primaryimage\"},\"image\":{\"@id\":\"https:\/\/wingoofoods.com\/es_pe\/producto\/galletas-de-cafe\/#primaryimage\"},\"thumbnailUrl\":\"https:\/\/wingoofoods.com\/wp-content\/uploads\/2023\/11\/1-3.jpg\",\"datePublished\":\"2023-11-13T08:05:36+00:00\",\"dateModified\":\"2023-12-11T06:52:31+00:00\",\"description\":\"Indulge in the perfect blend of elegance and flavor with our Coffee Biscuit. Elevate your offerings. Inquire for customized delights and pricing.\",\"breadcrumb\":{\"@id\":\"https:\/\/wingoofoods.com\/es_pe\/producto\/galletas-de-cafe\/#breadcrumb\"},\"inLanguage\":\"es-PE\",\"potentialAction\":[{\"@type\":\"ReadAction\",\"target\":[\"https:\/\/wingoofoods.com\/es_pe\/producto\/galletas-de-cafe\/\"]}]},{\"@type\":\"ImageObject\",\"inLanguage\":\"es-PE\",\"@id\":\"https:\/\/wingoofoods.com\/es_pe\/producto\/galletas-de-cafe\/#primaryimage\",\"url\":\"https:\/\/wingoofoods.com\/wp-content\/uploads\/2023\/11\/1-3.jpg\",\"contentUrl\":\"https:\/\/wingoofoods.com\/wp-content\/uploads\/2023\/11\/1-3.jpg\",\"width\":800,\"height\":800,\"caption\":\"coffee biscuits\"},{\"@type\":\"BreadcrumbList\",\"@id\":\"https:\/\/wingoofoods.com\/es_pe\/producto\/galletas-de-cafe\/#breadcrumb\",\"itemListElement\":[{\"@type\":\"ListItem\",\"position\":1,\"name\":\"Home\",\"item\":\"https:\/\/wingoofoods.com\/ar\/\"},{\"@type\":\"ListItem\",\"position\":2,\"name\":\"products\",\"item\":\"https:\/\/wingoofoods.com\/ar\/\u0645\u062a\u062c\u0631\/\"},{\"@type\":\"ListItem\",\"position\":3,\"name\":\"Coffee biscuit\"}]},{\"@type\":\"WebSite\",\"@id\":\"https:\/\/wingoofoods.com\/es_pe\/#website\",\"url\":\"https:\/\/wingoofoods.com\/es_pe\/\",\"name\":\"Wingoo biscuit Manufacturers\",\"description\":\"Biscuit Manufacturers, Suppliers, Exporters from china shantou largest food factory\",\"publisher\":{\"@id\":\"https:\/\/wingoofoods.com\/es_pe\/#organization\"},\"alternateName\":\"Guangdong Wingoo foods - Official website\",\"potentialAction\":[{\"@type\":\"SearchAction\",\"target\":{\"@type\":\"EntryPoint\",\"urlTemplate\":\"https:\/\/wingoofoods.com\/es_pe\/?s={search_term_string}\"},\"query-input\":{\"@type\":\"PropertyValueSpecification\",\"valueRequired\":true,\"valueName\":\"search_term_string\"}}],\"inLanguage\":\"es-PE\"},{\"@type\":\"Organization\",\"@id\":\"https:\/\/wingoofoods.com\/es_pe\/#organization\",\"name\":\"Wingoo biscuit Manufacturers\",\"url\":\"https:\/\/wingoofoods.com\/es_pe\/\",\"logo\":{\"@type\":\"ImageObject\",\"inLanguage\":\"es-PE\",\"@id\":\"https:\/\/wingoofoods.com\/es_pe\/#\/schema\/logo\/image\/\",\"url\":\"http:\/\/wingoofoods.com\/wp-content\/uploads\/2023\/10\/LOGO.png\",\"contentUrl\":\"http:\/\/wingoofoods.com\/wp-content\/uploads\/2023\/10\/LOGO.png\",\"width\":280,\"height\":72,\"caption\":\"Wingoo biscuit Manufacturers\"},\"image\":{\"@id\":\"https:\/\/wingoofoods.com\/es_pe\/#\/schema\/logo\/image\/\"}}]}<\/script>\n<!-- \/ Yoast SEO plugin. -->","yoast_head_json":{"title":"Coffee biscuit | Wingoo biscuit Manufacturers","description":"Indulge in the perfect blend of elegance and flavor with our Coffee Biscuit. Elevate your offerings. Inquire for customized delights and pricing.","robots":{"index":"index","follow":"follow","max-snippet":"max-snippet:-1","max-image-preview":"max-image-preview:large","max-video-preview":"max-video-preview:-1"},"canonical":"https:\/\/wingoofoods.com\/es_pe\/producto\/galletas-de-cafe\/","og_locale":"es_ES","og_type":"article","og_title":"Coffee biscuit | Wingoo biscuit Manufacturers","og_description":"Indulge in the perfect blend of elegance and flavor with our Coffee Biscuit. Elevate your offerings. Inquire for customized delights and pricing.","og_url":"https:\/\/wingoofoods.com\/es_pe\/producto\/galletas-de-cafe\/","og_site_name":"Wingoo biscuit Manufacturers","article_modified_time":"2023-12-11T06:52:31+00:00","og_image":[{"width":800,"height":800,"url":"https:\/\/wingoofoods.com\/wp-content\/uploads\/2023\/11\/1-3.jpg","type":"image\/jpeg"}],"twitter_card":"summary_large_image","twitter_misc":{"Est. reading time":"2 minutos"},"schema":{"@context":"https:\/\/schema.org","@graph":[{"@type":"WebPage","@id":"https:\/\/wingoofoods.com\/es_pe\/producto\/galletas-de-cafe\/","url":"https:\/\/wingoofoods.com\/es_pe\/producto\/galletas-de-cafe\/","name":"Coffee biscuit | Wingoo biscuit Manufacturers","isPartOf":{"@id":"https:\/\/wingoofoods.com\/es_pe\/#website"},"primaryImageOfPage":{"@id":"https:\/\/wingoofoods.com\/es_pe\/producto\/galletas-de-cafe\/#primaryimage"},"image":{"@id":"https:\/\/wingoofoods.com\/es_pe\/producto\/galletas-de-cafe\/#primaryimage"},"thumbnailUrl":"https:\/\/wingoofoods.com\/wp-content\/uploads\/2023\/11\/1-3.jpg","datePublished":"2023-11-13T08:05:36+00:00","dateModified":"2023-12-11T06:52:31+00:00","description":"Indulge in the perfect blend of elegance and flavor with our Coffee Biscuit. Elevate your offerings. Inquire for customized delights and pricing.","breadcrumb":{"@id":"https:\/\/wingoofoods.com\/es_pe\/producto\/galletas-de-cafe\/#breadcrumb"},"inLanguage":"es-PE","potentialAction":[{"@type":"ReadAction","target":["https:\/\/wingoofoods.com\/es_pe\/producto\/galletas-de-cafe\/"]}]},{"@type":"ImageObject","inLanguage":"es-PE","@id":"https:\/\/wingoofoods.com\/es_pe\/producto\/galletas-de-cafe\/#primaryimage","url":"https:\/\/wingoofoods.com\/wp-content\/uploads\/2023\/11\/1-3.jpg","contentUrl":"https:\/\/wingoofoods.com\/wp-content\/uploads\/2023\/11\/1-3.jpg","width":800,"height":800,"caption":"coffee biscuits"},{"@type":"BreadcrumbList","@id":"https:\/\/wingoofoods.com\/es_pe\/producto\/galletas-de-cafe\/#breadcrumb","itemListElement":[{"@type":"ListItem","position":1,"name":"Home","item":"https:\/\/wingoofoods.com\/ar\/"},{"@type":"ListItem","position":2,"name":"products","item":"https:\/\/wingoofoods.com\/ar\/\u0645\u062a\u062c\u0631\/"},{"@type":"ListItem","position":3,"name":"Coffee biscuit"}]},{"@type":"WebSite","@id":"https:\/\/wingoofoods.com\/es_pe\/#website","url":"https:\/\/wingoofoods.com\/es_pe\/","name":"Wingoo biscuit Manufacturers","description":"Biscuit Manufacturers, Suppliers, Exporters from china shantou largest food factory","publisher":{"@id":"https:\/\/wingoofoods.com\/es_pe\/#organization"},"alternateName":"Guangdong Wingoo foods - Official website","potentialAction":[{"@type":"SearchAction","target":{"@type":"EntryPoint","urlTemplate":"https:\/\/wingoofoods.com\/es_pe\/?s={search_term_string}"},"query-input":{"@type":"PropertyValueSpecification","valueRequired":true,"valueName":"search_term_string"}}],"inLanguage":"es-PE"},{"@type":"Organization","@id":"https:\/\/wingoofoods.com\/es_pe\/#organization","name":"Wingoo biscuit Manufacturers","url":"https:\/\/wingoofoods.com\/es_pe\/","logo":{"@type":"ImageObject","inLanguage":"es-PE","@id":"https:\/\/wingoofoods.com\/es_pe\/#\/schema\/logo\/image\/","url":"http:\/\/wingoofoods.com\/wp-content\/uploads\/2023\/10\/LOGO.png","contentUrl":"http:\/\/wingoofoods.com\/wp-content\/uploads\/2023\/10\/LOGO.png","width":280,"height":72,"caption":"Wingoo biscuit Manufacturers"},"image":{"@id":"https:\/\/wingoofoods.com\/es_pe\/#\/schema\/logo\/image\/"}}]}},"_links":{"self":[{"href":"https:\/\/wingoofoods.com\/es_pe\/wp-json\/wp\/v2\/product\/2900","targetHints":{"allow":["GET"]}}],"collection":[{"href":"https:\/\/wingoofoods.com\/es_pe\/wp-json\/wp\/v2\/product"}],"about":[{"href":"https:\/\/wingoofoods.com\/es_pe\/wp-json\/wp\/v2\/types\/product"}],"replies":[{"embeddable":true,"href":"https:\/\/wingoofoods.com\/es_pe\/wp-json\/wp\/v2\/comments?post=2900"}],"version-history":[{"count":0,"href":"https:\/\/wingoofoods.com\/es_pe\/wp-json\/wp\/v2\/product\/2900\/revisions"}],"wp:featuredmedia":[{"embeddable":true,"href":"https:\/\/wingoofoods.com\/es_pe\/wp-json\/wp\/v2\/media\/2901"}],"wp:attachment":[{"href":"https:\/\/wingoofoods.com\/es_pe\/wp-json\/wp\/v2\/media?parent=2900"}],"wp:term":[{"taxonomy":"product_brand","embeddable":true,"href":"https:\/\/wingoofoods.com\/es_pe\/wp-json\/wp\/v2\/product_brand?post=2900"},{"taxonomy":"product_cat","embeddable":true,"href":"https:\/\/wingoofoods.com\/es_pe\/wp-json\/wp\/v2\/product_cat?post=2900"},{"taxonomy":"product_tag","embeddable":true,"href":"https:\/\/wingoofoods.com\/es_pe\/wp-json\/wp\/v2\/product_tag?post=2900"}],"curies":[{"name":"wp","href":"https:\/\/api.w.org\/{rel}","templated":true}]}}