{"id":4224,"date":"2023-12-06T06:24:28","date_gmt":"2023-12-06T06:24:28","guid":{"rendered":"http:\/\/wingoofoods.com\/?post_type=product&#038;p=4224"},"modified":"2023-12-14T01:40:09","modified_gmt":"2023-12-14T01:40:09","slug":"wingoo-coffee-cookie","status":"publish","type":"product","link":"https:\/\/wingoofoods.com\/es_pe\/producto\/galleta-de-cafe-wingoo\/","title":{"rendered":"Galleta de caf\u00e9 Wingoo"},"content":{"rendered":"<p><img fetchpriority=\"high\" decoding=\"async\" class=\"aligncenter wp-image-2439 size-full\" src=\"http:\/\/wingoofoods.com\/wp-content\/uploads\/2013\/06\/1.webp\" alt=\"\" width=\"800\" height=\"569\" srcset=\"https:\/\/wingoofoods.com\/wp-content\/uploads\/2013\/06\/1.webp 800w, https:\/\/wingoofoods.com\/wp-content\/uploads\/2013\/06\/1-300x213.webp 300w, https:\/\/wingoofoods.com\/wp-content\/uploads\/2013\/06\/1-768x546.webp 768w, https:\/\/wingoofoods.com\/wp-content\/uploads\/2013\/06\/1-600x427.webp 600w\" sizes=\"(max-width: 800px) 100vw, 800px\" \/><\/p>\n<p><img decoding=\"async\" class=\"alignnone wp-image-4228 size-full\" src=\"http:\/\/wingoofoods.com\/wp-content\/uploads\/2023\/12\/11.jpg\" alt=\"galletas finas \" width=\"1000\" height=\"1000\" srcset=\"https:\/\/wingoofoods.com\/wp-content\/uploads\/2023\/12\/11.jpg 1000w, https:\/\/wingoofoods.com\/wp-content\/uploads\/2023\/12\/11-300x300.jpg 300w, https:\/\/wingoofoods.com\/wp-content\/uploads\/2023\/12\/11-150x150.jpg 150w, https:\/\/wingoofoods.com\/wp-content\/uploads\/2023\/12\/11-768x768.jpg 768w, https:\/\/wingoofoods.com\/wp-content\/uploads\/2023\/12\/11-600x600.jpg 600w, https:\/\/wingoofoods.com\/wp-content\/uploads\/2023\/12\/11-100x100.jpg 100w\" sizes=\"(max-width: 1000px) 100vw, 1000px\" \/><img decoding=\"async\" class=\"alignnone wp-image-4227 size-full\" src=\"http:\/\/wingoofoods.com\/wp-content\/uploads\/2023\/12\/66.jpg\" alt=\"Galleta de caf\u00e9 Wingoo\" width=\"1000\" height=\"1000\" srcset=\"https:\/\/wingoofoods.com\/wp-content\/uploads\/2023\/12\/66.jpg 1000w, https:\/\/wingoofoods.com\/wp-content\/uploads\/2023\/12\/66-300x300.jpg 300w, https:\/\/wingoofoods.com\/wp-content\/uploads\/2023\/12\/66-150x150.jpg 150w, https:\/\/wingoofoods.com\/wp-content\/uploads\/2023\/12\/66-768x768.jpg 768w, https:\/\/wingoofoods.com\/wp-content\/uploads\/2023\/12\/66-600x600.jpg 600w, https:\/\/wingoofoods.com\/wp-content\/uploads\/2023\/12\/66-100x100.jpg 100w\" sizes=\"(max-width: 1000px) 100vw, 1000px\" \/> <img loading=\"lazy\" decoding=\"async\" class=\"alignnone wp-image-4226 size-full\" src=\"http:\/\/wingoofoods.com\/wp-content\/uploads\/2023\/12\/44.jpg\" alt=\"Galleta de caf\u00e9 Wingoo\" width=\"1000\" height=\"1000\" srcset=\"https:\/\/wingoofoods.com\/wp-content\/uploads\/2023\/12\/44.jpg 1000w, https:\/\/wingoofoods.com\/wp-content\/uploads\/2023\/12\/44-300x300.jpg 300w, https:\/\/wingoofoods.com\/wp-content\/uploads\/2023\/12\/44-150x150.jpg 150w, https:\/\/wingoofoods.com\/wp-content\/uploads\/2023\/12\/44-768x768.jpg 768w, https:\/\/wingoofoods.com\/wp-content\/uploads\/2023\/12\/44-600x600.jpg 600w, https:\/\/wingoofoods.com\/wp-content\/uploads\/2023\/12\/44-100x100.jpg 100w\" sizes=\"(max-width: 1000px) 100vw, 1000px\" \/><\/p>\n<p>Acerca de Wingoo Coffee Cookie:<\/p>\n<p>Emb\u00e1rquese en un viaje sensorial con Wingoo Coffee Cookie, una sinfon\u00eda de sabores que combina crujiente, arom\u00e1tica esencia de caf\u00e9 y delicadas y finas galletas. Esta delicia del sudeste asi\u00e1tico est\u00e1 dise\u00f1ada para cautivar a comerciantes, agentes, mayoristas, distribuidores, propietarios de marcas y minoristas.<\/p>\n<p>Del\u00e9itese con nuestra variada gama de productos:<\/p>\n<p>Explore una gran variedad de galletas chinas, galletas vegetales, galletas de mermelada, galletas crujientes, galletas de mantequilla, galletas de soda, mochi, aperitivos de cereales, pasteler\u00eda, patatas fritas, pan y mucho m\u00e1s. Del\u00e9itese con la variedad de sabores de queso, original, salado, chocolate, vegetal, afrutado, caf\u00e9, nata, dulce, huevo, leche y otros tentadores sabores.<\/p>\n<p>Experimente la diversidad de envases dise\u00f1ados para su mercado:<\/p>\n<p>Adaptadas a sus preferencias y a su clientela, ofrecemos opciones de envasado como bolsa, caja, granel, cart\u00f3n, lata, envase de regalo, etc. Cada dise\u00f1o se ajusta a la est\u00e9tica del mercado, garantizando un atractivo complemento visual al excepcional sabor de nuestras golosinas.<\/p>\n<p>Descubra nuestros completos servicios:<\/p>\n<p>Adem\u00e1s de productos, ofrecemos opciones de venta al por mayor y servicios de personalizaci\u00f3n. Adapte los sabores y el envasado a sus especificaciones exclusivas. Nuestro compromiso con la excelencia se extiende a la personalizaci\u00f3n de la marca, ofreciendo un toque personalizado que resuena con su p\u00fablico objetivo. Eleve su oferta con nuestra experiencia en la personalizaci\u00f3n de sabores y envases al por mayor y a medida.<\/p>\n<p>Explore nuestro mundo de confiter\u00eda:<\/p>\n<p>Ampl\u00ede su oferta con nuestra variada gama de caramelos, que incluye caramelos l\u00edquidos, caramelos de juguete, caramelos de goma, chicles, piruletas, malvaviscos y mucho m\u00e1s. Visite nuestro sitio web dedicado a los caramelos en <a href=\"https:\/\/oemcandy.com\/\" target=\"_new\" rel=\"noopener\">https:\/\/oemcandy.com<\/a> para descubrir la amplia gama de delicias dulces. Mejore su negocio con nuestra experiencia en confiter\u00eda, que le ofrece una soluci\u00f3n integral para galletas y caramelos.<\/p>\n<p>A\u00f1ada Wingoo Coffee Cookie a su lista de consultas y espere nuestro presupuesto. \u00danase a nosotros para saborear el \u00e9xito con las deliciosas golosinas de Wingoo y explore las dulces posibilidades de nuestra l\u00ednea de confiter\u00eda.<\/p>","protected":false},"excerpt":{"rendered":"<p>Presentamos Wingoo Coffee Cookie, una fusi\u00f3n de delicias con galletas crujientes, galleta de caf\u00e9 y galletas finas. Creada para el sudeste asi\u00e1tico, cautiva a comerciantes, agentes, mayoristas, distribuidores, propietarios de marcas y minoristas. Del\u00e9itese con su incomparable textura crujiente, una sinfon\u00eda de sabores impregnados de caf\u00e9 y la elegancia de las galletas finas. El envase, dise\u00f1ado para la est\u00e9tica de la regi\u00f3n, complementa el sabor de primera calidad. Eleve su oferta con Wingoo, una aventura culinaria adorada por quienes buscan calidad. Ap\u00fantese a la lista de consultas y espere a que coticemos juntos, ya que le invitamos a saborear el \u00e9xito con Wingoo Coffee Cookie.<\/p>","protected":false},"featured_media":4225,"comment_status":"open","ping_status":"closed","template":"","meta":{"om_disable_all_campaigns":false},"product_brand":[],"product_cat":[108,113],"product_tag":[361,349,297],"class_list":{"0":"post-4224","1":"product","2":"type-product","3":"status-publish","4":"has-post-thumbnail","6":"product_cat-crispy-biscuits","7":"product_cat-coffee-biscuits","8":"product_tag-coffee-biscuit","9":"product_tag-crispy-crackers","10":"product_tag-thin-biscuits","11":"pa_brand-wingoo","12":"pa_flavor-coffee","13":"pa_flavor-salty","14":"pa_flavor-spices-herbs","15":"pa_packing-box","16":"pa_taste-original","17":"pa_texture-crispy","19":"first","20":"instock","21":"downloadable","22":"taxable","23":"shipping-taxable","24":"product-type-simple"},"yoast_head":"<!-- This site is optimized with the Yoast SEO plugin v24.4 - https:\/\/yoast.com\/wordpress\/plugins\/seo\/ -->\n<title>Wingoo Coffee Cookie | Wingoo biscuit Manufacturers<\/title>\n<meta name=\"description\" content=\"Wholesale exquisite Wingoo Coffee Cookies! Elevate your offerings with custom flavors and packaging. Inquire now for a delightful quote.\" \/>\n<meta name=\"robots\" content=\"index, follow, max-snippet:-1, max-image-preview:large, max-video-preview:-1\" \/>\n<link rel=\"canonical\" href=\"https:\/\/wingoofoods.com\/es_pe\/product\/wingoo-coffee-cookie\/\" \/>\n<meta property=\"og:locale\" content=\"es_ES\" \/>\n<meta property=\"og:type\" content=\"article\" \/>\n<meta property=\"og:title\" content=\"Wingoo Coffee Cookie | Wingoo biscuit Manufacturers\" \/>\n<meta property=\"og:description\" content=\"Wholesale exquisite Wingoo Coffee Cookies! Elevate your offerings with custom flavors and packaging. Inquire now for a delightful quote.\" \/>\n<meta property=\"og:url\" content=\"https:\/\/wingoofoods.com\/es_pe\/product\/wingoo-coffee-cookie\/\" \/>\n<meta property=\"og:site_name\" content=\"Wingoo biscuit Manufacturers\" \/>\n<meta property=\"article:modified_time\" content=\"2023-12-14T01:40:09+00:00\" \/>\n<meta property=\"og:image\" content=\"https:\/\/wingoofoods.com\/wp-content\/uploads\/2023\/12\/7-1.jpg\" \/>\n\t<meta property=\"og:image:width\" content=\"1000\" \/>\n\t<meta property=\"og:image:height\" content=\"1000\" \/>\n\t<meta property=\"og:image:type\" content=\"image\/jpeg\" \/>\n<meta name=\"twitter:card\" content=\"summary_large_image\" \/>\n<meta name=\"twitter:label1\" content=\"Est. reading time\" \/>\n\t<meta name=\"twitter:data1\" content=\"3 minutos\" \/>\n<script type=\"application\/ld+json\" class=\"yoast-schema-graph\">{\"@context\":\"https:\/\/schema.org\",\"@graph\":[{\"@type\":\"WebPage\",\"@id\":\"https:\/\/wingoofoods.com\/ms\/product\/wingoo-coffee-cookie\/\",\"url\":\"https:\/\/wingoofoods.com\/ms\/product\/wingoo-coffee-cookie\/\",\"name\":\"Wingoo Coffee Cookie | Wingoo biscuit Manufacturers\",\"isPartOf\":{\"@id\":\"https:\/\/wingoofoods.com\/es_pe\/#website\"},\"primaryImageOfPage\":{\"@id\":\"https:\/\/wingoofoods.com\/ms\/product\/wingoo-coffee-cookie\/#primaryimage\"},\"image\":{\"@id\":\"https:\/\/wingoofoods.com\/ms\/product\/wingoo-coffee-cookie\/#primaryimage\"},\"thumbnailUrl\":\"https:\/\/wingoofoods.com\/wp-content\/uploads\/2023\/12\/7-1.jpg\",\"datePublished\":\"2023-12-06T06:24:28+00:00\",\"dateModified\":\"2023-12-14T01:40:09+00:00\",\"description\":\"Wholesale exquisite Wingoo Coffee Cookies! Elevate your offerings with custom flavors and packaging. Inquire now for a delightful quote.\",\"breadcrumb\":{\"@id\":\"https:\/\/wingoofoods.com\/ms\/product\/wingoo-coffee-cookie\/#breadcrumb\"},\"inLanguage\":\"es-PE\",\"potentialAction\":[{\"@type\":\"ReadAction\",\"target\":[\"https:\/\/wingoofoods.com\/ms\/product\/wingoo-coffee-cookie\/\"]}]},{\"@type\":\"ImageObject\",\"inLanguage\":\"es-PE\",\"@id\":\"https:\/\/wingoofoods.com\/ms\/product\/wingoo-coffee-cookie\/#primaryimage\",\"url\":\"https:\/\/wingoofoods.com\/wp-content\/uploads\/2023\/12\/7-1.jpg\",\"contentUrl\":\"https:\/\/wingoofoods.com\/wp-content\/uploads\/2023\/12\/7-1.jpg\",\"width\":1000,\"height\":1000,\"caption\":\"Wingoo Coffee Cookie\"},{\"@type\":\"BreadcrumbList\",\"@id\":\"https:\/\/wingoofoods.com\/ms\/product\/wingoo-coffee-cookie\/#breadcrumb\",\"itemListElement\":[{\"@type\":\"ListItem\",\"position\":1,\"name\":\"Home\",\"item\":\"https:\/\/wingoofoods.com\/ar\/\"},{\"@type\":\"ListItem\",\"position\":2,\"name\":\"products\",\"item\":\"https:\/\/wingoofoods.com\/ar\/\u0645\u062a\u062c\u0631\/\"},{\"@type\":\"ListItem\",\"position\":3,\"name\":\"Wingoo Coffee Cookie\"}]},{\"@type\":\"WebSite\",\"@id\":\"https:\/\/wingoofoods.com\/es_pe\/#website\",\"url\":\"https:\/\/wingoofoods.com\/es_pe\/\",\"name\":\"Wingoo biscuit Manufacturers\",\"description\":\"Biscuit Manufacturers, Suppliers, Exporters from china shantou largest food factory\",\"publisher\":{\"@id\":\"https:\/\/wingoofoods.com\/es_pe\/#organization\"},\"alternateName\":\"Guangdong Wingoo foods - Official website\",\"potentialAction\":[{\"@type\":\"SearchAction\",\"target\":{\"@type\":\"EntryPoint\",\"urlTemplate\":\"https:\/\/wingoofoods.com\/es_pe\/?s={search_term_string}\"},\"query-input\":{\"@type\":\"PropertyValueSpecification\",\"valueRequired\":true,\"valueName\":\"search_term_string\"}}],\"inLanguage\":\"es-PE\"},{\"@type\":\"Organization\",\"@id\":\"https:\/\/wingoofoods.com\/es_pe\/#organization\",\"name\":\"Wingoo biscuit Manufacturers\",\"url\":\"https:\/\/wingoofoods.com\/es_pe\/\",\"logo\":{\"@type\":\"ImageObject\",\"inLanguage\":\"es-PE\",\"@id\":\"https:\/\/wingoofoods.com\/es_pe\/#\/schema\/logo\/image\/\",\"url\":\"http:\/\/wingoofoods.com\/wp-content\/uploads\/2023\/10\/LOGO.png\",\"contentUrl\":\"http:\/\/wingoofoods.com\/wp-content\/uploads\/2023\/10\/LOGO.png\",\"width\":280,\"height\":72,\"caption\":\"Wingoo biscuit Manufacturers\"},\"image\":{\"@id\":\"https:\/\/wingoofoods.com\/es_pe\/#\/schema\/logo\/image\/\"}}]}<\/script>\n<!-- \/ Yoast SEO plugin. -->","yoast_head_json":{"title":"Wingoo Coffee Cookie | Wingoo biscuit Manufacturers","description":"Wholesale exquisite Wingoo Coffee Cookies! Elevate your offerings with custom flavors and packaging. Inquire now for a delightful quote.","robots":{"index":"index","follow":"follow","max-snippet":"max-snippet:-1","max-image-preview":"max-image-preview:large","max-video-preview":"max-video-preview:-1"},"canonical":"https:\/\/wingoofoods.com\/es_pe\/product\/wingoo-coffee-cookie\/","og_locale":"es_ES","og_type":"article","og_title":"Wingoo Coffee Cookie | Wingoo biscuit Manufacturers","og_description":"Wholesale exquisite Wingoo Coffee Cookies! Elevate your offerings with custom flavors and packaging. Inquire now for a delightful quote.","og_url":"https:\/\/wingoofoods.com\/es_pe\/product\/wingoo-coffee-cookie\/","og_site_name":"Wingoo biscuit Manufacturers","article_modified_time":"2023-12-14T01:40:09+00:00","og_image":[{"width":1000,"height":1000,"url":"https:\/\/wingoofoods.com\/wp-content\/uploads\/2023\/12\/7-1.jpg","type":"image\/jpeg"}],"twitter_card":"summary_large_image","twitter_misc":{"Est. reading time":"3 minutos"},"schema":{"@context":"https:\/\/schema.org","@graph":[{"@type":"WebPage","@id":"https:\/\/wingoofoods.com\/ms\/product\/wingoo-coffee-cookie\/","url":"https:\/\/wingoofoods.com\/ms\/product\/wingoo-coffee-cookie\/","name":"Wingoo Coffee Cookie | Wingoo biscuit Manufacturers","isPartOf":{"@id":"https:\/\/wingoofoods.com\/es_pe\/#website"},"primaryImageOfPage":{"@id":"https:\/\/wingoofoods.com\/ms\/product\/wingoo-coffee-cookie\/#primaryimage"},"image":{"@id":"https:\/\/wingoofoods.com\/ms\/product\/wingoo-coffee-cookie\/#primaryimage"},"thumbnailUrl":"https:\/\/wingoofoods.com\/wp-content\/uploads\/2023\/12\/7-1.jpg","datePublished":"2023-12-06T06:24:28+00:00","dateModified":"2023-12-14T01:40:09+00:00","description":"Wholesale exquisite Wingoo Coffee Cookies! Elevate your offerings with custom flavors and packaging. Inquire now for a delightful quote.","breadcrumb":{"@id":"https:\/\/wingoofoods.com\/ms\/product\/wingoo-coffee-cookie\/#breadcrumb"},"inLanguage":"es-PE","potentialAction":[{"@type":"ReadAction","target":["https:\/\/wingoofoods.com\/ms\/product\/wingoo-coffee-cookie\/"]}]},{"@type":"ImageObject","inLanguage":"es-PE","@id":"https:\/\/wingoofoods.com\/ms\/product\/wingoo-coffee-cookie\/#primaryimage","url":"https:\/\/wingoofoods.com\/wp-content\/uploads\/2023\/12\/7-1.jpg","contentUrl":"https:\/\/wingoofoods.com\/wp-content\/uploads\/2023\/12\/7-1.jpg","width":1000,"height":1000,"caption":"Wingoo Coffee Cookie"},{"@type":"BreadcrumbList","@id":"https:\/\/wingoofoods.com\/ms\/product\/wingoo-coffee-cookie\/#breadcrumb","itemListElement":[{"@type":"ListItem","position":1,"name":"Home","item":"https:\/\/wingoofoods.com\/ar\/"},{"@type":"ListItem","position":2,"name":"products","item":"https:\/\/wingoofoods.com\/ar\/\u0645\u062a\u062c\u0631\/"},{"@type":"ListItem","position":3,"name":"Wingoo Coffee Cookie"}]},{"@type":"WebSite","@id":"https:\/\/wingoofoods.com\/es_pe\/#website","url":"https:\/\/wingoofoods.com\/es_pe\/","name":"Wingoo biscuit Manufacturers","description":"Biscuit Manufacturers, Suppliers, Exporters from china shantou largest food factory","publisher":{"@id":"https:\/\/wingoofoods.com\/es_pe\/#organization"},"alternateName":"Guangdong Wingoo foods - Official website","potentialAction":[{"@type":"SearchAction","target":{"@type":"EntryPoint","urlTemplate":"https:\/\/wingoofoods.com\/es_pe\/?s={search_term_string}"},"query-input":{"@type":"PropertyValueSpecification","valueRequired":true,"valueName":"search_term_string"}}],"inLanguage":"es-PE"},{"@type":"Organization","@id":"https:\/\/wingoofoods.com\/es_pe\/#organization","name":"Wingoo biscuit Manufacturers","url":"https:\/\/wingoofoods.com\/es_pe\/","logo":{"@type":"ImageObject","inLanguage":"es-PE","@id":"https:\/\/wingoofoods.com\/es_pe\/#\/schema\/logo\/image\/","url":"http:\/\/wingoofoods.com\/wp-content\/uploads\/2023\/10\/LOGO.png","contentUrl":"http:\/\/wingoofoods.com\/wp-content\/uploads\/2023\/10\/LOGO.png","width":280,"height":72,"caption":"Wingoo biscuit Manufacturers"},"image":{"@id":"https:\/\/wingoofoods.com\/es_pe\/#\/schema\/logo\/image\/"}}]}},"_links":{"self":[{"href":"https:\/\/wingoofoods.com\/es_pe\/wp-json\/wp\/v2\/product\/4224","targetHints":{"allow":["GET"]}}],"collection":[{"href":"https:\/\/wingoofoods.com\/es_pe\/wp-json\/wp\/v2\/product"}],"about":[{"href":"https:\/\/wingoofoods.com\/es_pe\/wp-json\/wp\/v2\/types\/product"}],"replies":[{"embeddable":true,"href":"https:\/\/wingoofoods.com\/es_pe\/wp-json\/wp\/v2\/comments?post=4224"}],"version-history":[{"count":0,"href":"https:\/\/wingoofoods.com\/es_pe\/wp-json\/wp\/v2\/product\/4224\/revisions"}],"wp:featuredmedia":[{"embeddable":true,"href":"https:\/\/wingoofoods.com\/es_pe\/wp-json\/wp\/v2\/media\/4225"}],"wp:attachment":[{"href":"https:\/\/wingoofoods.com\/es_pe\/wp-json\/wp\/v2\/media?parent=4224"}],"wp:term":[{"taxonomy":"product_brand","embeddable":true,"href":"https:\/\/wingoofoods.com\/es_pe\/wp-json\/wp\/v2\/product_brand?post=4224"},{"taxonomy":"product_cat","embeddable":true,"href":"https:\/\/wingoofoods.com\/es_pe\/wp-json\/wp\/v2\/product_cat?post=4224"},{"taxonomy":"product_tag","embeddable":true,"href":"https:\/\/wingoofoods.com\/es_pe\/wp-json\/wp\/v2\/product_tag?post=4224"}],"curies":[{"name":"wp","href":"https:\/\/api.w.org\/{rel}","templated":true}]}}