{"id":2930,"date":"2023-11-13T09:06:01","date_gmt":"2023-11-13T09:06:01","guid":{"rendered":"http:\/\/wingoofoods.com\/?post_type=product&#038;p=2930"},"modified":"2023-12-11T08:03:32","modified_gmt":"2023-12-11T08:03:32","slug":"sea-salt-biscuit-cucumber-flavored","status":"publish","type":"product","link":"https:\/\/wingoofoods.com\/pt\/produto\/biscoito-de-sal-marinho-com-sabor-a-pepino\/","title":{"rendered":"Biscoito de sal marinho com sabor a pepino"},"content":{"rendered":"<p><img fetchpriority=\"high\" decoding=\"async\" class=\"aligncenter wp-image-2439 size-full\" src=\"http:\/\/wingoofoods.com\/wp-content\/uploads\/2013\/06\/1.webp\" alt=\"\" width=\"800\" height=\"569\" srcset=\"https:\/\/wingoofoods.com\/wp-content\/uploads\/2013\/06\/1.webp 800w, https:\/\/wingoofoods.com\/wp-content\/uploads\/2013\/06\/1-300x213.webp 300w, https:\/\/wingoofoods.com\/wp-content\/uploads\/2013\/06\/1-768x546.webp 768w, https:\/\/wingoofoods.com\/wp-content\/uploads\/2013\/06\/1-600x427.webp 600w\" sizes=\"(max-width: 800px) 100vw, 800px\" \/><\/p>\n<p><img decoding=\"async\" class=\"alignnone wp-image-2926 size-full\" src=\"http:\/\/wingoofoods.com\/wp-content\/uploads\/2023\/11\/355.jpg\" alt=\"Biscoito de sal marinho\" width=\"800\" height=\"800\" srcset=\"https:\/\/wingoofoods.com\/wp-content\/uploads\/2023\/11\/355.jpg 800w, https:\/\/wingoofoods.com\/wp-content\/uploads\/2023\/11\/355-300x300.jpg 300w, https:\/\/wingoofoods.com\/wp-content\/uploads\/2023\/11\/355-150x150.jpg 150w, https:\/\/wingoofoods.com\/wp-content\/uploads\/2023\/11\/355-768x768.jpg 768w, https:\/\/wingoofoods.com\/wp-content\/uploads\/2023\/11\/355-600x600.jpg 600w, https:\/\/wingoofoods.com\/wp-content\/uploads\/2023\/11\/355-100x100.jpg 100w\" sizes=\"(max-width: 800px) 100vw, 800px\" \/><img decoding=\"async\" class=\"alignnone wp-image-2925 size-full\" src=\"http:\/\/wingoofoods.com\/wp-content\/uploads\/2023\/11\/12.jpg\" alt=\"Biscoito de sal marinho\" width=\"800\" height=\"800\" srcset=\"https:\/\/wingoofoods.com\/wp-content\/uploads\/2023\/11\/12.jpg 800w, https:\/\/wingoofoods.com\/wp-content\/uploads\/2023\/11\/12-300x300.jpg 300w, https:\/\/wingoofoods.com\/wp-content\/uploads\/2023\/11\/12-150x150.jpg 150w, https:\/\/wingoofoods.com\/wp-content\/uploads\/2023\/11\/12-768x768.jpg 768w, https:\/\/wingoofoods.com\/wp-content\/uploads\/2023\/11\/12-600x600.jpg 600w, https:\/\/wingoofoods.com\/wp-content\/uploads\/2023\/11\/12-100x100.jpg 100w\" sizes=\"(max-width: 800px) 100vw, 800px\" \/><\/p>\n<p>Sobre o biscoito de sal marinho com sabor a pepino:<\/p>\n<p>Embarque numa viagem sensorial com a nossa bolacha de sal marinho com sabor a pepino - uma del\u00edcia culin\u00e1ria que combina a croc\u00e2ncia das bolachas quadradas com uma mistura tentadora de sal marinho e uma ess\u00eancia refrescante de pepino. Delicie-se com uma sinfonia de texturas - perfumadas, estaladi\u00e7as e irresistivelmente macias - uma experi\u00eancia harmoniosa para os paladares do Sudeste Asi\u00e1tico.<\/p>\n<p>Mergulhe na nossa gama diversificada de produtos, um ep\u00edtome do nosso compromisso com a excel\u00eancia. Desde bolachas de estilo chin\u00eas a bolachas de vegetais, biscoitos de compota a biscoitos estaladi\u00e7os, e muito mais, oferecemos um vasto leque de escolhas. A nossa gama inclui Queijo, Original, Salgado, Chocolate, Vegetal, Frutado, Caf\u00e9, Nata, Doce, Ovo, Leite e muito mais - garantindo um sabor para cada paladar exigente.<\/p>\n<p>Explore connosco a arte da embalagem, concebida para satisfazer as necessidades de diversos mercados e clientes. Escolha entre Sacos, Caixas, A granel, Caixas de cart\u00e3o, Latas, Embalagens para oferta e outras op\u00e7\u00f5es de embalagem, cada uma delas concebida para se adequar a p\u00fablicos-alvo espec\u00edficos. O nosso compromisso vai para al\u00e9m da variedade e da personaliza\u00e7\u00e3o, assegurando uma adapta\u00e7\u00e3o perfeita a cada prefer\u00eancia e ocasi\u00e3o.<\/p>\n<p>A complementar o nosso leque de ofertas est\u00e1 um conjunto de servi\u00e7os, incluindo op\u00e7\u00f5es de venda por grosso e marcas personalizadas. Adapte os sabores, as embalagens e a marca \u00e0s suas especifica\u00e7\u00f5es exclusivas. Orgulhamo-nos de ser o seu parceiro, fornecendo n\u00e3o apenas produtos, mas uma experi\u00eancia abrangente. Acrescente valor ao seu neg\u00f3cio com o nosso compromisso de qualidade, diversidade e servi\u00e7o personalizado.<\/p>\n<p>Para elevar ainda mais as suas ofertas, alargamos a nossa experi\u00eancia ao mundo dos doces. Explore os nossos servi\u00e7os de produ\u00e7\u00e3o e venda por grosso de uma deliciosa gama de doces, incluindo rebu\u00e7ados l\u00edquidos, rebu\u00e7ados de brinquedo, gomas, pastilhas el\u00e1sticas, chupa-chupas, marshmallows e muito mais. Descubra a do\u00e7ura em <a href=\"https:\/\/oemcandy.com\/\" target=\"_new\" rel=\"noopener\">https:\/\/oemcandy.com<\/a>onde a qualidade se conjuga com a inova\u00e7\u00e3o em cada deliciosa confe\u00e7\u00e3o. Adicione \u00e0 lista de pedidos e aguarde o nosso or\u00e7amento.<\/p>\n<div class=\"bottom-description-content\">\n<div>\n<p>&nbsp;<\/p>\n<\/div>\n<\/div>","protected":false},"excerpt":{"rendered":"<p>Apresentamos o nosso biscoito de sal marinho com sabor a pepino - uma del\u00edcia saborosa concebida para os entusiastas da culin\u00e1ria do Sudeste Asi\u00e1tico. Saboreie a mistura \u00fanica de sal e a ess\u00eancia refrescante do pepino em cada biscoito quadrado e estaladi\u00e7o. Perfeitamente concebido para distribuidores, agentes, grossistas, distribuidores, propriet\u00e1rios de marcas e retalhistas, este snack promete uma sensa\u00e7\u00e3o tentadora na boca. A embalagem cuidadosamente concebida garante a frescura, apelando a um mercado exigente. Mergulhe num mundo de sabores, onde o crocante encontra a frescura do pepino. Adicione \u00e0 lista de pedidos e aguarde a nossa cota\u00e7\u00e3o em conjunto. Eleve as suas ofertas com esta irresist\u00edvel sensa\u00e7\u00e3o de biscoito de sal!<\/p>","protected":false},"featured_media":2923,"comment_status":"open","ping_status":"closed","template":"","meta":{"om_disable_all_campaigns":false},"product_brand":[],"product_cat":[108,122,123],"product_tag":[169,171,172],"class_list":{"0":"post-2930","1":"product","2":"type-product","3":"status-publish","4":"has-post-thumbnail","6":"product_cat-crispy-biscuits","7":"product_cat-soda-biscuits","8":"product_cat-salted-low-sugar-soda-biscuits","9":"product_tag-crispy-biscuit","10":"product_tag-salt-biscuit","11":"product_tag-square-biscuits","12":"pa_brand-half-and-half","13":"pa_flavor-salty","14":"pa_flavor-vegetable","15":"pa_packing-bag","16":"pa_taste-salty","17":"pa_texture-crispy","19":"first","20":"instock","21":"downloadable","22":"taxable","23":"shipping-taxable","24":"product-type-simple"},"yoast_head":"<!-- This site is optimized with the Yoast SEO plugin v24.4 - https:\/\/yoast.com\/wordpress\/plugins\/seo\/ -->\n<title>Sea Salt Biscuit Cucumber Flavored | Wingoo biscuit Manufacturers<\/title>\n<meta name=\"description\" content=\"Wholesale the irresistible Sea Salt Biscuit Cucumber Flavored! Elevate your offerings with custom options. Explore now and request a quote.\" \/>\n<meta name=\"robots\" content=\"index, follow, max-snippet:-1, max-image-preview:large, max-video-preview:-1\" \/>\n<link rel=\"canonical\" href=\"https:\/\/wingoofoods.com\/pt\/producto\/galleta-de-sal-marina-con-sabor-a-pepino\/\" \/>\n<meta property=\"og:locale\" content=\"pt_PT\" \/>\n<meta property=\"og:type\" content=\"article\" \/>\n<meta property=\"og:title\" content=\"Sea Salt Biscuit Cucumber Flavored | Wingoo biscuit Manufacturers\" \/>\n<meta property=\"og:description\" content=\"Wholesale the irresistible Sea Salt Biscuit Cucumber Flavored! Elevate your offerings with custom options. Explore now and request a quote.\" \/>\n<meta property=\"og:url\" content=\"https:\/\/wingoofoods.com\/pt\/producto\/galleta-de-sal-marina-con-sabor-a-pepino\/\" \/>\n<meta property=\"og:site_name\" content=\"Wingoo biscuit Manufacturers\" \/>\n<meta property=\"article:modified_time\" content=\"2023-12-11T08:03:32+00:00\" \/>\n<meta property=\"og:image\" content=\"https:\/\/wingoofoods.com\/wp-content\/uploads\/2023\/11\/2-6.jpg\" \/>\n\t<meta property=\"og:image:width\" content=\"800\" \/>\n\t<meta property=\"og:image:height\" content=\"800\" \/>\n\t<meta property=\"og:image:type\" content=\"image\/jpeg\" \/>\n<meta name=\"twitter:card\" content=\"summary_large_image\" \/>\n<meta name=\"twitter:label1\" content=\"Tempo estimado de leitura\" \/>\n\t<meta name=\"twitter:data1\" content=\"2 minutos\" \/>\n<script type=\"application\/ld+json\" class=\"yoast-schema-graph\">{\"@context\":\"https:\/\/schema.org\",\"@graph\":[{\"@type\":\"WebPage\",\"@id\":\"https:\/\/wingoofoods.com\/es_do\/producto\/galleta-de-sal-marina-con-sabor-a-pepino\/\",\"url\":\"https:\/\/wingoofoods.com\/es_do\/producto\/galleta-de-sal-marina-con-sabor-a-pepino\/\",\"name\":\"Sea Salt Biscuit Cucumber Flavored | Wingoo biscuit Manufacturers\",\"isPartOf\":{\"@id\":\"https:\/\/wingoofoods.com\/es_pe\/#website\"},\"primaryImageOfPage\":{\"@id\":\"https:\/\/wingoofoods.com\/es_do\/producto\/galleta-de-sal-marina-con-sabor-a-pepino\/#primaryimage\"},\"image\":{\"@id\":\"https:\/\/wingoofoods.com\/es_do\/producto\/galleta-de-sal-marina-con-sabor-a-pepino\/#primaryimage\"},\"thumbnailUrl\":\"https:\/\/wingoofoods.com\/wp-content\/uploads\/2023\/11\/2-6.jpg\",\"datePublished\":\"2023-11-13T09:06:01+00:00\",\"dateModified\":\"2023-12-11T08:03:32+00:00\",\"description\":\"Wholesale the irresistible Sea Salt Biscuit Cucumber Flavored! Elevate your offerings with custom options. Explore now and request a quote.\",\"breadcrumb\":{\"@id\":\"https:\/\/wingoofoods.com\/es_do\/producto\/galleta-de-sal-marina-con-sabor-a-pepino\/#breadcrumb\"},\"inLanguage\":\"pt-PT\",\"potentialAction\":[{\"@type\":\"ReadAction\",\"target\":[\"https:\/\/wingoofoods.com\/es_do\/producto\/galleta-de-sal-marina-con-sabor-a-pepino\/\"]}]},{\"@type\":\"ImageObject\",\"inLanguage\":\"pt-PT\",\"@id\":\"https:\/\/wingoofoods.com\/es_do\/producto\/galleta-de-sal-marina-con-sabor-a-pepino\/#primaryimage\",\"url\":\"https:\/\/wingoofoods.com\/wp-content\/uploads\/2023\/11\/2-6.jpg\",\"contentUrl\":\"https:\/\/wingoofoods.com\/wp-content\/uploads\/2023\/11\/2-6.jpg\",\"width\":800,\"height\":800,\"caption\":\"Sea Salt Biscuit Cucumber Flavored\"},{\"@type\":\"BreadcrumbList\",\"@id\":\"https:\/\/wingoofoods.com\/es_do\/producto\/galleta-de-sal-marina-con-sabor-a-pepino\/#breadcrumb\",\"itemListElement\":[{\"@type\":\"ListItem\",\"position\":1,\"name\":\"Home\",\"item\":\"https:\/\/wingoofoods.com\/ar\/\"},{\"@type\":\"ListItem\",\"position\":2,\"name\":\"products\",\"item\":\"https:\/\/wingoofoods.com\/ar\/\u0645\u062a\u062c\u0631\/\"},{\"@type\":\"ListItem\",\"position\":3,\"name\":\"Sea Salt Biscuit Cucumber Flavored\"}]},{\"@type\":\"WebSite\",\"@id\":\"https:\/\/wingoofoods.com\/es_pe\/#website\",\"url\":\"https:\/\/wingoofoods.com\/es_pe\/\",\"name\":\"Wingoo biscuit Manufacturers\",\"description\":\"Biscuit Manufacturers, Suppliers, Exporters from china shantou largest food factory\",\"publisher\":{\"@id\":\"https:\/\/wingoofoods.com\/es_pe\/#organization\"},\"alternateName\":\"Guangdong Wingoo foods - Official website\",\"potentialAction\":[{\"@type\":\"SearchAction\",\"target\":{\"@type\":\"EntryPoint\",\"urlTemplate\":\"https:\/\/wingoofoods.com\/es_pe\/?s={search_term_string}\"},\"query-input\":{\"@type\":\"PropertyValueSpecification\",\"valueRequired\":true,\"valueName\":\"search_term_string\"}}],\"inLanguage\":\"pt-PT\"},{\"@type\":\"Organization\",\"@id\":\"https:\/\/wingoofoods.com\/es_pe\/#organization\",\"name\":\"Wingoo biscuit Manufacturers\",\"url\":\"https:\/\/wingoofoods.com\/es_pe\/\",\"logo\":{\"@type\":\"ImageObject\",\"inLanguage\":\"pt-PT\",\"@id\":\"https:\/\/wingoofoods.com\/es_pe\/#\/schema\/logo\/image\/\",\"url\":\"http:\/\/wingoofoods.com\/wp-content\/uploads\/2023\/10\/LOGO.png\",\"contentUrl\":\"http:\/\/wingoofoods.com\/wp-content\/uploads\/2023\/10\/LOGO.png\",\"width\":280,\"height\":72,\"caption\":\"Wingoo biscuit Manufacturers\"},\"image\":{\"@id\":\"https:\/\/wingoofoods.com\/es_pe\/#\/schema\/logo\/image\/\"}}]}<\/script>\n<!-- \/ Yoast SEO plugin. -->","yoast_head_json":{"title":"Sea Salt Biscuit Cucumber Flavored | Wingoo biscuit Manufacturers","description":"Wholesale the irresistible Sea Salt Biscuit Cucumber Flavored! Elevate your offerings with custom options. Explore now and request a quote.","robots":{"index":"index","follow":"follow","max-snippet":"max-snippet:-1","max-image-preview":"max-image-preview:large","max-video-preview":"max-video-preview:-1"},"canonical":"https:\/\/wingoofoods.com\/pt\/producto\/galleta-de-sal-marina-con-sabor-a-pepino\/","og_locale":"pt_PT","og_type":"article","og_title":"Sea Salt Biscuit Cucumber Flavored | Wingoo biscuit Manufacturers","og_description":"Wholesale the irresistible Sea Salt Biscuit Cucumber Flavored! Elevate your offerings with custom options. Explore now and request a quote.","og_url":"https:\/\/wingoofoods.com\/pt\/producto\/galleta-de-sal-marina-con-sabor-a-pepino\/","og_site_name":"Wingoo biscuit Manufacturers","article_modified_time":"2023-12-11T08:03:32+00:00","og_image":[{"width":800,"height":800,"url":"https:\/\/wingoofoods.com\/wp-content\/uploads\/2023\/11\/2-6.jpg","type":"image\/jpeg"}],"twitter_card":"summary_large_image","twitter_misc":{"Tempo estimado de leitura":"2 minutos"},"schema":{"@context":"https:\/\/schema.org","@graph":[{"@type":"WebPage","@id":"https:\/\/wingoofoods.com\/es_do\/producto\/galleta-de-sal-marina-con-sabor-a-pepino\/","url":"https:\/\/wingoofoods.com\/es_do\/producto\/galleta-de-sal-marina-con-sabor-a-pepino\/","name":"Sea Salt Biscuit Cucumber Flavored | Wingoo biscuit Manufacturers","isPartOf":{"@id":"https:\/\/wingoofoods.com\/es_pe\/#website"},"primaryImageOfPage":{"@id":"https:\/\/wingoofoods.com\/es_do\/producto\/galleta-de-sal-marina-con-sabor-a-pepino\/#primaryimage"},"image":{"@id":"https:\/\/wingoofoods.com\/es_do\/producto\/galleta-de-sal-marina-con-sabor-a-pepino\/#primaryimage"},"thumbnailUrl":"https:\/\/wingoofoods.com\/wp-content\/uploads\/2023\/11\/2-6.jpg","datePublished":"2023-11-13T09:06:01+00:00","dateModified":"2023-12-11T08:03:32+00:00","description":"Wholesale the irresistible Sea Salt Biscuit Cucumber Flavored! Elevate your offerings with custom options. Explore now and request a quote.","breadcrumb":{"@id":"https:\/\/wingoofoods.com\/es_do\/producto\/galleta-de-sal-marina-con-sabor-a-pepino\/#breadcrumb"},"inLanguage":"pt-PT","potentialAction":[{"@type":"ReadAction","target":["https:\/\/wingoofoods.com\/es_do\/producto\/galleta-de-sal-marina-con-sabor-a-pepino\/"]}]},{"@type":"ImageObject","inLanguage":"pt-PT","@id":"https:\/\/wingoofoods.com\/es_do\/producto\/galleta-de-sal-marina-con-sabor-a-pepino\/#primaryimage","url":"https:\/\/wingoofoods.com\/wp-content\/uploads\/2023\/11\/2-6.jpg","contentUrl":"https:\/\/wingoofoods.com\/wp-content\/uploads\/2023\/11\/2-6.jpg","width":800,"height":800,"caption":"Sea Salt Biscuit Cucumber Flavored"},{"@type":"BreadcrumbList","@id":"https:\/\/wingoofoods.com\/es_do\/producto\/galleta-de-sal-marina-con-sabor-a-pepino\/#breadcrumb","itemListElement":[{"@type":"ListItem","position":1,"name":"Home","item":"https:\/\/wingoofoods.com\/ar\/"},{"@type":"ListItem","position":2,"name":"products","item":"https:\/\/wingoofoods.com\/ar\/\u0645\u062a\u062c\u0631\/"},{"@type":"ListItem","position":3,"name":"Sea Salt Biscuit Cucumber Flavored"}]},{"@type":"WebSite","@id":"https:\/\/wingoofoods.com\/es_pe\/#website","url":"https:\/\/wingoofoods.com\/es_pe\/","name":"Wingoo biscuit Manufacturers","description":"Biscuit Manufacturers, Suppliers, Exporters from china shantou largest food factory","publisher":{"@id":"https:\/\/wingoofoods.com\/es_pe\/#organization"},"alternateName":"Guangdong Wingoo foods - Official website","potentialAction":[{"@type":"SearchAction","target":{"@type":"EntryPoint","urlTemplate":"https:\/\/wingoofoods.com\/es_pe\/?s={search_term_string}"},"query-input":{"@type":"PropertyValueSpecification","valueRequired":true,"valueName":"search_term_string"}}],"inLanguage":"pt-PT"},{"@type":"Organization","@id":"https:\/\/wingoofoods.com\/es_pe\/#organization","name":"Wingoo biscuit Manufacturers","url":"https:\/\/wingoofoods.com\/es_pe\/","logo":{"@type":"ImageObject","inLanguage":"pt-PT","@id":"https:\/\/wingoofoods.com\/es_pe\/#\/schema\/logo\/image\/","url":"http:\/\/wingoofoods.com\/wp-content\/uploads\/2023\/10\/LOGO.png","contentUrl":"http:\/\/wingoofoods.com\/wp-content\/uploads\/2023\/10\/LOGO.png","width":280,"height":72,"caption":"Wingoo biscuit Manufacturers"},"image":{"@id":"https:\/\/wingoofoods.com\/es_pe\/#\/schema\/logo\/image\/"}}]}},"_links":{"self":[{"href":"https:\/\/wingoofoods.com\/pt\/wp-json\/wp\/v2\/product\/2930","targetHints":{"allow":["GET"]}}],"collection":[{"href":"https:\/\/wingoofoods.com\/pt\/wp-json\/wp\/v2\/product"}],"about":[{"href":"https:\/\/wingoofoods.com\/pt\/wp-json\/wp\/v2\/types\/product"}],"replies":[{"embeddable":true,"href":"https:\/\/wingoofoods.com\/pt\/wp-json\/wp\/v2\/comments?post=2930"}],"version-history":[{"count":0,"href":"https:\/\/wingoofoods.com\/pt\/wp-json\/wp\/v2\/product\/2930\/revisions"}],"wp:featuredmedia":[{"embeddable":true,"href":"https:\/\/wingoofoods.com\/pt\/wp-json\/wp\/v2\/media\/2923"}],"wp:attachment":[{"href":"https:\/\/wingoofoods.com\/pt\/wp-json\/wp\/v2\/media?parent=2930"}],"wp:term":[{"taxonomy":"product_brand","embeddable":true,"href":"https:\/\/wingoofoods.com\/pt\/wp-json\/wp\/v2\/product_brand?post=2930"},{"taxonomy":"product_cat","embeddable":true,"href":"https:\/\/wingoofoods.com\/pt\/wp-json\/wp\/v2\/product_cat?post=2930"},{"taxonomy":"product_tag","embeddable":true,"href":"https:\/\/wingoofoods.com\/pt\/wp-json\/wp\/v2\/product_tag?post=2930"}],"curies":[{"name":"wp","href":"https:\/\/api.w.org\/{rel}","templated":true}]}}