{"id":3073,"date":"2023-11-15T03:00:54","date_gmt":"2023-11-15T03:00:54","guid":{"rendered":"http:\/\/wingoofoods.com\/?post_type=product&#038;p=3073"},"modified":"2023-12-08T15:58:56","modified_gmt":"2023-12-08T15:58:56","slug":"bursting-mango-mochi-bars","status":"publish","type":"product","link":"https:\/\/wingoofoods.com\/pt\/produto\/bursting-mango-mochi-bars\/","title":{"rendered":"Barras de Mochi de Manga Estourada"},"content":{"rendered":"<p><img fetchpriority=\"high\" decoding=\"async\" class=\"aligncenter wp-image-2439 size-full\" src=\"http:\/\/wingoofoods.com\/wp-content\/uploads\/2013\/06\/1.webp\" alt=\"\" width=\"800\" height=\"569\" srcset=\"https:\/\/wingoofoods.com\/wp-content\/uploads\/2013\/06\/1.webp 800w, https:\/\/wingoofoods.com\/wp-content\/uploads\/2013\/06\/1-300x213.webp 300w, https:\/\/wingoofoods.com\/wp-content\/uploads\/2013\/06\/1-768x546.webp 768w, https:\/\/wingoofoods.com\/wp-content\/uploads\/2013\/06\/1-600x427.webp 600w\" sizes=\"(max-width: 800px) 100vw, 800px\" \/><\/p>\n<p><img decoding=\"async\" class=\"alignnone wp-image-3069 size-full\" src=\"http:\/\/wingoofoods.com\/wp-content\/uploads\/2023\/11\/35-1.jpg\" alt=\"Barras de Mochi estouradas\" width=\"800\" height=\"800\" srcset=\"https:\/\/wingoofoods.com\/wp-content\/uploads\/2023\/11\/35-1.jpg 800w, https:\/\/wingoofoods.com\/wp-content\/uploads\/2023\/11\/35-1-300x300.jpg 300w, https:\/\/wingoofoods.com\/wp-content\/uploads\/2023\/11\/35-1-150x150.jpg 150w, https:\/\/wingoofoods.com\/wp-content\/uploads\/2023\/11\/35-1-768x768.jpg 768w, https:\/\/wingoofoods.com\/wp-content\/uploads\/2023\/11\/35-1-600x600.jpg 600w, https:\/\/wingoofoods.com\/wp-content\/uploads\/2023\/11\/35-1-100x100.jpg 100w\" sizes=\"(max-width: 800px) 100vw, 800px\" \/> <img decoding=\"async\" class=\"alignnone wp-image-3070 size-full\" src=\"http:\/\/wingoofoods.com\/wp-content\/uploads\/2023\/11\/678.jpg\" alt=\"Barras de Mochi estouradas\" width=\"800\" height=\"800\" srcset=\"https:\/\/wingoofoods.com\/wp-content\/uploads\/2023\/11\/678.jpg 800w, https:\/\/wingoofoods.com\/wp-content\/uploads\/2023\/11\/678-300x300.jpg 300w, https:\/\/wingoofoods.com\/wp-content\/uploads\/2023\/11\/678-150x150.jpg 150w, https:\/\/wingoofoods.com\/wp-content\/uploads\/2023\/11\/678-768x768.jpg 768w, https:\/\/wingoofoods.com\/wp-content\/uploads\/2023\/11\/678-600x600.jpg 600w, https:\/\/wingoofoods.com\/wp-content\/uploads\/2023\/11\/678-100x100.jpg 100w\" sizes=\"(max-width: 800px) 100vw, 800px\" \/><\/p>\n<p>Sobre o Bursting Mochi bar:<\/p>\n<div class=\"bottom-description-content\">\n<div>\n<p>Flocoso, fofo, macio e tenro, quem n\u00e3o gosta do Bursting Mochi Bar? Se \u00e9 f\u00e3 de biscoitos e est\u00e1 \u00e0 procura de algumas variedades deliciosas, v\u00e1 agora mesmo a xianshengw2.sg-host.com, pois temos em stock alguns dos principais grossistas de todo o mundo! A nossa variedade de biscoitos \u00e9 diversificada e divertida.<\/p>\n<\/div>\n<div>\n<p>O cheiro amanteigado dos nossos biscoitos de leitelho vai certamente tent\u00e1-lo a comer mais. T\u00e3o apetitosos como os biscoitos caseiros, s\u00e3o um must-have. Tamb\u00e9m temos em stock variedades recheadas de compota de Bursting Mochi Bar, que s\u00e3o as favoritas tanto das crian\u00e7as como dos adultos. Os nossos biscoitos de chocolate s\u00e3o outra gama bastante popular entre os nossos clientes. Feitos de cacau e de chocolate derretido, s\u00e3o uma del\u00edcia para os amantes do chocolate. Os nossos biscoitos de sandu\u00edche recheados com uma camada generosa de creme, normalmente com sabor a morango ou baunilha, s\u00e3o tamb\u00e9m um lanche delicioso!<\/p>\n<\/div>\n<div>\n<p>Se procura varia\u00e7\u00f5es saud\u00e1veis de biscoitos, pode tamb\u00e9m escolher entre a nossa gama rica em fibras. Temos biscoitos digestivos que facilitam os movimentos intestinais e ajudam-no a sentir-se saciado durante muito tempo! Por isso, se estiver a fazer dieta, estes funcionam muito bem! Tamb\u00e9m temos em stock variedades de biscoitos sem gl\u00faten para que, se estiver a seguir um plano de refei\u00e7\u00f5es cet\u00f3nicas com baixo teor de hidratos de carbono, possa continuar a petiscar facilmente os seus biscoitos favoritos!<\/p>\n<\/div>\n<\/div>","protected":false},"excerpt":{"rendered":"<p>As bolachas apresentam normalmente um exterior dourado e estaladi\u00e7o com um delicioso sabor doce e arom\u00e1tico. Existem em v\u00e1rios sabores e formas, como chocolate, recheio de creme, bolachas secas e biscoitos, satisfazendo as prefer\u00eancias de gosto de diferentes indiv\u00edduos. Al\u00e9m disso, as bolachas t\u00eam um prazo de validade relativamente longo, o que as torna convenientes para transportar e armazenar, tornando-se assim uma escolha popular de petisco. Quer sejam acompanhadas por ch\u00e1 ou caf\u00e9, quer sejam apreciadas como um petisco aut\u00f3nomo, as bolachas s\u00e3o um petisco apreciado por muitos.<\/p>","protected":false},"featured_media":3074,"comment_status":"open","ping_status":"closed","template":"","meta":{"om_disable_all_campaigns":false},"product_brand":[],"product_cat":[127,125,126],"product_tag":[210,208,209],"class_list":{"0":"post-3073","1":"product","2":"type-product","3":"status-publish","4":"has-post-thumbnail","6":"product_cat-grain-snacks","7":"product_cat-mochi","8":"product_cat-burst-pulp-mochi","9":"product_tag-japanese-mochi","10":"product_tag-mochi","11":"product_tag-mochi-ice-cream","12":"pa_brand-wingoo","13":"pa_flavor-fruity","14":"pa_flavor-original","15":"pa_flavor-sweet","16":"pa_packing-bag","17":"pa_taste-original","18":"pa_taste-sweet","19":"pa_texture-soft","21":"first","22":"instock","23":"downloadable","24":"taxable","25":"shipping-taxable","26":"product-type-simple"},"yoast_head":"<!-- This site is optimized with the Yoast SEO plugin v24.4 - https:\/\/yoast.com\/wordpress\/plugins\/seo\/ -->\n<title>Bursting Mango Mochi Bars | Wingoo biscuit Manufacturers<\/title>\n<meta name=\"description\" content=\"Watermelon cookies\" \/>\n<meta name=\"robots\" content=\"index, follow, max-snippet:-1, max-image-preview:large, max-video-preview:-1\" \/>\n<link rel=\"canonical\" href=\"https:\/\/wingoofoods.com\/pt\/producto\/barritas-de-mochi-de-mango-reventon\/\" \/>\n<meta property=\"og:locale\" content=\"pt_PT\" \/>\n<meta property=\"og:type\" content=\"article\" \/>\n<meta property=\"og:title\" content=\"Bursting Mango Mochi Bars | Wingoo biscuit Manufacturers\" \/>\n<meta property=\"og:description\" content=\"Watermelon cookies\" \/>\n<meta property=\"og:url\" content=\"https:\/\/wingoofoods.com\/pt\/producto\/barritas-de-mochi-de-mango-reventon\/\" \/>\n<meta property=\"og:site_name\" content=\"Wingoo biscuit Manufacturers\" \/>\n<meta property=\"article:modified_time\" content=\"2023-12-08T15:58:56+00:00\" \/>\n<meta property=\"og:image\" content=\"https:\/\/wingoofoods.com\/wp-content\/uploads\/2023\/11\/313.jpg\" \/>\n\t<meta property=\"og:image:width\" content=\"800\" \/>\n\t<meta property=\"og:image:height\" content=\"800\" \/>\n\t<meta property=\"og:image:type\" content=\"image\/jpeg\" \/>\n<meta name=\"twitter:card\" content=\"summary_large_image\" \/>\n<meta name=\"twitter:label1\" content=\"Tempo estimado de leitura\" \/>\n\t<meta name=\"twitter:data1\" content=\"2 minutos\" \/>\n<script type=\"application\/ld+json\" class=\"yoast-schema-graph\">{\"@context\":\"https:\/\/schema.org\",\"@graph\":[{\"@type\":\"WebPage\",\"@id\":\"https:\/\/wingoofoods.com\/es_pe\/producto\/barritas-de-mochi-de-mango-reventon\/\",\"url\":\"https:\/\/wingoofoods.com\/es_pe\/producto\/barritas-de-mochi-de-mango-reventon\/\",\"name\":\"Bursting Mango Mochi Bars | Wingoo biscuit Manufacturers\",\"isPartOf\":{\"@id\":\"https:\/\/wingoofoods.com\/es_pe\/#website\"},\"primaryImageOfPage\":{\"@id\":\"https:\/\/wingoofoods.com\/es_pe\/producto\/barritas-de-mochi-de-mango-reventon\/#primaryimage\"},\"image\":{\"@id\":\"https:\/\/wingoofoods.com\/es_pe\/producto\/barritas-de-mochi-de-mango-reventon\/#primaryimage\"},\"thumbnailUrl\":\"https:\/\/wingoofoods.com\/wp-content\/uploads\/2023\/11\/313.jpg\",\"datePublished\":\"2023-11-15T03:00:54+00:00\",\"dateModified\":\"2023-12-08T15:58:56+00:00\",\"description\":\"Watermelon cookies\",\"breadcrumb\":{\"@id\":\"https:\/\/wingoofoods.com\/es_pe\/producto\/barritas-de-mochi-de-mango-reventon\/#breadcrumb\"},\"inLanguage\":\"pt-PT\",\"potentialAction\":[{\"@type\":\"ReadAction\",\"target\":[\"https:\/\/wingoofoods.com\/es_pe\/producto\/barritas-de-mochi-de-mango-reventon\/\"]}]},{\"@type\":\"ImageObject\",\"inLanguage\":\"pt-PT\",\"@id\":\"https:\/\/wingoofoods.com\/es_pe\/producto\/barritas-de-mochi-de-mango-reventon\/#primaryimage\",\"url\":\"https:\/\/wingoofoods.com\/wp-content\/uploads\/2023\/11\/313.jpg\",\"contentUrl\":\"https:\/\/wingoofoods.com\/wp-content\/uploads\/2023\/11\/313.jpg\",\"width\":800,\"height\":800,\"caption\":\"Bursting Mango Mochi Bars\"},{\"@type\":\"BreadcrumbList\",\"@id\":\"https:\/\/wingoofoods.com\/es_pe\/producto\/barritas-de-mochi-de-mango-reventon\/#breadcrumb\",\"itemListElement\":[{\"@type\":\"ListItem\",\"position\":1,\"name\":\"Home\",\"item\":\"https:\/\/wingoofoods.com\/ar\/\"},{\"@type\":\"ListItem\",\"position\":2,\"name\":\"products\",\"item\":\"https:\/\/wingoofoods.com\/ar\/\u0645\u062a\u062c\u0631\/\"},{\"@type\":\"ListItem\",\"position\":3,\"name\":\"Bursting Mango Mochi Bars\"}]},{\"@type\":\"WebSite\",\"@id\":\"https:\/\/wingoofoods.com\/es_pe\/#website\",\"url\":\"https:\/\/wingoofoods.com\/es_pe\/\",\"name\":\"Wingoo biscuit Manufacturers\",\"description\":\"Biscuit Manufacturers, Suppliers, Exporters from china shantou largest food factory\",\"publisher\":{\"@id\":\"https:\/\/wingoofoods.com\/es_pe\/#organization\"},\"alternateName\":\"Guangdong Wingoo foods - Official website\",\"potentialAction\":[{\"@type\":\"SearchAction\",\"target\":{\"@type\":\"EntryPoint\",\"urlTemplate\":\"https:\/\/wingoofoods.com\/es_pe\/?s={search_term_string}\"},\"query-input\":{\"@type\":\"PropertyValueSpecification\",\"valueRequired\":true,\"valueName\":\"search_term_string\"}}],\"inLanguage\":\"pt-PT\"},{\"@type\":\"Organization\",\"@id\":\"https:\/\/wingoofoods.com\/es_pe\/#organization\",\"name\":\"Wingoo biscuit Manufacturers\",\"url\":\"https:\/\/wingoofoods.com\/es_pe\/\",\"logo\":{\"@type\":\"ImageObject\",\"inLanguage\":\"pt-PT\",\"@id\":\"https:\/\/wingoofoods.com\/es_pe\/#\/schema\/logo\/image\/\",\"url\":\"http:\/\/wingoofoods.com\/wp-content\/uploads\/2023\/10\/LOGO.png\",\"contentUrl\":\"http:\/\/wingoofoods.com\/wp-content\/uploads\/2023\/10\/LOGO.png\",\"width\":280,\"height\":72,\"caption\":\"Wingoo biscuit Manufacturers\"},\"image\":{\"@id\":\"https:\/\/wingoofoods.com\/es_pe\/#\/schema\/logo\/image\/\"}}]}<\/script>\n<!-- \/ Yoast SEO plugin. -->","yoast_head_json":{"title":"Bursting Mango Mochi Bars | Wingoo biscuit Manufacturers","description":"Watermelon cookies","robots":{"index":"index","follow":"follow","max-snippet":"max-snippet:-1","max-image-preview":"max-image-preview:large","max-video-preview":"max-video-preview:-1"},"canonical":"https:\/\/wingoofoods.com\/pt\/producto\/barritas-de-mochi-de-mango-reventon\/","og_locale":"pt_PT","og_type":"article","og_title":"Bursting Mango Mochi Bars | Wingoo biscuit Manufacturers","og_description":"Watermelon cookies","og_url":"https:\/\/wingoofoods.com\/pt\/producto\/barritas-de-mochi-de-mango-reventon\/","og_site_name":"Wingoo biscuit Manufacturers","article_modified_time":"2023-12-08T15:58:56+00:00","og_image":[{"width":800,"height":800,"url":"https:\/\/wingoofoods.com\/wp-content\/uploads\/2023\/11\/313.jpg","type":"image\/jpeg"}],"twitter_card":"summary_large_image","twitter_misc":{"Tempo estimado de leitura":"2 minutos"},"schema":{"@context":"https:\/\/schema.org","@graph":[{"@type":"WebPage","@id":"https:\/\/wingoofoods.com\/es_pe\/producto\/barritas-de-mochi-de-mango-reventon\/","url":"https:\/\/wingoofoods.com\/es_pe\/producto\/barritas-de-mochi-de-mango-reventon\/","name":"Bursting Mango Mochi Bars | Wingoo biscuit Manufacturers","isPartOf":{"@id":"https:\/\/wingoofoods.com\/es_pe\/#website"},"primaryImageOfPage":{"@id":"https:\/\/wingoofoods.com\/es_pe\/producto\/barritas-de-mochi-de-mango-reventon\/#primaryimage"},"image":{"@id":"https:\/\/wingoofoods.com\/es_pe\/producto\/barritas-de-mochi-de-mango-reventon\/#primaryimage"},"thumbnailUrl":"https:\/\/wingoofoods.com\/wp-content\/uploads\/2023\/11\/313.jpg","datePublished":"2023-11-15T03:00:54+00:00","dateModified":"2023-12-08T15:58:56+00:00","description":"Watermelon cookies","breadcrumb":{"@id":"https:\/\/wingoofoods.com\/es_pe\/producto\/barritas-de-mochi-de-mango-reventon\/#breadcrumb"},"inLanguage":"pt-PT","potentialAction":[{"@type":"ReadAction","target":["https:\/\/wingoofoods.com\/es_pe\/producto\/barritas-de-mochi-de-mango-reventon\/"]}]},{"@type":"ImageObject","inLanguage":"pt-PT","@id":"https:\/\/wingoofoods.com\/es_pe\/producto\/barritas-de-mochi-de-mango-reventon\/#primaryimage","url":"https:\/\/wingoofoods.com\/wp-content\/uploads\/2023\/11\/313.jpg","contentUrl":"https:\/\/wingoofoods.com\/wp-content\/uploads\/2023\/11\/313.jpg","width":800,"height":800,"caption":"Bursting Mango Mochi Bars"},{"@type":"BreadcrumbList","@id":"https:\/\/wingoofoods.com\/es_pe\/producto\/barritas-de-mochi-de-mango-reventon\/#breadcrumb","itemListElement":[{"@type":"ListItem","position":1,"name":"Home","item":"https:\/\/wingoofoods.com\/ar\/"},{"@type":"ListItem","position":2,"name":"products","item":"https:\/\/wingoofoods.com\/ar\/\u0645\u062a\u062c\u0631\/"},{"@type":"ListItem","position":3,"name":"Bursting Mango Mochi Bars"}]},{"@type":"WebSite","@id":"https:\/\/wingoofoods.com\/es_pe\/#website","url":"https:\/\/wingoofoods.com\/es_pe\/","name":"Wingoo biscuit Manufacturers","description":"Biscuit Manufacturers, Suppliers, Exporters from china shantou largest food factory","publisher":{"@id":"https:\/\/wingoofoods.com\/es_pe\/#organization"},"alternateName":"Guangdong Wingoo foods - Official website","potentialAction":[{"@type":"SearchAction","target":{"@type":"EntryPoint","urlTemplate":"https:\/\/wingoofoods.com\/es_pe\/?s={search_term_string}"},"query-input":{"@type":"PropertyValueSpecification","valueRequired":true,"valueName":"search_term_string"}}],"inLanguage":"pt-PT"},{"@type":"Organization","@id":"https:\/\/wingoofoods.com\/es_pe\/#organization","name":"Wingoo biscuit Manufacturers","url":"https:\/\/wingoofoods.com\/es_pe\/","logo":{"@type":"ImageObject","inLanguage":"pt-PT","@id":"https:\/\/wingoofoods.com\/es_pe\/#\/schema\/logo\/image\/","url":"http:\/\/wingoofoods.com\/wp-content\/uploads\/2023\/10\/LOGO.png","contentUrl":"http:\/\/wingoofoods.com\/wp-content\/uploads\/2023\/10\/LOGO.png","width":280,"height":72,"caption":"Wingoo biscuit Manufacturers"},"image":{"@id":"https:\/\/wingoofoods.com\/es_pe\/#\/schema\/logo\/image\/"}}]}},"_links":{"self":[{"href":"https:\/\/wingoofoods.com\/pt\/wp-json\/wp\/v2\/product\/3073","targetHints":{"allow":["GET"]}}],"collection":[{"href":"https:\/\/wingoofoods.com\/pt\/wp-json\/wp\/v2\/product"}],"about":[{"href":"https:\/\/wingoofoods.com\/pt\/wp-json\/wp\/v2\/types\/product"}],"replies":[{"embeddable":true,"href":"https:\/\/wingoofoods.com\/pt\/wp-json\/wp\/v2\/comments?post=3073"}],"version-history":[{"count":0,"href":"https:\/\/wingoofoods.com\/pt\/wp-json\/wp\/v2\/product\/3073\/revisions"}],"wp:featuredmedia":[{"embeddable":true,"href":"https:\/\/wingoofoods.com\/pt\/wp-json\/wp\/v2\/media\/3074"}],"wp:attachment":[{"href":"https:\/\/wingoofoods.com\/pt\/wp-json\/wp\/v2\/media?parent=3073"}],"wp:term":[{"taxonomy":"product_brand","embeddable":true,"href":"https:\/\/wingoofoods.com\/pt\/wp-json\/wp\/v2\/product_brand?post=3073"},{"taxonomy":"product_cat","embeddable":true,"href":"https:\/\/wingoofoods.com\/pt\/wp-json\/wp\/v2\/product_cat?post=3073"},{"taxonomy":"product_tag","embeddable":true,"href":"https:\/\/wingoofoods.com\/pt\/wp-json\/wp\/v2\/product_tag?post=3073"}],"curies":[{"name":"wp","href":"https:\/\/api.w.org\/{rel}","templated":true}]}}