{"id":3172,"date":"2023-11-15T07:33:34","date_gmt":"2023-11-15T07:33:34","guid":{"rendered":"http:\/\/wingoofoods.com\/?post_type=product&#038;p=3172"},"modified":"2023-12-08T15:54:47","modified_gmt":"2023-12-08T15:54:47","slug":"chocolate-coated-cake-matcha-flavor-520g","status":"publish","type":"product","link":"https:\/\/wingoofoods.com\/pt\/produto\/chocolate-coated-cake-matcha-flavor-520g\/","title":{"rendered":"Bolo Coberto de Chocolate Sabor Matcha 520g"},"content":{"rendered":"<p><img fetchpriority=\"high\" decoding=\"async\" class=\"aligncenter wp-image-2439 size-full\" src=\"http:\/\/wingoofoods.com\/wp-content\/uploads\/2013\/06\/1.webp\" alt=\"\" width=\"800\" height=\"569\" srcset=\"https:\/\/wingoofoods.com\/wp-content\/uploads\/2013\/06\/1.webp 800w, https:\/\/wingoofoods.com\/wp-content\/uploads\/2013\/06\/1-300x213.webp 300w, https:\/\/wingoofoods.com\/wp-content\/uploads\/2013\/06\/1-768x546.webp 768w, https:\/\/wingoofoods.com\/wp-content\/uploads\/2013\/06\/1-600x427.webp 600w\" sizes=\"(max-width: 800px) 100vw, 800px\" \/><\/p>\n<p><img decoding=\"async\" class=\"alignnone wp-image-3164 size-full\" src=\"http:\/\/wingoofoods.com\/wp-content\/uploads\/2023\/11\/12-3.jpg\" alt=\"chocolate coated cake \" width=\"800\" height=\"800\" srcset=\"https:\/\/wingoofoods.com\/wp-content\/uploads\/2023\/11\/12-3.jpg 800w, https:\/\/wingoofoods.com\/wp-content\/uploads\/2023\/11\/12-3-300x300.jpg 300w, https:\/\/wingoofoods.com\/wp-content\/uploads\/2023\/11\/12-3-150x150.jpg 150w, https:\/\/wingoofoods.com\/wp-content\/uploads\/2023\/11\/12-3-768x768.jpg 768w, https:\/\/wingoofoods.com\/wp-content\/uploads\/2023\/11\/12-3-600x600.jpg 600w, https:\/\/wingoofoods.com\/wp-content\/uploads\/2023\/11\/12-3-100x100.jpg 100w\" sizes=\"(max-width: 800px) 100vw, 800px\" \/> <img decoding=\"async\" class=\"alignnone wp-image-3165 size-full\" src=\"http:\/\/wingoofoods.com\/wp-content\/uploads\/2023\/11\/13.jpg\" alt=\"chocolate coated cake \" width=\"800\" height=\"800\" srcset=\"https:\/\/wingoofoods.com\/wp-content\/uploads\/2023\/11\/13.jpg 800w, https:\/\/wingoofoods.com\/wp-content\/uploads\/2023\/11\/13-300x300.jpg 300w, https:\/\/wingoofoods.com\/wp-content\/uploads\/2023\/11\/13-150x150.jpg 150w, https:\/\/wingoofoods.com\/wp-content\/uploads\/2023\/11\/13-768x768.jpg 768w, https:\/\/wingoofoods.com\/wp-content\/uploads\/2023\/11\/13-600x600.jpg 600w, https:\/\/wingoofoods.com\/wp-content\/uploads\/2023\/11\/13-100x100.jpg 100w\" sizes=\"(max-width: 800px) 100vw, 800px\" \/><\/p>\n<p>&nbsp;<\/p>\n<p>Sobre o bolo com cobertura de chocolate :<\/p>\n<div class=\"bottom-description-content\">\n<div>\n<p>Fofinho, fofinho, macio e tenro, quem n\u00e3o gosta de bolo com cobertura de chocolate? Se \u00e9 um f\u00e3 de biscoitos e est\u00e1 \u00e0 procura de algumas variedades deliciosas, v\u00e1 agora mesmo a xianshengw2.sg-host.com, pois temos em stock alguns dos principais grossistas de todo o mundo! A nossa variedade de biscoitos \u00e9 diversificada e divertida.<\/p>\n<\/div>\n<div>\n<p>O cheiro amanteigado dos nossos biscoitos de leitelho vai certamente tent\u00e1-lo a comer mais. T\u00e3o apetitosos como os biscoitos caseiros, s\u00e3o um must-have. Tamb\u00e9m dispomos de variedades de bolos com cobertura de chocolate recheados com compota, que s\u00e3o os preferidos das crian\u00e7as e dos adultos. Os nossos biscoitos de chocolate s\u00e3o outra gama muito apreciada pelos nossos clientes. Feitos com cacau e chocolate derretido, s\u00e3o uma del\u00edcia para os amantes do chocolate. Os nossos biscoitos recheados com uma camada generosa de creme, normalmente com sabor a morango ou baunilha, s\u00e3o tamb\u00e9m um lanche delicioso!<\/p>\n<\/div>\n<div>\n<p>Se procura varia\u00e7\u00f5es saud\u00e1veis de biscoitos, pode tamb\u00e9m escolher entre a nossa gama rica em fibras. Temos biscoitos digestivos que facilitam os movimentos intestinais e ajudam-no a sentir-se saciado durante muito tempo! Por isso, se estiver a fazer dieta, estes funcionam muito bem! Tamb\u00e9m temos em stock variedades de biscoitos sem gl\u00faten para que, se estiver a seguir um plano de refei\u00e7\u00f5es cet\u00f3nicas com baixo teor de hidratos de carbono, possa continuar a petiscar facilmente os seus biscoitos favoritos!<\/p>\n<\/div>\n<\/div>","protected":false},"excerpt":{"rendered":"<p>As bolachas apresentam normalmente um exterior dourado e estaladi\u00e7o com um delicioso sabor doce e arom\u00e1tico. Existem em v\u00e1rios sabores e formas, como chocolate, recheio de creme, bolachas secas e biscoitos, satisfazendo as prefer\u00eancias de gosto de diferentes indiv\u00edduos. Al\u00e9m disso, as bolachas t\u00eam um prazo de validade relativamente longo, o que as torna convenientes para transportar e armazenar, tornando-se assim uma escolha popular de petisco. Quer sejam acompanhadas por ch\u00e1 ou caf\u00e9, quer sejam apreciadas como um petisco aut\u00f3nomo, as bolachas s\u00e3o um petisco apreciado por muitos.<\/p>","protected":false},"featured_media":3173,"comment_status":"open","ping_status":"closed","template":"","meta":{"om_disable_all_campaigns":false},"product_brand":[],"product_cat":[132,135],"product_tag":[227,226,174],"class_list":{"0":"post-3172","1":"product","2":"type-product","3":"status-publish","4":"has-post-thumbnail","6":"product_cat-pastry","7":"product_cat-pastry-cake","8":"product_tag-chocolate-cake","9":"product_tag-layer-cake","10":"product_tag-sandwich-cake","11":"pa_brand-wingoo","12":"pa_flavor-chocolate","13":"pa_flavor-egg","14":"pa_flavor-spices-herbs","15":"pa_flavor-sweet","16":"pa_packing-bag","17":"pa_taste-sweet","18":"pa_texture-soft","20":"first","21":"instock","22":"downloadable","23":"taxable","24":"shipping-taxable","25":"product-type-simple"},"yoast_head":"<!-- This site is optimized with the Yoast SEO plugin v24.4 - https:\/\/yoast.com\/wordpress\/plugins\/seo\/ -->\n<title>Chocolate Coated Cake Matcha Flavor 520g | Wingoo biscuit Manufacturers<\/title>\n<meta name=\"description\" content=\"Watermelon cookies\" \/>\n<meta name=\"robots\" content=\"index, follow, max-snippet:-1, max-image-preview:large, max-video-preview:-1\" \/>\n<link rel=\"canonical\" href=\"https:\/\/wingoofoods.com\/pt\/product\/chocolate-coated-cake-matcha-flavor-520g\/\" \/>\n<meta property=\"og:locale\" content=\"pt_PT\" \/>\n<meta property=\"og:type\" content=\"article\" \/>\n<meta property=\"og:title\" content=\"Chocolate Coated Cake Matcha Flavor 520g | Wingoo biscuit Manufacturers\" \/>\n<meta property=\"og:description\" content=\"Watermelon cookies\" \/>\n<meta property=\"og:url\" content=\"https:\/\/wingoofoods.com\/pt\/product\/chocolate-coated-cake-matcha-flavor-520g\/\" \/>\n<meta property=\"og:site_name\" content=\"Wingoo biscuit Manufacturers\" \/>\n<meta property=\"article:modified_time\" content=\"2023-12-08T15:54:47+00:00\" \/>\n<meta property=\"og:image\" content=\"https:\/\/wingoofoods.com\/wp-content\/uploads\/2023\/11\/02.jpg\" \/>\n\t<meta property=\"og:image:width\" content=\"800\" \/>\n\t<meta property=\"og:image:height\" content=\"800\" \/>\n\t<meta property=\"og:image:type\" content=\"image\/jpeg\" \/>\n<meta name=\"twitter:card\" content=\"summary_large_image\" \/>\n<meta name=\"twitter:label1\" content=\"Tempo estimado de leitura\" \/>\n\t<meta name=\"twitter:data1\" content=\"2 minutos\" \/>\n<script type=\"application\/ld+json\" class=\"yoast-schema-graph\">{\"@context\":\"https:\/\/schema.org\",\"@graph\":[{\"@type\":\"WebPage\",\"@id\":\"https:\/\/wingoofoods.com\/ru\/product\/\u0442\u043e\u0440\u0442-\u0441-\u0448\u043e\u043a\u043e\u043b\u0430\u0434\u043d\u043e\u0439-\u0433\u043b\u0430\u0437\u0443\u0440\u044c\u044e-\u0441\u043e-\u0432\u043a\u0443\u0441\u043e\u043c-\u043c-4\/\",\"url\":\"https:\/\/wingoofoods.com\/ru\/product\/\u0442\u043e\u0440\u0442-\u0441-\u0448\u043e\u043a\u043e\u043b\u0430\u0434\u043d\u043e\u0439-\u0433\u043b\u0430\u0437\u0443\u0440\u044c\u044e-\u0441\u043e-\u0432\u043a\u0443\u0441\u043e\u043c-\u043c-4\/\",\"name\":\"Chocolate Coated Cake Matcha Flavor 520g | Wingoo biscuit Manufacturers\",\"isPartOf\":{\"@id\":\"https:\/\/wingoofoods.com\/es_pe\/#website\"},\"primaryImageOfPage\":{\"@id\":\"https:\/\/wingoofoods.com\/ru\/product\/\u0442\u043e\u0440\u0442-\u0441-\u0448\u043e\u043a\u043e\u043b\u0430\u0434\u043d\u043e\u0439-\u0433\u043b\u0430\u0437\u0443\u0440\u044c\u044e-\u0441\u043e-\u0432\u043a\u0443\u0441\u043e\u043c-\u043c-4\/#primaryimage\"},\"image\":{\"@id\":\"https:\/\/wingoofoods.com\/ru\/product\/\u0442\u043e\u0440\u0442-\u0441-\u0448\u043e\u043a\u043e\u043b\u0430\u0434\u043d\u043e\u0439-\u0433\u043b\u0430\u0437\u0443\u0440\u044c\u044e-\u0441\u043e-\u0432\u043a\u0443\u0441\u043e\u043c-\u043c-4\/#primaryimage\"},\"thumbnailUrl\":\"https:\/\/wingoofoods.com\/wp-content\/uploads\/2023\/11\/02.jpg\",\"datePublished\":\"2023-11-15T07:33:34+00:00\",\"dateModified\":\"2023-12-08T15:54:47+00:00\",\"description\":\"Watermelon cookies\",\"breadcrumb\":{\"@id\":\"https:\/\/wingoofoods.com\/ru\/product\/\u0442\u043e\u0440\u0442-\u0441-\u0448\u043e\u043a\u043e\u043b\u0430\u0434\u043d\u043e\u0439-\u0433\u043b\u0430\u0437\u0443\u0440\u044c\u044e-\u0441\u043e-\u0432\u043a\u0443\u0441\u043e\u043c-\u043c-4\/#breadcrumb\"},\"inLanguage\":\"pt-PT\",\"potentialAction\":[{\"@type\":\"ReadAction\",\"target\":[\"https:\/\/wingoofoods.com\/ru\/product\/\u0442\u043e\u0440\u0442-\u0441-\u0448\u043e\u043a\u043e\u043b\u0430\u0434\u043d\u043e\u0439-\u0433\u043b\u0430\u0437\u0443\u0440\u044c\u044e-\u0441\u043e-\u0432\u043a\u0443\u0441\u043e\u043c-\u043c-4\/\"]}]},{\"@type\":\"ImageObject\",\"inLanguage\":\"pt-PT\",\"@id\":\"https:\/\/wingoofoods.com\/ru\/product\/\u0442\u043e\u0440\u0442-\u0441-\u0448\u043e\u043a\u043e\u043b\u0430\u0434\u043d\u043e\u0439-\u0433\u043b\u0430\u0437\u0443\u0440\u044c\u044e-\u0441\u043e-\u0432\u043a\u0443\u0441\u043e\u043c-\u043c-4\/#primaryimage\",\"url\":\"https:\/\/wingoofoods.com\/wp-content\/uploads\/2023\/11\/02.jpg\",\"contentUrl\":\"https:\/\/wingoofoods.com\/wp-content\/uploads\/2023\/11\/02.jpg\",\"width\":800,\"height\":800,\"caption\":\"Chocolate Coated Cake Matcha Flavor 520g\"},{\"@type\":\"BreadcrumbList\",\"@id\":\"https:\/\/wingoofoods.com\/ru\/product\/\u0442\u043e\u0440\u0442-\u0441-\u0448\u043e\u043a\u043e\u043b\u0430\u0434\u043d\u043e\u0439-\u0433\u043b\u0430\u0437\u0443\u0440\u044c\u044e-\u0441\u043e-\u0432\u043a\u0443\u0441\u043e\u043c-\u043c-4\/#breadcrumb\",\"itemListElement\":[{\"@type\":\"ListItem\",\"position\":1,\"name\":\"Home\",\"item\":\"https:\/\/wingoofoods.com\/ar\/\"},{\"@type\":\"ListItem\",\"position\":2,\"name\":\"products\",\"item\":\"https:\/\/wingoofoods.com\/ar\/\u0645\u062a\u062c\u0631\/\"},{\"@type\":\"ListItem\",\"position\":3,\"name\":\"Chocolate Coated Cake Matcha Flavor 520g\"}]},{\"@type\":\"WebSite\",\"@id\":\"https:\/\/wingoofoods.com\/es_pe\/#website\",\"url\":\"https:\/\/wingoofoods.com\/es_pe\/\",\"name\":\"Wingoo biscuit Manufacturers\",\"description\":\"Biscuit Manufacturers, Suppliers, Exporters from china shantou largest food factory\",\"publisher\":{\"@id\":\"https:\/\/wingoofoods.com\/es_pe\/#organization\"},\"alternateName\":\"Guangdong Wingoo foods - Official website\",\"potentialAction\":[{\"@type\":\"SearchAction\",\"target\":{\"@type\":\"EntryPoint\",\"urlTemplate\":\"https:\/\/wingoofoods.com\/es_pe\/?s={search_term_string}\"},\"query-input\":{\"@type\":\"PropertyValueSpecification\",\"valueRequired\":true,\"valueName\":\"search_term_string\"}}],\"inLanguage\":\"pt-PT\"},{\"@type\":\"Organization\",\"@id\":\"https:\/\/wingoofoods.com\/es_pe\/#organization\",\"name\":\"Wingoo biscuit Manufacturers\",\"url\":\"https:\/\/wingoofoods.com\/es_pe\/\",\"logo\":{\"@type\":\"ImageObject\",\"inLanguage\":\"pt-PT\",\"@id\":\"https:\/\/wingoofoods.com\/es_pe\/#\/schema\/logo\/image\/\",\"url\":\"http:\/\/wingoofoods.com\/wp-content\/uploads\/2023\/10\/LOGO.png\",\"contentUrl\":\"http:\/\/wingoofoods.com\/wp-content\/uploads\/2023\/10\/LOGO.png\",\"width\":280,\"height\":72,\"caption\":\"Wingoo biscuit Manufacturers\"},\"image\":{\"@id\":\"https:\/\/wingoofoods.com\/es_pe\/#\/schema\/logo\/image\/\"}}]}<\/script>\n<!-- \/ Yoast SEO plugin. -->","yoast_head_json":{"title":"Chocolate Coated Cake Matcha Flavor 520g | Wingoo biscuit Manufacturers","description":"Watermelon cookies","robots":{"index":"index","follow":"follow","max-snippet":"max-snippet:-1","max-image-preview":"max-image-preview:large","max-video-preview":"max-video-preview:-1"},"canonical":"https:\/\/wingoofoods.com\/pt\/product\/chocolate-coated-cake-matcha-flavor-520g\/","og_locale":"pt_PT","og_type":"article","og_title":"Chocolate Coated Cake Matcha Flavor 520g | Wingoo biscuit Manufacturers","og_description":"Watermelon cookies","og_url":"https:\/\/wingoofoods.com\/pt\/product\/chocolate-coated-cake-matcha-flavor-520g\/","og_site_name":"Wingoo biscuit Manufacturers","article_modified_time":"2023-12-08T15:54:47+00:00","og_image":[{"width":800,"height":800,"url":"https:\/\/wingoofoods.com\/wp-content\/uploads\/2023\/11\/02.jpg","type":"image\/jpeg"}],"twitter_card":"summary_large_image","twitter_misc":{"Tempo estimado de leitura":"2 minutos"},"schema":{"@context":"https:\/\/schema.org","@graph":[{"@type":"WebPage","@id":"https:\/\/wingoofoods.com\/ru\/product\/\u0442\u043e\u0440\u0442-\u0441-\u0448\u043e\u043a\u043e\u043b\u0430\u0434\u043d\u043e\u0439-\u0433\u043b\u0430\u0437\u0443\u0440\u044c\u044e-\u0441\u043e-\u0432\u043a\u0443\u0441\u043e\u043c-\u043c-4\/","url":"https:\/\/wingoofoods.com\/ru\/product\/\u0442\u043e\u0440\u0442-\u0441-\u0448\u043e\u043a\u043e\u043b\u0430\u0434\u043d\u043e\u0439-\u0433\u043b\u0430\u0437\u0443\u0440\u044c\u044e-\u0441\u043e-\u0432\u043a\u0443\u0441\u043e\u043c-\u043c-4\/","name":"Chocolate Coated Cake Matcha Flavor 520g | Wingoo biscuit Manufacturers","isPartOf":{"@id":"https:\/\/wingoofoods.com\/es_pe\/#website"},"primaryImageOfPage":{"@id":"https:\/\/wingoofoods.com\/ru\/product\/\u0442\u043e\u0440\u0442-\u0441-\u0448\u043e\u043a\u043e\u043b\u0430\u0434\u043d\u043e\u0439-\u0433\u043b\u0430\u0437\u0443\u0440\u044c\u044e-\u0441\u043e-\u0432\u043a\u0443\u0441\u043e\u043c-\u043c-4\/#primaryimage"},"image":{"@id":"https:\/\/wingoofoods.com\/ru\/product\/\u0442\u043e\u0440\u0442-\u0441-\u0448\u043e\u043a\u043e\u043b\u0430\u0434\u043d\u043e\u0439-\u0433\u043b\u0430\u0437\u0443\u0440\u044c\u044e-\u0441\u043e-\u0432\u043a\u0443\u0441\u043e\u043c-\u043c-4\/#primaryimage"},"thumbnailUrl":"https:\/\/wingoofoods.com\/wp-content\/uploads\/2023\/11\/02.jpg","datePublished":"2023-11-15T07:33:34+00:00","dateModified":"2023-12-08T15:54:47+00:00","description":"Watermelon cookies","breadcrumb":{"@id":"https:\/\/wingoofoods.com\/ru\/product\/\u0442\u043e\u0440\u0442-\u0441-\u0448\u043e\u043a\u043e\u043b\u0430\u0434\u043d\u043e\u0439-\u0433\u043b\u0430\u0437\u0443\u0440\u044c\u044e-\u0441\u043e-\u0432\u043a\u0443\u0441\u043e\u043c-\u043c-4\/#breadcrumb"},"inLanguage":"pt-PT","potentialAction":[{"@type":"ReadAction","target":["https:\/\/wingoofoods.com\/ru\/product\/\u0442\u043e\u0440\u0442-\u0441-\u0448\u043e\u043a\u043e\u043b\u0430\u0434\u043d\u043e\u0439-\u0433\u043b\u0430\u0437\u0443\u0440\u044c\u044e-\u0441\u043e-\u0432\u043a\u0443\u0441\u043e\u043c-\u043c-4\/"]}]},{"@type":"ImageObject","inLanguage":"pt-PT","@id":"https:\/\/wingoofoods.com\/ru\/product\/\u0442\u043e\u0440\u0442-\u0441-\u0448\u043e\u043a\u043e\u043b\u0430\u0434\u043d\u043e\u0439-\u0433\u043b\u0430\u0437\u0443\u0440\u044c\u044e-\u0441\u043e-\u0432\u043a\u0443\u0441\u043e\u043c-\u043c-4\/#primaryimage","url":"https:\/\/wingoofoods.com\/wp-content\/uploads\/2023\/11\/02.jpg","contentUrl":"https:\/\/wingoofoods.com\/wp-content\/uploads\/2023\/11\/02.jpg","width":800,"height":800,"caption":"Chocolate Coated Cake Matcha Flavor 520g"},{"@type":"BreadcrumbList","@id":"https:\/\/wingoofoods.com\/ru\/product\/\u0442\u043e\u0440\u0442-\u0441-\u0448\u043e\u043a\u043e\u043b\u0430\u0434\u043d\u043e\u0439-\u0433\u043b\u0430\u0437\u0443\u0440\u044c\u044e-\u0441\u043e-\u0432\u043a\u0443\u0441\u043e\u043c-\u043c-4\/#breadcrumb","itemListElement":[{"@type":"ListItem","position":1,"name":"Home","item":"https:\/\/wingoofoods.com\/ar\/"},{"@type":"ListItem","position":2,"name":"products","item":"https:\/\/wingoofoods.com\/ar\/\u0645\u062a\u062c\u0631\/"},{"@type":"ListItem","position":3,"name":"Chocolate Coated Cake Matcha Flavor 520g"}]},{"@type":"WebSite","@id":"https:\/\/wingoofoods.com\/es_pe\/#website","url":"https:\/\/wingoofoods.com\/es_pe\/","name":"Wingoo biscuit Manufacturers","description":"Biscuit Manufacturers, Suppliers, Exporters from china shantou largest food factory","publisher":{"@id":"https:\/\/wingoofoods.com\/es_pe\/#organization"},"alternateName":"Guangdong Wingoo foods - Official website","potentialAction":[{"@type":"SearchAction","target":{"@type":"EntryPoint","urlTemplate":"https:\/\/wingoofoods.com\/es_pe\/?s={search_term_string}"},"query-input":{"@type":"PropertyValueSpecification","valueRequired":true,"valueName":"search_term_string"}}],"inLanguage":"pt-PT"},{"@type":"Organization","@id":"https:\/\/wingoofoods.com\/es_pe\/#organization","name":"Wingoo biscuit Manufacturers","url":"https:\/\/wingoofoods.com\/es_pe\/","logo":{"@type":"ImageObject","inLanguage":"pt-PT","@id":"https:\/\/wingoofoods.com\/es_pe\/#\/schema\/logo\/image\/","url":"http:\/\/wingoofoods.com\/wp-content\/uploads\/2023\/10\/LOGO.png","contentUrl":"http:\/\/wingoofoods.com\/wp-content\/uploads\/2023\/10\/LOGO.png","width":280,"height":72,"caption":"Wingoo biscuit Manufacturers"},"image":{"@id":"https:\/\/wingoofoods.com\/es_pe\/#\/schema\/logo\/image\/"}}]}},"_links":{"self":[{"href":"https:\/\/wingoofoods.com\/pt\/wp-json\/wp\/v2\/product\/3172","targetHints":{"allow":["GET"]}}],"collection":[{"href":"https:\/\/wingoofoods.com\/pt\/wp-json\/wp\/v2\/product"}],"about":[{"href":"https:\/\/wingoofoods.com\/pt\/wp-json\/wp\/v2\/types\/product"}],"replies":[{"embeddable":true,"href":"https:\/\/wingoofoods.com\/pt\/wp-json\/wp\/v2\/comments?post=3172"}],"version-history":[{"count":0,"href":"https:\/\/wingoofoods.com\/pt\/wp-json\/wp\/v2\/product\/3172\/revisions"}],"wp:featuredmedia":[{"embeddable":true,"href":"https:\/\/wingoofoods.com\/pt\/wp-json\/wp\/v2\/media\/3173"}],"wp:attachment":[{"href":"https:\/\/wingoofoods.com\/pt\/wp-json\/wp\/v2\/media?parent=3172"}],"wp:term":[{"taxonomy":"product_brand","embeddable":true,"href":"https:\/\/wingoofoods.com\/pt\/wp-json\/wp\/v2\/product_brand?post=3172"},{"taxonomy":"product_cat","embeddable":true,"href":"https:\/\/wingoofoods.com\/pt\/wp-json\/wp\/v2\/product_cat?post=3172"},{"taxonomy":"product_tag","embeddable":true,"href":"https:\/\/wingoofoods.com\/pt\/wp-json\/wp\/v2\/product_tag?post=3172"}],"curies":[{"name":"wp","href":"https:\/\/api.w.org\/{rel}","templated":true}]}}