{"id":4121,"date":"2023-12-04T01:30:11","date_gmt":"2023-12-04T01:30:11","guid":{"rendered":"http:\/\/wingoofoods.com\/?post_type=product&#038;p=4121"},"modified":"2024-01-05T07:46:27","modified_gmt":"2024-01-05T07:46:27","slug":"black-crispy-cheese-biscuit","status":"publish","type":"product","link":"https:\/\/wingoofoods.com\/pt\/produto\/biscoito-de-queijo-preto-estaladico\/","title":{"rendered":"Biscoito de queijo preto estaladi\u00e7o"},"content":{"rendered":"<p><img fetchpriority=\"high\" decoding=\"async\" class=\"aligncenter wp-image-2439 size-full\" src=\"http:\/\/wingoofoods.com\/wp-content\/uploads\/2013\/06\/1.webp\" alt=\"\" width=\"800\" height=\"569\" srcset=\"https:\/\/wingoofoods.com\/wp-content\/uploads\/2013\/06\/1.webp 800w, https:\/\/wingoofoods.com\/wp-content\/uploads\/2013\/06\/1-300x213.webp 300w, https:\/\/wingoofoods.com\/wp-content\/uploads\/2013\/06\/1-768x546.webp 768w, https:\/\/wingoofoods.com\/wp-content\/uploads\/2013\/06\/1-600x427.webp 600w\" sizes=\"(max-width: 800px) 100vw, 800px\" \/><\/p>\n<p><img decoding=\"async\" class=\"alignnone wp-image-4123 size-full\" src=\"http:\/\/wingoofoods.com\/wp-content\/uploads\/2023\/12\/3-5.jpg\" alt=\"Biscoito de queijo preto estaladi\u00e7o\" width=\"800\" height=\"800\" srcset=\"https:\/\/wingoofoods.com\/wp-content\/uploads\/2023\/12\/3-5.jpg 800w, https:\/\/wingoofoods.com\/wp-content\/uploads\/2023\/12\/3-5-300x300.jpg 300w, https:\/\/wingoofoods.com\/wp-content\/uploads\/2023\/12\/3-5-150x150.jpg 150w, https:\/\/wingoofoods.com\/wp-content\/uploads\/2023\/12\/3-5-768x768.jpg 768w, https:\/\/wingoofoods.com\/wp-content\/uploads\/2023\/12\/3-5-600x600.jpg 600w, https:\/\/wingoofoods.com\/wp-content\/uploads\/2023\/12\/3-5-100x100.jpg 100w\" sizes=\"(max-width: 800px) 100vw, 800px\" \/><\/p>\n<p>Sobre o Black Crispy Cheese Biscuit:<\/p>\n<p>Eleve a sua experi\u00eancia de petiscar com o indulgente Black Crispy Cheese Biscuit, uma fus\u00e3o de queijo rico, croc\u00e2ncia satisfat\u00f3ria e um toque elegante de sofistica\u00e7\u00e3o negra. Concebida para deliciar o paladar do Sudeste Asi\u00e1tico, esta del\u00edcia gourmet est\u00e1 a captar a aten\u00e7\u00e3o de Revendedores, Agentes, Grossistas, Distribuidores, Propriet\u00e1rios de Marcas e Retalhistas.<\/p>\n<h5>Del\u00edcias sensoriais diversas:<\/h5>\n<p>Delicie os seus sentidos com o equil\u00edbrio perfeito de sabores, texturas e aromas. As nossas bolachas prometem uma mistura sedutora de fragr\u00e2ncia, croc\u00e2ncia e um toque de suavidade, garantindo uma experi\u00eancia memor\u00e1vel a cada dentada.<\/p>\n<h5>Apresenta\u00e7\u00e3o da variedade de produtos:<\/h5>\n<p>Explore a sele\u00e7\u00e3o diversificada do nosso website, que inclui uma vasta gama de bolachas de estilo chin\u00eas, bolachas de legumes, bolachas de compota, bolachas estaladi\u00e7as, bolachas de manteiga, bolachas de refrigerante, Mochi, snacks de cereais, pastelaria, batatas fritas, p\u00e3o e muito mais. A diversidade de produtos estende-se a uma impressionante gama de sabores, desde os cl\u00e1ssicos Queijo e Original at\u00e9 aos arrojados Chocolate, Salgado, Vegetal, Frutado, Caf\u00e9, Nata, Doce, Ovo e Leite.<\/p>\n<h5>Excel\u00eancia em embalagens:<\/h5>\n<p>Melhore a apresenta\u00e7\u00e3o do seu produto com as nossas variadas op\u00e7\u00f5es de embalagem, meticulosamente concebidas para satisfazer os diferentes mercados e prefer\u00eancias dos clientes. Escolha entre Saco, Caixa, A granel, Cart\u00e3o, Lata ou Embalagem para oferta para garantir que as suas ofertas se destacam nas prateleiras.<\/p>\n<h5>Servi\u00e7os abrangentes:<\/h5>\n<p>Mergulhe nos nossos servi\u00e7os abrangentes que v\u00e3o para al\u00e9m do mero fornecimento de produtos. Desbloqueie oportunidades de venda por grosso e explore a personaliza\u00e7\u00e3o de sabores, embalagens e marcas. Adapte a sua experi\u00eancia de biscoitos para satisfazer as suas prefer\u00eancias \u00fanicas, conquistando os cora\u00e7\u00f5es dos seus clientes.<\/p>\n<h5>Ado\u00e7ar o neg\u00f3cio com rebu\u00e7ados:<\/h5>\n<p>Mas as nossas ofertas n\u00e3o se ficam por aqui! \u00c9 com orgulho que apresentamos os nossos servi\u00e7os de produ\u00e7\u00e3o de doces e de venda por grosso em <a href=\"https:\/\/oemcandy.com\/\" target=\"_new\" rel=\"noopener\">https:\/\/oemcandy.com<\/a>. Explore um mundo de possibilidades doces com rebu\u00e7ados l\u00edquidos, rebu\u00e7ados de brinquedo, rebu\u00e7ados de goma, pastilhas el\u00e1sticas, chupa-chupas e marshmallows. Eleve o seu neg\u00f3cio com as nossas del\u00edcias de confeitaria, oferecendo um complemento perfeito para a sua sele\u00e7\u00e3o de biscoitos.<\/p>\n<p>Adicione o Black Crispy Cheese Biscuit ao seu invent\u00e1rio e antecipe a oportunidade de mostrar o nosso compromisso com a qualidade, a inova\u00e7\u00e3o e uma gama diversificada que vai para al\u00e9m dos biscoitos. Eleve a sua linha de produtos, cative os seus clientes e adoce o neg\u00f3cio com as nossas sedutoras selec\u00e7\u00f5es de doces. Adicione \u00e0 lista de pedidos e aguarde a nossa cota\u00e7\u00e3o em conjunto.<\/p>","protected":false},"excerpt":{"rendered":"<p>Apresentamos o nosso Black Crispy Cheese Biscuit - uma del\u00edcia culin\u00e1ria que combina na perfei\u00e7\u00e3o a riqueza do Cheese Biscuit, o crocante satisfat\u00f3rio das Crispy Crackers e um toque de eleg\u00e2ncia com o seu tom preto carater\u00edstico. Concebida para as papilas gustativas do Sudeste Asi\u00e1tico, esta guloseima gourmet \u00e9 uma sensa\u00e7\u00e3o entre os Revendedores, Agentes, Grossistas, Distribuidores, Propriet\u00e1rios de Marcas e Retalhistas.<\/p>","protected":false},"featured_media":4122,"comment_status":"open","ping_status":"closed","template":"","meta":{"om_disable_all_campaigns":false},"product_brand":[],"product_cat":[108],"product_tag":[354,261,349],"class_list":{"0":"post-4121","1":"product","2":"type-product","3":"status-publish","4":"has-post-thumbnail","6":"product_cat-crispy-biscuits","7":"product_tag-black-biscuit","8":"product_tag-cheese-biscuit","9":"product_tag-crispy-crackers","10":"pa_brand-superviviga","11":"pa_flavor-cheese","12":"pa_flavor-original","13":"pa_flavor-spices-herbs","14":"pa_packing-bag","15":"pa_packing-box","16":"pa_taste-original","17":"pa_texture-crispy","19":"first","20":"instock","21":"downloadable","22":"taxable","23":"shipping-taxable","24":"product-type-simple"},"yoast_head":"<!-- This site is optimized with the Yoast SEO plugin v24.4 - https:\/\/yoast.com\/wordpress\/plugins\/seo\/ -->\n<title>Black Crispy Cheese Biscuit | Wingoo biscuit Manufacturers<\/title>\n<meta name=\"description\" content=\"Watermelon cookies\" \/>\n<meta name=\"robots\" content=\"index, follow, max-snippet:-1, max-image-preview:large, max-video-preview:-1\" \/>\n<link rel=\"canonical\" href=\"https:\/\/wingoofoods.com\/pt\/product\/black-crispy-cheese-biscuit\/\" \/>\n<meta property=\"og:locale\" content=\"pt_PT\" \/>\n<meta property=\"og:type\" content=\"article\" \/>\n<meta property=\"og:title\" content=\"Black Crispy Cheese Biscuit | Wingoo biscuit Manufacturers\" \/>\n<meta property=\"og:description\" content=\"Watermelon cookies\" \/>\n<meta property=\"og:url\" content=\"https:\/\/wingoofoods.com\/pt\/product\/black-crispy-cheese-biscuit\/\" \/>\n<meta property=\"og:site_name\" content=\"Wingoo biscuit Manufacturers\" \/>\n<meta property=\"article:modified_time\" content=\"2024-01-05T07:46:27+00:00\" \/>\n<meta property=\"og:image\" content=\"https:\/\/wingoofoods.com\/wp-content\/uploads\/2023\/12\/4-2.jpg\" \/>\n\t<meta property=\"og:image:width\" content=\"800\" \/>\n\t<meta property=\"og:image:height\" content=\"800\" \/>\n\t<meta property=\"og:image:type\" content=\"image\/jpeg\" \/>\n<meta name=\"twitter:card\" content=\"summary_large_image\" \/>\n<meta name=\"twitter:label1\" content=\"Tempo estimado de leitura\" \/>\n\t<meta name=\"twitter:data1\" content=\"2 minutos\" \/>\n<script type=\"application\/ld+json\" class=\"yoast-schema-graph\">{\"@context\":\"https:\/\/schema.org\",\"@graph\":[{\"@type\":\"WebPage\",\"@id\":\"https:\/\/wingoofoods.com\/he\/product\/black-crispy-cheese-biscuit\/\",\"url\":\"https:\/\/wingoofoods.com\/he\/product\/black-crispy-cheese-biscuit\/\",\"name\":\"Black Crispy Cheese Biscuit | Wingoo biscuit Manufacturers\",\"isPartOf\":{\"@id\":\"https:\/\/wingoofoods.com\/es_pe\/#website\"},\"primaryImageOfPage\":{\"@id\":\"https:\/\/wingoofoods.com\/he\/product\/black-crispy-cheese-biscuit\/#primaryimage\"},\"image\":{\"@id\":\"https:\/\/wingoofoods.com\/he\/product\/black-crispy-cheese-biscuit\/#primaryimage\"},\"thumbnailUrl\":\"https:\/\/wingoofoods.com\/wp-content\/uploads\/2023\/12\/4-2.jpg\",\"datePublished\":\"2023-12-04T01:30:11+00:00\",\"dateModified\":\"2024-01-05T07:46:27+00:00\",\"description\":\"Watermelon cookies\",\"breadcrumb\":{\"@id\":\"https:\/\/wingoofoods.com\/he\/product\/black-crispy-cheese-biscuit\/#breadcrumb\"},\"inLanguage\":\"pt-PT\",\"potentialAction\":[{\"@type\":\"ReadAction\",\"target\":[\"https:\/\/wingoofoods.com\/he\/product\/black-crispy-cheese-biscuit\/\"]}]},{\"@type\":\"ImageObject\",\"inLanguage\":\"pt-PT\",\"@id\":\"https:\/\/wingoofoods.com\/he\/product\/black-crispy-cheese-biscuit\/#primaryimage\",\"url\":\"https:\/\/wingoofoods.com\/wp-content\/uploads\/2023\/12\/4-2.jpg\",\"contentUrl\":\"https:\/\/wingoofoods.com\/wp-content\/uploads\/2023\/12\/4-2.jpg\",\"width\":800,\"height\":800,\"caption\":\"Black Crispy Cheese Biscuit\"},{\"@type\":\"BreadcrumbList\",\"@id\":\"https:\/\/wingoofoods.com\/he\/product\/black-crispy-cheese-biscuit\/#breadcrumb\",\"itemListElement\":[{\"@type\":\"ListItem\",\"position\":1,\"name\":\"Home\",\"item\":\"https:\/\/wingoofoods.com\/ar\/\"},{\"@type\":\"ListItem\",\"position\":2,\"name\":\"products\",\"item\":\"https:\/\/wingoofoods.com\/ar\/\u0645\u062a\u062c\u0631\/\"},{\"@type\":\"ListItem\",\"position\":3,\"name\":\"Black Crispy Cheese Biscuit\"}]},{\"@type\":\"WebSite\",\"@id\":\"https:\/\/wingoofoods.com\/es_pe\/#website\",\"url\":\"https:\/\/wingoofoods.com\/es_pe\/\",\"name\":\"Wingoo biscuit Manufacturers\",\"description\":\"Biscuit Manufacturers, Suppliers, Exporters from china shantou largest food factory\",\"publisher\":{\"@id\":\"https:\/\/wingoofoods.com\/es_pe\/#organization\"},\"alternateName\":\"Guangdong Wingoo foods - Official website\",\"potentialAction\":[{\"@type\":\"SearchAction\",\"target\":{\"@type\":\"EntryPoint\",\"urlTemplate\":\"https:\/\/wingoofoods.com\/es_pe\/?s={search_term_string}\"},\"query-input\":{\"@type\":\"PropertyValueSpecification\",\"valueRequired\":true,\"valueName\":\"search_term_string\"}}],\"inLanguage\":\"pt-PT\"},{\"@type\":\"Organization\",\"@id\":\"https:\/\/wingoofoods.com\/es_pe\/#organization\",\"name\":\"Wingoo biscuit Manufacturers\",\"url\":\"https:\/\/wingoofoods.com\/es_pe\/\",\"logo\":{\"@type\":\"ImageObject\",\"inLanguage\":\"pt-PT\",\"@id\":\"https:\/\/wingoofoods.com\/es_pe\/#\/schema\/logo\/image\/\",\"url\":\"http:\/\/wingoofoods.com\/wp-content\/uploads\/2023\/10\/LOGO.png\",\"contentUrl\":\"http:\/\/wingoofoods.com\/wp-content\/uploads\/2023\/10\/LOGO.png\",\"width\":280,\"height\":72,\"caption\":\"Wingoo biscuit Manufacturers\"},\"image\":{\"@id\":\"https:\/\/wingoofoods.com\/es_pe\/#\/schema\/logo\/image\/\"}}]}<\/script>\n<!-- \/ Yoast SEO plugin. -->","yoast_head_json":{"title":"Black Crispy Cheese Biscuit | Wingoo biscuit Manufacturers","description":"Watermelon cookies","robots":{"index":"index","follow":"follow","max-snippet":"max-snippet:-1","max-image-preview":"max-image-preview:large","max-video-preview":"max-video-preview:-1"},"canonical":"https:\/\/wingoofoods.com\/pt\/product\/black-crispy-cheese-biscuit\/","og_locale":"pt_PT","og_type":"article","og_title":"Black Crispy Cheese Biscuit | Wingoo biscuit Manufacturers","og_description":"Watermelon cookies","og_url":"https:\/\/wingoofoods.com\/pt\/product\/black-crispy-cheese-biscuit\/","og_site_name":"Wingoo biscuit Manufacturers","article_modified_time":"2024-01-05T07:46:27+00:00","og_image":[{"width":800,"height":800,"url":"https:\/\/wingoofoods.com\/wp-content\/uploads\/2023\/12\/4-2.jpg","type":"image\/jpeg"}],"twitter_card":"summary_large_image","twitter_misc":{"Tempo estimado de leitura":"2 minutos"},"schema":{"@context":"https:\/\/schema.org","@graph":[{"@type":"WebPage","@id":"https:\/\/wingoofoods.com\/he\/product\/black-crispy-cheese-biscuit\/","url":"https:\/\/wingoofoods.com\/he\/product\/black-crispy-cheese-biscuit\/","name":"Black Crispy Cheese Biscuit | Wingoo biscuit Manufacturers","isPartOf":{"@id":"https:\/\/wingoofoods.com\/es_pe\/#website"},"primaryImageOfPage":{"@id":"https:\/\/wingoofoods.com\/he\/product\/black-crispy-cheese-biscuit\/#primaryimage"},"image":{"@id":"https:\/\/wingoofoods.com\/he\/product\/black-crispy-cheese-biscuit\/#primaryimage"},"thumbnailUrl":"https:\/\/wingoofoods.com\/wp-content\/uploads\/2023\/12\/4-2.jpg","datePublished":"2023-12-04T01:30:11+00:00","dateModified":"2024-01-05T07:46:27+00:00","description":"Watermelon cookies","breadcrumb":{"@id":"https:\/\/wingoofoods.com\/he\/product\/black-crispy-cheese-biscuit\/#breadcrumb"},"inLanguage":"pt-PT","potentialAction":[{"@type":"ReadAction","target":["https:\/\/wingoofoods.com\/he\/product\/black-crispy-cheese-biscuit\/"]}]},{"@type":"ImageObject","inLanguage":"pt-PT","@id":"https:\/\/wingoofoods.com\/he\/product\/black-crispy-cheese-biscuit\/#primaryimage","url":"https:\/\/wingoofoods.com\/wp-content\/uploads\/2023\/12\/4-2.jpg","contentUrl":"https:\/\/wingoofoods.com\/wp-content\/uploads\/2023\/12\/4-2.jpg","width":800,"height":800,"caption":"Black Crispy Cheese Biscuit"},{"@type":"BreadcrumbList","@id":"https:\/\/wingoofoods.com\/he\/product\/black-crispy-cheese-biscuit\/#breadcrumb","itemListElement":[{"@type":"ListItem","position":1,"name":"Home","item":"https:\/\/wingoofoods.com\/ar\/"},{"@type":"ListItem","position":2,"name":"products","item":"https:\/\/wingoofoods.com\/ar\/\u0645\u062a\u062c\u0631\/"},{"@type":"ListItem","position":3,"name":"Black Crispy Cheese Biscuit"}]},{"@type":"WebSite","@id":"https:\/\/wingoofoods.com\/es_pe\/#website","url":"https:\/\/wingoofoods.com\/es_pe\/","name":"Wingoo biscuit Manufacturers","description":"Biscuit Manufacturers, Suppliers, Exporters from china shantou largest food factory","publisher":{"@id":"https:\/\/wingoofoods.com\/es_pe\/#organization"},"alternateName":"Guangdong Wingoo foods - Official website","potentialAction":[{"@type":"SearchAction","target":{"@type":"EntryPoint","urlTemplate":"https:\/\/wingoofoods.com\/es_pe\/?s={search_term_string}"},"query-input":{"@type":"PropertyValueSpecification","valueRequired":true,"valueName":"search_term_string"}}],"inLanguage":"pt-PT"},{"@type":"Organization","@id":"https:\/\/wingoofoods.com\/es_pe\/#organization","name":"Wingoo biscuit Manufacturers","url":"https:\/\/wingoofoods.com\/es_pe\/","logo":{"@type":"ImageObject","inLanguage":"pt-PT","@id":"https:\/\/wingoofoods.com\/es_pe\/#\/schema\/logo\/image\/","url":"http:\/\/wingoofoods.com\/wp-content\/uploads\/2023\/10\/LOGO.png","contentUrl":"http:\/\/wingoofoods.com\/wp-content\/uploads\/2023\/10\/LOGO.png","width":280,"height":72,"caption":"Wingoo biscuit Manufacturers"},"image":{"@id":"https:\/\/wingoofoods.com\/es_pe\/#\/schema\/logo\/image\/"}}]}},"_links":{"self":[{"href":"https:\/\/wingoofoods.com\/pt\/wp-json\/wp\/v2\/product\/4121","targetHints":{"allow":["GET"]}}],"collection":[{"href":"https:\/\/wingoofoods.com\/pt\/wp-json\/wp\/v2\/product"}],"about":[{"href":"https:\/\/wingoofoods.com\/pt\/wp-json\/wp\/v2\/types\/product"}],"replies":[{"embeddable":true,"href":"https:\/\/wingoofoods.com\/pt\/wp-json\/wp\/v2\/comments?post=4121"}],"version-history":[{"count":0,"href":"https:\/\/wingoofoods.com\/pt\/wp-json\/wp\/v2\/product\/4121\/revisions"}],"wp:featuredmedia":[{"embeddable":true,"href":"https:\/\/wingoofoods.com\/pt\/wp-json\/wp\/v2\/media\/4122"}],"wp:attachment":[{"href":"https:\/\/wingoofoods.com\/pt\/wp-json\/wp\/v2\/media?parent=4121"}],"wp:term":[{"taxonomy":"product_brand","embeddable":true,"href":"https:\/\/wingoofoods.com\/pt\/wp-json\/wp\/v2\/product_brand?post=4121"},{"taxonomy":"product_cat","embeddable":true,"href":"https:\/\/wingoofoods.com\/pt\/wp-json\/wp\/v2\/product_cat?post=4121"},{"taxonomy":"product_tag","embeddable":true,"href":"https:\/\/wingoofoods.com\/pt\/wp-json\/wp\/v2\/product_tag?post=4121"}],"curies":[{"name":"wp","href":"https:\/\/api.w.org\/{rel}","templated":true}]}}