{"id":4130,"date":"2023-12-04T01:39:04","date_gmt":"2023-12-04T01:39:04","guid":{"rendered":"http:\/\/wingoofoods.com\/?post_type=product&#038;p=4130"},"modified":"2023-12-26T03:33:26","modified_gmt":"2023-12-26T03:33:26","slug":"arabic-type-cream-cookies","status":"publish","type":"product","link":"https:\/\/wingoofoods.com\/pt\/produto\/bolachas-de-creme-tipo-arabe\/","title":{"rendered":"Tipo \u00e1rabe Bolachas de natas"},"content":{"rendered":"<p><img fetchpriority=\"high\" decoding=\"async\" class=\"aligncenter wp-image-2439 size-full\" src=\"http:\/\/wingoofoods.com\/wp-content\/uploads\/2013\/06\/1.webp\" alt=\"\" width=\"800\" height=\"569\" srcset=\"https:\/\/wingoofoods.com\/wp-content\/uploads\/2013\/06\/1.webp 800w, https:\/\/wingoofoods.com\/wp-content\/uploads\/2013\/06\/1-300x213.webp 300w, https:\/\/wingoofoods.com\/wp-content\/uploads\/2013\/06\/1-768x546.webp 768w, https:\/\/wingoofoods.com\/wp-content\/uploads\/2013\/06\/1-600x427.webp 600w\" sizes=\"(max-width: 800px) 100vw, 800px\" \/><\/p>\n<p><img decoding=\"async\" class=\"alignnone wp-image-4133 size-full\" src=\"http:\/\/wingoofoods.com\/wp-content\/uploads\/2023\/12\/6-1.jpg\" alt=\"Tipo \u00e1rabe Bolachas de natas\" width=\"800\" height=\"800\" srcset=\"https:\/\/wingoofoods.com\/wp-content\/uploads\/2023\/12\/6-1.jpg 800w, https:\/\/wingoofoods.com\/wp-content\/uploads\/2023\/12\/6-1-300x300.jpg 300w, https:\/\/wingoofoods.com\/wp-content\/uploads\/2023\/12\/6-1-150x150.jpg 150w, https:\/\/wingoofoods.com\/wp-content\/uploads\/2023\/12\/6-1-768x768.jpg 768w, https:\/\/wingoofoods.com\/wp-content\/uploads\/2023\/12\/6-1-600x600.jpg 600w, https:\/\/wingoofoods.com\/wp-content\/uploads\/2023\/12\/6-1-100x100.jpg 100w\" sizes=\"(max-width: 800px) 100vw, 800px\" \/> <img decoding=\"async\" class=\"alignnone wp-image-4132 size-full\" src=\"http:\/\/wingoofoods.com\/wp-content\/uploads\/2023\/12\/4-3.jpg\" alt=\"Tipo \u00e1rabe Bolachas de natas\" width=\"800\" height=\"800\" srcset=\"https:\/\/wingoofoods.com\/wp-content\/uploads\/2023\/12\/4-3.jpg 800w, https:\/\/wingoofoods.com\/wp-content\/uploads\/2023\/12\/4-3-300x300.jpg 300w, https:\/\/wingoofoods.com\/wp-content\/uploads\/2023\/12\/4-3-150x150.jpg 150w, https:\/\/wingoofoods.com\/wp-content\/uploads\/2023\/12\/4-3-768x768.jpg 768w, https:\/\/wingoofoods.com\/wp-content\/uploads\/2023\/12\/4-3-600x600.jpg 600w, https:\/\/wingoofoods.com\/wp-content\/uploads\/2023\/12\/4-3-100x100.jpg 100w\" sizes=\"(max-width: 800px) 100vw, 800px\" \/><\/p>\n<p>&nbsp;<\/p>\n<div class=\"bottom-description-content\">\n<div>\n<p>Sobre os biscoitos de creme de tipo \u00e1rabe:<\/p>\n<p>Delicie-se com a experi\u00eancia requintada das Bolachas de Creme Tipo \u00c1rabe - uma fus\u00e3o perfeita de fragr\u00e2ncia, croc\u00e2ncia e suavidade deliciosa. Os biscoitos quadrados redefinem a indulg\u00eancia com um centro cremoso e bolachas estaladi\u00e7as, oferecendo uma sinfonia harmoniosa de texturas.<\/p>\n<p>Explore a nossa gama diversificada de produtos, que inclui bolachas de estilo chin\u00eas, bolachas de vegetais, bolachas de compota, bolachas estaladi\u00e7as, bolachas de manteiga, bolachas de refrigerante, Mochi, snacks de cereais, pastelaria, batatas fritas, p\u00e3o e muito mais. Delicie as suas papilas gustativas com uma variedade de sabores, desde Queijo, Original, Salgado, Chocolate, Vegetais e Frutado a Caf\u00e9, Natas, Doce, Ovo, Leite e muito mais.<\/p>\n<p>O nosso s\u00edtio Web destaca-se pela sua variedade, atendendo a diferentes mercados e prefer\u00eancias dos clientes. Escolha entre v\u00e1rias op\u00e7\u00f5es de embalagem, como Sacos, Caixas, A granel, Caixas de cart\u00e3o, Latas, Embalagens para oferta e outras. Adapte a sua apresenta\u00e7\u00e3o para se adequar eficazmente ao seu p\u00fablico-alvo.<\/p>\n<p>Descubra os nossos servi\u00e7os abrangentes, que oferecem quantidades por grosso, personaliza\u00e7\u00e3o da marca, personaliza\u00e7\u00e3o do sabor e solu\u00e7\u00f5es de embalagem \u00e0 medida. Quer seja um revendedor, um agente, um grossista, um distribuidor, um propriet\u00e1rio de marca ou um retalhista, n\u00f3s satisfazemos as suas necessidades exclusivas. Eleve as suas ofertas com as Bolachas de Creme de Tipo \u00c1rabe - adicione \u00e0 lista de pedidos e aguarde o nosso or\u00e7amento detalhado.<\/p>\n<p>Al\u00e9m disso, mergulhe no nosso mundo da confeitaria com uma vasta gama de doces. Desde rebu\u00e7ados l\u00edquidos e rebu\u00e7ados de brinquedo a gomas, pastilhas el\u00e1sticas, chupa-chupas e marshmallows, explore a nossa gama diversificada em <a href=\"https:\/\/oemcandy.com\/\" target=\"_new\" rel=\"noopener\">https:\/\/oemcandy.com<\/a>. Oferecemos tamb\u00e9m servi\u00e7os de produ\u00e7\u00e3o de doces e de venda por grosso, melhorando a sua oferta de doces. Mergulhe na do\u00e7ura das possibilidades.<\/p>\n<\/div>\n<\/div>","protected":false},"excerpt":{"rendered":"<p>Apresentamos as Bolachas de Creme Tipo \u00c1rabe - um deleite sensorial com bolachas quadradas que redefinem a indulg\u00eancia. O centro cremoso e as bolachas estaladi\u00e7as criam uma mistura harmoniosa, elevando a experi\u00eancia cl\u00e1ssica das bolachas de creme. Criado para o din\u00e2mico mercado do Sudeste Asi\u00e1tico, o nosso p\u00fablico inclui revendedores, agentes, grossistas, distribuidores, propriet\u00e1rios de marcas e retalhistas. Experimente a combina\u00e7\u00e3o irresist\u00edvel de ingredientes de primeira qualidade, embalagens requintadas e um perfil de sabor que cativa. Desde a textura sedutora at\u00e9 ao sabor distinto, estas bolachas s\u00e3o adoradas por todos. Eleve as suas ofertas com as bolachas de creme tipo \u00e1rabe - adicione \u00e0 lista de pedidos e aguarde a nossa cota\u00e7\u00e3o em conjunto.<\/p>","protected":false},"featured_media":4131,"comment_status":"open","ping_status":"closed","template":"","meta":{"om_disable_all_campaigns":false},"product_brand":[],"product_cat":[108,112],"product_tag":[355,349,172],"class_list":{"0":"post-4130","1":"product","2":"type-product","3":"status-publish","4":"has-post-thumbnail","6":"product_cat-crispy-biscuits","7":"product_cat-milk-biscuits","8":"product_tag-cream-biscuit","9":"product_tag-crispy-crackers","10":"product_tag-square-biscuits","11":"pa_brand-superviviga","12":"pa_flavor-cream","13":"pa_flavor-original","14":"pa_flavor-spices-herbs","15":"pa_packing-box","16":"pa_packing-bulk","17":"pa_taste-original","18":"pa_texture-crispy","20":"first","21":"instock","22":"downloadable","23":"taxable","24":"shipping-taxable","25":"product-type-simple"},"yoast_head":"<!-- This site is optimized with the Yoast SEO plugin v24.4 - https:\/\/yoast.com\/wordpress\/plugins\/seo\/ -->\n<title>Arabic type Cream cookies | Wingoo biscuit Manufacturers<\/title>\n<meta name=\"description\" content=\"Wholesale Arabic Type Cream Cookies: Elevate your offerings with custom flavors and packaging. Inquire now for exclusive deals and tailored quotations.\" \/>\n<meta name=\"robots\" content=\"index, follow, max-snippet:-1, max-image-preview:large, max-video-preview:-1\" \/>\n<link rel=\"canonical\" href=\"https:\/\/wingoofoods.com\/pt\/produto\/arabic-type-cream-cookies\/\" \/>\n<meta property=\"og:locale\" content=\"pt_PT\" \/>\n<meta property=\"og:type\" content=\"article\" \/>\n<meta property=\"og:title\" content=\"Arabic type Cream cookies | Wingoo biscuit Manufacturers\" \/>\n<meta property=\"og:description\" content=\"Wholesale Arabic Type Cream Cookies: Elevate your offerings with custom flavors and packaging. Inquire now for exclusive deals and tailored quotations.\" \/>\n<meta property=\"og:url\" content=\"https:\/\/wingoofoods.com\/pt\/produto\/arabic-type-cream-cookies\/\" \/>\n<meta property=\"og:site_name\" content=\"Wingoo biscuit Manufacturers\" \/>\n<meta property=\"article:modified_time\" content=\"2023-12-26T03:33:26+00:00\" \/>\n<meta property=\"og:image\" content=\"https:\/\/wingoofoods.com\/wp-content\/uploads\/2023\/12\/087.jpg\" \/>\n\t<meta property=\"og:image:width\" content=\"800\" \/>\n\t<meta property=\"og:image:height\" content=\"800\" \/>\n\t<meta property=\"og:image:type\" content=\"image\/jpeg\" \/>\n<meta name=\"twitter:card\" content=\"summary_large_image\" \/>\n<meta name=\"twitter:label1\" content=\"Tempo estimado de leitura\" \/>\n\t<meta name=\"twitter:data1\" content=\"2 minutos\" \/>\n<script type=\"application\/ld+json\" class=\"yoast-schema-graph\">{\"@context\":\"https:\/\/schema.org\",\"@graph\":[{\"@type\":\"WebPage\",\"@id\":\"https:\/\/wingoofoods.com\/uk\/\u043f\u0440\u043e\u0434\u0443\u043a\u0442\/arabic-type-cream-cookies\/\",\"url\":\"https:\/\/wingoofoods.com\/uk\/\u043f\u0440\u043e\u0434\u0443\u043a\u0442\/arabic-type-cream-cookies\/\",\"name\":\"Arabic type Cream cookies | Wingoo biscuit Manufacturers\",\"isPartOf\":{\"@id\":\"https:\/\/wingoofoods.com\/es_pe\/#website\"},\"primaryImageOfPage\":{\"@id\":\"https:\/\/wingoofoods.com\/uk\/\u043f\u0440\u043e\u0434\u0443\u043a\u0442\/arabic-type-cream-cookies\/#primaryimage\"},\"image\":{\"@id\":\"https:\/\/wingoofoods.com\/uk\/\u043f\u0440\u043e\u0434\u0443\u043a\u0442\/arabic-type-cream-cookies\/#primaryimage\"},\"thumbnailUrl\":\"https:\/\/wingoofoods.com\/wp-content\/uploads\/2023\/12\/087.jpg\",\"datePublished\":\"2023-12-04T01:39:04+00:00\",\"dateModified\":\"2023-12-26T03:33:26+00:00\",\"description\":\"Wholesale Arabic Type Cream Cookies: Elevate your offerings with custom flavors and packaging. Inquire now for exclusive deals and tailored quotations.\",\"breadcrumb\":{\"@id\":\"https:\/\/wingoofoods.com\/uk\/\u043f\u0440\u043e\u0434\u0443\u043a\u0442\/arabic-type-cream-cookies\/#breadcrumb\"},\"inLanguage\":\"pt-PT\",\"potentialAction\":[{\"@type\":\"ReadAction\",\"target\":[\"https:\/\/wingoofoods.com\/uk\/\u043f\u0440\u043e\u0434\u0443\u043a\u0442\/arabic-type-cream-cookies\/\"]}]},{\"@type\":\"ImageObject\",\"inLanguage\":\"pt-PT\",\"@id\":\"https:\/\/wingoofoods.com\/uk\/\u043f\u0440\u043e\u0434\u0443\u043a\u0442\/arabic-type-cream-cookies\/#primaryimage\",\"url\":\"https:\/\/wingoofoods.com\/wp-content\/uploads\/2023\/12\/087.jpg\",\"contentUrl\":\"https:\/\/wingoofoods.com\/wp-content\/uploads\/2023\/12\/087.jpg\",\"width\":800,\"height\":800,\"caption\":\"Arabic type Cream cookies\"},{\"@type\":\"BreadcrumbList\",\"@id\":\"https:\/\/wingoofoods.com\/uk\/\u043f\u0440\u043e\u0434\u0443\u043a\u0442\/arabic-type-cream-cookies\/#breadcrumb\",\"itemListElement\":[{\"@type\":\"ListItem\",\"position\":1,\"name\":\"Home\",\"item\":\"https:\/\/wingoofoods.com\/ar\/\"},{\"@type\":\"ListItem\",\"position\":2,\"name\":\"products\",\"item\":\"https:\/\/wingoofoods.com\/ar\/\u0645\u062a\u062c\u0631\/\"},{\"@type\":\"ListItem\",\"position\":3,\"name\":\"Arabic type Cream cookies\"}]},{\"@type\":\"WebSite\",\"@id\":\"https:\/\/wingoofoods.com\/es_pe\/#website\",\"url\":\"https:\/\/wingoofoods.com\/es_pe\/\",\"name\":\"Wingoo biscuit Manufacturers\",\"description\":\"Biscuit Manufacturers, Suppliers, Exporters from china shantou largest food factory\",\"publisher\":{\"@id\":\"https:\/\/wingoofoods.com\/es_pe\/#organization\"},\"alternateName\":\"Guangdong Wingoo foods - Official website\",\"potentialAction\":[{\"@type\":\"SearchAction\",\"target\":{\"@type\":\"EntryPoint\",\"urlTemplate\":\"https:\/\/wingoofoods.com\/es_pe\/?s={search_term_string}\"},\"query-input\":{\"@type\":\"PropertyValueSpecification\",\"valueRequired\":true,\"valueName\":\"search_term_string\"}}],\"inLanguage\":\"pt-PT\"},{\"@type\":\"Organization\",\"@id\":\"https:\/\/wingoofoods.com\/es_pe\/#organization\",\"name\":\"Wingoo biscuit Manufacturers\",\"url\":\"https:\/\/wingoofoods.com\/es_pe\/\",\"logo\":{\"@type\":\"ImageObject\",\"inLanguage\":\"pt-PT\",\"@id\":\"https:\/\/wingoofoods.com\/es_pe\/#\/schema\/logo\/image\/\",\"url\":\"http:\/\/wingoofoods.com\/wp-content\/uploads\/2023\/10\/LOGO.png\",\"contentUrl\":\"http:\/\/wingoofoods.com\/wp-content\/uploads\/2023\/10\/LOGO.png\",\"width\":280,\"height\":72,\"caption\":\"Wingoo biscuit Manufacturers\"},\"image\":{\"@id\":\"https:\/\/wingoofoods.com\/es_pe\/#\/schema\/logo\/image\/\"}}]}<\/script>\n<!-- \/ Yoast SEO plugin. -->","yoast_head_json":{"title":"Arabic type Cream cookies | Wingoo biscuit Manufacturers","description":"Wholesale Arabic Type Cream Cookies: Elevate your offerings with custom flavors and packaging. Inquire now for exclusive deals and tailored quotations.","robots":{"index":"index","follow":"follow","max-snippet":"max-snippet:-1","max-image-preview":"max-image-preview:large","max-video-preview":"max-video-preview:-1"},"canonical":"https:\/\/wingoofoods.com\/pt\/produto\/arabic-type-cream-cookies\/","og_locale":"pt_PT","og_type":"article","og_title":"Arabic type Cream cookies | Wingoo biscuit Manufacturers","og_description":"Wholesale Arabic Type Cream Cookies: Elevate your offerings with custom flavors and packaging. Inquire now for exclusive deals and tailored quotations.","og_url":"https:\/\/wingoofoods.com\/pt\/produto\/arabic-type-cream-cookies\/","og_site_name":"Wingoo biscuit Manufacturers","article_modified_time":"2023-12-26T03:33:26+00:00","og_image":[{"width":800,"height":800,"url":"https:\/\/wingoofoods.com\/wp-content\/uploads\/2023\/12\/087.jpg","type":"image\/jpeg"}],"twitter_card":"summary_large_image","twitter_misc":{"Tempo estimado de leitura":"2 minutos"},"schema":{"@context":"https:\/\/schema.org","@graph":[{"@type":"WebPage","@id":"https:\/\/wingoofoods.com\/uk\/\u043f\u0440\u043e\u0434\u0443\u043a\u0442\/arabic-type-cream-cookies\/","url":"https:\/\/wingoofoods.com\/uk\/\u043f\u0440\u043e\u0434\u0443\u043a\u0442\/arabic-type-cream-cookies\/","name":"Arabic type Cream cookies | Wingoo biscuit Manufacturers","isPartOf":{"@id":"https:\/\/wingoofoods.com\/es_pe\/#website"},"primaryImageOfPage":{"@id":"https:\/\/wingoofoods.com\/uk\/\u043f\u0440\u043e\u0434\u0443\u043a\u0442\/arabic-type-cream-cookies\/#primaryimage"},"image":{"@id":"https:\/\/wingoofoods.com\/uk\/\u043f\u0440\u043e\u0434\u0443\u043a\u0442\/arabic-type-cream-cookies\/#primaryimage"},"thumbnailUrl":"https:\/\/wingoofoods.com\/wp-content\/uploads\/2023\/12\/087.jpg","datePublished":"2023-12-04T01:39:04+00:00","dateModified":"2023-12-26T03:33:26+00:00","description":"Wholesale Arabic Type Cream Cookies: Elevate your offerings with custom flavors and packaging. Inquire now for exclusive deals and tailored quotations.","breadcrumb":{"@id":"https:\/\/wingoofoods.com\/uk\/\u043f\u0440\u043e\u0434\u0443\u043a\u0442\/arabic-type-cream-cookies\/#breadcrumb"},"inLanguage":"pt-PT","potentialAction":[{"@type":"ReadAction","target":["https:\/\/wingoofoods.com\/uk\/\u043f\u0440\u043e\u0434\u0443\u043a\u0442\/arabic-type-cream-cookies\/"]}]},{"@type":"ImageObject","inLanguage":"pt-PT","@id":"https:\/\/wingoofoods.com\/uk\/\u043f\u0440\u043e\u0434\u0443\u043a\u0442\/arabic-type-cream-cookies\/#primaryimage","url":"https:\/\/wingoofoods.com\/wp-content\/uploads\/2023\/12\/087.jpg","contentUrl":"https:\/\/wingoofoods.com\/wp-content\/uploads\/2023\/12\/087.jpg","width":800,"height":800,"caption":"Arabic type Cream cookies"},{"@type":"BreadcrumbList","@id":"https:\/\/wingoofoods.com\/uk\/\u043f\u0440\u043e\u0434\u0443\u043a\u0442\/arabic-type-cream-cookies\/#breadcrumb","itemListElement":[{"@type":"ListItem","position":1,"name":"Home","item":"https:\/\/wingoofoods.com\/ar\/"},{"@type":"ListItem","position":2,"name":"products","item":"https:\/\/wingoofoods.com\/ar\/\u0645\u062a\u062c\u0631\/"},{"@type":"ListItem","position":3,"name":"Arabic type Cream cookies"}]},{"@type":"WebSite","@id":"https:\/\/wingoofoods.com\/es_pe\/#website","url":"https:\/\/wingoofoods.com\/es_pe\/","name":"Wingoo biscuit Manufacturers","description":"Biscuit Manufacturers, Suppliers, Exporters from china shantou largest food factory","publisher":{"@id":"https:\/\/wingoofoods.com\/es_pe\/#organization"},"alternateName":"Guangdong Wingoo foods - Official website","potentialAction":[{"@type":"SearchAction","target":{"@type":"EntryPoint","urlTemplate":"https:\/\/wingoofoods.com\/es_pe\/?s={search_term_string}"},"query-input":{"@type":"PropertyValueSpecification","valueRequired":true,"valueName":"search_term_string"}}],"inLanguage":"pt-PT"},{"@type":"Organization","@id":"https:\/\/wingoofoods.com\/es_pe\/#organization","name":"Wingoo biscuit Manufacturers","url":"https:\/\/wingoofoods.com\/es_pe\/","logo":{"@type":"ImageObject","inLanguage":"pt-PT","@id":"https:\/\/wingoofoods.com\/es_pe\/#\/schema\/logo\/image\/","url":"http:\/\/wingoofoods.com\/wp-content\/uploads\/2023\/10\/LOGO.png","contentUrl":"http:\/\/wingoofoods.com\/wp-content\/uploads\/2023\/10\/LOGO.png","width":280,"height":72,"caption":"Wingoo biscuit Manufacturers"},"image":{"@id":"https:\/\/wingoofoods.com\/es_pe\/#\/schema\/logo\/image\/"}}]}},"_links":{"self":[{"href":"https:\/\/wingoofoods.com\/pt\/wp-json\/wp\/v2\/product\/4130","targetHints":{"allow":["GET"]}}],"collection":[{"href":"https:\/\/wingoofoods.com\/pt\/wp-json\/wp\/v2\/product"}],"about":[{"href":"https:\/\/wingoofoods.com\/pt\/wp-json\/wp\/v2\/types\/product"}],"replies":[{"embeddable":true,"href":"https:\/\/wingoofoods.com\/pt\/wp-json\/wp\/v2\/comments?post=4130"}],"version-history":[{"count":0,"href":"https:\/\/wingoofoods.com\/pt\/wp-json\/wp\/v2\/product\/4130\/revisions"}],"wp:featuredmedia":[{"embeddable":true,"href":"https:\/\/wingoofoods.com\/pt\/wp-json\/wp\/v2\/media\/4131"}],"wp:attachment":[{"href":"https:\/\/wingoofoods.com\/pt\/wp-json\/wp\/v2\/media?parent=4130"}],"wp:term":[{"taxonomy":"product_brand","embeddable":true,"href":"https:\/\/wingoofoods.com\/pt\/wp-json\/wp\/v2\/product_brand?post=4130"},{"taxonomy":"product_cat","embeddable":true,"href":"https:\/\/wingoofoods.com\/pt\/wp-json\/wp\/v2\/product_cat?post=4130"},{"taxonomy":"product_tag","embeddable":true,"href":"https:\/\/wingoofoods.com\/pt\/wp-json\/wp\/v2\/product_tag?post=4130"}],"curies":[{"name":"wp","href":"https:\/\/api.w.org\/{rel}","templated":true}]}}