{"id":4148,"date":"2023-12-04T02:10:35","date_gmt":"2023-12-04T02:10:35","guid":{"rendered":"http:\/\/wingoofoods.com\/?post_type=product&#038;p=4148"},"modified":"2023-12-26T03:11:10","modified_gmt":"2023-12-26T03:11:10","slug":"sea-salt-japanese-pattie-cookies-red-bean-flavor","status":"publish","type":"product","link":"https:\/\/wingoofoods.com\/pt\/produto\/bolachas-japonesas-de-sal-marinho-sabor-feijao-vermelho\/","title":{"rendered":"Bolachas japonesas de sal marinho com sabor a feij\u00e3o vermelho"},"content":{"rendered":"<p><img fetchpriority=\"high\" decoding=\"async\" class=\"aligncenter wp-image-2439 size-full\" src=\"http:\/\/wingoofoods.com\/wp-content\/uploads\/2013\/06\/1.webp\" alt=\"\" width=\"800\" height=\"569\" srcset=\"https:\/\/wingoofoods.com\/wp-content\/uploads\/2013\/06\/1.webp 800w, https:\/\/wingoofoods.com\/wp-content\/uploads\/2013\/06\/1-300x213.webp 300w, https:\/\/wingoofoods.com\/wp-content\/uploads\/2013\/06\/1-768x546.webp 768w, https:\/\/wingoofoods.com\/wp-content\/uploads\/2013\/06\/1-600x427.webp 600w\" sizes=\"(max-width: 800px) 100vw, 800px\" \/><\/p>\n<p><img decoding=\"async\" class=\"alignnone wp-image-4151 size-full\" src=\"http:\/\/wingoofoods.com\/wp-content\/uploads\/2023\/12\/3-7.jpg\" alt=\"Bolachas japonesas de sal marinho com sabor a feij\u00e3o vermelho\" width=\"800\" height=\"800\" srcset=\"https:\/\/wingoofoods.com\/wp-content\/uploads\/2023\/12\/3-7.jpg 800w, https:\/\/wingoofoods.com\/wp-content\/uploads\/2023\/12\/3-7-300x300.jpg 300w, https:\/\/wingoofoods.com\/wp-content\/uploads\/2023\/12\/3-7-150x150.jpg 150w, https:\/\/wingoofoods.com\/wp-content\/uploads\/2023\/12\/3-7-768x768.jpg 768w, https:\/\/wingoofoods.com\/wp-content\/uploads\/2023\/12\/3-7-600x600.jpg 600w, https:\/\/wingoofoods.com\/wp-content\/uploads\/2023\/12\/3-7-100x100.jpg 100w\" sizes=\"(max-width: 800px) 100vw, 800px\" \/> <img decoding=\"async\" class=\"alignnone wp-image-4150 size-full\" src=\"http:\/\/wingoofoods.com\/wp-content\/uploads\/2023\/12\/2-10.jpg\" alt=\"Bolachas japonesas de sal marinho com sabor a feij\u00e3o vermelho\" width=\"800\" height=\"800\" srcset=\"https:\/\/wingoofoods.com\/wp-content\/uploads\/2023\/12\/2-10.jpg 800w, https:\/\/wingoofoods.com\/wp-content\/uploads\/2023\/12\/2-10-300x300.jpg 300w, https:\/\/wingoofoods.com\/wp-content\/uploads\/2023\/12\/2-10-150x150.jpg 150w, https:\/\/wingoofoods.com\/wp-content\/uploads\/2023\/12\/2-10-768x768.jpg 768w, https:\/\/wingoofoods.com\/wp-content\/uploads\/2023\/12\/2-10-600x600.jpg 600w, https:\/\/wingoofoods.com\/wp-content\/uploads\/2023\/12\/2-10-100x100.jpg 100w\" sizes=\"(max-width: 800px) 100vw, 800px\" \/><\/p>\n<div class=\"flex-1 overflow-hidden\">\n<div class=\"react-scroll-to-bottom--css-rvymb-79elbk h-full\">\n<div class=\"react-scroll-to-bottom--css-rvymb-1n7m0yu\">\n<div class=\"flex flex-col pb-9 text-sm\">\n<div class=\"w-full text-token-text-primary\" data-testid=\"conversation-turn-7\">\n<div class=\"px-4 py-2 justify-center text-base md:gap-6 m-auto\">\n<div class=\"flex flex-1 text-base mx-auto gap-3 md:px-5 lg:px-1 xl:px-5 md:max-w-3xl lg:max-w-[40rem] xl:max-w-[48rem] group final-completion\">\n<div class=\"relative flex w-full flex-col lg:w-[calc(100%-115px)] agent-turn\">\n<div class=\"flex-col gap-1 md:gap-3\">\n<div class=\"flex flex-grow flex-col max-w-full\">\n<div class=\"min-h-[20px] text-message flex flex-col items-start gap-3 whitespace-pre-wrap break-words [.text-message+&amp;]:mt-5 overflow-x-auto\" data-message-author-role=\"assistant\" data-message-id=\"c843a7cd-b0c3-4143-879d-37fc37eedad3\">\n<div class=\"markdown prose w-full break-words dark:prose-invert light\">\n<p>Sobre as bolachas japonesas de sal marinho com sabor a feij\u00e3o vermelho:<\/p>\n<p>Delicie-se com as requintadas bolachas japonesas de sal marinho, uma fus\u00e3o harmoniosa do artesanato tradicional japon\u00eas e do irresist\u00edvel sabor a feij\u00e3o vermelho. Cada dentada encerra uma sinfonia de texturas - perfumadas, estaladi\u00e7as e delicadamente macias, proporcionando uma viagem culin\u00e1ria ao cora\u00e7\u00e3o do Jap\u00e3o.<\/p>\n<p>Embarque numa aventura saborosa \u00e0 medida que a nossa linha de produtos se desenvolve:<\/p>\n<p>Desde as bolachas de estilo chin\u00eas at\u00e9 \u00e0s bolachas de legumes, a nossa gama diversificada satisfaz os gostos mais variados. Saboreie a riqueza das bolachas de compota, o estaladi\u00e7o das bolachas crocantes e a bondade das bolachas de manteiga que derretem na boca. Explore uma variedade de op\u00e7\u00f5es - desde biscoitos de soda a Mochi, snacks de cereais a pastelaria, batatas fritas a p\u00e3o.<\/p>\n<p>Mergulhe num mundo de sabores com a nossa extensa variedade de sabores:<\/p>\n<p>Escolha entre Queijo, Original, Salgado, Chocolate, Vegetal, Frutado, Caf\u00e9, Nata, Doce, Ovo, Leite e muito mais.<\/p>\n<p>Descubra a arte da embalagem:<\/p>\n<p>Adaptado a diversos mercados e prefer\u00eancias dos clientes, oferecemos uma gama de op\u00e7\u00f5es de embalagem, incluindo saco, caixa, a granel, cart\u00e3o, lata e embalagem para oferta.<\/p>\n<p>E isso n\u00e3o \u00e9 tudo - experimente os nossos servi\u00e7os abrangentes:<\/p>\n<p>Desfrute de op\u00e7\u00f5es de venda por grosso, personalize os sabores e as embalagens para elevar a sua marca e satisfazer as suas prefer\u00eancias \u00fanicas. Junte-se a n\u00f3s para criar momentos memor\u00e1veis atrav\u00e9s de um sabor e servi\u00e7o excepcionais. Adicione \u00e0 lista de pedidos e aguarde as nossas ofertas personalizadas.<\/p>\n<p>Mas as nossas ofertas n\u00e3o se ficam por aqui! Explore a nossa divis\u00e3o de doces em <a href=\"https:\/\/oemcandy.com\/\" target=\"_new\" rel=\"noopener\">https:\/\/oemcandy.com<\/a>A nossa empresa \u00e9 especializada na produ\u00e7\u00e3o e venda por grosso de uma vasta gama de doces. Desde rebu\u00e7ados l\u00edquidos e rebu\u00e7ados de brinquedo a gomas, pastilhas el\u00e1sticas, chupa-chupas e marshmallows, a nossa cole\u00e7\u00e3o de rebu\u00e7ados destina-se a um vasto p\u00fablico. Diversifique a sua oferta de produtos e conquiste novos mercados com os nossos doces excepcionais. Informe-se agora para explorar as doces possibilidades da nossa produ\u00e7\u00e3o de doces e servi\u00e7os grossistas.<\/p>\n<\/div>\n<\/div>\n<\/div>\n<\/div>\n<\/div>\n<\/div>\n<\/div>\n<\/div>\n<\/div>\n<\/div>\n<\/div>\n<\/div>\n<div class=\"bottom-description-content\">\n<div>\n<p>&nbsp;<\/p>\n<\/div>\n<\/div>","protected":false},"excerpt":{"rendered":"<div class=\"flex-1 overflow-hidden\">\n<div class=\"react-scroll-to-bottom--css-rvymb-79elbk h-full\">\n<div class=\"react-scroll-to-bottom--css-rvymb-1n7m0yu\">\n<div class=\"flex flex-col pb-9 text-sm\">\n<div class=\"w-full text-token-text-primary\" data-testid=\"conversation-turn-3\">\n<div class=\"px-4 py-2 justify-center text-base md:gap-6 m-auto\">\n<div class=\"flex flex-1 text-base mx-auto gap-3 md:px-5 lg:px-1 xl:px-5 md:max-w-3xl lg:max-w-[40rem] xl:max-w-[48rem] group final-completion\">\n<div class=\"relative flex w-full flex-col lg:w-[calc(100%-115px)] agent-turn\">\n<div class=\"flex-col gap-1 md:gap-3\">\n<div class=\"flex flex-grow flex-col max-w-full\">\n<div class=\"min-h-[20px] text-message flex flex-col items-start gap-3 whitespace-pre-wrap break-words [.text-message+&amp;]:mt-5 overflow-x-auto\" data-message-author-role=\"assistant\" data-message-id=\"dfd2f782-c81e-418c-bd10-0f186acb75fd\">\n<div class=\"markdown prose w-full break-words dark:prose-invert light\">\n<p>Apresentamos as nossas bolachas japonesas de sal marinho com um delicioso sabor a feij\u00e3o vermelho - uma mistura perfeita de autenticidade japonesa e sabor irresist\u00edvel. Criadas com precis\u00e3o, estas bolachas estaladi\u00e7as redefinem a ess\u00eancia das bolachas de estilo japon\u00eas. Mergulhe os seus sentidos na combina\u00e7\u00e3o \u00fanica de sal marinho, criando uma sinfonia de sabores que \u00e9 simultaneamente saborosa e doce. Embaladas na perfei\u00e7\u00e3o, cada dentada promete um crocante delicioso, transportando-o para o cora\u00e7\u00e3o do Jap\u00e3o. Ideais para os paladares mais exigentes do Sudeste Asi\u00e1tico, as nossas bolachas destinam-se a comerciantes, agentes, grossistas, distribuidores, propriet\u00e1rios de marcas e retalhistas. Eleve a sua linha de produtos com estas guloseimas requintadas que ostentam uma textura distinta e um perfil de sabor que ressoa com a regi\u00e3o. Adicione \u00e0 lista de pedidos e aguarde a nossa cota\u00e7\u00e3o em conjunto.<\/p>\n<\/div>\n<\/div>\n<\/div>\n<\/div>\n<\/div>\n<\/div>\n<\/div>\n<\/div>\n<\/div>\n<\/div>\n<\/div>\n<\/div>","protected":false},"featured_media":4149,"comment_status":"open","ping_status":"closed","template":"","meta":{"om_disable_all_campaigns":false},"product_brand":[],"product_cat":[108],"product_tag":[252,356,171],"class_list":{"0":"post-4148","1":"product","2":"type-product","3":"status-publish","4":"has-post-thumbnail","6":"product_cat-crispy-biscuits","7":"product_tag-crispy-cookies","8":"product_tag-japanese-style-biscuit","9":"product_tag-salt-biscuit","10":"pa_brand-superviviga","11":"pa_flavor-salty","12":"pa_flavor-spices-herbs","13":"pa_packing-bag","14":"pa_taste-salty","15":"pa_texture-crispy","17":"first","18":"instock","19":"downloadable","20":"taxable","21":"shipping-taxable","22":"product-type-simple"},"yoast_head":"<!-- This site is optimized with the Yoast SEO plugin v24.4 - https:\/\/yoast.com\/wordpress\/plugins\/seo\/ -->\n<title>Sea Salt Japanese Pattie Cookies red bean flavor | Wingoo biscuit Manufacturers<\/title>\n<meta name=\"description\" content=\"Wholesale the exquisite Sea Salt Japanese Pattie Cookies red bean flavor. Customize your order for a unique taste experience. Inquire now for tailored offerings and pricing details.\" \/>\n<meta name=\"robots\" content=\"index, follow, max-snippet:-1, max-image-preview:large, max-video-preview:-1\" \/>\n<link rel=\"canonical\" href=\"https:\/\/wingoofoods.com\/pt\/produto\/bolachas-japonesas-de-sal-marinho-sabor-feijao-vermelho\/\" \/>\n<meta property=\"og:locale\" content=\"pt_PT\" \/>\n<meta property=\"og:type\" content=\"article\" \/>\n<meta property=\"og:title\" content=\"Sea Salt Japanese Pattie Cookies red bean flavor | Wingoo biscuit Manufacturers\" \/>\n<meta property=\"og:description\" content=\"Wholesale the exquisite Sea Salt Japanese Pattie Cookies red bean flavor. Customize your order for a unique taste experience. Inquire now for tailored offerings and pricing details.\" \/>\n<meta property=\"og:url\" content=\"https:\/\/wingoofoods.com\/pt\/produto\/bolachas-japonesas-de-sal-marinho-sabor-feijao-vermelho\/\" \/>\n<meta property=\"og:site_name\" content=\"Wingoo biscuit Manufacturers\" \/>\n<meta property=\"article:modified_time\" content=\"2023-12-26T03:11:10+00:00\" \/>\n<meta property=\"og:image\" content=\"https:\/\/wingoofoods.com\/wp-content\/uploads\/2023\/12\/1-14.jpg\" \/>\n\t<meta property=\"og:image:width\" content=\"800\" \/>\n\t<meta property=\"og:image:height\" content=\"800\" \/>\n\t<meta property=\"og:image:type\" content=\"image\/jpeg\" \/>\n<meta name=\"twitter:card\" content=\"summary_large_image\" \/>\n<meta name=\"twitter:label1\" content=\"Tempo estimado de leitura\" \/>\n\t<meta name=\"twitter:data1\" content=\"2 minutos\" \/>\n<script type=\"application\/ld+json\" class=\"yoast-schema-graph\">{\"@context\":\"https:\/\/schema.org\",\"@graph\":[{\"@type\":\"WebPage\",\"@id\":\"https:\/\/wingoofoods.com\/product\/sea-salt-japanese-pattie-cookies-red-bean-flavor\/\",\"url\":\"https:\/\/wingoofoods.com\/product\/sea-salt-japanese-pattie-cookies-red-bean-flavor\/\",\"name\":\"Sea Salt Japanese Pattie Cookies red bean flavor | Wingoo biscuit Manufacturers\",\"isPartOf\":{\"@id\":\"https:\/\/wingoofoods.com\/es_pe\/#website\"},\"primaryImageOfPage\":{\"@id\":\"https:\/\/wingoofoods.com\/product\/sea-salt-japanese-pattie-cookies-red-bean-flavor\/#primaryimage\"},\"image\":{\"@id\":\"https:\/\/wingoofoods.com\/product\/sea-salt-japanese-pattie-cookies-red-bean-flavor\/#primaryimage\"},\"thumbnailUrl\":\"https:\/\/wingoofoods.com\/wp-content\/uploads\/2023\/12\/1-14.jpg\",\"datePublished\":\"2023-12-04T02:10:35+00:00\",\"dateModified\":\"2023-12-26T03:11:10+00:00\",\"description\":\"Wholesale the exquisite Sea Salt Japanese Pattie Cookies red bean flavor. Customize your order for a unique taste experience. Inquire now for tailored offerings and pricing details.\",\"breadcrumb\":{\"@id\":\"https:\/\/wingoofoods.com\/product\/sea-salt-japanese-pattie-cookies-red-bean-flavor\/#breadcrumb\"},\"inLanguage\":\"pt-PT\",\"potentialAction\":[{\"@type\":\"ReadAction\",\"target\":[\"https:\/\/wingoofoods.com\/product\/sea-salt-japanese-pattie-cookies-red-bean-flavor\/\"]}]},{\"@type\":\"ImageObject\",\"inLanguage\":\"pt-PT\",\"@id\":\"https:\/\/wingoofoods.com\/product\/sea-salt-japanese-pattie-cookies-red-bean-flavor\/#primaryimage\",\"url\":\"https:\/\/wingoofoods.com\/wp-content\/uploads\/2023\/12\/1-14.jpg\",\"contentUrl\":\"https:\/\/wingoofoods.com\/wp-content\/uploads\/2023\/12\/1-14.jpg\",\"width\":800,\"height\":800,\"caption\":\"Sea Salt Japanese Pattie Cookies red bean flavor\"},{\"@type\":\"BreadcrumbList\",\"@id\":\"https:\/\/wingoofoods.com\/product\/sea-salt-japanese-pattie-cookies-red-bean-flavor\/#breadcrumb\",\"itemListElement\":[{\"@type\":\"ListItem\",\"position\":1,\"name\":\"Home\",\"item\":\"https:\/\/wingoofoods.com\/ar\/\"},{\"@type\":\"ListItem\",\"position\":2,\"name\":\"products\",\"item\":\"https:\/\/wingoofoods.com\/ar\/\u0645\u062a\u062c\u0631\/\"},{\"@type\":\"ListItem\",\"position\":3,\"name\":\"Sea Salt Japanese Pattie Cookies red bean flavor\"}]},{\"@type\":\"WebSite\",\"@id\":\"https:\/\/wingoofoods.com\/es_pe\/#website\",\"url\":\"https:\/\/wingoofoods.com\/es_pe\/\",\"name\":\"Wingoo biscuit Manufacturers\",\"description\":\"Biscuit Manufacturers, Suppliers, Exporters from china shantou largest food factory\",\"publisher\":{\"@id\":\"https:\/\/wingoofoods.com\/es_pe\/#organization\"},\"alternateName\":\"Guangdong Wingoo foods - Official website\",\"potentialAction\":[{\"@type\":\"SearchAction\",\"target\":{\"@type\":\"EntryPoint\",\"urlTemplate\":\"https:\/\/wingoofoods.com\/es_pe\/?s={search_term_string}\"},\"query-input\":{\"@type\":\"PropertyValueSpecification\",\"valueRequired\":true,\"valueName\":\"search_term_string\"}}],\"inLanguage\":\"pt-PT\"},{\"@type\":\"Organization\",\"@id\":\"https:\/\/wingoofoods.com\/es_pe\/#organization\",\"name\":\"Wingoo biscuit Manufacturers\",\"url\":\"https:\/\/wingoofoods.com\/es_pe\/\",\"logo\":{\"@type\":\"ImageObject\",\"inLanguage\":\"pt-PT\",\"@id\":\"https:\/\/wingoofoods.com\/es_pe\/#\/schema\/logo\/image\/\",\"url\":\"http:\/\/wingoofoods.com\/wp-content\/uploads\/2023\/10\/LOGO.png\",\"contentUrl\":\"http:\/\/wingoofoods.com\/wp-content\/uploads\/2023\/10\/LOGO.png\",\"width\":280,\"height\":72,\"caption\":\"Wingoo biscuit Manufacturers\"},\"image\":{\"@id\":\"https:\/\/wingoofoods.com\/es_pe\/#\/schema\/logo\/image\/\"}}]}<\/script>\n<!-- \/ Yoast SEO plugin. -->","yoast_head_json":{"title":"Sea Salt Japanese Pattie Cookies red bean flavor | Wingoo biscuit Manufacturers","description":"Wholesale the exquisite Sea Salt Japanese Pattie Cookies red bean flavor. Customize your order for a unique taste experience. Inquire now for tailored offerings and pricing details.","robots":{"index":"index","follow":"follow","max-snippet":"max-snippet:-1","max-image-preview":"max-image-preview:large","max-video-preview":"max-video-preview:-1"},"canonical":"https:\/\/wingoofoods.com\/pt\/produto\/bolachas-japonesas-de-sal-marinho-sabor-feijao-vermelho\/","og_locale":"pt_PT","og_type":"article","og_title":"Sea Salt Japanese Pattie Cookies red bean flavor | Wingoo biscuit Manufacturers","og_description":"Wholesale the exquisite Sea Salt Japanese Pattie Cookies red bean flavor. Customize your order for a unique taste experience. Inquire now for tailored offerings and pricing details.","og_url":"https:\/\/wingoofoods.com\/pt\/produto\/bolachas-japonesas-de-sal-marinho-sabor-feijao-vermelho\/","og_site_name":"Wingoo biscuit Manufacturers","article_modified_time":"2023-12-26T03:11:10+00:00","og_image":[{"width":800,"height":800,"url":"https:\/\/wingoofoods.com\/wp-content\/uploads\/2023\/12\/1-14.jpg","type":"image\/jpeg"}],"twitter_card":"summary_large_image","twitter_misc":{"Tempo estimado de leitura":"2 minutos"},"schema":{"@context":"https:\/\/schema.org","@graph":[{"@type":"WebPage","@id":"https:\/\/wingoofoods.com\/product\/sea-salt-japanese-pattie-cookies-red-bean-flavor\/","url":"https:\/\/wingoofoods.com\/product\/sea-salt-japanese-pattie-cookies-red-bean-flavor\/","name":"Sea Salt Japanese Pattie Cookies red bean flavor | Wingoo biscuit Manufacturers","isPartOf":{"@id":"https:\/\/wingoofoods.com\/es_pe\/#website"},"primaryImageOfPage":{"@id":"https:\/\/wingoofoods.com\/product\/sea-salt-japanese-pattie-cookies-red-bean-flavor\/#primaryimage"},"image":{"@id":"https:\/\/wingoofoods.com\/product\/sea-salt-japanese-pattie-cookies-red-bean-flavor\/#primaryimage"},"thumbnailUrl":"https:\/\/wingoofoods.com\/wp-content\/uploads\/2023\/12\/1-14.jpg","datePublished":"2023-12-04T02:10:35+00:00","dateModified":"2023-12-26T03:11:10+00:00","description":"Wholesale the exquisite Sea Salt Japanese Pattie Cookies red bean flavor. Customize your order for a unique taste experience. Inquire now for tailored offerings and pricing details.","breadcrumb":{"@id":"https:\/\/wingoofoods.com\/product\/sea-salt-japanese-pattie-cookies-red-bean-flavor\/#breadcrumb"},"inLanguage":"pt-PT","potentialAction":[{"@type":"ReadAction","target":["https:\/\/wingoofoods.com\/product\/sea-salt-japanese-pattie-cookies-red-bean-flavor\/"]}]},{"@type":"ImageObject","inLanguage":"pt-PT","@id":"https:\/\/wingoofoods.com\/product\/sea-salt-japanese-pattie-cookies-red-bean-flavor\/#primaryimage","url":"https:\/\/wingoofoods.com\/wp-content\/uploads\/2023\/12\/1-14.jpg","contentUrl":"https:\/\/wingoofoods.com\/wp-content\/uploads\/2023\/12\/1-14.jpg","width":800,"height":800,"caption":"Sea Salt Japanese Pattie Cookies red bean flavor"},{"@type":"BreadcrumbList","@id":"https:\/\/wingoofoods.com\/product\/sea-salt-japanese-pattie-cookies-red-bean-flavor\/#breadcrumb","itemListElement":[{"@type":"ListItem","position":1,"name":"Home","item":"https:\/\/wingoofoods.com\/ar\/"},{"@type":"ListItem","position":2,"name":"products","item":"https:\/\/wingoofoods.com\/ar\/\u0645\u062a\u062c\u0631\/"},{"@type":"ListItem","position":3,"name":"Sea Salt Japanese Pattie Cookies red bean flavor"}]},{"@type":"WebSite","@id":"https:\/\/wingoofoods.com\/es_pe\/#website","url":"https:\/\/wingoofoods.com\/es_pe\/","name":"Wingoo biscuit Manufacturers","description":"Biscuit Manufacturers, Suppliers, Exporters from china shantou largest food factory","publisher":{"@id":"https:\/\/wingoofoods.com\/es_pe\/#organization"},"alternateName":"Guangdong Wingoo foods - Official website","potentialAction":[{"@type":"SearchAction","target":{"@type":"EntryPoint","urlTemplate":"https:\/\/wingoofoods.com\/es_pe\/?s={search_term_string}"},"query-input":{"@type":"PropertyValueSpecification","valueRequired":true,"valueName":"search_term_string"}}],"inLanguage":"pt-PT"},{"@type":"Organization","@id":"https:\/\/wingoofoods.com\/es_pe\/#organization","name":"Wingoo biscuit Manufacturers","url":"https:\/\/wingoofoods.com\/es_pe\/","logo":{"@type":"ImageObject","inLanguage":"pt-PT","@id":"https:\/\/wingoofoods.com\/es_pe\/#\/schema\/logo\/image\/","url":"http:\/\/wingoofoods.com\/wp-content\/uploads\/2023\/10\/LOGO.png","contentUrl":"http:\/\/wingoofoods.com\/wp-content\/uploads\/2023\/10\/LOGO.png","width":280,"height":72,"caption":"Wingoo biscuit Manufacturers"},"image":{"@id":"https:\/\/wingoofoods.com\/es_pe\/#\/schema\/logo\/image\/"}}]}},"_links":{"self":[{"href":"https:\/\/wingoofoods.com\/pt\/wp-json\/wp\/v2\/product\/4148","targetHints":{"allow":["GET"]}}],"collection":[{"href":"https:\/\/wingoofoods.com\/pt\/wp-json\/wp\/v2\/product"}],"about":[{"href":"https:\/\/wingoofoods.com\/pt\/wp-json\/wp\/v2\/types\/product"}],"replies":[{"embeddable":true,"href":"https:\/\/wingoofoods.com\/pt\/wp-json\/wp\/v2\/comments?post=4148"}],"version-history":[{"count":0,"href":"https:\/\/wingoofoods.com\/pt\/wp-json\/wp\/v2\/product\/4148\/revisions"}],"wp:featuredmedia":[{"embeddable":true,"href":"https:\/\/wingoofoods.com\/pt\/wp-json\/wp\/v2\/media\/4149"}],"wp:attachment":[{"href":"https:\/\/wingoofoods.com\/pt\/wp-json\/wp\/v2\/media?parent=4148"}],"wp:term":[{"taxonomy":"product_brand","embeddable":true,"href":"https:\/\/wingoofoods.com\/pt\/wp-json\/wp\/v2\/product_brand?post=4148"},{"taxonomy":"product_cat","embeddable":true,"href":"https:\/\/wingoofoods.com\/pt\/wp-json\/wp\/v2\/product_cat?post=4148"},{"taxonomy":"product_tag","embeddable":true,"href":"https:\/\/wingoofoods.com\/pt\/wp-json\/wp\/v2\/product_tag?post=4148"}],"curies":[{"name":"wp","href":"https:\/\/api.w.org\/{rel}","templated":true}]}}