{"id":4158,"date":"2023-12-04T02:18:05","date_gmt":"2023-12-04T02:18:05","guid":{"rendered":"http:\/\/wingoofoods.com\/?post_type=product&#038;p=4158"},"modified":"2023-12-26T02:30:08","modified_gmt":"2023-12-26T02:30:08","slug":"sea-salt-japanese-round-cookies","status":"publish","type":"product","link":"https:\/\/wingoofoods.com\/pt\/produto\/biscoitos-redondos-japoneses-com-sal-marinho\/","title":{"rendered":"Bolachas redondas japonesas com sal marinho"},"content":{"rendered":"<p><img fetchpriority=\"high\" decoding=\"async\" class=\"aligncenter wp-image-2439 size-full\" src=\"http:\/\/wingoofoods.com\/wp-content\/uploads\/2013\/06\/1.webp\" alt=\"\" width=\"800\" height=\"569\" srcset=\"https:\/\/wingoofoods.com\/wp-content\/uploads\/2013\/06\/1.webp 800w, https:\/\/wingoofoods.com\/wp-content\/uploads\/2013\/06\/1-300x213.webp 300w, https:\/\/wingoofoods.com\/wp-content\/uploads\/2013\/06\/1-768x546.webp 768w, https:\/\/wingoofoods.com\/wp-content\/uploads\/2013\/06\/1-600x427.webp 600w\" sizes=\"(max-width: 800px) 100vw, 800px\" \/><\/p>\n<p>&nbsp;<\/p>\n<p><img decoding=\"async\" class=\"alignnone wp-image-4160 size-full\" src=\"http:\/\/wingoofoods.com\/wp-content\/uploads\/2023\/12\/3-8.jpg\" alt=\"Bolachas redondas japonesas com sal marinho\" width=\"1000\" height=\"1000\" srcset=\"https:\/\/wingoofoods.com\/wp-content\/uploads\/2023\/12\/3-8.jpg 1000w, https:\/\/wingoofoods.com\/wp-content\/uploads\/2023\/12\/3-8-300x300.jpg 300w, https:\/\/wingoofoods.com\/wp-content\/uploads\/2023\/12\/3-8-150x150.jpg 150w, https:\/\/wingoofoods.com\/wp-content\/uploads\/2023\/12\/3-8-768x768.jpg 768w, https:\/\/wingoofoods.com\/wp-content\/uploads\/2023\/12\/3-8-600x600.jpg 600w, https:\/\/wingoofoods.com\/wp-content\/uploads\/2023\/12\/3-8-100x100.jpg 100w\" sizes=\"(max-width: 1000px) 100vw, 1000px\" \/> <img decoding=\"async\" class=\"alignnone wp-image-4161 size-full\" src=\"http:\/\/wingoofoods.com\/wp-content\/uploads\/2023\/12\/4-5.jpg\" alt=\"Bolachas redondas japonesas com sal marinho\" width=\"1000\" height=\"1000\" srcset=\"https:\/\/wingoofoods.com\/wp-content\/uploads\/2023\/12\/4-5.jpg 1000w, https:\/\/wingoofoods.com\/wp-content\/uploads\/2023\/12\/4-5-300x300.jpg 300w, https:\/\/wingoofoods.com\/wp-content\/uploads\/2023\/12\/4-5-150x150.jpg 150w, https:\/\/wingoofoods.com\/wp-content\/uploads\/2023\/12\/4-5-768x768.jpg 768w, https:\/\/wingoofoods.com\/wp-content\/uploads\/2023\/12\/4-5-600x600.jpg 600w, https:\/\/wingoofoods.com\/wp-content\/uploads\/2023\/12\/4-5-100x100.jpg 100w\" sizes=\"(max-width: 1000px) 100vw, 1000px\" \/><\/p>\n<div class=\"bottom-description-content\">\n<p>Sobre as bolachas redondas japonesas com sal marinho:<\/p>\n<div class=\"flex-1 overflow-hidden\">\n<div class=\"react-scroll-to-bottom--css-rvymb-79elbk h-full\">\n<div class=\"react-scroll-to-bottom--css-rvymb-1n7m0yu\">\n<div class=\"flex flex-col pb-9 text-sm\">\n<div class=\"w-full text-token-text-primary\" data-testid=\"conversation-turn-13\">\n<div class=\"px-4 py-2 justify-center text-base md:gap-6 m-auto\">\n<div class=\"flex flex-1 text-base mx-auto gap-3 md:px-5 lg:px-1 xl:px-5 md:max-w-3xl lg:max-w-[40rem] xl:max-w-[48rem] group final-completion\">\n<div class=\"relative flex w-full flex-col lg:w-[calc(100%-115px)] agent-turn\">\n<div class=\"flex-col gap-1 md:gap-3\">\n<div class=\"flex flex-grow flex-col max-w-full\">\n<div class=\"min-h-[20px] text-message flex flex-col items-start gap-3 whitespace-pre-wrap break-words [.text-message+&amp;]:mt-5 overflow-x-auto\" data-message-author-role=\"assistant\" data-message-id=\"b23ee29a-417e-4eea-ac34-1da212a12104\">\n<div class=\"markdown prose w-full break-words dark:prose-invert light\">\n<div class=\"flex-1 overflow-hidden\">\n<div class=\"react-scroll-to-bottom--css-rvymb-79elbk h-full\">\n<div class=\"react-scroll-to-bottom--css-rvymb-1n7m0yu\">\n<div class=\"flex flex-col pb-9 text-sm\">\n<div class=\"w-full text-token-text-primary\" data-testid=\"conversation-turn-15\">\n<div class=\"px-4 py-2 justify-center text-base md:gap-6 m-auto\">\n<div class=\"flex flex-1 text-base mx-auto gap-3 md:px-5 lg:px-1 xl:px-5 md:max-w-3xl lg:max-w-[40rem] xl:max-w-[48rem] group final-completion\">\n<div class=\"relative flex w-full flex-col lg:w-[calc(100%-115px)] agent-turn\">\n<div class=\"flex-col gap-1 md:gap-3\">\n<div class=\"flex flex-grow flex-col max-w-full\">\n<div class=\"min-h-[20px] text-message flex flex-col items-start gap-3 whitespace-pre-wrap break-words [.text-message+&amp;]:mt-5 overflow-x-auto\" data-message-author-role=\"assistant\" data-message-id=\"6f964f0a-fc75-46e6-bb35-c5b3762e3861\">\n<div class=\"markdown prose w-full break-words dark:prose-invert light\">\n<p>Embarque numa viagem culin\u00e1ria com as nossas bolachas redondas japonesas com sal marinho, com texturas perfumadas, estaladi\u00e7as e tenras. A infus\u00e3o subtil de sabores do sudeste asi\u00e1tico promete uma experi\u00eancia \u00fanica de petiscar, apelando a diversos gostos.<\/p>\n<p>Explore a nossa extensa cole\u00e7\u00e3o de bolachas, meticulosamente elaborada para satisfazer as mais variadas prefer\u00eancias. Desde biscoitos de estilo chin\u00eas a bolachas de legumes, biscoitos de compota, biscoitos estaladi\u00e7os, biscoitos de manteiga e muito mais, cada produto garante uma experi\u00eancia deliciosa. A gama estende-se a Biscoitos de Soda, Mochi, Snacks de Gr\u00e3os, Pastelaria, Batatas Fritas e P\u00e3o.<\/p>\n<p>Delicie-se com diversos sabores como Queijo, Original, Salgado, Chocolate, Vegetal, Frutado, Caf\u00e9, Creme, Doce, Ovo, Leite e muito mais. As nossas op\u00e7\u00f5es de embalagem, incluindo saco, caixa, a granel, cart\u00e3o, lata, embalagem para oferta e outras embalagens, v\u00e3o ao encontro do seu mercado-alvo.<\/p>\n<p>O nosso compromisso vai para al\u00e9m das bolachas, oferecendo servi\u00e7os personalizados, tais como op\u00e7\u00f5es de venda por grosso, personaliza\u00e7\u00e3o da marca e sabores e embalagens \u00fanicos. Destaque-se no mercado com a nossa gama vers\u00e1til e saborosa, deixando uma impress\u00e3o duradoura nos seus clientes.<\/p>\n<p>Explore os nossos servi\u00e7os de produ\u00e7\u00e3o e venda por grosso de doces, com doces l\u00edquidos, doces de brinquedo, gomas, pastilhas el\u00e1sticas, chupa-chupas, marshmallows e muito mais. Visite <a href=\"https:\/\/oemcandy.com\/\" target=\"_new\" rel=\"noopener\">https:\/\/oemcandy.com<\/a> para as nossas deliciosas ofertas de doces.<\/p>\n<p>Adicione \u00e0 lista de pedidos de informa\u00e7\u00e3o e aguarde o nosso or\u00e7amento conjunto. Experimente a riqueza das nossas ofertas e servi\u00e7os adaptados \u00e0s suas prefer\u00eancias e necessidades empresariais \u00fanicas.<\/p>\n<\/div>\n<\/div>\n<\/div>\n<\/div>\n<\/div>\n<\/div>\n<\/div>\n<\/div>\n<\/div>\n<\/div>\n<\/div>\n<\/div>\n<\/div>\n<\/div>\n<\/div>\n<\/div>\n<\/div>\n<\/div>\n<\/div>\n<\/div>\n<\/div>\n<\/div>\n<\/div>\n<\/div>\n<\/div>","protected":false},"excerpt":{"rendered":"<p>Apresentamos as nossas bolachas redondas japonesas com sal marinho, a mistura perfeita de tradi\u00e7\u00e3o e inova\u00e7\u00e3o. Estas mini-bolachas s\u00e3o deliciosamente finas, o que as torna num petisco ideal para quem aprecia a precis\u00e3o na hora de petiscar. Feitas com cuidado, estas bolachas redondas prometem uma fus\u00e3o \u00fanica de sabores do sudeste asi\u00e1tico que satisfazem diversos paladares.<\/p>\n<p>Saboreie o equil\u00edbrio requintado do sal marinho, que real\u00e7a subtilmente o perfil de sabor das bolachas. Cada dentada proporciona uma textura estaladi\u00e7a, mas tenra, criando uma experi\u00eancia gustativa memor\u00e1vel. A embalagem reflecte o nosso compromisso com a qualidade, assegurando frescura e conveni\u00eancia para revendedores, agentes, grossistas, distribuidores, propriet\u00e1rios de marcas e retalhistas.<\/p>\n<p>Apelando a um vasto p\u00fablico, os nossos biscoitos redondos japoneses com sal marinho est\u00e3o prontos para se tornarem os favoritos dos clientes. Adicione \u00e0 lista de pedidos e aguarde a nossa cota\u00e7\u00e3o em conjunto, pois convidamo-lo a embarcar numa viagem de sabor e satisfa\u00e7\u00e3o.<\/p>","protected":false},"featured_media":4159,"comment_status":"open","ping_status":"closed","template":"","meta":{"om_disable_all_campaigns":false},"product_brand":[],"product_cat":[108,109],"product_tag":[351,357,297],"class_list":{"0":"post-4158","1":"product","2":"type-product","3":"status-publish","4":"has-post-thumbnail","6":"product_cat-crispy-biscuits","7":"product_cat-mini-round-biscuits","8":"product_tag-mini-biscuits","9":"product_tag-round-cookies","10":"product_tag-thin-biscuits","11":"pa_brand-superviviga","12":"pa_flavor-salty","13":"pa_flavor-spices-herbs","14":"pa_packing-bag","15":"pa_taste-salty","16":"pa_texture-crispy","18":"first","19":"instock","20":"downloadable","21":"taxable","22":"shipping-taxable","23":"product-type-simple"},"yoast_head":"<!-- This site is optimized with the Yoast SEO plugin v24.4 - https:\/\/yoast.com\/wordpress\/plugins\/seo\/ -->\n<title>Sea salt Japanese round cookies | Wingoo biscuit Manufacturers<\/title>\n<meta name=\"description\" content=\"Wholesale Sea Salt Japanese Round Cookies \u2013 Custom options available. Elevate your offerings. Add to inquiry for exclusive pricing.\" \/>\n<meta name=\"robots\" content=\"index, follow, max-snippet:-1, max-image-preview:large, max-video-preview:-1\" \/>\n<link rel=\"canonical\" href=\"https:\/\/wingoofoods.com\/pt\/produto\/biscoitos-redondos-japoneses-com-sal-marinho\/\" \/>\n<meta property=\"og:locale\" content=\"pt_PT\" \/>\n<meta property=\"og:type\" content=\"article\" \/>\n<meta property=\"og:title\" content=\"Sea salt Japanese round cookies | Wingoo biscuit Manufacturers\" \/>\n<meta property=\"og:description\" content=\"Wholesale Sea Salt Japanese Round Cookies \u2013 Custom options available. Elevate your offerings. Add to inquiry for exclusive pricing.\" \/>\n<meta property=\"og:url\" content=\"https:\/\/wingoofoods.com\/pt\/produto\/biscoitos-redondos-japoneses-com-sal-marinho\/\" \/>\n<meta property=\"og:site_name\" content=\"Wingoo biscuit Manufacturers\" \/>\n<meta property=\"article:modified_time\" content=\"2023-12-26T02:30:08+00:00\" \/>\n<meta property=\"og:image\" content=\"https:\/\/wingoofoods.com\/wp-content\/uploads\/2023\/12\/354.jpg\" \/>\n\t<meta property=\"og:image:width\" content=\"800\" \/>\n\t<meta property=\"og:image:height\" content=\"800\" \/>\n\t<meta property=\"og:image:type\" content=\"image\/jpeg\" \/>\n<meta name=\"twitter:card\" content=\"summary_large_image\" \/>\n<meta name=\"twitter:label1\" content=\"Tempo estimado de leitura\" \/>\n\t<meta name=\"twitter:data1\" content=\"2 minutos\" \/>\n<script type=\"application\/ld+json\" class=\"yoast-schema-graph\">{\"@context\":\"https:\/\/schema.org\",\"@graph\":[{\"@type\":\"WebPage\",\"@id\":\"https:\/\/wingoofoods.com\/product\/sea-salt-japanese-round-cookies\/\",\"url\":\"https:\/\/wingoofoods.com\/product\/sea-salt-japanese-round-cookies\/\",\"name\":\"Sea salt Japanese round cookies | Wingoo biscuit Manufacturers\",\"isPartOf\":{\"@id\":\"https:\/\/wingoofoods.com\/es_pe\/#website\"},\"primaryImageOfPage\":{\"@id\":\"https:\/\/wingoofoods.com\/product\/sea-salt-japanese-round-cookies\/#primaryimage\"},\"image\":{\"@id\":\"https:\/\/wingoofoods.com\/product\/sea-salt-japanese-round-cookies\/#primaryimage\"},\"thumbnailUrl\":\"https:\/\/wingoofoods.com\/wp-content\/uploads\/2023\/12\/354.jpg\",\"datePublished\":\"2023-12-04T02:18:05+00:00\",\"dateModified\":\"2023-12-26T02:30:08+00:00\",\"description\":\"Wholesale Sea Salt Japanese Round Cookies \u2013 Custom options available. Elevate your offerings. Add to inquiry for exclusive pricing.\",\"breadcrumb\":{\"@id\":\"https:\/\/wingoofoods.com\/product\/sea-salt-japanese-round-cookies\/#breadcrumb\"},\"inLanguage\":\"pt-PT\",\"potentialAction\":[{\"@type\":\"ReadAction\",\"target\":[\"https:\/\/wingoofoods.com\/product\/sea-salt-japanese-round-cookies\/\"]}]},{\"@type\":\"ImageObject\",\"inLanguage\":\"pt-PT\",\"@id\":\"https:\/\/wingoofoods.com\/product\/sea-salt-japanese-round-cookies\/#primaryimage\",\"url\":\"https:\/\/wingoofoods.com\/wp-content\/uploads\/2023\/12\/354.jpg\",\"contentUrl\":\"https:\/\/wingoofoods.com\/wp-content\/uploads\/2023\/12\/354.jpg\",\"width\":800,\"height\":800,\"caption\":\"Sea salt Japanese round cookies\"},{\"@type\":\"BreadcrumbList\",\"@id\":\"https:\/\/wingoofoods.com\/product\/sea-salt-japanese-round-cookies\/#breadcrumb\",\"itemListElement\":[{\"@type\":\"ListItem\",\"position\":1,\"name\":\"Home\",\"item\":\"https:\/\/wingoofoods.com\/ar\/\"},{\"@type\":\"ListItem\",\"position\":2,\"name\":\"products\",\"item\":\"https:\/\/wingoofoods.com\/ar\/\u0645\u062a\u062c\u0631\/\"},{\"@type\":\"ListItem\",\"position\":3,\"name\":\"Sea salt Japanese round cookies\"}]},{\"@type\":\"WebSite\",\"@id\":\"https:\/\/wingoofoods.com\/es_pe\/#website\",\"url\":\"https:\/\/wingoofoods.com\/es_pe\/\",\"name\":\"Wingoo biscuit Manufacturers\",\"description\":\"Biscuit Manufacturers, Suppliers, Exporters from china shantou largest food factory\",\"publisher\":{\"@id\":\"https:\/\/wingoofoods.com\/es_pe\/#organization\"},\"alternateName\":\"Guangdong Wingoo foods - Official website\",\"potentialAction\":[{\"@type\":\"SearchAction\",\"target\":{\"@type\":\"EntryPoint\",\"urlTemplate\":\"https:\/\/wingoofoods.com\/es_pe\/?s={search_term_string}\"},\"query-input\":{\"@type\":\"PropertyValueSpecification\",\"valueRequired\":true,\"valueName\":\"search_term_string\"}}],\"inLanguage\":\"pt-PT\"},{\"@type\":\"Organization\",\"@id\":\"https:\/\/wingoofoods.com\/es_pe\/#organization\",\"name\":\"Wingoo biscuit Manufacturers\",\"url\":\"https:\/\/wingoofoods.com\/es_pe\/\",\"logo\":{\"@type\":\"ImageObject\",\"inLanguage\":\"pt-PT\",\"@id\":\"https:\/\/wingoofoods.com\/es_pe\/#\/schema\/logo\/image\/\",\"url\":\"http:\/\/wingoofoods.com\/wp-content\/uploads\/2023\/10\/LOGO.png\",\"contentUrl\":\"http:\/\/wingoofoods.com\/wp-content\/uploads\/2023\/10\/LOGO.png\",\"width\":280,\"height\":72,\"caption\":\"Wingoo biscuit Manufacturers\"},\"image\":{\"@id\":\"https:\/\/wingoofoods.com\/es_pe\/#\/schema\/logo\/image\/\"}}]}<\/script>\n<!-- \/ Yoast SEO plugin. -->","yoast_head_json":{"title":"Sea salt Japanese round cookies | Wingoo biscuit Manufacturers","description":"Wholesale Sea Salt Japanese Round Cookies \u2013 Custom options available. Elevate your offerings. Add to inquiry for exclusive pricing.","robots":{"index":"index","follow":"follow","max-snippet":"max-snippet:-1","max-image-preview":"max-image-preview:large","max-video-preview":"max-video-preview:-1"},"canonical":"https:\/\/wingoofoods.com\/pt\/produto\/biscoitos-redondos-japoneses-com-sal-marinho\/","og_locale":"pt_PT","og_type":"article","og_title":"Sea salt Japanese round cookies | Wingoo biscuit Manufacturers","og_description":"Wholesale Sea Salt Japanese Round Cookies \u2013 Custom options available. Elevate your offerings. Add to inquiry for exclusive pricing.","og_url":"https:\/\/wingoofoods.com\/pt\/produto\/biscoitos-redondos-japoneses-com-sal-marinho\/","og_site_name":"Wingoo biscuit Manufacturers","article_modified_time":"2023-12-26T02:30:08+00:00","og_image":[{"width":800,"height":800,"url":"https:\/\/wingoofoods.com\/wp-content\/uploads\/2023\/12\/354.jpg","type":"image\/jpeg"}],"twitter_card":"summary_large_image","twitter_misc":{"Tempo estimado de leitura":"2 minutos"},"schema":{"@context":"https:\/\/schema.org","@graph":[{"@type":"WebPage","@id":"https:\/\/wingoofoods.com\/product\/sea-salt-japanese-round-cookies\/","url":"https:\/\/wingoofoods.com\/product\/sea-salt-japanese-round-cookies\/","name":"Sea salt Japanese round cookies | Wingoo biscuit Manufacturers","isPartOf":{"@id":"https:\/\/wingoofoods.com\/es_pe\/#website"},"primaryImageOfPage":{"@id":"https:\/\/wingoofoods.com\/product\/sea-salt-japanese-round-cookies\/#primaryimage"},"image":{"@id":"https:\/\/wingoofoods.com\/product\/sea-salt-japanese-round-cookies\/#primaryimage"},"thumbnailUrl":"https:\/\/wingoofoods.com\/wp-content\/uploads\/2023\/12\/354.jpg","datePublished":"2023-12-04T02:18:05+00:00","dateModified":"2023-12-26T02:30:08+00:00","description":"Wholesale Sea Salt Japanese Round Cookies \u2013 Custom options available. Elevate your offerings. Add to inquiry for exclusive pricing.","breadcrumb":{"@id":"https:\/\/wingoofoods.com\/product\/sea-salt-japanese-round-cookies\/#breadcrumb"},"inLanguage":"pt-PT","potentialAction":[{"@type":"ReadAction","target":["https:\/\/wingoofoods.com\/product\/sea-salt-japanese-round-cookies\/"]}]},{"@type":"ImageObject","inLanguage":"pt-PT","@id":"https:\/\/wingoofoods.com\/product\/sea-salt-japanese-round-cookies\/#primaryimage","url":"https:\/\/wingoofoods.com\/wp-content\/uploads\/2023\/12\/354.jpg","contentUrl":"https:\/\/wingoofoods.com\/wp-content\/uploads\/2023\/12\/354.jpg","width":800,"height":800,"caption":"Sea salt Japanese round cookies"},{"@type":"BreadcrumbList","@id":"https:\/\/wingoofoods.com\/product\/sea-salt-japanese-round-cookies\/#breadcrumb","itemListElement":[{"@type":"ListItem","position":1,"name":"Home","item":"https:\/\/wingoofoods.com\/ar\/"},{"@type":"ListItem","position":2,"name":"products","item":"https:\/\/wingoofoods.com\/ar\/\u0645\u062a\u062c\u0631\/"},{"@type":"ListItem","position":3,"name":"Sea salt Japanese round cookies"}]},{"@type":"WebSite","@id":"https:\/\/wingoofoods.com\/es_pe\/#website","url":"https:\/\/wingoofoods.com\/es_pe\/","name":"Wingoo biscuit Manufacturers","description":"Biscuit Manufacturers, Suppliers, Exporters from china shantou largest food factory","publisher":{"@id":"https:\/\/wingoofoods.com\/es_pe\/#organization"},"alternateName":"Guangdong Wingoo foods - Official website","potentialAction":[{"@type":"SearchAction","target":{"@type":"EntryPoint","urlTemplate":"https:\/\/wingoofoods.com\/es_pe\/?s={search_term_string}"},"query-input":{"@type":"PropertyValueSpecification","valueRequired":true,"valueName":"search_term_string"}}],"inLanguage":"pt-PT"},{"@type":"Organization","@id":"https:\/\/wingoofoods.com\/es_pe\/#organization","name":"Wingoo biscuit Manufacturers","url":"https:\/\/wingoofoods.com\/es_pe\/","logo":{"@type":"ImageObject","inLanguage":"pt-PT","@id":"https:\/\/wingoofoods.com\/es_pe\/#\/schema\/logo\/image\/","url":"http:\/\/wingoofoods.com\/wp-content\/uploads\/2023\/10\/LOGO.png","contentUrl":"http:\/\/wingoofoods.com\/wp-content\/uploads\/2023\/10\/LOGO.png","width":280,"height":72,"caption":"Wingoo biscuit Manufacturers"},"image":{"@id":"https:\/\/wingoofoods.com\/es_pe\/#\/schema\/logo\/image\/"}}]}},"_links":{"self":[{"href":"https:\/\/wingoofoods.com\/pt\/wp-json\/wp\/v2\/product\/4158","targetHints":{"allow":["GET"]}}],"collection":[{"href":"https:\/\/wingoofoods.com\/pt\/wp-json\/wp\/v2\/product"}],"about":[{"href":"https:\/\/wingoofoods.com\/pt\/wp-json\/wp\/v2\/types\/product"}],"replies":[{"embeddable":true,"href":"https:\/\/wingoofoods.com\/pt\/wp-json\/wp\/v2\/comments?post=4158"}],"version-history":[{"count":0,"href":"https:\/\/wingoofoods.com\/pt\/wp-json\/wp\/v2\/product\/4158\/revisions"}],"wp:featuredmedia":[{"embeddable":true,"href":"https:\/\/wingoofoods.com\/pt\/wp-json\/wp\/v2\/media\/4159"}],"wp:attachment":[{"href":"https:\/\/wingoofoods.com\/pt\/wp-json\/wp\/v2\/media?parent=4158"}],"wp:term":[{"taxonomy":"product_brand","embeddable":true,"href":"https:\/\/wingoofoods.com\/pt\/wp-json\/wp\/v2\/product_brand?post=4158"},{"taxonomy":"product_cat","embeddable":true,"href":"https:\/\/wingoofoods.com\/pt\/wp-json\/wp\/v2\/product_cat?post=4158"},{"taxonomy":"product_tag","embeddable":true,"href":"https:\/\/wingoofoods.com\/pt\/wp-json\/wp\/v2\/product_tag?post=4158"}],"curies":[{"name":"wp","href":"https:\/\/api.w.org\/{rel}","templated":true}]}}