{"id":4163,"date":"2023-12-04T02:21:26","date_gmt":"2023-12-04T02:21:26","guid":{"rendered":"http:\/\/wingoofoods.com\/?post_type=product&#038;p=4163"},"modified":"2023-12-26T02:23:45","modified_gmt":"2023-12-26T02:23:45","slug":"12-vegetables-crisp-original-biscuits","status":"publish","type":"product","link":"https:\/\/wingoofoods.com\/pt\/produto\/12-vegetais-biscoitos-crocantes-originais\/","title":{"rendered":"12 Legumes estaladi\u00e7os Biscoitos originais"},"content":{"rendered":"<p><img fetchpriority=\"high\" decoding=\"async\" class=\"aligncenter wp-image-2439 size-full\" src=\"http:\/\/wingoofoods.com\/wp-content\/uploads\/2013\/06\/1.webp\" alt=\"\" width=\"800\" height=\"569\" srcset=\"https:\/\/wingoofoods.com\/wp-content\/uploads\/2013\/06\/1.webp 800w, https:\/\/wingoofoods.com\/wp-content\/uploads\/2013\/06\/1-300x213.webp 300w, https:\/\/wingoofoods.com\/wp-content\/uploads\/2013\/06\/1-768x546.webp 768w, https:\/\/wingoofoods.com\/wp-content\/uploads\/2013\/06\/1-600x427.webp 600w\" sizes=\"(max-width: 800px) 100vw, 800px\" \/><\/p>\n<p><img decoding=\"async\" class=\"alignnone wp-image-4166 size-full\" src=\"http:\/\/wingoofoods.com\/wp-content\/uploads\/2023\/12\/\u4e3b\u56fe_5-4.jpg\" alt=\"12 Legumes estaladi\u00e7os Biscoitos originais\" width=\"800\" height=\"800\" srcset=\"https:\/\/wingoofoods.com\/wp-content\/uploads\/2023\/12\/\u4e3b\u56fe_5-4.jpg 800w, https:\/\/wingoofoods.com\/wp-content\/uploads\/2023\/12\/\u4e3b\u56fe_5-4-300x300.jpg 300w, https:\/\/wingoofoods.com\/wp-content\/uploads\/2023\/12\/\u4e3b\u56fe_5-4-150x150.jpg 150w, https:\/\/wingoofoods.com\/wp-content\/uploads\/2023\/12\/\u4e3b\u56fe_5-4-768x768.jpg 768w, https:\/\/wingoofoods.com\/wp-content\/uploads\/2023\/12\/\u4e3b\u56fe_5-4-600x600.jpg 600w, https:\/\/wingoofoods.com\/wp-content\/uploads\/2023\/12\/\u4e3b\u56fe_5-4-100x100.jpg 100w\" sizes=\"(max-width: 800px) 100vw, 800px\" \/> <img decoding=\"async\" class=\"alignnone wp-image-4165 size-full\" src=\"http:\/\/wingoofoods.com\/wp-content\/uploads\/2023\/12\/\u4e3b\u56fe_3-3.jpg\" alt=\"12 Legumes estaladi\u00e7os Biscoitos originais\" width=\"800\" height=\"800\" srcset=\"https:\/\/wingoofoods.com\/wp-content\/uploads\/2023\/12\/\u4e3b\u56fe_3-3.jpg 800w, https:\/\/wingoofoods.com\/wp-content\/uploads\/2023\/12\/\u4e3b\u56fe_3-3-300x300.jpg 300w, https:\/\/wingoofoods.com\/wp-content\/uploads\/2023\/12\/\u4e3b\u56fe_3-3-150x150.jpg 150w, https:\/\/wingoofoods.com\/wp-content\/uploads\/2023\/12\/\u4e3b\u56fe_3-3-768x768.jpg 768w, https:\/\/wingoofoods.com\/wp-content\/uploads\/2023\/12\/\u4e3b\u56fe_3-3-600x600.jpg 600w, https:\/\/wingoofoods.com\/wp-content\/uploads\/2023\/12\/\u4e3b\u56fe_3-3-100x100.jpg 100w\" sizes=\"(max-width: 800px) 100vw, 800px\" \/><\/p>\n<div class=\"flex-1 overflow-hidden\">\n<div class=\"react-scroll-to-bottom--css-rvymb-79elbk h-full\">\n<div class=\"react-scroll-to-bottom--css-rvymb-1n7m0yu\">\n<div class=\"flex flex-col pb-9 text-sm\">\n<div class=\"w-full text-token-text-primary\" data-testid=\"conversation-turn-11\">\n<div class=\"px-4 py-2 justify-center text-base md:gap-6 m-auto\">\n<div class=\"flex flex-1 text-base mx-auto gap-3 md:px-5 lg:px-1 xl:px-5 md:max-w-3xl lg:max-w-[40rem] xl:max-w-[48rem] group final-completion\">\n<div class=\"relative flex w-full flex-col lg:w-[calc(100%-115px)] agent-turn\">\n<div class=\"flex-col gap-1 md:gap-3\">\n<div class=\"flex flex-grow flex-col max-w-full\">\n<div class=\"min-h-[20px] text-message flex flex-col items-start gap-3 whitespace-pre-wrap break-words [.text-message+&amp;]:mt-5 overflow-x-auto\" data-message-author-role=\"assistant\" data-message-id=\"7475378d-ebd9-4075-a591-195aff3f6678\">\n<div class=\"markdown prose w-full break-words dark:prose-invert light\">\n<p>Cerca de 12 biscoitos de legumes Crisp Original:<\/p>\n<p>Embarque numa viagem deliciosa com os nossos 12 Vegetables Crisp Original Biscuits. Estas bolachas redefinem o conceito de snacking, oferecendo uma mistura \u00fanica de croc\u00e2ncia e suavidade, enriquecida com a ess\u00eancia arom\u00e1tica de 12 legumes frescos da horta. Delicie-se com uma experi\u00eancia sensorial que n\u00e3o \u00e9 apenas estaladi\u00e7a, mas tamb\u00e9m perfumada, criando uma sinfonia de sabores que cativa o seu paladar.<\/p>\n<h6>Explore a nossa gama de produtos diversificada:<\/h6>\n<p>Mergulhe na nossa gama diversificada de produtos, onde cada item \u00e9 uma obra-prima de sabor. De bolachas de estilo chin\u00eas a bolachas de legumes, de biscoitos de compota a biscoitos crocantes, orgulhamo-nos de apresentar uma vasta sele\u00e7\u00e3o. As nossas ofertas abrangem uma variedade de sabores - Queijo, Original, Salgado, Chocolate e muito mais. Mergulhe num mundo de sabores que reflecte o nosso empenho em oferecer uma qualidade inigual\u00e1vel.<\/p>\n<h6>Variedade de embalagens adaptada ao seu mercado:<\/h6>\n<p>Descubra o talento art\u00edstico da nossa diversidade de embalagens, que satisfazem v\u00e1rias especifica\u00e7\u00f5es, tais como saco, caixa, a granel, cart\u00e3o, lata e embalagem para oferta. Os nossos designs s\u00e3o concebidos para se adequarem a diferentes prefer\u00eancias, garantindo um apelo est\u00e9tico que se alinha perfeitamente com o seu p\u00fablico-alvo.<\/p>\n<h6>O nosso compromisso de servi\u00e7o:<\/h6>\n<p>Para al\u00e9m dos snacks, somos parceiros empenhados no sucesso do seu neg\u00f3cio. Disponha dos nossos servi\u00e7os, incluindo op\u00e7\u00f5es de venda por grosso e personaliza\u00e7\u00e3o de sabores e embalagens. Eleve as suas ofertas com o nosso compromisso com a perfei\u00e7\u00e3o. Adicione os nossos produtos \u00e0 lista de pedidos e aguarde um or\u00e7amento personalizado.<\/p>\n<h6>Diversificar com a produ\u00e7\u00e3o de doces e o com\u00e9rcio grossista:<\/h6>\n<p>Aumente a sua oferta para al\u00e9m dos biscoitos - explore os nossos servi\u00e7os de produ\u00e7\u00e3o e venda por grosso de doces. A nossa sele\u00e7\u00e3o de rebu\u00e7ados inclui rebu\u00e7ados l\u00edquidos, rebu\u00e7ados de brinquedo, rebu\u00e7ados de goma, pastilhas el\u00e1sticas, chupa-chupas, marshmallows e muito mais. Visite o nosso s\u00edtio Web dedicado aos doces em <a href=\"https:\/\/oemcandy.com\/\" target=\"_new\" rel=\"noopener\">https:\/\/oemcandy.com<\/a>. Expanda a sua linha de produtos e cative um p\u00fablico mais vasto com as nossas diversas op\u00e7\u00f5es de confeitaria.<\/p>\n<p>Junte-se a n\u00f3s para criar uma experi\u00eancia de petiscos e doces que vai al\u00e9m das expectativas. Acrescente \u00e0 lista de pedidos de informa\u00e7\u00e3o e aguarde o nosso or\u00e7amento exaustivo adaptado \u00e0s necessidades da sua empresa.<\/p>\n<\/div>\n<\/div>\n<\/div>\n<\/div>\n<\/div>\n<\/div>\n<\/div>\n<\/div>\n<\/div>\n<\/div>\n<\/div>\n<\/div>","protected":false},"excerpt":{"rendered":"<p>Apresentamos os nossos 12 Vegetables Crisp Original Biscuits - o ep\u00edtome de uma del\u00edcia saborosa! Criadas para o paladar do Sudeste Asi\u00e1tico, estas Bolachas de Vegetais redefinem o conceito de snacking com a sua croc\u00e2ncia inigual\u00e1vel. Imagine bolachas finas e quadradas que seduzem as suas papilas gustativas, combinando a bondade de 12 legumes frescos da horta. Cada dentada revela uma sinfonia de sabores, uma harmonia perfeita de croc\u00e2ncia e sabor. Embalado para preservar a frescura, o design vibrante reflecte a ess\u00eancia viva do produto. Ideal para revendedores, agentes, grossistas, distribuidores, propriet\u00e1rios de marcas e retalhistas que procuram uma oferta \u00fanica. Eleve o seu invent\u00e1rio com estas Crispy Crackers, um produto obrigat\u00f3rio para quem aprecia a qualidade. Adicione \u00e0 lista de pedidos e aguarde a nossa cota\u00e7\u00e3o em conjunto.<\/p>","protected":false},"featured_media":4164,"comment_status":"open","ping_status":"closed","template":"","meta":{"om_disable_all_campaigns":false},"product_brand":[],"product_cat":[102,108],"product_tag":[349,350,191],"class_list":{"0":"post-4163","1":"product","2":"type-product","3":"status-publish","4":"has-post-thumbnail","6":"product_cat-vegetable-crackers","7":"product_cat-crispy-biscuits","8":"product_tag-crispy-crackers","9":"product_tag-square-thin-biscuits","10":"product_tag-vegetable-biscuit","11":"pa_brand-superviviga","12":"pa_flavor-salty","13":"pa_flavor-spices-herbs","14":"pa_flavor-vegetable","15":"pa_packing-bag","16":"pa_taste-original","17":"pa_taste-salty","18":"pa_texture-crispy","20":"first","21":"instock","22":"downloadable","23":"taxable","24":"shipping-taxable","25":"product-type-simple"},"yoast_head":"<!-- This site is optimized with the Yoast SEO plugin v24.4 - https:\/\/yoast.com\/wordpress\/plugins\/seo\/ -->\n<title>12 Vegetables crisp Original biscuits | Wingoo biscuit Manufacturers<\/title>\n<meta name=\"description\" content=\"Wholesale 12 Vegetables Crisp Original Biscuits! Elevate your inventory with custom options. Irresistible taste awaits. Inquire now for exclusive pricing.\" \/>\n<meta name=\"robots\" content=\"index, follow, max-snippet:-1, max-image-preview:large, max-video-preview:-1\" \/>\n<link rel=\"canonical\" href=\"https:\/\/wingoofoods.com\/pt\/produto\/12-vegetais-biscoitos-crocantes-originais\/\" \/>\n<meta property=\"og:locale\" content=\"pt_PT\" \/>\n<meta property=\"og:type\" content=\"article\" \/>\n<meta property=\"og:title\" content=\"12 Vegetables crisp Original biscuits | Wingoo biscuit Manufacturers\" \/>\n<meta property=\"og:description\" content=\"Wholesale 12 Vegetables Crisp Original Biscuits! Elevate your inventory with custom options. Irresistible taste awaits. Inquire now for exclusive pricing.\" \/>\n<meta property=\"og:url\" content=\"https:\/\/wingoofoods.com\/pt\/produto\/12-vegetais-biscoitos-crocantes-originais\/\" \/>\n<meta property=\"og:site_name\" content=\"Wingoo biscuit Manufacturers\" \/>\n<meta property=\"article:modified_time\" content=\"2023-12-26T02:23:45+00:00\" \/>\n<meta property=\"og:image\" content=\"https:\/\/wingoofoods.com\/wp-content\/uploads\/2023\/12\/1-16.jpg\" \/>\n\t<meta property=\"og:image:width\" content=\"800\" \/>\n\t<meta property=\"og:image:height\" content=\"800\" \/>\n\t<meta property=\"og:image:type\" content=\"image\/jpeg\" \/>\n<meta name=\"twitter:card\" content=\"summary_large_image\" \/>\n<meta name=\"twitter:label1\" content=\"Tempo estimado de leitura\" \/>\n\t<meta name=\"twitter:data1\" content=\"2 minutos\" \/>\n<script type=\"application\/ld+json\" class=\"yoast-schema-graph\">{\"@context\":\"https:\/\/schema.org\",\"@graph\":[{\"@type\":\"WebPage\",\"@id\":\"https:\/\/wingoofoods.com\/pt\/produto\/12-vegetais-biscoitos-crocantes-originais\/\",\"url\":\"https:\/\/wingoofoods.com\/pt\/produto\/12-vegetais-biscoitos-crocantes-originais\/\",\"name\":\"12 Vegetables crisp Original biscuits | Wingoo biscuit Manufacturers\",\"isPartOf\":{\"@id\":\"https:\/\/wingoofoods.com\/es_pe\/#website\"},\"primaryImageOfPage\":{\"@id\":\"https:\/\/wingoofoods.com\/pt\/produto\/12-vegetais-biscoitos-crocantes-originais\/#primaryimage\"},\"image\":{\"@id\":\"https:\/\/wingoofoods.com\/pt\/produto\/12-vegetais-biscoitos-crocantes-originais\/#primaryimage\"},\"thumbnailUrl\":\"https:\/\/wingoofoods.com\/wp-content\/uploads\/2023\/12\/1-16.jpg\",\"datePublished\":\"2023-12-04T02:21:26+00:00\",\"dateModified\":\"2023-12-26T02:23:45+00:00\",\"description\":\"Wholesale 12 Vegetables Crisp Original Biscuits! Elevate your inventory with custom options. Irresistible taste awaits. Inquire now for exclusive pricing.\",\"breadcrumb\":{\"@id\":\"https:\/\/wingoofoods.com\/pt\/produto\/12-vegetais-biscoitos-crocantes-originais\/#breadcrumb\"},\"inLanguage\":\"pt-PT\",\"potentialAction\":[{\"@type\":\"ReadAction\",\"target\":[\"https:\/\/wingoofoods.com\/pt\/produto\/12-vegetais-biscoitos-crocantes-originais\/\"]}]},{\"@type\":\"ImageObject\",\"inLanguage\":\"pt-PT\",\"@id\":\"https:\/\/wingoofoods.com\/pt\/produto\/12-vegetais-biscoitos-crocantes-originais\/#primaryimage\",\"url\":\"https:\/\/wingoofoods.com\/wp-content\/uploads\/2023\/12\/1-16.jpg\",\"contentUrl\":\"https:\/\/wingoofoods.com\/wp-content\/uploads\/2023\/12\/1-16.jpg\",\"width\":800,\"height\":800,\"caption\":\"12 Vegetables crisp Original biscuits\"},{\"@type\":\"BreadcrumbList\",\"@id\":\"https:\/\/wingoofoods.com\/pt\/produto\/12-vegetais-biscoitos-crocantes-originais\/#breadcrumb\",\"itemListElement\":[{\"@type\":\"ListItem\",\"position\":1,\"name\":\"Home\",\"item\":\"https:\/\/wingoofoods.com\/ar\/\"},{\"@type\":\"ListItem\",\"position\":2,\"name\":\"products\",\"item\":\"https:\/\/wingoofoods.com\/ar\/\u0645\u062a\u062c\u0631\/\"},{\"@type\":\"ListItem\",\"position\":3,\"name\":\"12 Vegetables crisp Original biscuits\"}]},{\"@type\":\"WebSite\",\"@id\":\"https:\/\/wingoofoods.com\/es_pe\/#website\",\"url\":\"https:\/\/wingoofoods.com\/es_pe\/\",\"name\":\"Wingoo biscuit Manufacturers\",\"description\":\"Biscuit Manufacturers, Suppliers, Exporters from china shantou largest food factory\",\"publisher\":{\"@id\":\"https:\/\/wingoofoods.com\/es_pe\/#organization\"},\"alternateName\":\"Guangdong Wingoo foods - Official website\",\"potentialAction\":[{\"@type\":\"SearchAction\",\"target\":{\"@type\":\"EntryPoint\",\"urlTemplate\":\"https:\/\/wingoofoods.com\/es_pe\/?s={search_term_string}\"},\"query-input\":{\"@type\":\"PropertyValueSpecification\",\"valueRequired\":true,\"valueName\":\"search_term_string\"}}],\"inLanguage\":\"pt-PT\"},{\"@type\":\"Organization\",\"@id\":\"https:\/\/wingoofoods.com\/es_pe\/#organization\",\"name\":\"Wingoo biscuit Manufacturers\",\"url\":\"https:\/\/wingoofoods.com\/es_pe\/\",\"logo\":{\"@type\":\"ImageObject\",\"inLanguage\":\"pt-PT\",\"@id\":\"https:\/\/wingoofoods.com\/es_pe\/#\/schema\/logo\/image\/\",\"url\":\"http:\/\/wingoofoods.com\/wp-content\/uploads\/2023\/10\/LOGO.png\",\"contentUrl\":\"http:\/\/wingoofoods.com\/wp-content\/uploads\/2023\/10\/LOGO.png\",\"width\":280,\"height\":72,\"caption\":\"Wingoo biscuit Manufacturers\"},\"image\":{\"@id\":\"https:\/\/wingoofoods.com\/es_pe\/#\/schema\/logo\/image\/\"}}]}<\/script>\n<!-- \/ Yoast SEO plugin. -->","yoast_head_json":{"title":"12 Vegetables crisp Original biscuits | Wingoo biscuit Manufacturers","description":"Wholesale 12 Vegetables Crisp Original Biscuits! Elevate your inventory with custom options. Irresistible taste awaits. Inquire now for exclusive pricing.","robots":{"index":"index","follow":"follow","max-snippet":"max-snippet:-1","max-image-preview":"max-image-preview:large","max-video-preview":"max-video-preview:-1"},"canonical":"https:\/\/wingoofoods.com\/pt\/produto\/12-vegetais-biscoitos-crocantes-originais\/","og_locale":"pt_PT","og_type":"article","og_title":"12 Vegetables crisp Original biscuits | Wingoo biscuit Manufacturers","og_description":"Wholesale 12 Vegetables Crisp Original Biscuits! Elevate your inventory with custom options. Irresistible taste awaits. Inquire now for exclusive pricing.","og_url":"https:\/\/wingoofoods.com\/pt\/produto\/12-vegetais-biscoitos-crocantes-originais\/","og_site_name":"Wingoo biscuit Manufacturers","article_modified_time":"2023-12-26T02:23:45+00:00","og_image":[{"width":800,"height":800,"url":"https:\/\/wingoofoods.com\/wp-content\/uploads\/2023\/12\/1-16.jpg","type":"image\/jpeg"}],"twitter_card":"summary_large_image","twitter_misc":{"Tempo estimado de leitura":"2 minutos"},"schema":{"@context":"https:\/\/schema.org","@graph":[{"@type":"WebPage","@id":"https:\/\/wingoofoods.com\/pt\/produto\/12-vegetais-biscoitos-crocantes-originais\/","url":"https:\/\/wingoofoods.com\/pt\/produto\/12-vegetais-biscoitos-crocantes-originais\/","name":"12 Vegetables crisp Original biscuits | Wingoo biscuit Manufacturers","isPartOf":{"@id":"https:\/\/wingoofoods.com\/es_pe\/#website"},"primaryImageOfPage":{"@id":"https:\/\/wingoofoods.com\/pt\/produto\/12-vegetais-biscoitos-crocantes-originais\/#primaryimage"},"image":{"@id":"https:\/\/wingoofoods.com\/pt\/produto\/12-vegetais-biscoitos-crocantes-originais\/#primaryimage"},"thumbnailUrl":"https:\/\/wingoofoods.com\/wp-content\/uploads\/2023\/12\/1-16.jpg","datePublished":"2023-12-04T02:21:26+00:00","dateModified":"2023-12-26T02:23:45+00:00","description":"Wholesale 12 Vegetables Crisp Original Biscuits! Elevate your inventory with custom options. Irresistible taste awaits. Inquire now for exclusive pricing.","breadcrumb":{"@id":"https:\/\/wingoofoods.com\/pt\/produto\/12-vegetais-biscoitos-crocantes-originais\/#breadcrumb"},"inLanguage":"pt-PT","potentialAction":[{"@type":"ReadAction","target":["https:\/\/wingoofoods.com\/pt\/produto\/12-vegetais-biscoitos-crocantes-originais\/"]}]},{"@type":"ImageObject","inLanguage":"pt-PT","@id":"https:\/\/wingoofoods.com\/pt\/produto\/12-vegetais-biscoitos-crocantes-originais\/#primaryimage","url":"https:\/\/wingoofoods.com\/wp-content\/uploads\/2023\/12\/1-16.jpg","contentUrl":"https:\/\/wingoofoods.com\/wp-content\/uploads\/2023\/12\/1-16.jpg","width":800,"height":800,"caption":"12 Vegetables crisp Original biscuits"},{"@type":"BreadcrumbList","@id":"https:\/\/wingoofoods.com\/pt\/produto\/12-vegetais-biscoitos-crocantes-originais\/#breadcrumb","itemListElement":[{"@type":"ListItem","position":1,"name":"Home","item":"https:\/\/wingoofoods.com\/ar\/"},{"@type":"ListItem","position":2,"name":"products","item":"https:\/\/wingoofoods.com\/ar\/\u0645\u062a\u062c\u0631\/"},{"@type":"ListItem","position":3,"name":"12 Vegetables crisp Original biscuits"}]},{"@type":"WebSite","@id":"https:\/\/wingoofoods.com\/es_pe\/#website","url":"https:\/\/wingoofoods.com\/es_pe\/","name":"Wingoo biscuit Manufacturers","description":"Biscuit Manufacturers, Suppliers, Exporters from china shantou largest food factory","publisher":{"@id":"https:\/\/wingoofoods.com\/es_pe\/#organization"},"alternateName":"Guangdong Wingoo foods - Official website","potentialAction":[{"@type":"SearchAction","target":{"@type":"EntryPoint","urlTemplate":"https:\/\/wingoofoods.com\/es_pe\/?s={search_term_string}"},"query-input":{"@type":"PropertyValueSpecification","valueRequired":true,"valueName":"search_term_string"}}],"inLanguage":"pt-PT"},{"@type":"Organization","@id":"https:\/\/wingoofoods.com\/es_pe\/#organization","name":"Wingoo biscuit Manufacturers","url":"https:\/\/wingoofoods.com\/es_pe\/","logo":{"@type":"ImageObject","inLanguage":"pt-PT","@id":"https:\/\/wingoofoods.com\/es_pe\/#\/schema\/logo\/image\/","url":"http:\/\/wingoofoods.com\/wp-content\/uploads\/2023\/10\/LOGO.png","contentUrl":"http:\/\/wingoofoods.com\/wp-content\/uploads\/2023\/10\/LOGO.png","width":280,"height":72,"caption":"Wingoo biscuit Manufacturers"},"image":{"@id":"https:\/\/wingoofoods.com\/es_pe\/#\/schema\/logo\/image\/"}}]}},"_links":{"self":[{"href":"https:\/\/wingoofoods.com\/pt\/wp-json\/wp\/v2\/product\/4163","targetHints":{"allow":["GET"]}}],"collection":[{"href":"https:\/\/wingoofoods.com\/pt\/wp-json\/wp\/v2\/product"}],"about":[{"href":"https:\/\/wingoofoods.com\/pt\/wp-json\/wp\/v2\/types\/product"}],"replies":[{"embeddable":true,"href":"https:\/\/wingoofoods.com\/pt\/wp-json\/wp\/v2\/comments?post=4163"}],"version-history":[{"count":0,"href":"https:\/\/wingoofoods.com\/pt\/wp-json\/wp\/v2\/product\/4163\/revisions"}],"wp:featuredmedia":[{"embeddable":true,"href":"https:\/\/wingoofoods.com\/pt\/wp-json\/wp\/v2\/media\/4164"}],"wp:attachment":[{"href":"https:\/\/wingoofoods.com\/pt\/wp-json\/wp\/v2\/media?parent=4163"}],"wp:term":[{"taxonomy":"product_brand","embeddable":true,"href":"https:\/\/wingoofoods.com\/pt\/wp-json\/wp\/v2\/product_brand?post=4163"},{"taxonomy":"product_cat","embeddable":true,"href":"https:\/\/wingoofoods.com\/pt\/wp-json\/wp\/v2\/product_cat?post=4163"},{"taxonomy":"product_tag","embeddable":true,"href":"https:\/\/wingoofoods.com\/pt\/wp-json\/wp\/v2\/product_tag?post=4163"}],"curies":[{"name":"wp","href":"https:\/\/api.w.org\/{rel}","templated":true}]}}