{"id":4168,"date":"2023-12-04T02:27:41","date_gmt":"2023-12-04T02:27:41","guid":{"rendered":"http:\/\/wingoofoods.com\/?post_type=product&#038;p=4168"},"modified":"2023-12-19T10:23:32","modified_gmt":"2023-12-19T10:23:32","slug":"vegetables-crisp-roast-beef-flavor","status":"publish","type":"product","link":"https:\/\/wingoofoods.com\/pt\/produto\/legumes-crocantes-sabor-a-carne-assada\/","title":{"rendered":"Legumes com sabor a carne assada estaladi\u00e7a"},"content":{"rendered":"<p><img fetchpriority=\"high\" decoding=\"async\" class=\"aligncenter wp-image-2439 size-full\" src=\"http:\/\/wingoofoods.com\/wp-content\/uploads\/2013\/06\/1.webp\" alt=\"\" width=\"800\" height=\"569\" srcset=\"https:\/\/wingoofoods.com\/wp-content\/uploads\/2013\/06\/1.webp 800w, https:\/\/wingoofoods.com\/wp-content\/uploads\/2013\/06\/1-300x213.webp 300w, https:\/\/wingoofoods.com\/wp-content\/uploads\/2013\/06\/1-768x546.webp 768w, https:\/\/wingoofoods.com\/wp-content\/uploads\/2013\/06\/1-600x427.webp 600w\" sizes=\"(max-width: 800px) 100vw, 800px\" \/><\/p>\n<p><img decoding=\"async\" class=\"alignnone wp-image-4166 size-full\" src=\"http:\/\/wingoofoods.com\/wp-content\/uploads\/2023\/12\/\u4e3b\u56fe_5-4.jpg\" alt=\"12 Legumes estaladi\u00e7os Biscoitos originais\" width=\"800\" height=\"800\" srcset=\"https:\/\/wingoofoods.com\/wp-content\/uploads\/2023\/12\/\u4e3b\u56fe_5-4.jpg 800w, https:\/\/wingoofoods.com\/wp-content\/uploads\/2023\/12\/\u4e3b\u56fe_5-4-300x300.jpg 300w, https:\/\/wingoofoods.com\/wp-content\/uploads\/2023\/12\/\u4e3b\u56fe_5-4-150x150.jpg 150w, https:\/\/wingoofoods.com\/wp-content\/uploads\/2023\/12\/\u4e3b\u56fe_5-4-768x768.jpg 768w, https:\/\/wingoofoods.com\/wp-content\/uploads\/2023\/12\/\u4e3b\u56fe_5-4-600x600.jpg 600w, https:\/\/wingoofoods.com\/wp-content\/uploads\/2023\/12\/\u4e3b\u56fe_5-4-100x100.jpg 100w\" sizes=\"(max-width: 800px) 100vw, 800px\" \/> <img decoding=\"async\" class=\"alignnone wp-image-4165 size-full\" src=\"http:\/\/wingoofoods.com\/wp-content\/uploads\/2023\/12\/\u4e3b\u56fe_3-3.jpg\" alt=\"12 Legumes estaladi\u00e7os Biscoitos originais\" width=\"800\" height=\"800\" srcset=\"https:\/\/wingoofoods.com\/wp-content\/uploads\/2023\/12\/\u4e3b\u56fe_3-3.jpg 800w, https:\/\/wingoofoods.com\/wp-content\/uploads\/2023\/12\/\u4e3b\u56fe_3-3-300x300.jpg 300w, https:\/\/wingoofoods.com\/wp-content\/uploads\/2023\/12\/\u4e3b\u56fe_3-3-150x150.jpg 150w, https:\/\/wingoofoods.com\/wp-content\/uploads\/2023\/12\/\u4e3b\u56fe_3-3-768x768.jpg 768w, https:\/\/wingoofoods.com\/wp-content\/uploads\/2023\/12\/\u4e3b\u56fe_3-3-600x600.jpg 600w, https:\/\/wingoofoods.com\/wp-content\/uploads\/2023\/12\/\u4e3b\u56fe_3-3-100x100.jpg 100w\" sizes=\"(max-width: 800px) 100vw, 800px\" \/><\/p>\n<div class=\"flex-1 overflow-hidden\">\n<div class=\"react-scroll-to-bottom--css-rqltl-79elbk h-full\">\n<div class=\"react-scroll-to-bottom--css-rqltl-1n7m0yu\">\n<div class=\"flex flex-col pb-9 text-sm\">\n<div class=\"w-full text-token-text-primary\" data-testid=\"conversation-turn-11\">\n<div class=\"px-4 py-2 justify-center text-base md:gap-6 m-auto\">\n<div class=\"flex flex-1 text-base mx-auto gap-3 md:px-5 lg:px-1 xl:px-5 md:max-w-3xl lg:max-w-[40rem] xl:max-w-[48rem] group final-completion\">\n<div class=\"relative flex w-full flex-col lg:w-[calc(100%-115px)] agent-turn\">\n<div class=\"flex-col gap-1 md:gap-3\">\n<div class=\"flex flex-grow flex-col max-w-full\">\n<div class=\"min-h-[20px] text-message flex flex-col items-start gap-3 whitespace-pre-wrap break-words [.text-message+&amp;]:mt-5 overflow-x-auto\" data-message-author-role=\"assistant\" data-message-id=\"c93c8b58-a19e-4146-92fc-5469504c8b04\">\n<div class=\"markdown prose w-full break-words dark:prose-invert light\">\n<p>Sobre os legumes Sabor a carne assada crocante:<\/p>\n<p>Embarque numa aventura tentadora com o nosso Vegetables Crisp Roast Beef Flavor, uma sinfonia de texturas - perfumado, estaladi\u00e7o e irresistivelmente macio. Deleite-se com o saboroso fasc\u00ednio do sabor a carne assada, transformando um lanche normal numa experi\u00eancia extraordin\u00e1ria.<\/p>\n<p>Mergulhe na nossa extensa gama de produtos, que inclui bolachas de estilo chin\u00eas, bolachas de vegetais, bolachas de compota, bolachas estaladi\u00e7as, bolachas de manteiga, bolachas de refrigerante, Mochi, snacks de cereais, pastelaria, batatas fritas e p\u00e3o. Explore uma mir\u00edade de sabores como Queijo, Original, Salgado, Chocolate, Vegetal, Frutado, Caf\u00e9, Creme, Doce, Ovo, Leite e muito mais.<\/p>\n<p>As nossas maravilhas de embalagens destinam-se a diversos mercados, oferecendo uma infinidade de op\u00e7\u00f5es - Sacos, Caixas, A granel, Caixas de cart\u00e3o, Latas, Pacotes de oferta e muito mais. Cada design \u00e9 meticulosamente elaborado para se adequar \u00e0s prefer\u00eancias do nosso p\u00fablico do Sudeste Asi\u00e1tico, garantindo uma apresenta\u00e7\u00e3o atractiva nas suas prateleiras.<\/p>\n<p>Para al\u00e9m dos produtos, alargamos o nosso compromisso ao servi\u00e7o. Desbloqueie oportunidades de venda por grosso, personalize os sabores e adapte as embalagens para elevar a sua marca. Mergulhe o seu neg\u00f3cio num mundo de variedade, sabor e distin\u00e7\u00e3o. Acrescente-se \u00e0 lista de pedidos de informa\u00e7\u00e3o e antecipe-se \u00e0 nossa oferta abrangente.<\/p>\n<p>Como b\u00f3nus, explore a nossa expans\u00e3o para o reino dos doces. Temos o orgulho de oferecer uma vasta gama, incluindo rebu\u00e7ados l\u00edquidos, rebu\u00e7ados de brinquedo, gomas, pastilhas el\u00e1sticas, chupa-chupas, marshmallows e muito mais. Mergulhe na do\u00e7ura em <a href=\"https:\/\/oemcandy.com\/\" target=\"_new\" rel=\"noopener\">https:\/\/oemcandy.com<\/a>. Descubra um mundo de possibilidades de confeitaria, pois alargamos a nossa experi\u00eancia \u00e0 produ\u00e7\u00e3o de doces e \u00e0 distribui\u00e7\u00e3o por grosso.<\/p>\n<p>Eleve as suas ofertas, abrace a diversidade e antecipe uma parceria que transcenda as expectativas. Adicione-se \u00e0 lista de perguntas e aguarde a nossa cota\u00e7\u00e3o em conjunto.<\/p>\n<\/div>\n<\/div>\n<\/div>\n<\/div>\n<\/div>\n<\/div>\n<\/div>\n<\/div>\n<\/div>\n<\/div>\n<\/div>\n<\/div>\n<div class=\"bottom-description-content\">\n<div>\n<p>&nbsp;<\/p>\n<\/div>\n<\/div>","protected":false},"excerpt":{"rendered":"<p>Apresentamos a nossa deliciosa cria\u00e7\u00e3o, o \"Vegetables Crisp Roast Beef Flavor\" - uma mistura harmoniosa de Vegetable Biscuit, Crispy Crackers e Square Thin Biscuits. Especialmente concebido para o Sudeste Asi\u00e1tico, este saboroso deleite destina-se a comerciantes, agentes, grossistas, distribuidores, propriet\u00e1rios de marcas e retalhistas. Mergulhe as suas papilas gustativas na croc\u00e2ncia satisfat\u00f3ria das nossas bolachas finas, complementadas pela ess\u00eancia rica do sabor da carne assada. A embalagem garante a frescura e o aroma tentador convida \u00e0 indulg\u00eancia. Ideal para quem aprecia snacks de qualidade, o nosso Vegetable Crisp promete uma experi\u00eancia de sabor inesquec\u00edvel. Adicione \u00e0 lista de pedidos e aguarde a nossa cota\u00e7\u00e3o em conjunto. Eleve as suas ofertas com a nossa cria\u00e7\u00e3o irresist\u00edvel hoje mesmo!<\/p>","protected":false},"featured_media":4169,"comment_status":"open","ping_status":"closed","template":"","meta":{"om_disable_all_campaigns":false},"product_brand":[],"product_cat":[102,108],"product_tag":[349,350,191],"class_list":{"0":"post-4168","1":"product","2":"type-product","3":"status-publish","4":"has-post-thumbnail","6":"product_cat-vegetable-crackers","7":"product_cat-crispy-biscuits","8":"product_tag-crispy-crackers","9":"product_tag-square-thin-biscuits","10":"product_tag-vegetable-biscuit","11":"pa_brand-superviviga","12":"pa_flavor-salty","13":"pa_flavor-spices-herbs","14":"pa_flavor-vegetable","15":"pa_packing-bag","16":"pa_taste-original","17":"pa_taste-salty","18":"pa_texture-crispy","20":"first","21":"instock","22":"downloadable","23":"taxable","24":"shipping-taxable","25":"product-type-simple"},"yoast_head":"<!-- This site is optimized with the Yoast SEO plugin v24.4 - https:\/\/yoast.com\/wordpress\/plugins\/seo\/ -->\n<title>Vegetables crisp roast beef flavor | Wingoo biscuit Manufacturers<\/title>\n<meta name=\"description\" content=\"Wholesale exquisite Vegetables Crisp Roast Beef Flavor crackers. Custom packaging. Elevate your offerings. Inquire now for irresistible taste and competitive quotes!\" \/>\n<meta name=\"robots\" content=\"index, follow, max-snippet:-1, max-image-preview:large, max-video-preview:-1\" \/>\n<link rel=\"canonical\" href=\"https:\/\/wingoofoods.com\/pt\/produto\/legumes-crocantes-sabor-a-carne-assada\/\" \/>\n<meta property=\"og:locale\" content=\"pt_PT\" \/>\n<meta property=\"og:type\" content=\"article\" \/>\n<meta property=\"og:title\" content=\"Vegetables crisp roast beef flavor | Wingoo biscuit Manufacturers\" \/>\n<meta property=\"og:description\" content=\"Wholesale exquisite Vegetables Crisp Roast Beef Flavor crackers. Custom packaging. Elevate your offerings. Inquire now for irresistible taste and competitive quotes!\" \/>\n<meta property=\"og:url\" content=\"https:\/\/wingoofoods.com\/pt\/produto\/legumes-crocantes-sabor-a-carne-assada\/\" \/>\n<meta property=\"og:site_name\" content=\"Wingoo biscuit Manufacturers\" \/>\n<meta property=\"article:modified_time\" content=\"2023-12-19T10:23:32+00:00\" \/>\n<meta property=\"og:image\" content=\"https:\/\/wingoofoods.com\/wp-content\/uploads\/2023\/12\/2-12.jpg\" \/>\n\t<meta property=\"og:image:width\" content=\"800\" \/>\n\t<meta property=\"og:image:height\" content=\"800\" \/>\n\t<meta property=\"og:image:type\" content=\"image\/jpeg\" \/>\n<meta name=\"twitter:card\" content=\"summary_large_image\" \/>\n<meta name=\"twitter:label1\" content=\"Tempo estimado de leitura\" \/>\n\t<meta name=\"twitter:data1\" content=\"2 minutos\" \/>\n<script type=\"application\/ld+json\" class=\"yoast-schema-graph\">{\"@context\":\"https:\/\/schema.org\",\"@graph\":[{\"@type\":\"WebPage\",\"@id\":\"https:\/\/wingoofoods.com\/ar\/\u0627\u0644\u0645\u0646\u062a\u062c\/\u062e\u0636\u0631\u0648\u0627\u062a-\u0628\u0646\u0643\u0647\u0629-\u0627\u0644\u0644\u062d\u0645-\u0627\u0644\u0628\u0642\u0631\u064a-\u0627\u0644\u0645\u0634\u0648\u064a-\u0627\u0644\u0645\u0642\/\",\"url\":\"https:\/\/wingoofoods.com\/ar\/\u0627\u0644\u0645\u0646\u062a\u062c\/\u062e\u0636\u0631\u0648\u0627\u062a-\u0628\u0646\u0643\u0647\u0629-\u0627\u0644\u0644\u062d\u0645-\u0627\u0644\u0628\u0642\u0631\u064a-\u0627\u0644\u0645\u0634\u0648\u064a-\u0627\u0644\u0645\u0642\/\",\"name\":\"Vegetables crisp roast beef flavor | Wingoo biscuit Manufacturers\",\"isPartOf\":{\"@id\":\"https:\/\/wingoofoods.com\/es_pe\/#website\"},\"primaryImageOfPage\":{\"@id\":\"https:\/\/wingoofoods.com\/ar\/\u0627\u0644\u0645\u0646\u062a\u062c\/\u062e\u0636\u0631\u0648\u0627\u062a-\u0628\u0646\u0643\u0647\u0629-\u0627\u0644\u0644\u062d\u0645-\u0627\u0644\u0628\u0642\u0631\u064a-\u0627\u0644\u0645\u0634\u0648\u064a-\u0627\u0644\u0645\u0642\/#primaryimage\"},\"image\":{\"@id\":\"https:\/\/wingoofoods.com\/ar\/\u0627\u0644\u0645\u0646\u062a\u062c\/\u062e\u0636\u0631\u0648\u0627\u062a-\u0628\u0646\u0643\u0647\u0629-\u0627\u0644\u0644\u062d\u0645-\u0627\u0644\u0628\u0642\u0631\u064a-\u0627\u0644\u0645\u0634\u0648\u064a-\u0627\u0644\u0645\u0642\/#primaryimage\"},\"thumbnailUrl\":\"https:\/\/wingoofoods.com\/wp-content\/uploads\/2023\/12\/2-12.jpg\",\"datePublished\":\"2023-12-04T02:27:41+00:00\",\"dateModified\":\"2023-12-19T10:23:32+00:00\",\"description\":\"Wholesale exquisite Vegetables Crisp Roast Beef Flavor crackers. Custom packaging. Elevate your offerings. Inquire now for irresistible taste and competitive quotes!\",\"breadcrumb\":{\"@id\":\"https:\/\/wingoofoods.com\/ar\/\u0627\u0644\u0645\u0646\u062a\u062c\/\u062e\u0636\u0631\u0648\u0627\u062a-\u0628\u0646\u0643\u0647\u0629-\u0627\u0644\u0644\u062d\u0645-\u0627\u0644\u0628\u0642\u0631\u064a-\u0627\u0644\u0645\u0634\u0648\u064a-\u0627\u0644\u0645\u0642\/#breadcrumb\"},\"inLanguage\":\"pt-PT\",\"potentialAction\":[{\"@type\":\"ReadAction\",\"target\":[\"https:\/\/wingoofoods.com\/ar\/\u0627\u0644\u0645\u0646\u062a\u062c\/\u062e\u0636\u0631\u0648\u0627\u062a-\u0628\u0646\u0643\u0647\u0629-\u0627\u0644\u0644\u062d\u0645-\u0627\u0644\u0628\u0642\u0631\u064a-\u0627\u0644\u0645\u0634\u0648\u064a-\u0627\u0644\u0645\u0642\/\"]}]},{\"@type\":\"ImageObject\",\"inLanguage\":\"pt-PT\",\"@id\":\"https:\/\/wingoofoods.com\/ar\/\u0627\u0644\u0645\u0646\u062a\u062c\/\u062e\u0636\u0631\u0648\u0627\u062a-\u0628\u0646\u0643\u0647\u0629-\u0627\u0644\u0644\u062d\u0645-\u0627\u0644\u0628\u0642\u0631\u064a-\u0627\u0644\u0645\u0634\u0648\u064a-\u0627\u0644\u0645\u0642\/#primaryimage\",\"url\":\"https:\/\/wingoofoods.com\/wp-content\/uploads\/2023\/12\/2-12.jpg\",\"contentUrl\":\"https:\/\/wingoofoods.com\/wp-content\/uploads\/2023\/12\/2-12.jpg\",\"width\":800,\"height\":800,\"caption\":\"Vegetables crisp roast beef flavor\"},{\"@type\":\"BreadcrumbList\",\"@id\":\"https:\/\/wingoofoods.com\/ar\/\u0627\u0644\u0645\u0646\u062a\u062c\/\u062e\u0636\u0631\u0648\u0627\u062a-\u0628\u0646\u0643\u0647\u0629-\u0627\u0644\u0644\u062d\u0645-\u0627\u0644\u0628\u0642\u0631\u064a-\u0627\u0644\u0645\u0634\u0648\u064a-\u0627\u0644\u0645\u0642\/#breadcrumb\",\"itemListElement\":[{\"@type\":\"ListItem\",\"position\":1,\"name\":\"Home\",\"item\":\"https:\/\/wingoofoods.com\/ar\/\"},{\"@type\":\"ListItem\",\"position\":2,\"name\":\"products\",\"item\":\"https:\/\/wingoofoods.com\/ar\/\u0645\u062a\u062c\u0631\/\"},{\"@type\":\"ListItem\",\"position\":3,\"name\":\"Vegetables crisp roast beef flavor\"}]},{\"@type\":\"WebSite\",\"@id\":\"https:\/\/wingoofoods.com\/es_pe\/#website\",\"url\":\"https:\/\/wingoofoods.com\/es_pe\/\",\"name\":\"Wingoo biscuit Manufacturers\",\"description\":\"Biscuit Manufacturers, Suppliers, Exporters from china shantou largest food factory\",\"publisher\":{\"@id\":\"https:\/\/wingoofoods.com\/es_pe\/#organization\"},\"alternateName\":\"Guangdong Wingoo foods - Official website\",\"potentialAction\":[{\"@type\":\"SearchAction\",\"target\":{\"@type\":\"EntryPoint\",\"urlTemplate\":\"https:\/\/wingoofoods.com\/es_pe\/?s={search_term_string}\"},\"query-input\":{\"@type\":\"PropertyValueSpecification\",\"valueRequired\":true,\"valueName\":\"search_term_string\"}}],\"inLanguage\":\"pt-PT\"},{\"@type\":\"Organization\",\"@id\":\"https:\/\/wingoofoods.com\/es_pe\/#organization\",\"name\":\"Wingoo biscuit Manufacturers\",\"url\":\"https:\/\/wingoofoods.com\/es_pe\/\",\"logo\":{\"@type\":\"ImageObject\",\"inLanguage\":\"pt-PT\",\"@id\":\"https:\/\/wingoofoods.com\/es_pe\/#\/schema\/logo\/image\/\",\"url\":\"http:\/\/wingoofoods.com\/wp-content\/uploads\/2023\/10\/LOGO.png\",\"contentUrl\":\"http:\/\/wingoofoods.com\/wp-content\/uploads\/2023\/10\/LOGO.png\",\"width\":280,\"height\":72,\"caption\":\"Wingoo biscuit Manufacturers\"},\"image\":{\"@id\":\"https:\/\/wingoofoods.com\/es_pe\/#\/schema\/logo\/image\/\"}}]}<\/script>\n<!-- \/ Yoast SEO plugin. -->","yoast_head_json":{"title":"Vegetables crisp roast beef flavor | Wingoo biscuit Manufacturers","description":"Wholesale exquisite Vegetables Crisp Roast Beef Flavor crackers. Custom packaging. Elevate your offerings. Inquire now for irresistible taste and competitive quotes!","robots":{"index":"index","follow":"follow","max-snippet":"max-snippet:-1","max-image-preview":"max-image-preview:large","max-video-preview":"max-video-preview:-1"},"canonical":"https:\/\/wingoofoods.com\/pt\/produto\/legumes-crocantes-sabor-a-carne-assada\/","og_locale":"pt_PT","og_type":"article","og_title":"Vegetables crisp roast beef flavor | Wingoo biscuit Manufacturers","og_description":"Wholesale exquisite Vegetables Crisp Roast Beef Flavor crackers. Custom packaging. Elevate your offerings. Inquire now for irresistible taste and competitive quotes!","og_url":"https:\/\/wingoofoods.com\/pt\/produto\/legumes-crocantes-sabor-a-carne-assada\/","og_site_name":"Wingoo biscuit Manufacturers","article_modified_time":"2023-12-19T10:23:32+00:00","og_image":[{"width":800,"height":800,"url":"https:\/\/wingoofoods.com\/wp-content\/uploads\/2023\/12\/2-12.jpg","type":"image\/jpeg"}],"twitter_card":"summary_large_image","twitter_misc":{"Tempo estimado de leitura":"2 minutos"},"schema":{"@context":"https:\/\/schema.org","@graph":[{"@type":"WebPage","@id":"https:\/\/wingoofoods.com\/ar\/\u0627\u0644\u0645\u0646\u062a\u062c\/\u062e\u0636\u0631\u0648\u0627\u062a-\u0628\u0646\u0643\u0647\u0629-\u0627\u0644\u0644\u062d\u0645-\u0627\u0644\u0628\u0642\u0631\u064a-\u0627\u0644\u0645\u0634\u0648\u064a-\u0627\u0644\u0645\u0642\/","url":"https:\/\/wingoofoods.com\/ar\/\u0627\u0644\u0645\u0646\u062a\u062c\/\u062e\u0636\u0631\u0648\u0627\u062a-\u0628\u0646\u0643\u0647\u0629-\u0627\u0644\u0644\u062d\u0645-\u0627\u0644\u0628\u0642\u0631\u064a-\u0627\u0644\u0645\u0634\u0648\u064a-\u0627\u0644\u0645\u0642\/","name":"Vegetables crisp roast beef flavor | Wingoo biscuit Manufacturers","isPartOf":{"@id":"https:\/\/wingoofoods.com\/es_pe\/#website"},"primaryImageOfPage":{"@id":"https:\/\/wingoofoods.com\/ar\/\u0627\u0644\u0645\u0646\u062a\u062c\/\u062e\u0636\u0631\u0648\u0627\u062a-\u0628\u0646\u0643\u0647\u0629-\u0627\u0644\u0644\u062d\u0645-\u0627\u0644\u0628\u0642\u0631\u064a-\u0627\u0644\u0645\u0634\u0648\u064a-\u0627\u0644\u0645\u0642\/#primaryimage"},"image":{"@id":"https:\/\/wingoofoods.com\/ar\/\u0627\u0644\u0645\u0646\u062a\u062c\/\u062e\u0636\u0631\u0648\u0627\u062a-\u0628\u0646\u0643\u0647\u0629-\u0627\u0644\u0644\u062d\u0645-\u0627\u0644\u0628\u0642\u0631\u064a-\u0627\u0644\u0645\u0634\u0648\u064a-\u0627\u0644\u0645\u0642\/#primaryimage"},"thumbnailUrl":"https:\/\/wingoofoods.com\/wp-content\/uploads\/2023\/12\/2-12.jpg","datePublished":"2023-12-04T02:27:41+00:00","dateModified":"2023-12-19T10:23:32+00:00","description":"Wholesale exquisite Vegetables Crisp Roast Beef Flavor crackers. Custom packaging. Elevate your offerings. Inquire now for irresistible taste and competitive quotes!","breadcrumb":{"@id":"https:\/\/wingoofoods.com\/ar\/\u0627\u0644\u0645\u0646\u062a\u062c\/\u062e\u0636\u0631\u0648\u0627\u062a-\u0628\u0646\u0643\u0647\u0629-\u0627\u0644\u0644\u062d\u0645-\u0627\u0644\u0628\u0642\u0631\u064a-\u0627\u0644\u0645\u0634\u0648\u064a-\u0627\u0644\u0645\u0642\/#breadcrumb"},"inLanguage":"pt-PT","potentialAction":[{"@type":"ReadAction","target":["https:\/\/wingoofoods.com\/ar\/\u0627\u0644\u0645\u0646\u062a\u062c\/\u062e\u0636\u0631\u0648\u0627\u062a-\u0628\u0646\u0643\u0647\u0629-\u0627\u0644\u0644\u062d\u0645-\u0627\u0644\u0628\u0642\u0631\u064a-\u0627\u0644\u0645\u0634\u0648\u064a-\u0627\u0644\u0645\u0642\/"]}]},{"@type":"ImageObject","inLanguage":"pt-PT","@id":"https:\/\/wingoofoods.com\/ar\/\u0627\u0644\u0645\u0646\u062a\u062c\/\u062e\u0636\u0631\u0648\u0627\u062a-\u0628\u0646\u0643\u0647\u0629-\u0627\u0644\u0644\u062d\u0645-\u0627\u0644\u0628\u0642\u0631\u064a-\u0627\u0644\u0645\u0634\u0648\u064a-\u0627\u0644\u0645\u0642\/#primaryimage","url":"https:\/\/wingoofoods.com\/wp-content\/uploads\/2023\/12\/2-12.jpg","contentUrl":"https:\/\/wingoofoods.com\/wp-content\/uploads\/2023\/12\/2-12.jpg","width":800,"height":800,"caption":"Vegetables crisp roast beef flavor"},{"@type":"BreadcrumbList","@id":"https:\/\/wingoofoods.com\/ar\/\u0627\u0644\u0645\u0646\u062a\u062c\/\u062e\u0636\u0631\u0648\u0627\u062a-\u0628\u0646\u0643\u0647\u0629-\u0627\u0644\u0644\u062d\u0645-\u0627\u0644\u0628\u0642\u0631\u064a-\u0627\u0644\u0645\u0634\u0648\u064a-\u0627\u0644\u0645\u0642\/#breadcrumb","itemListElement":[{"@type":"ListItem","position":1,"name":"Home","item":"https:\/\/wingoofoods.com\/ar\/"},{"@type":"ListItem","position":2,"name":"products","item":"https:\/\/wingoofoods.com\/ar\/\u0645\u062a\u062c\u0631\/"},{"@type":"ListItem","position":3,"name":"Vegetables crisp roast beef flavor"}]},{"@type":"WebSite","@id":"https:\/\/wingoofoods.com\/es_pe\/#website","url":"https:\/\/wingoofoods.com\/es_pe\/","name":"Wingoo biscuit Manufacturers","description":"Biscuit Manufacturers, Suppliers, Exporters from china shantou largest food factory","publisher":{"@id":"https:\/\/wingoofoods.com\/es_pe\/#organization"},"alternateName":"Guangdong Wingoo foods - Official website","potentialAction":[{"@type":"SearchAction","target":{"@type":"EntryPoint","urlTemplate":"https:\/\/wingoofoods.com\/es_pe\/?s={search_term_string}"},"query-input":{"@type":"PropertyValueSpecification","valueRequired":true,"valueName":"search_term_string"}}],"inLanguage":"pt-PT"},{"@type":"Organization","@id":"https:\/\/wingoofoods.com\/es_pe\/#organization","name":"Wingoo biscuit Manufacturers","url":"https:\/\/wingoofoods.com\/es_pe\/","logo":{"@type":"ImageObject","inLanguage":"pt-PT","@id":"https:\/\/wingoofoods.com\/es_pe\/#\/schema\/logo\/image\/","url":"http:\/\/wingoofoods.com\/wp-content\/uploads\/2023\/10\/LOGO.png","contentUrl":"http:\/\/wingoofoods.com\/wp-content\/uploads\/2023\/10\/LOGO.png","width":280,"height":72,"caption":"Wingoo biscuit Manufacturers"},"image":{"@id":"https:\/\/wingoofoods.com\/es_pe\/#\/schema\/logo\/image\/"}}]}},"_links":{"self":[{"href":"https:\/\/wingoofoods.com\/pt\/wp-json\/wp\/v2\/product\/4168","targetHints":{"allow":["GET"]}}],"collection":[{"href":"https:\/\/wingoofoods.com\/pt\/wp-json\/wp\/v2\/product"}],"about":[{"href":"https:\/\/wingoofoods.com\/pt\/wp-json\/wp\/v2\/types\/product"}],"replies":[{"embeddable":true,"href":"https:\/\/wingoofoods.com\/pt\/wp-json\/wp\/v2\/comments?post=4168"}],"version-history":[{"count":0,"href":"https:\/\/wingoofoods.com\/pt\/wp-json\/wp\/v2\/product\/4168\/revisions"}],"wp:featuredmedia":[{"embeddable":true,"href":"https:\/\/wingoofoods.com\/pt\/wp-json\/wp\/v2\/media\/4169"}],"wp:attachment":[{"href":"https:\/\/wingoofoods.com\/pt\/wp-json\/wp\/v2\/media?parent=4168"}],"wp:term":[{"taxonomy":"product_brand","embeddable":true,"href":"https:\/\/wingoofoods.com\/pt\/wp-json\/wp\/v2\/product_brand?post=4168"},{"taxonomy":"product_cat","embeddable":true,"href":"https:\/\/wingoofoods.com\/pt\/wp-json\/wp\/v2\/product_cat?post=4168"},{"taxonomy":"product_tag","embeddable":true,"href":"https:\/\/wingoofoods.com\/pt\/wp-json\/wp\/v2\/product_tag?post=4168"}],"curies":[{"name":"wp","href":"https:\/\/api.w.org\/{rel}","templated":true}]}}