{"id":4190,"date":"2023-12-04T02:46:54","date_gmt":"2023-12-04T02:46:54","guid":{"rendered":"http:\/\/wingoofoods.com\/?post_type=product&#038;p=4190"},"modified":"2023-12-14T01:48:19","modified_gmt":"2023-12-14T01:48:19","slug":"bubble-potato-chips","status":"publish","type":"product","link":"https:\/\/wingoofoods.com\/pt\/produto\/batatas-fritas-com-bolhas\/","title":{"rendered":"Batatas fritas com bolhas"},"content":{"rendered":"<p><img fetchpriority=\"high\" decoding=\"async\" class=\"aligncenter wp-image-2439 size-full\" src=\"http:\/\/wingoofoods.com\/wp-content\/uploads\/2013\/06\/1.webp\" alt=\"\" width=\"800\" height=\"569\" srcset=\"https:\/\/wingoofoods.com\/wp-content\/uploads\/2013\/06\/1.webp 800w, https:\/\/wingoofoods.com\/wp-content\/uploads\/2013\/06\/1-300x213.webp 300w, https:\/\/wingoofoods.com\/wp-content\/uploads\/2013\/06\/1-768x546.webp 768w, https:\/\/wingoofoods.com\/wp-content\/uploads\/2013\/06\/1-600x427.webp 600w\" sizes=\"(max-width: 800px) 100vw, 800px\" \/><\/p>\n<p><img decoding=\"async\" class=\"alignnone wp-image-3736 size-full\" src=\"http:\/\/wingoofoods.com\/wp-content\/uploads\/2023\/11\/\u4e3b\u56fe_4-4.jpg\" alt=\"Batatas fritas crocantes\" width=\"800\" height=\"800\" srcset=\"https:\/\/wingoofoods.com\/wp-content\/uploads\/2023\/11\/\u4e3b\u56fe_4-4.jpg 800w, https:\/\/wingoofoods.com\/wp-content\/uploads\/2023\/11\/\u4e3b\u56fe_4-4-300x300.jpg 300w, https:\/\/wingoofoods.com\/wp-content\/uploads\/2023\/11\/\u4e3b\u56fe_4-4-150x150.jpg 150w, https:\/\/wingoofoods.com\/wp-content\/uploads\/2023\/11\/\u4e3b\u56fe_4-4-768x768.jpg 768w, https:\/\/wingoofoods.com\/wp-content\/uploads\/2023\/11\/\u4e3b\u56fe_4-4-600x600.jpg 600w, https:\/\/wingoofoods.com\/wp-content\/uploads\/2023\/11\/\u4e3b\u56fe_4-4-100x100.jpg 100w\" sizes=\"(max-width: 800px) 100vw, 800px\" \/> <img decoding=\"async\" class=\"alignnone wp-image-3735 size-full\" src=\"http:\/\/wingoofoods.com\/wp-content\/uploads\/2023\/11\/\u4e3b\u56fe_3-8.jpg\" alt=\"Batatas fritas crocantes\" width=\"800\" height=\"800\" srcset=\"https:\/\/wingoofoods.com\/wp-content\/uploads\/2023\/11\/\u4e3b\u56fe_3-8.jpg 800w, https:\/\/wingoofoods.com\/wp-content\/uploads\/2023\/11\/\u4e3b\u56fe_3-8-300x300.jpg 300w, https:\/\/wingoofoods.com\/wp-content\/uploads\/2023\/11\/\u4e3b\u56fe_3-8-150x150.jpg 150w, https:\/\/wingoofoods.com\/wp-content\/uploads\/2023\/11\/\u4e3b\u56fe_3-8-768x768.jpg 768w, https:\/\/wingoofoods.com\/wp-content\/uploads\/2023\/11\/\u4e3b\u56fe_3-8-600x600.jpg 600w, https:\/\/wingoofoods.com\/wp-content\/uploads\/2023\/11\/\u4e3b\u56fe_3-8-100x100.jpg 100w\" sizes=\"(max-width: 800px) 100vw, 800px\" \/> <img loading=\"lazy\" decoding=\"async\" class=\"alignnone wp-image-3734 size-full\" src=\"http:\/\/wingoofoods.com\/wp-content\/uploads\/2023\/11\/35-3.jpg\" alt=\"Batatas fritas crocantes\" width=\"800\" height=\"800\" srcset=\"https:\/\/wingoofoods.com\/wp-content\/uploads\/2023\/11\/35-3.jpg 800w, https:\/\/wingoofoods.com\/wp-content\/uploads\/2023\/11\/35-3-300x300.jpg 300w, https:\/\/wingoofoods.com\/wp-content\/uploads\/2023\/11\/35-3-150x150.jpg 150w, https:\/\/wingoofoods.com\/wp-content\/uploads\/2023\/11\/35-3-768x768.jpg 768w, https:\/\/wingoofoods.com\/wp-content\/uploads\/2023\/11\/35-3-600x600.jpg 600w, https:\/\/wingoofoods.com\/wp-content\/uploads\/2023\/11\/35-3-100x100.jpg 100w\" sizes=\"(max-width: 800px) 100vw, 800px\" \/><\/p>\n<p>&nbsp;<\/p>\n<div class=\"bottom-description-content\">\n<div>\n<p>Sobre as Bubble Potato Chips: Embarque numa viagem cheia de sabor com as Bubble Potato Chips, uma del\u00edcia culin\u00e1ria com a ess\u00eancia das Potato Chips, Chips snack e Crispy Potato Chips. Concebida para o Sudeste Asi\u00e1tico, \u00e9 uma sensa\u00e7\u00e3o para os comerciantes, agentes, grossistas, distribuidores, propriet\u00e1rios de marcas e retalhistas.<\/p>\n<p>Delicie-se com a nossa gama diversificada de produtos: Explore uma mir\u00edade de ofertas no nosso s\u00edtio Web, desde bolachas de estilo chin\u00eas, bolachas de legumes e biscoitos de compota a biscoitos estaladi\u00e7os, bolachas de manteiga, biscoitos de soda, Mochi, snacks de cereais, pastelaria, batatas fritas, p\u00e3o e muito mais. Saboreie a riqueza dos sabores de Queijo, Original, Salgado, Chocolate, Vegetais, Frutado, Caf\u00e9, Natas, Doce, Ovo, Leite e outros sabores sedutores.<\/p>\n<p>Experimente a diversidade de embalagens concebidas para o seu mercado: Adapte a sua embalagem \u00e0s prefer\u00eancias e \u00e0 demografia dos clientes. Escolha entre Saco, Caixa, A granel, Cart\u00e3o, Lata, Embalagem para oferta e muito mais. Cada design complementa o vibrante mercado do Sudeste Asi\u00e1tico, garantindo um banquete visual para os nossos estimados clientes.<\/p>\n<p>Descubra os nossos servi\u00e7os completos: Para al\u00e9m dos produtos, oferecemos op\u00e7\u00f5es de venda por grosso e servi\u00e7os de personaliza\u00e7\u00e3o. Personalize os sabores e as embalagens de acordo com especifica\u00e7\u00f5es \u00fanicas, reflectindo a identidade da sua marca. Eleve as suas ofertas com a nossa experi\u00eancia em vendas por grosso e personaliza\u00e7\u00e3o de sabores e embalagens.<\/p>\n<p>Explore o nosso mundo da confeitaria: Aumente as suas ofertas com a nossa gama diversificada de doces, incluindo rebu\u00e7ados l\u00edquidos, rebu\u00e7ados de brinquedo, gomas, pastilhas el\u00e1sticas, chupa-chupas, marshmallows e muito mais. Visite o nosso s\u00edtio Web dedicado aos doces em <a href=\"https:\/\/oemcandy.com\/\" target=\"_new\" rel=\"noopener\">https:\/\/oemcandy.com<\/a> para descobrir a vasta gama de del\u00edcias doces. Eleve o seu neg\u00f3cio com a nossa experi\u00eancia em confeitaria, fornecendo uma solu\u00e7\u00e3o \u00fanica para biscoitos e doces.<\/p>\n<p>Adicione as batatas fritas Bubble Potato Chips \u00e0 sua lista de perguntas e aguarde a nossa cota\u00e7\u00e3o abrangente. Junte-se a n\u00f3s para saborear o sucesso com as nossas deliciosas guloseimas e explore as diversas possibilidades que o nosso s\u00edtio Web oferece.<\/p>\n<\/div>\n<\/div>","protected":false},"excerpt":{"rendered":"<p>Apresentamos a Bubble Potato Chips - uma sensa\u00e7\u00e3o saborosa com a ess\u00eancia das Batatas Fritas, Chips snack e Batatas Fritas estaladi\u00e7as. Criada para o Sudeste Asi\u00e1tico, cativa revendedores, agentes, grossistas, distribuidores, propriet\u00e1rios de marcas e retalhistas. Mergulhe na irresist\u00edvel croc\u00e2ncia, numa sinfonia de sabores e na perfei\u00e7\u00e3o das nossas batatas fritas estaladi\u00e7as. A embalagem vibrante complementa a frescura, tornando-a num snack favorito. Eleve as suas ofertas com as Bubble Potato Chips, uma del\u00edcia para todos os paladares. Adicione \u00e0 lista de pedidos e aguarde a nossa cota\u00e7\u00e3o em conjunto, pois convidamo-lo a saborear o sucesso com esta indulg\u00eancia crocante.<\/p>","protected":false},"featured_media":4191,"comment_status":"open","ping_status":"closed","template":"","meta":{"om_disable_all_campaigns":false},"product_brand":[],"product_cat":[138],"product_tag":[290,291,289],"class_list":{"0":"post-4190","1":"product","2":"type-product","3":"status-publish","4":"has-post-thumbnail","6":"product_cat-potato-chips","7":"product_tag-chips-snack","8":"product_tag-crispy-potato-chips","9":"product_tag-potato-chips","10":"pa_brand-wingoo","11":"pa_flavor-salty","12":"pa_flavor-spices-herbs","13":"pa_flavor-vegetable","14":"pa_packing-tin","15":"pa_taste-original","16":"pa_texture-crispy","18":"first","19":"instock","20":"downloadable","21":"taxable","22":"shipping-taxable","23":"product-type-simple"},"yoast_head":"<!-- This site is optimized with the Yoast SEO plugin v24.4 - https:\/\/yoast.com\/wordpress\/plugins\/seo\/ -->\n<title>Bubble Potato Chips | Wingoo biscuit Manufacturers<\/title>\n<meta name=\"description\" content=\"Wholesale exquisite Bubble Potato Chips! Explore custom flavors and packaging. Elevate your offerings. Inquire now for a crispy quote.\" \/>\n<meta name=\"robots\" content=\"index, follow, max-snippet:-1, max-image-preview:large, max-video-preview:-1\" \/>\n<link rel=\"canonical\" href=\"https:\/\/wingoofoods.com\/pt\/produto\/batatas-fritas-com-bolhas\/\" \/>\n<meta property=\"og:locale\" content=\"pt_PT\" \/>\n<meta property=\"og:type\" content=\"article\" \/>\n<meta property=\"og:title\" content=\"Bubble Potato Chips | Wingoo biscuit Manufacturers\" \/>\n<meta property=\"og:description\" content=\"Wholesale exquisite Bubble Potato Chips! Explore custom flavors and packaging. Elevate your offerings. Inquire now for a crispy quote.\" \/>\n<meta property=\"og:url\" content=\"https:\/\/wingoofoods.com\/pt\/produto\/batatas-fritas-com-bolhas\/\" \/>\n<meta property=\"og:site_name\" content=\"Wingoo biscuit Manufacturers\" \/>\n<meta property=\"article:modified_time\" content=\"2023-12-14T01:48:19+00:00\" \/>\n<meta property=\"og:image\" content=\"https:\/\/wingoofoods.com\/wp-content\/uploads\/2023\/12\/4-6.jpg\" \/>\n\t<meta property=\"og:image:width\" content=\"800\" \/>\n\t<meta property=\"og:image:height\" content=\"800\" \/>\n\t<meta property=\"og:image:type\" content=\"image\/jpeg\" \/>\n<meta name=\"twitter:card\" content=\"summary_large_image\" \/>\n<meta name=\"twitter:label1\" content=\"Tempo estimado de leitura\" \/>\n\t<meta name=\"twitter:data1\" content=\"2 minutos\" \/>\n<script type=\"application\/ld+json\" class=\"yoast-schema-graph\">{\"@context\":\"https:\/\/schema.org\",\"@graph\":[{\"@type\":\"WebPage\",\"@id\":\"https:\/\/wingoofoods.com\/product\/bubble-potato-chips\/\",\"url\":\"https:\/\/wingoofoods.com\/product\/bubble-potato-chips\/\",\"name\":\"Bubble Potato Chips | Wingoo biscuit Manufacturers\",\"isPartOf\":{\"@id\":\"https:\/\/wingoofoods.com\/es_pe\/#website\"},\"primaryImageOfPage\":{\"@id\":\"https:\/\/wingoofoods.com\/product\/bubble-potato-chips\/#primaryimage\"},\"image\":{\"@id\":\"https:\/\/wingoofoods.com\/product\/bubble-potato-chips\/#primaryimage\"},\"thumbnailUrl\":\"https:\/\/wingoofoods.com\/wp-content\/uploads\/2023\/12\/4-6.jpg\",\"datePublished\":\"2023-12-04T02:46:54+00:00\",\"dateModified\":\"2023-12-14T01:48:19+00:00\",\"description\":\"Wholesale exquisite Bubble Potato Chips! Explore custom flavors and packaging. Elevate your offerings. Inquire now for a crispy quote.\",\"breadcrumb\":{\"@id\":\"https:\/\/wingoofoods.com\/product\/bubble-potato-chips\/#breadcrumb\"},\"inLanguage\":\"pt-PT\",\"potentialAction\":[{\"@type\":\"ReadAction\",\"target\":[\"https:\/\/wingoofoods.com\/product\/bubble-potato-chips\/\"]}]},{\"@type\":\"ImageObject\",\"inLanguage\":\"pt-PT\",\"@id\":\"https:\/\/wingoofoods.com\/product\/bubble-potato-chips\/#primaryimage\",\"url\":\"https:\/\/wingoofoods.com\/wp-content\/uploads\/2023\/12\/4-6.jpg\",\"contentUrl\":\"https:\/\/wingoofoods.com\/wp-content\/uploads\/2023\/12\/4-6.jpg\",\"width\":800,\"height\":800,\"caption\":\"Bubble Potato Chips\"},{\"@type\":\"BreadcrumbList\",\"@id\":\"https:\/\/wingoofoods.com\/product\/bubble-potato-chips\/#breadcrumb\",\"itemListElement\":[{\"@type\":\"ListItem\",\"position\":1,\"name\":\"Home\",\"item\":\"https:\/\/wingoofoods.com\/ar\/\"},{\"@type\":\"ListItem\",\"position\":2,\"name\":\"products\",\"item\":\"https:\/\/wingoofoods.com\/ar\/\u0645\u062a\u062c\u0631\/\"},{\"@type\":\"ListItem\",\"position\":3,\"name\":\"Bubble Potato Chips\"}]},{\"@type\":\"WebSite\",\"@id\":\"https:\/\/wingoofoods.com\/es_pe\/#website\",\"url\":\"https:\/\/wingoofoods.com\/es_pe\/\",\"name\":\"Wingoo biscuit Manufacturers\",\"description\":\"Biscuit Manufacturers, Suppliers, Exporters from china shantou largest food factory\",\"publisher\":{\"@id\":\"https:\/\/wingoofoods.com\/es_pe\/#organization\"},\"alternateName\":\"Guangdong Wingoo foods - Official website\",\"potentialAction\":[{\"@type\":\"SearchAction\",\"target\":{\"@type\":\"EntryPoint\",\"urlTemplate\":\"https:\/\/wingoofoods.com\/es_pe\/?s={search_term_string}\"},\"query-input\":{\"@type\":\"PropertyValueSpecification\",\"valueRequired\":true,\"valueName\":\"search_term_string\"}}],\"inLanguage\":\"pt-PT\"},{\"@type\":\"Organization\",\"@id\":\"https:\/\/wingoofoods.com\/es_pe\/#organization\",\"name\":\"Wingoo biscuit Manufacturers\",\"url\":\"https:\/\/wingoofoods.com\/es_pe\/\",\"logo\":{\"@type\":\"ImageObject\",\"inLanguage\":\"pt-PT\",\"@id\":\"https:\/\/wingoofoods.com\/es_pe\/#\/schema\/logo\/image\/\",\"url\":\"http:\/\/wingoofoods.com\/wp-content\/uploads\/2023\/10\/LOGO.png\",\"contentUrl\":\"http:\/\/wingoofoods.com\/wp-content\/uploads\/2023\/10\/LOGO.png\",\"width\":280,\"height\":72,\"caption\":\"Wingoo biscuit Manufacturers\"},\"image\":{\"@id\":\"https:\/\/wingoofoods.com\/es_pe\/#\/schema\/logo\/image\/\"}}]}<\/script>\n<!-- \/ Yoast SEO plugin. -->","yoast_head_json":{"title":"Bubble Potato Chips | Wingoo biscuit Manufacturers","description":"Wholesale exquisite Bubble Potato Chips! Explore custom flavors and packaging. Elevate your offerings. Inquire now for a crispy quote.","robots":{"index":"index","follow":"follow","max-snippet":"max-snippet:-1","max-image-preview":"max-image-preview:large","max-video-preview":"max-video-preview:-1"},"canonical":"https:\/\/wingoofoods.com\/pt\/produto\/batatas-fritas-com-bolhas\/","og_locale":"pt_PT","og_type":"article","og_title":"Bubble Potato Chips | Wingoo biscuit Manufacturers","og_description":"Wholesale exquisite Bubble Potato Chips! Explore custom flavors and packaging. Elevate your offerings. Inquire now for a crispy quote.","og_url":"https:\/\/wingoofoods.com\/pt\/produto\/batatas-fritas-com-bolhas\/","og_site_name":"Wingoo biscuit Manufacturers","article_modified_time":"2023-12-14T01:48:19+00:00","og_image":[{"width":800,"height":800,"url":"https:\/\/wingoofoods.com\/wp-content\/uploads\/2023\/12\/4-6.jpg","type":"image\/jpeg"}],"twitter_card":"summary_large_image","twitter_misc":{"Tempo estimado de leitura":"2 minutos"},"schema":{"@context":"https:\/\/schema.org","@graph":[{"@type":"WebPage","@id":"https:\/\/wingoofoods.com\/product\/bubble-potato-chips\/","url":"https:\/\/wingoofoods.com\/product\/bubble-potato-chips\/","name":"Bubble Potato Chips | Wingoo biscuit Manufacturers","isPartOf":{"@id":"https:\/\/wingoofoods.com\/es_pe\/#website"},"primaryImageOfPage":{"@id":"https:\/\/wingoofoods.com\/product\/bubble-potato-chips\/#primaryimage"},"image":{"@id":"https:\/\/wingoofoods.com\/product\/bubble-potato-chips\/#primaryimage"},"thumbnailUrl":"https:\/\/wingoofoods.com\/wp-content\/uploads\/2023\/12\/4-6.jpg","datePublished":"2023-12-04T02:46:54+00:00","dateModified":"2023-12-14T01:48:19+00:00","description":"Wholesale exquisite Bubble Potato Chips! Explore custom flavors and packaging. Elevate your offerings. Inquire now for a crispy quote.","breadcrumb":{"@id":"https:\/\/wingoofoods.com\/product\/bubble-potato-chips\/#breadcrumb"},"inLanguage":"pt-PT","potentialAction":[{"@type":"ReadAction","target":["https:\/\/wingoofoods.com\/product\/bubble-potato-chips\/"]}]},{"@type":"ImageObject","inLanguage":"pt-PT","@id":"https:\/\/wingoofoods.com\/product\/bubble-potato-chips\/#primaryimage","url":"https:\/\/wingoofoods.com\/wp-content\/uploads\/2023\/12\/4-6.jpg","contentUrl":"https:\/\/wingoofoods.com\/wp-content\/uploads\/2023\/12\/4-6.jpg","width":800,"height":800,"caption":"Bubble Potato Chips"},{"@type":"BreadcrumbList","@id":"https:\/\/wingoofoods.com\/product\/bubble-potato-chips\/#breadcrumb","itemListElement":[{"@type":"ListItem","position":1,"name":"Home","item":"https:\/\/wingoofoods.com\/ar\/"},{"@type":"ListItem","position":2,"name":"products","item":"https:\/\/wingoofoods.com\/ar\/\u0645\u062a\u062c\u0631\/"},{"@type":"ListItem","position":3,"name":"Bubble Potato Chips"}]},{"@type":"WebSite","@id":"https:\/\/wingoofoods.com\/es_pe\/#website","url":"https:\/\/wingoofoods.com\/es_pe\/","name":"Wingoo biscuit Manufacturers","description":"Biscuit Manufacturers, Suppliers, Exporters from china shantou largest food factory","publisher":{"@id":"https:\/\/wingoofoods.com\/es_pe\/#organization"},"alternateName":"Guangdong Wingoo foods - Official website","potentialAction":[{"@type":"SearchAction","target":{"@type":"EntryPoint","urlTemplate":"https:\/\/wingoofoods.com\/es_pe\/?s={search_term_string}"},"query-input":{"@type":"PropertyValueSpecification","valueRequired":true,"valueName":"search_term_string"}}],"inLanguage":"pt-PT"},{"@type":"Organization","@id":"https:\/\/wingoofoods.com\/es_pe\/#organization","name":"Wingoo biscuit Manufacturers","url":"https:\/\/wingoofoods.com\/es_pe\/","logo":{"@type":"ImageObject","inLanguage":"pt-PT","@id":"https:\/\/wingoofoods.com\/es_pe\/#\/schema\/logo\/image\/","url":"http:\/\/wingoofoods.com\/wp-content\/uploads\/2023\/10\/LOGO.png","contentUrl":"http:\/\/wingoofoods.com\/wp-content\/uploads\/2023\/10\/LOGO.png","width":280,"height":72,"caption":"Wingoo biscuit Manufacturers"},"image":{"@id":"https:\/\/wingoofoods.com\/es_pe\/#\/schema\/logo\/image\/"}}]}},"_links":{"self":[{"href":"https:\/\/wingoofoods.com\/pt\/wp-json\/wp\/v2\/product\/4190","targetHints":{"allow":["GET"]}}],"collection":[{"href":"https:\/\/wingoofoods.com\/pt\/wp-json\/wp\/v2\/product"}],"about":[{"href":"https:\/\/wingoofoods.com\/pt\/wp-json\/wp\/v2\/types\/product"}],"replies":[{"embeddable":true,"href":"https:\/\/wingoofoods.com\/pt\/wp-json\/wp\/v2\/comments?post=4190"}],"version-history":[{"count":0,"href":"https:\/\/wingoofoods.com\/pt\/wp-json\/wp\/v2\/product\/4190\/revisions"}],"wp:featuredmedia":[{"embeddable":true,"href":"https:\/\/wingoofoods.com\/pt\/wp-json\/wp\/v2\/media\/4191"}],"wp:attachment":[{"href":"https:\/\/wingoofoods.com\/pt\/wp-json\/wp\/v2\/media?parent=4190"}],"wp:term":[{"taxonomy":"product_brand","embeddable":true,"href":"https:\/\/wingoofoods.com\/pt\/wp-json\/wp\/v2\/product_brand?post=4190"},{"taxonomy":"product_cat","embeddable":true,"href":"https:\/\/wingoofoods.com\/pt\/wp-json\/wp\/v2\/product_cat?post=4190"},{"taxonomy":"product_tag","embeddable":true,"href":"https:\/\/wingoofoods.com\/pt\/wp-json\/wp\/v2\/product_tag?post=4190"}],"curies":[{"name":"wp","href":"https:\/\/api.w.org\/{rel}","templated":true}]}}