{"id":4231,"date":"2023-12-06T06:39:52","date_gmt":"2023-12-06T06:39:52","guid":{"rendered":"http:\/\/wingoofoods.com\/?post_type=product&#038;p=4231"},"modified":"2023-12-14T01:27:42","modified_gmt":"2023-12-14T01:27:42","slug":"root-sandwich-sweet-biscuit","status":"publish","type":"product","link":"https:\/\/wingoofoods.com\/pt\/produto\/sanduiche-de-raizes-biscoito-doce\/","title":{"rendered":"Sandu\u00edche de ra\u00edzes Biscoito doce"},"content":{"rendered":"<p><img fetchpriority=\"high\" decoding=\"async\" class=\"aligncenter wp-image-2439 size-full\" src=\"http:\/\/wingoofoods.com\/wp-content\/uploads\/2013\/06\/1.webp\" alt=\"\" width=\"800\" height=\"569\" srcset=\"https:\/\/wingoofoods.com\/wp-content\/uploads\/2013\/06\/1.webp 800w, https:\/\/wingoofoods.com\/wp-content\/uploads\/2013\/06\/1-300x213.webp 300w, https:\/\/wingoofoods.com\/wp-content\/uploads\/2013\/06\/1-768x546.webp 768w, https:\/\/wingoofoods.com\/wp-content\/uploads\/2013\/06\/1-600x427.webp 600w\" sizes=\"(max-width: 800px) 100vw, 800px\" \/><\/p>\n<p><img decoding=\"async\" class=\"alignnone wp-image-4234 size-full\" src=\"http:\/\/wingoofoods.com\/wp-content\/uploads\/2023\/12\/\u4e3b\u56fe10.jpg\" alt=\"Biscoito doce\" width=\"800\" height=\"800\" srcset=\"https:\/\/wingoofoods.com\/wp-content\/uploads\/2023\/12\/\u4e3b\u56fe10.jpg 800w, https:\/\/wingoofoods.com\/wp-content\/uploads\/2023\/12\/\u4e3b\u56fe10-300x300.jpg 300w, https:\/\/wingoofoods.com\/wp-content\/uploads\/2023\/12\/\u4e3b\u56fe10-150x150.jpg 150w, https:\/\/wingoofoods.com\/wp-content\/uploads\/2023\/12\/\u4e3b\u56fe10-768x768.jpg 768w, https:\/\/wingoofoods.com\/wp-content\/uploads\/2023\/12\/\u4e3b\u56fe10-600x600.jpg 600w, https:\/\/wingoofoods.com\/wp-content\/uploads\/2023\/12\/\u4e3b\u56fe10-100x100.jpg 100w\" sizes=\"(max-width: 800px) 100vw, 800px\" \/> <img decoding=\"async\" class=\"alignnone wp-image-4233 size-full\" src=\"http:\/\/wingoofoods.com\/wp-content\/uploads\/2023\/12\/\u4e3b\u56fe02.jpg\" alt=\"Biscoito doce\" width=\"800\" height=\"800\" srcset=\"https:\/\/wingoofoods.com\/wp-content\/uploads\/2023\/12\/\u4e3b\u56fe02.jpg 800w, https:\/\/wingoofoods.com\/wp-content\/uploads\/2023\/12\/\u4e3b\u56fe02-300x300.jpg 300w, https:\/\/wingoofoods.com\/wp-content\/uploads\/2023\/12\/\u4e3b\u56fe02-150x150.jpg 150w, https:\/\/wingoofoods.com\/wp-content\/uploads\/2023\/12\/\u4e3b\u56fe02-768x768.jpg 768w, https:\/\/wingoofoods.com\/wp-content\/uploads\/2023\/12\/\u4e3b\u56fe02-600x600.jpg 600w, https:\/\/wingoofoods.com\/wp-content\/uploads\/2023\/12\/\u4e3b\u56fe02-100x100.jpg 100w\" sizes=\"(max-width: 800px) 100vw, 800px\" \/><\/p>\n<p>&nbsp;<\/p>\n<div class=\"bottom-description-content\">\n<div class=\"w-full text-token-text-primary\" data-testid=\"conversation-turn-9\">\n<div class=\"px-4 py-2 justify-center text-base md:gap-6 m-auto\">\n<div class=\"flex flex-1 text-base mx-auto gap-3 md:px-5 lg:px-1 xl:px-5 md:max-w-3xl lg:max-w-[40rem] xl:max-w-[48rem] group\">\n<div class=\"relative flex w-full flex-col lg:w-[calc(100%-115px)] agent-turn\">\n<div class=\"flex-col gap-1 md:gap-3\">\n<div class=\"flex flex-grow flex-col max-w-full\">\n<div class=\"min-h-[20px] text-message flex flex-col items-start gap-3 whitespace-pre-wrap break-words [.text-message+&amp;]:mt-5 overflow-x-auto\" data-message-author-role=\"assistant\" data-message-id=\"651ab918-91e3-4912-85ee-1920e1f4bc6b\">\n<div class=\"markdown prose w-full break-words dark:prose-invert light\">\n<p>Sobre o Root Sandwich Sweet Biscuit:<\/p>\n<p>Embarque numa viagem culin\u00e1ria com o Root Sandwich Sweet Biscuit - uma requintada cria\u00e7\u00e3o em forma de raiz de l\u00f3tus. Deleite-se com a deliciosa fus\u00e3o de texturas, desde o exterior perfumado e estaladi\u00e7o at\u00e9 ao biscoito irresistivelmente macio e tenro no interior. Esta del\u00edcia do sudeste asi\u00e1tico capta o equil\u00edbrio perfeito de sabores, oferecendo um deleite verdadeiramente sensacional.<\/p>\n<p>Mergulhe na nossa gama de produtos diversificada:<\/p>\n<p>O nosso s\u00edtio Web apresenta uma sinfonia de sabores e texturas. Desde bolachas de estilo chin\u00eas, bolachas de legumes e biscoitos de compota a biscoitos estaladi\u00e7os, bolachas amanteigadas, Mochi, snacks de cereais, pastelaria, batatas fritas e p\u00e3o, a nossa sele\u00e7\u00e3o satisfaz todos os gostos. Explore a encantadora variedade de Queijo, Original, Salgado, Chocolate, Vegetal, Frutado, Caf\u00e9, Nata, Doce, Ovo, Leite e muito mais, mostrando a nossa arte culin\u00e1ria.<\/p>\n<p>Abrace a diversidade de embalagens adaptadas ao seu mercado:<\/p>\n<p>O nosso compromisso vai para al\u00e9m do sabor, oferecendo uma variedade de op\u00e7\u00f5es de embalagem - Saco, Caixa, A granel, Cart\u00e3o, Lata, Embalagem para oferta e muito mais. Cada design est\u00e1 alinhado com as prefer\u00eancias do mercado, assegurando um festim visual que complementa a deliciosa experi\u00eancia das nossas guloseimas.<\/p>\n<p>Experimente os nossos servi\u00e7os completos:<\/p>\n<p>Para al\u00e9m dos produtos, oferecemos op\u00e7\u00f5es de venda por grosso e servi\u00e7os de personaliza\u00e7\u00e3o, permitindo-lhe selecionar sabores, embalagens e identidade da marca. Quer procure sabores personalizados ou embalagens \u00e0 medida, estamos empenhados em oferecer excel\u00eancia. Eleve as suas ofertas e junte-se \u00e0 nossa rede de parceiros satisfeitos nesta viagem deliciosa.<\/p>\n<p>Explore mais com a nossa produ\u00e7\u00e3o de doces e neg\u00f3cio grossista: Aumente as suas ofertas com a nossa gama diversificada de doces, incluindo doces l\u00edquidos, doces de brinquedo, gomas, pastilhas el\u00e1sticas, chupa-chupas, marshmallows e muito mais. Visite o nosso s\u00edtio Web dedicado aos doces em <a href=\"https:\/\/oemcandy.com\/\" target=\"_new\" rel=\"noopener\">https:\/\/oemcandy.com<\/a> para descobrir a vasta gama de del\u00edcias doces. Expanda as suas ofertas de confeitaria com a nossa experi\u00eancia na produ\u00e7\u00e3o de doces e servi\u00e7os grossistas.<\/p>\n<p>Acrescente \u00e0 lista de pedidos de informa\u00e7\u00e3o e aguarde a nossa cota\u00e7\u00e3o em conjunto, pois estamos ansiosos por ado\u00e7ar os seus empreendimentos comerciais.<\/p>\n<\/div>\n<\/div>\n<\/div>\n<\/div>\n<\/div>\n<\/div>\n<\/div>\n<\/div>\n<\/div>","protected":false},"excerpt":{"rendered":"<p>Apresentamos o Root Sandwich Sweet Biscuit, criado exclusivamente na forma de uma raiz de l\u00f3tus. Feito \u00e0 medida do paladar do Sudeste Asi\u00e1tico, este biscoito redefine a indulg\u00eancia com a sua fus\u00e3o de biscoito doce e biscoito recheado. Concebida para cativar revendedores, agentes, grossistas, distribuidores, propriet\u00e1rios de marcas e retalhistas da regi\u00e3o, a Sandu\u00edche de Raiz apresenta um perfil de sabor distinto e uma embalagem apelativa. Delicie-se com a textura crocante e tenra, juntamente com uma explos\u00e3o de sabores sedutores, tornando-a a escolha preferida para quem procura confeitos de primeira qualidade. Eleve as suas ofertas com o Root Sandwich Lotus Root-shaped Sweet Biscuit - um verdadeiro banquete para os sentidos. Adicione \u00e0 lista de pedidos e aguarde a nossa cota\u00e7\u00e3o em conjunto.<\/p>","protected":false},"featured_media":4232,"comment_status":"open","ping_status":"closed","template":"","meta":{"om_disable_all_campaigns":false},"product_brand":[],"product_cat":[103,114,143],"product_tag":[287,362,184],"class_list":{"0":"post-4231","1":"product","2":"type-product","3":"status-publish","4":"has-post-thumbnail","6":"product_cat-jam-biscuit","7":"product_cat-filled-biscuits","8":"product_cat-other-snacks","9":"product_tag-filled-cookies","10":"product_tag-root-sandwich-biscuit","11":"product_tag-sweet-biscuit","12":"pa_brand-others","13":"pa_flavor-sweet","14":"pa_packing-bag","15":"pa_packing-carton","16":"pa_taste-sweet","17":"pa_texture-semi-hard","18":"pa_texture-semi-soft","20":"first","21":"instock","22":"downloadable","23":"taxable","24":"shipping-taxable","25":"product-type-simple"},"yoast_head":"<!-- This site is optimized with the Yoast SEO plugin v24.4 - https:\/\/yoast.com\/wordpress\/plugins\/seo\/ -->\n<title>Root Sandwich Sweet biscuit | Guangdong Wingoofoods<\/title>\n<meta name=\"description\" content=\"Wholesale Root Sandwich Sweet Biscuit - Explore custom flavors and packaging. Elevate your offerings. Inquire now for a sweet deal!\" \/>\n<meta name=\"robots\" content=\"index, follow, max-snippet:-1, max-image-preview:large, max-video-preview:-1\" \/>\n<link rel=\"canonical\" href=\"https:\/\/wingoofoods.com\/pt\/produto\/sanduiche-de-raizes-biscoito-doce\/\" \/>\n<meta property=\"og:locale\" content=\"pt_PT\" \/>\n<meta property=\"og:type\" content=\"article\" \/>\n<meta property=\"og:title\" content=\"Root Sandwich Sweet biscuit | Guangdong Wingoofoods\" \/>\n<meta property=\"og:description\" content=\"Wholesale Root Sandwich Sweet Biscuit - Explore custom flavors and packaging. Elevate your offerings. Inquire now for a sweet deal!\" \/>\n<meta property=\"og:url\" content=\"https:\/\/wingoofoods.com\/pt\/produto\/sanduiche-de-raizes-biscoito-doce\/\" \/>\n<meta property=\"og:site_name\" content=\"Wingoo biscuit Manufacturers\" \/>\n<meta property=\"article:modified_time\" content=\"2023-12-14T01:27:42+00:00\" \/>\n<meta property=\"og:image\" content=\"https:\/\/wingoofoods.com\/wp-content\/uploads\/2023\/12\/5-4.jpg\" \/>\n\t<meta property=\"og:image:width\" content=\"800\" \/>\n\t<meta property=\"og:image:height\" content=\"800\" \/>\n\t<meta property=\"og:image:type\" content=\"image\/jpeg\" \/>\n<meta name=\"twitter:card\" content=\"summary_large_image\" \/>\n<meta name=\"twitter:label1\" content=\"Tempo estimado de leitura\" \/>\n\t<meta name=\"twitter:data1\" content=\"2 minutos\" \/>\n<script type=\"application\/ld+json\" class=\"yoast-schema-graph\">{\"@context\":\"https:\/\/schema.org\",\"@graph\":[{\"@type\":\"WebPage\",\"@id\":\"https:\/\/wingoofoods.com\/product\/root-sandwich-sweet-biscuit\/\",\"url\":\"https:\/\/wingoofoods.com\/product\/root-sandwich-sweet-biscuit\/\",\"name\":\"Root Sandwich Sweet biscuit | Guangdong Wingoofoods\",\"isPartOf\":{\"@id\":\"https:\/\/wingoofoods.com\/es_pe\/#website\"},\"primaryImageOfPage\":{\"@id\":\"https:\/\/wingoofoods.com\/product\/root-sandwich-sweet-biscuit\/#primaryimage\"},\"image\":{\"@id\":\"https:\/\/wingoofoods.com\/product\/root-sandwich-sweet-biscuit\/#primaryimage\"},\"thumbnailUrl\":\"https:\/\/wingoofoods.com\/wp-content\/uploads\/2023\/12\/5-4.jpg\",\"datePublished\":\"2023-12-06T06:39:52+00:00\",\"dateModified\":\"2023-12-14T01:27:42+00:00\",\"description\":\"Wholesale Root Sandwich Sweet Biscuit - Explore custom flavors and packaging. Elevate your offerings. Inquire now for a sweet deal!\",\"breadcrumb\":{\"@id\":\"https:\/\/wingoofoods.com\/product\/root-sandwich-sweet-biscuit\/#breadcrumb\"},\"inLanguage\":\"pt-PT\",\"potentialAction\":[{\"@type\":\"ReadAction\",\"target\":[\"https:\/\/wingoofoods.com\/product\/root-sandwich-sweet-biscuit\/\"]}]},{\"@type\":\"ImageObject\",\"inLanguage\":\"pt-PT\",\"@id\":\"https:\/\/wingoofoods.com\/product\/root-sandwich-sweet-biscuit\/#primaryimage\",\"url\":\"https:\/\/wingoofoods.com\/wp-content\/uploads\/2023\/12\/5-4.jpg\",\"contentUrl\":\"https:\/\/wingoofoods.com\/wp-content\/uploads\/2023\/12\/5-4.jpg\",\"width\":800,\"height\":800,\"caption\":\"Root Sandwich Sweet biscuit\"},{\"@type\":\"BreadcrumbList\",\"@id\":\"https:\/\/wingoofoods.com\/product\/root-sandwich-sweet-biscuit\/#breadcrumb\",\"itemListElement\":[{\"@type\":\"ListItem\",\"position\":1,\"name\":\"Home\",\"item\":\"https:\/\/wingoofoods.com\/ar\/\"},{\"@type\":\"ListItem\",\"position\":2,\"name\":\"products\",\"item\":\"https:\/\/wingoofoods.com\/ar\/\u0645\u062a\u062c\u0631\/\"},{\"@type\":\"ListItem\",\"position\":3,\"name\":\"Root Sandwich Sweet biscuit\"}]},{\"@type\":\"WebSite\",\"@id\":\"https:\/\/wingoofoods.com\/es_pe\/#website\",\"url\":\"https:\/\/wingoofoods.com\/es_pe\/\",\"name\":\"Wingoo biscuit Manufacturers\",\"description\":\"Biscuit Manufacturers, Suppliers, Exporters from china shantou largest food factory\",\"publisher\":{\"@id\":\"https:\/\/wingoofoods.com\/es_pe\/#organization\"},\"alternateName\":\"Guangdong Wingoo foods - Official website\",\"potentialAction\":[{\"@type\":\"SearchAction\",\"target\":{\"@type\":\"EntryPoint\",\"urlTemplate\":\"https:\/\/wingoofoods.com\/es_pe\/?s={search_term_string}\"},\"query-input\":{\"@type\":\"PropertyValueSpecification\",\"valueRequired\":true,\"valueName\":\"search_term_string\"}}],\"inLanguage\":\"pt-PT\"},{\"@type\":\"Organization\",\"@id\":\"https:\/\/wingoofoods.com\/es_pe\/#organization\",\"name\":\"Wingoo biscuit Manufacturers\",\"url\":\"https:\/\/wingoofoods.com\/es_pe\/\",\"logo\":{\"@type\":\"ImageObject\",\"inLanguage\":\"pt-PT\",\"@id\":\"https:\/\/wingoofoods.com\/es_pe\/#\/schema\/logo\/image\/\",\"url\":\"http:\/\/wingoofoods.com\/wp-content\/uploads\/2023\/10\/LOGO.png\",\"contentUrl\":\"http:\/\/wingoofoods.com\/wp-content\/uploads\/2023\/10\/LOGO.png\",\"width\":280,\"height\":72,\"caption\":\"Wingoo biscuit Manufacturers\"},\"image\":{\"@id\":\"https:\/\/wingoofoods.com\/es_pe\/#\/schema\/logo\/image\/\"}}]}<\/script>\n<!-- \/ Yoast SEO plugin. -->","yoast_head_json":{"title":"Root Sandwich Sweet biscuit | Guangdong Wingoofoods","description":"Wholesale Root Sandwich Sweet Biscuit - Explore custom flavors and packaging. Elevate your offerings. Inquire now for a sweet deal!","robots":{"index":"index","follow":"follow","max-snippet":"max-snippet:-1","max-image-preview":"max-image-preview:large","max-video-preview":"max-video-preview:-1"},"canonical":"https:\/\/wingoofoods.com\/pt\/produto\/sanduiche-de-raizes-biscoito-doce\/","og_locale":"pt_PT","og_type":"article","og_title":"Root Sandwich Sweet biscuit | Guangdong Wingoofoods","og_description":"Wholesale Root Sandwich Sweet Biscuit - Explore custom flavors and packaging. Elevate your offerings. Inquire now for a sweet deal!","og_url":"https:\/\/wingoofoods.com\/pt\/produto\/sanduiche-de-raizes-biscoito-doce\/","og_site_name":"Wingoo biscuit Manufacturers","article_modified_time":"2023-12-14T01:27:42+00:00","og_image":[{"width":800,"height":800,"url":"https:\/\/wingoofoods.com\/wp-content\/uploads\/2023\/12\/5-4.jpg","type":"image\/jpeg"}],"twitter_card":"summary_large_image","twitter_misc":{"Tempo estimado de leitura":"2 minutos"},"schema":{"@context":"https:\/\/schema.org","@graph":[{"@type":"WebPage","@id":"https:\/\/wingoofoods.com\/product\/root-sandwich-sweet-biscuit\/","url":"https:\/\/wingoofoods.com\/product\/root-sandwich-sweet-biscuit\/","name":"Root Sandwich Sweet biscuit | Guangdong Wingoofoods","isPartOf":{"@id":"https:\/\/wingoofoods.com\/es_pe\/#website"},"primaryImageOfPage":{"@id":"https:\/\/wingoofoods.com\/product\/root-sandwich-sweet-biscuit\/#primaryimage"},"image":{"@id":"https:\/\/wingoofoods.com\/product\/root-sandwich-sweet-biscuit\/#primaryimage"},"thumbnailUrl":"https:\/\/wingoofoods.com\/wp-content\/uploads\/2023\/12\/5-4.jpg","datePublished":"2023-12-06T06:39:52+00:00","dateModified":"2023-12-14T01:27:42+00:00","description":"Wholesale Root Sandwich Sweet Biscuit - Explore custom flavors and packaging. Elevate your offerings. Inquire now for a sweet deal!","breadcrumb":{"@id":"https:\/\/wingoofoods.com\/product\/root-sandwich-sweet-biscuit\/#breadcrumb"},"inLanguage":"pt-PT","potentialAction":[{"@type":"ReadAction","target":["https:\/\/wingoofoods.com\/product\/root-sandwich-sweet-biscuit\/"]}]},{"@type":"ImageObject","inLanguage":"pt-PT","@id":"https:\/\/wingoofoods.com\/product\/root-sandwich-sweet-biscuit\/#primaryimage","url":"https:\/\/wingoofoods.com\/wp-content\/uploads\/2023\/12\/5-4.jpg","contentUrl":"https:\/\/wingoofoods.com\/wp-content\/uploads\/2023\/12\/5-4.jpg","width":800,"height":800,"caption":"Root Sandwich Sweet biscuit"},{"@type":"BreadcrumbList","@id":"https:\/\/wingoofoods.com\/product\/root-sandwich-sweet-biscuit\/#breadcrumb","itemListElement":[{"@type":"ListItem","position":1,"name":"Home","item":"https:\/\/wingoofoods.com\/ar\/"},{"@type":"ListItem","position":2,"name":"products","item":"https:\/\/wingoofoods.com\/ar\/\u0645\u062a\u062c\u0631\/"},{"@type":"ListItem","position":3,"name":"Root Sandwich Sweet biscuit"}]},{"@type":"WebSite","@id":"https:\/\/wingoofoods.com\/es_pe\/#website","url":"https:\/\/wingoofoods.com\/es_pe\/","name":"Wingoo biscuit Manufacturers","description":"Biscuit Manufacturers, Suppliers, Exporters from china shantou largest food factory","publisher":{"@id":"https:\/\/wingoofoods.com\/es_pe\/#organization"},"alternateName":"Guangdong Wingoo foods - Official website","potentialAction":[{"@type":"SearchAction","target":{"@type":"EntryPoint","urlTemplate":"https:\/\/wingoofoods.com\/es_pe\/?s={search_term_string}"},"query-input":{"@type":"PropertyValueSpecification","valueRequired":true,"valueName":"search_term_string"}}],"inLanguage":"pt-PT"},{"@type":"Organization","@id":"https:\/\/wingoofoods.com\/es_pe\/#organization","name":"Wingoo biscuit Manufacturers","url":"https:\/\/wingoofoods.com\/es_pe\/","logo":{"@type":"ImageObject","inLanguage":"pt-PT","@id":"https:\/\/wingoofoods.com\/es_pe\/#\/schema\/logo\/image\/","url":"http:\/\/wingoofoods.com\/wp-content\/uploads\/2023\/10\/LOGO.png","contentUrl":"http:\/\/wingoofoods.com\/wp-content\/uploads\/2023\/10\/LOGO.png","width":280,"height":72,"caption":"Wingoo biscuit Manufacturers"},"image":{"@id":"https:\/\/wingoofoods.com\/es_pe\/#\/schema\/logo\/image\/"}}]}},"_links":{"self":[{"href":"https:\/\/wingoofoods.com\/pt\/wp-json\/wp\/v2\/product\/4231","targetHints":{"allow":["GET"]}}],"collection":[{"href":"https:\/\/wingoofoods.com\/pt\/wp-json\/wp\/v2\/product"}],"about":[{"href":"https:\/\/wingoofoods.com\/pt\/wp-json\/wp\/v2\/types\/product"}],"replies":[{"embeddable":true,"href":"https:\/\/wingoofoods.com\/pt\/wp-json\/wp\/v2\/comments?post=4231"}],"version-history":[{"count":0,"href":"https:\/\/wingoofoods.com\/pt\/wp-json\/wp\/v2\/product\/4231\/revisions"}],"wp:featuredmedia":[{"embeddable":true,"href":"https:\/\/wingoofoods.com\/pt\/wp-json\/wp\/v2\/media\/4232"}],"wp:attachment":[{"href":"https:\/\/wingoofoods.com\/pt\/wp-json\/wp\/v2\/media?parent=4231"}],"wp:term":[{"taxonomy":"product_brand","embeddable":true,"href":"https:\/\/wingoofoods.com\/pt\/wp-json\/wp\/v2\/product_brand?post=4231"},{"taxonomy":"product_cat","embeddable":true,"href":"https:\/\/wingoofoods.com\/pt\/wp-json\/wp\/v2\/product_cat?post=4231"},{"taxonomy":"product_tag","embeddable":true,"href":"https:\/\/wingoofoods.com\/pt\/wp-json\/wp\/v2\/product_tag?post=4231"}],"curies":[{"name":"wp","href":"https:\/\/api.w.org\/{rel}","templated":true}]}}