{"id":83,"date":"2000-11-08T16:21:05","date_gmt":"2000-11-08T16:21:05","guid":{"rendered":"http:\/\/demo2.woothemes.com\/woocommerce\/?post_type=product&#038;p=83"},"modified":"2023-12-11T06:39:15","modified_gmt":"2023-12-11T06:39:15","slug":"watermelon-cookies","status":"publish","type":"product","link":"https:\/\/wingoofoods.com\/pt\/produto\/bolachas-de-melancia\/","title":{"rendered":"Bolachas de melancia"},"content":{"rendered":"<p><img fetchpriority=\"high\" decoding=\"async\" class=\"aligncenter wp-image-2439 size-full\" src=\"http:\/\/wingoofoods.com\/wp-content\/uploads\/2013\/06\/1.webp\" alt=\"\" width=\"800\" height=\"569\" srcset=\"https:\/\/wingoofoods.com\/wp-content\/uploads\/2013\/06\/1.webp 800w, https:\/\/wingoofoods.com\/wp-content\/uploads\/2013\/06\/1-300x213.webp 300w, https:\/\/wingoofoods.com\/wp-content\/uploads\/2013\/06\/1-768x546.webp 768w, https:\/\/wingoofoods.com\/wp-content\/uploads\/2013\/06\/1-600x427.webp 600w\" sizes=\"(max-width: 800px) 100vw, 800px\" \/><\/p>\n<p><img decoding=\"async\" class=\"aligncenter wp-image-2437 size-full\" src=\"http:\/\/wingoofoods.com\/wp-content\/uploads\/2013\/06\/5-3.jpg\" alt=\"\" width=\"800\" height=\"800\" srcset=\"https:\/\/wingoofoods.com\/wp-content\/uploads\/2013\/06\/5-3.jpg 800w, https:\/\/wingoofoods.com\/wp-content\/uploads\/2013\/06\/5-3-300x300.jpg 300w, https:\/\/wingoofoods.com\/wp-content\/uploads\/2013\/06\/5-3-150x150.jpg 150w, https:\/\/wingoofoods.com\/wp-content\/uploads\/2013\/06\/5-3-768x768.jpg 768w, https:\/\/wingoofoods.com\/wp-content\/uploads\/2013\/06\/5-3-600x600.jpg 600w, https:\/\/wingoofoods.com\/wp-content\/uploads\/2013\/06\/5-3-100x100.jpg 100w\" sizes=\"(max-width: 800px) 100vw, 800px\" \/><\/p>\n<p><img decoding=\"async\" class=\"aligncenter wp-image-2438 size-full\" src=\"http:\/\/wingoofoods.com\/wp-content\/uploads\/2013\/06\/9-1.jpg\" alt=\"\" width=\"800\" height=\"800\" srcset=\"https:\/\/wingoofoods.com\/wp-content\/uploads\/2013\/06\/9-1.jpg 800w, https:\/\/wingoofoods.com\/wp-content\/uploads\/2013\/06\/9-1-300x300.jpg 300w, https:\/\/wingoofoods.com\/wp-content\/uploads\/2013\/06\/9-1-150x150.jpg 150w, https:\/\/wingoofoods.com\/wp-content\/uploads\/2013\/06\/9-1-768x768.jpg 768w, https:\/\/wingoofoods.com\/wp-content\/uploads\/2013\/06\/9-1-600x600.jpg 600w, https:\/\/wingoofoods.com\/wp-content\/uploads\/2013\/06\/9-1-100x100.jpg 100w\" sizes=\"(max-width: 800px) 100vw, 800px\" \/><\/p>\n<p>&nbsp;<\/p>\n<div class=\"bottom-description-content\">\n<div>\n<p>Sobre as bolachas de melancia:<\/p>\n<p>Delicie-se com o requintado prazer das nossas bolachas de melancia - uma mistura perfeita de frescura e croc\u00e2ncia. Uma sinfonia de texturas e sabores aguarda as suas papilas gustativas.<\/p>\n<p>Explore a extensa sele\u00e7\u00e3o do nosso website, que inclui bolachas de estilo chin\u00eas, bolachas de legumes, biscoitos de compota, biscoitos estaladi\u00e7os, bolachas de manteiga, biscoitos de refrigerante, Mochi, snacks de cereais, pastelaria, batatas fritas, p\u00e3o e muito mais. Mergulhe numa paleta diversificada de sabores, desde queijo e original a salgado, chocolate, vegetais, frutas, caf\u00e9, natas, doce, ovo, leite e muito mais.<\/p>\n<p>Existem op\u00e7\u00f5es de embalagem \u00e0 medida, desde Sacos, Caixas, Embalagens a granel, Caixas de cart\u00e3o, Latas e Embalagens para oferta, para satisfazer diversos mercados e prefer\u00eancias dos consumidores. Cada design \u00e9 adequado a um grupo demogr\u00e1fico espec\u00edfico, assegurando um atrativo visual que complementa o sabor delicioso do produto.<\/p>\n<p>Com um compromisso de excel\u00eancia, oferecemos um conjunto de servi\u00e7os, desde op\u00e7\u00f5es de venda por grosso at\u00e9 \u00e0 personaliza\u00e7\u00e3o da marca. Personalize a sua experi\u00eancia de snacks com perfis de sabor \u00fanicos, embalagens \u00e0 medida e solu\u00e7\u00f5es feitas \u00e0 medida que reflectem as suas prefer\u00eancias distintas. Eleve a sua viagem ao mundo dos snacks premium com a nossa gama diversificada e servi\u00e7os excepcionais.<\/p>\n<p>Mergulhe no culminar de texturas, sabores e possibilidades de embalagem, dispon\u00edveis no nosso destino \u00fanico para del\u00edcias de snacks de primeira qualidade. D\u00ea um toque de indulg\u00eancia aos seus momentos, guiado pela nossa paix\u00e3o pela qualidade e variedade.<\/p>\n<p>Al\u00e9m disso, explore a nossa extensa produ\u00e7\u00e3o de doces e o nosso neg\u00f3cio grossista. As nossas variedades de rebu\u00e7ados incluem rebu\u00e7ados l\u00edquidos, rebu\u00e7ados de brinquedo, rebu\u00e7ados de goma, pastilhas el\u00e1sticas, chupa-chupas, marshmallows e muito mais. Descubra a gama completa no nosso s\u00edtio Web dedicado: <a href=\"https:\/\/oemcandy.com\/\" target=\"_new\" rel=\"noopener\">https:\/\/oemcandy.com<\/a>. Eleve a sua oferta de produtos de confeitaria com o nosso compromisso de qualidade e inova\u00e7\u00e3o.<\/p>\n<\/div>\n<\/div>","protected":false},"excerpt":{"rendered":"<p>Apresentamos as nossas bolachas de melancia - uma reviravolta refrescante no snacking! Como bolachas de fruta, estas guloseimas incorporam a mistura perfeita de sa\u00fade e indulg\u00eancia. Concebidas para o mercado do Sudeste Asi\u00e1tico, as nossas bolachas vegan e saud\u00e1veis cativam Revendedores, Agentes, Grossistas, Distribuidores, Propriet\u00e1rios de Marcas e Retalhistas.<\/p>\n<p>Experimente uma explos\u00e3o de sabores com a ess\u00eancia sumarenta da melancia, combinada com um delicioso crocante. A embalagem vibrante reflecte a frescura e a singularidade do produto, fazendo com que se destaque nas prateleiras das lojas. Adoradas pela sua bondade saud\u00e1vel, estas bolachas s\u00e3o uma escolha irresist\u00edvel para quem procura uma indulg\u00eancia sem culpa.<\/p>\n<p>Adicione \u00e0 lista de perguntas e aguarde a nossa cota\u00e7\u00e3o em conjunto - eleve as suas ofertas de produtos com os nossos biscoitos de melancia, uma guloseima deliciosa que se alinha perfeitamente com a procura de snacks saud\u00e1veis e saborosos no Sudeste Asi\u00e1tico.<\/p>","protected":false},"featured_media":2883,"comment_status":"open","ping_status":"closed","template":"","meta":{"om_disable_all_campaigns":false},"product_brand":[],"product_cat":[116,121],"product_tag":[158,159],"class_list":{"0":"post-83","1":"product","2":"type-product","3":"status-publish","4":"has-post-thumbnail","6":"product_cat-biscuits-cookies","7":"product_cat-fruity-cookies","8":"product_tag-watermelon-slice-cookies","9":"product_tag-watermelon-sugar-cookies","10":"pa_brand-half-and-half","11":"pa_flavor-fruity","12":"pa_flavor-sweet","13":"pa_packing-carton","14":"pa_taste-sweet","15":"pa_texture-semi-hard","16":"pa_texture-semi-soft","18":"first","19":"instock","20":"downloadable","21":"taxable","22":"shipping-taxable","23":"product-type-simple"},"yoast_head":"<!-- This site is optimized with the Yoast SEO plugin v24.4 - https:\/\/yoast.com\/wordpress\/plugins\/seo\/ -->\n<title>Watermelon cookies | Wingoo biscuit Manufacturers<\/title>\n<meta name=\"description\" content=\"Indulge in the freshness of Watermelon Cookies! Irresistible blend of flavors. Inquire now for customized orders and pricing. Elevate your snacking experience!\" \/>\n<meta name=\"robots\" content=\"index, follow, max-snippet:-1, max-image-preview:large, max-video-preview:-1\" \/>\n<link rel=\"canonical\" href=\"https:\/\/wingoofoods.com\/pt\/product\/watermelon-cookies\/\" \/>\n<meta property=\"og:locale\" content=\"pt_PT\" \/>\n<meta property=\"og:type\" content=\"article\" \/>\n<meta property=\"og:title\" content=\"Watermelon cookies | Wingoo biscuit Manufacturers\" \/>\n<meta property=\"og:description\" content=\"Indulge in the freshness of Watermelon Cookies! Irresistible blend of flavors. Inquire now for customized orders and pricing. Elevate your snacking experience!\" \/>\n<meta property=\"og:url\" content=\"https:\/\/wingoofoods.com\/pt\/product\/watermelon-cookies\/\" \/>\n<meta property=\"og:site_name\" content=\"Wingoo biscuit Manufacturers\" \/>\n<meta property=\"article:modified_time\" content=\"2023-12-11T06:39:15+00:00\" \/>\n<meta property=\"og:image\" content=\"https:\/\/wingoofoods.com\/wp-content\/uploads\/2000\/11\/1.jpg\" \/>\n\t<meta property=\"og:image:width\" content=\"800\" \/>\n\t<meta property=\"og:image:height\" content=\"800\" \/>\n\t<meta property=\"og:image:type\" content=\"image\/jpeg\" \/>\n<meta name=\"twitter:card\" content=\"summary_large_image\" \/>\n<meta name=\"twitter:label1\" content=\"Tempo estimado de leitura\" \/>\n\t<meta name=\"twitter:data1\" content=\"2 minutos\" \/>\n<script type=\"application\/ld+json\" class=\"yoast-schema-graph\">{\"@context\":\"https:\/\/schema.org\",\"@graph\":[{\"@type\":\"WebPage\",\"@id\":\"https:\/\/wingoofoods.com\/vi\/product\/watermelon-cookies\/\",\"url\":\"https:\/\/wingoofoods.com\/vi\/product\/watermelon-cookies\/\",\"name\":\"Watermelon cookies | Wingoo biscuit Manufacturers\",\"isPartOf\":{\"@id\":\"https:\/\/wingoofoods.com\/es_pe\/#website\"},\"primaryImageOfPage\":{\"@id\":\"https:\/\/wingoofoods.com\/vi\/product\/watermelon-cookies\/#primaryimage\"},\"image\":{\"@id\":\"https:\/\/wingoofoods.com\/vi\/product\/watermelon-cookies\/#primaryimage\"},\"thumbnailUrl\":\"https:\/\/wingoofoods.com\/wp-content\/uploads\/2000\/11\/1.jpg\",\"datePublished\":\"2000-11-08T16:21:05+00:00\",\"dateModified\":\"2023-12-11T06:39:15+00:00\",\"description\":\"Indulge in the freshness of Watermelon Cookies! Irresistible blend of flavors. Inquire now for customized orders and pricing. Elevate your snacking experience!\",\"breadcrumb\":{\"@id\":\"https:\/\/wingoofoods.com\/vi\/product\/watermelon-cookies\/#breadcrumb\"},\"inLanguage\":\"pt-PT\",\"potentialAction\":[{\"@type\":\"ReadAction\",\"target\":[\"https:\/\/wingoofoods.com\/vi\/product\/watermelon-cookies\/\"]}]},{\"@type\":\"ImageObject\",\"inLanguage\":\"pt-PT\",\"@id\":\"https:\/\/wingoofoods.com\/vi\/product\/watermelon-cookies\/#primaryimage\",\"url\":\"https:\/\/wingoofoods.com\/wp-content\/uploads\/2000\/11\/1.jpg\",\"contentUrl\":\"https:\/\/wingoofoods.com\/wp-content\/uploads\/2000\/11\/1.jpg\",\"width\":800,\"height\":800,\"caption\":\"Watermelon cookies\"},{\"@type\":\"BreadcrumbList\",\"@id\":\"https:\/\/wingoofoods.com\/vi\/product\/watermelon-cookies\/#breadcrumb\",\"itemListElement\":[{\"@type\":\"ListItem\",\"position\":1,\"name\":\"Home\",\"item\":\"https:\/\/wingoofoods.com\/ar\/\"},{\"@type\":\"ListItem\",\"position\":2,\"name\":\"products\",\"item\":\"https:\/\/wingoofoods.com\/ar\/\u0645\u062a\u062c\u0631\/\"},{\"@type\":\"ListItem\",\"position\":3,\"name\":\"Watermelon cookies\"}]},{\"@type\":\"WebSite\",\"@id\":\"https:\/\/wingoofoods.com\/es_pe\/#website\",\"url\":\"https:\/\/wingoofoods.com\/es_pe\/\",\"name\":\"Wingoo biscuit Manufacturers\",\"description\":\"Biscuit Manufacturers, Suppliers, Exporters from china shantou largest food factory\",\"publisher\":{\"@id\":\"https:\/\/wingoofoods.com\/es_pe\/#organization\"},\"alternateName\":\"Guangdong Wingoo foods - Official website\",\"potentialAction\":[{\"@type\":\"SearchAction\",\"target\":{\"@type\":\"EntryPoint\",\"urlTemplate\":\"https:\/\/wingoofoods.com\/es_pe\/?s={search_term_string}\"},\"query-input\":{\"@type\":\"PropertyValueSpecification\",\"valueRequired\":true,\"valueName\":\"search_term_string\"}}],\"inLanguage\":\"pt-PT\"},{\"@type\":\"Organization\",\"@id\":\"https:\/\/wingoofoods.com\/es_pe\/#organization\",\"name\":\"Wingoo biscuit Manufacturers\",\"url\":\"https:\/\/wingoofoods.com\/es_pe\/\",\"logo\":{\"@type\":\"ImageObject\",\"inLanguage\":\"pt-PT\",\"@id\":\"https:\/\/wingoofoods.com\/es_pe\/#\/schema\/logo\/image\/\",\"url\":\"http:\/\/wingoofoods.com\/wp-content\/uploads\/2023\/10\/LOGO.png\",\"contentUrl\":\"http:\/\/wingoofoods.com\/wp-content\/uploads\/2023\/10\/LOGO.png\",\"width\":280,\"height\":72,\"caption\":\"Wingoo biscuit Manufacturers\"},\"image\":{\"@id\":\"https:\/\/wingoofoods.com\/es_pe\/#\/schema\/logo\/image\/\"}}]}<\/script>\n<!-- \/ Yoast SEO plugin. -->","yoast_head_json":{"title":"Watermelon cookies | Wingoo biscuit Manufacturers","description":"Indulge in the freshness of Watermelon Cookies! Irresistible blend of flavors. Inquire now for customized orders and pricing. Elevate your snacking experience!","robots":{"index":"index","follow":"follow","max-snippet":"max-snippet:-1","max-image-preview":"max-image-preview:large","max-video-preview":"max-video-preview:-1"},"canonical":"https:\/\/wingoofoods.com\/pt\/product\/watermelon-cookies\/","og_locale":"pt_PT","og_type":"article","og_title":"Watermelon cookies | Wingoo biscuit Manufacturers","og_description":"Indulge in the freshness of Watermelon Cookies! Irresistible blend of flavors. Inquire now for customized orders and pricing. Elevate your snacking experience!","og_url":"https:\/\/wingoofoods.com\/pt\/product\/watermelon-cookies\/","og_site_name":"Wingoo biscuit Manufacturers","article_modified_time":"2023-12-11T06:39:15+00:00","og_image":[{"width":800,"height":800,"url":"https:\/\/wingoofoods.com\/wp-content\/uploads\/2000\/11\/1.jpg","type":"image\/jpeg"}],"twitter_card":"summary_large_image","twitter_misc":{"Tempo estimado de leitura":"2 minutos"},"schema":{"@context":"https:\/\/schema.org","@graph":[{"@type":"WebPage","@id":"https:\/\/wingoofoods.com\/vi\/product\/watermelon-cookies\/","url":"https:\/\/wingoofoods.com\/vi\/product\/watermelon-cookies\/","name":"Watermelon cookies | Wingoo biscuit Manufacturers","isPartOf":{"@id":"https:\/\/wingoofoods.com\/es_pe\/#website"},"primaryImageOfPage":{"@id":"https:\/\/wingoofoods.com\/vi\/product\/watermelon-cookies\/#primaryimage"},"image":{"@id":"https:\/\/wingoofoods.com\/vi\/product\/watermelon-cookies\/#primaryimage"},"thumbnailUrl":"https:\/\/wingoofoods.com\/wp-content\/uploads\/2000\/11\/1.jpg","datePublished":"2000-11-08T16:21:05+00:00","dateModified":"2023-12-11T06:39:15+00:00","description":"Indulge in the freshness of Watermelon Cookies! Irresistible blend of flavors. Inquire now for customized orders and pricing. Elevate your snacking experience!","breadcrumb":{"@id":"https:\/\/wingoofoods.com\/vi\/product\/watermelon-cookies\/#breadcrumb"},"inLanguage":"pt-PT","potentialAction":[{"@type":"ReadAction","target":["https:\/\/wingoofoods.com\/vi\/product\/watermelon-cookies\/"]}]},{"@type":"ImageObject","inLanguage":"pt-PT","@id":"https:\/\/wingoofoods.com\/vi\/product\/watermelon-cookies\/#primaryimage","url":"https:\/\/wingoofoods.com\/wp-content\/uploads\/2000\/11\/1.jpg","contentUrl":"https:\/\/wingoofoods.com\/wp-content\/uploads\/2000\/11\/1.jpg","width":800,"height":800,"caption":"Watermelon cookies"},{"@type":"BreadcrumbList","@id":"https:\/\/wingoofoods.com\/vi\/product\/watermelon-cookies\/#breadcrumb","itemListElement":[{"@type":"ListItem","position":1,"name":"Home","item":"https:\/\/wingoofoods.com\/ar\/"},{"@type":"ListItem","position":2,"name":"products","item":"https:\/\/wingoofoods.com\/ar\/\u0645\u062a\u062c\u0631\/"},{"@type":"ListItem","position":3,"name":"Watermelon cookies"}]},{"@type":"WebSite","@id":"https:\/\/wingoofoods.com\/es_pe\/#website","url":"https:\/\/wingoofoods.com\/es_pe\/","name":"Wingoo biscuit Manufacturers","description":"Biscuit Manufacturers, Suppliers, Exporters from china shantou largest food factory","publisher":{"@id":"https:\/\/wingoofoods.com\/es_pe\/#organization"},"alternateName":"Guangdong Wingoo foods - Official website","potentialAction":[{"@type":"SearchAction","target":{"@type":"EntryPoint","urlTemplate":"https:\/\/wingoofoods.com\/es_pe\/?s={search_term_string}"},"query-input":{"@type":"PropertyValueSpecification","valueRequired":true,"valueName":"search_term_string"}}],"inLanguage":"pt-PT"},{"@type":"Organization","@id":"https:\/\/wingoofoods.com\/es_pe\/#organization","name":"Wingoo biscuit Manufacturers","url":"https:\/\/wingoofoods.com\/es_pe\/","logo":{"@type":"ImageObject","inLanguage":"pt-PT","@id":"https:\/\/wingoofoods.com\/es_pe\/#\/schema\/logo\/image\/","url":"http:\/\/wingoofoods.com\/wp-content\/uploads\/2023\/10\/LOGO.png","contentUrl":"http:\/\/wingoofoods.com\/wp-content\/uploads\/2023\/10\/LOGO.png","width":280,"height":72,"caption":"Wingoo biscuit Manufacturers"},"image":{"@id":"https:\/\/wingoofoods.com\/es_pe\/#\/schema\/logo\/image\/"}}]}},"_links":{"self":[{"href":"https:\/\/wingoofoods.com\/pt\/wp-json\/wp\/v2\/product\/83","targetHints":{"allow":["GET"]}}],"collection":[{"href":"https:\/\/wingoofoods.com\/pt\/wp-json\/wp\/v2\/product"}],"about":[{"href":"https:\/\/wingoofoods.com\/pt\/wp-json\/wp\/v2\/types\/product"}],"replies":[{"embeddable":true,"href":"https:\/\/wingoofoods.com\/pt\/wp-json\/wp\/v2\/comments?post=83"}],"version-history":[{"count":0,"href":"https:\/\/wingoofoods.com\/pt\/wp-json\/wp\/v2\/product\/83\/revisions"}],"wp:featuredmedia":[{"embeddable":true,"href":"https:\/\/wingoofoods.com\/pt\/wp-json\/wp\/v2\/media\/2883"}],"wp:attachment":[{"href":"https:\/\/wingoofoods.com\/pt\/wp-json\/wp\/v2\/media?parent=83"}],"wp:term":[{"taxonomy":"product_brand","embeddable":true,"href":"https:\/\/wingoofoods.com\/pt\/wp-json\/wp\/v2\/product_brand?post=83"},{"taxonomy":"product_cat","embeddable":true,"href":"https:\/\/wingoofoods.com\/pt\/wp-json\/wp\/v2\/product_cat?post=83"},{"taxonomy":"product_tag","embeddable":true,"href":"https:\/\/wingoofoods.com\/pt\/wp-json\/wp\/v2\/product_tag?post=83"}],"curies":[{"name":"wp","href":"https:\/\/api.w.org\/{rel}","templated":true}]}}